{"id":11224,"date":"2024-04-04T12:26:31","date_gmt":"2024-04-04T10:26:31","guid":{"rendered":"https:\/\/ownpowr.com\/?post_type=product&#038;p=11224"},"modified":"2025-02-27T11:42:24","modified_gmt":"2025-02-27T09:42:24","slug":"deye-ai-w5-1-only-battery","status":"publish","type":"product","link":"https:\/\/ownpowr.com\/pl\/product\/deye-ai-w5-1-tylko-bateria\/","title":{"rendered":"Deye AI-W5.1-B 5,1 kWh Magazyn energii LV LiFePO4"},"content":{"rendered":"<p>Deye AI-W5.1(LV)<\/p>\n<div class=\"woocommerce-product-details__short-description\">Deye wprowadza bezpieczniejsze, bardziej niezawodne i elastyczne rozwi\u0105zanie w postaci akumulatora litowo-\u017celazowo-fosforanowego (LFP) zasilanego energi\u0105 s\u0142oneczn\u0105, kt\u00f3re oferuje bezpieczne i niezawodne rozwi\u0105zanie do magazynowania energii zoptymalizowane do zastosowa\u0144 domowych i komercyjnych wymagaj\u0105cych zasilania w ciasnych przestrzeniach lub z ograniczeniami obci\u0105\u017cenia.<\/div>\n<div><\/div>\n<div>\n<p>Opis<\/p>\n<p>Akumulator litowo-\u017celazowo-fosforanowy Deye zasilany energi\u0105 s\u0142oneczn\u0105 zapewnia bezpieczne i niezawodne rozwi\u0105zanie do magazynowania energii w zastosowaniach domowych i komercyjnych wymagaj\u0105cych zasilania w ciasnych przestrzeniach lub przy ograniczonym obci\u0105\u017ceniu. Kompaktowy i lekki, doskonale nadaje si\u0119 do urz\u0105dze\u0144 o du\u017cej mocy dzia\u0142aj\u0105cych w ograniczonych przestrzeniach, zapewniaj\u0105c d\u0142ugotrwa\u0142\u0105 wydajno\u015b\u0107 dzi\u0119ki wyd\u0142u\u017conemu cyklowi \u017cycia.<\/p>\n<p>Bezkobaltowy akumulator LFP oferuje wysok\u0105 g\u0119sto\u015b\u0107 mocy bez uszczerbku dla bezpiecze\u0144stwa. Inteligentny system zarz\u0105dzania bateri\u0105 (BMS) monitoruje krytyczne punkty danych ogniw, takie jak napi\u0119cie, pr\u0105d i temperatura, r\u00f3wnowa\u017c\u0105c \u0142adowanie i roz\u0142adowywanie, aby zmaksymalizowa\u0107 \u017cywotno\u015b\u0107 baterii.<\/p>\n<p>Pojemno\u015b\u0107 i moc wyj\u015bciow\u0105 mo\u017cna skalowa\u0107 poprzez r\u00f3wnoleg\u0142e po\u0142\u0105czenie wielu akumulator\u00f3w w zale\u017cno\u015bci od potrzeb. Wi\u0119ksze konfiguracje bank\u00f3w zapewniaj\u0105 wi\u0119ksz\u0105 pojemno\u015b\u0107 energetyczn\u0105 i d\u0142u\u017cszy czas pracy. Zbudowany z my\u015bl\u0105 o niezawodno\u015bci, akumulator obs\u0142uguje wysokie mo\u017cliwo\u015bci roz\u0142adowania, utrzymuj\u0105c dzia\u0142anie w temperaturach od -20\u00b0C do 55\u00b0C dzi\u0119ki klasie ochrony IP55 i naturalnemu ch\u0142odzeniu.<\/p>\n<p>Modu\u0142owe i elastyczne baterie z \u0142atwo\u015bci\u0105 zwi\u0119kszaj\u0105 pojemno\u015b\u0107 do 184 kWh poprzez \u0142\u0105czenie klastr\u00f3w po 36 jednostek.<\/p>\n<p>Ten zasilany energi\u0105 s\u0142oneczn\u0105 zestaw baterii jest przyjazny dla \u015brodowiska i wykorzystuje nietoksyczne, wolne od zanieczyszcze\u0144 materia\u0142y.<\/p>\n<p>Instalacja jest uproszczona dzi\u0119ki pi\u0119trowej konstrukcji montowanej na pod\u0142odze bez dodatkowego okablowania lub element\u00f3w z\u0142\u0105cznych. Konfiguracja i wdro\u017cenie s\u0105 szybkie i \u0142atwe.<\/p>\n<p>Wygod\u0119 zapewnia automatyczne \u0142\u0105czenie modu\u0142\u00f3w w sie\u0107 w celu zdalnego monitorowania, konserwacji i aktualizacji oprogramowania uk\u0142adowego.<\/p>\n<p><a href=\"https:\/\/ownpowr.com\/wp-content\/uploads\/2023\/12\/deye-ai-w5.1-datasheet.pdf\" target=\"_blank\" rel=\"noopener\">Karta katalogowa Deye AI-W5.1<\/a><\/p>\n<\/div>","protected":false},"excerpt":{"rendered":"<p>Deye AI-W5.1(LV) Deye wprowadza bezpieczniejszy, bardziej niezawodny i elastyczny akumulator litowo-\u017celazowo-fosforanowy (LFP) zasilany energi\u0105 s\u0142oneczn\u0105, kt\u00f3ry oferuje bezpieczne i niezawodne rozwi\u0105zanie do magazynowania energii zoptymalizowane pod k\u0105tem [...]<\/p>","protected":false},"featured_media":138814,"template":"","meta":{"_seopress_robots_primary_cat":"none","_seopress_titles_title":"Reliable and Compact Deye AI-W5.1(LV) Battery Solution","_seopress_titles_desc":"Experience the Deye AI-W5.1(LV): A safe, reliable and flexible solar powered lithium iron phosphate battery pack. Perfect for small spaces and load restrictions.","_seopress_robots_index":"","_kad_blocks_custom_css":"","_kad_blocks_head_custom_js":"","_kad_blocks_body_custom_js":"","_kad_blocks_footer_custom_js":""},"product_cat":[17],"product_tag":[],"class_list":{"0":"post-11224","1":"product","2":"type-product","3":"status-publish","4":"has-post-thumbnail","6":"product_cat-home-batteries","8":"first","9":"instock","10":"sale","11":"taxable","12":"shipping-taxable","13":"purchasable","14":"product-type-simple"},"taxonomy_info":{"product_cat":[{"value":17,"label":"Home batteries"}]},"featured_image_src_large":["https:\/\/ownpowr.com\/wp-content\/uploads\/2024\/04\/ai-b-version.png",673,341,false],"author_info":[],"comment_info":"","_links":{"self":[{"href":"https:\/\/ownpowr.com\/pl\/wp-json\/wp\/v2\/product\/11224","targetHints":{"allow":["GET"]}}],"collection":[{"href":"https:\/\/ownpowr.com\/pl\/wp-json\/wp\/v2\/product"}],"about":[{"href":"https:\/\/ownpowr.com\/pl\/wp-json\/wp\/v2\/types\/product"}],"wp:featuredmedia":[{"embeddable":true,"href":"https:\/\/ownpowr.com\/pl\/wp-json\/wp\/v2\/media\/138814"}],"wp:attachment":[{"href":"https:\/\/ownpowr.com\/pl\/wp-json\/wp\/v2\/media?parent=11224"}],"wp:term":[{"taxonomy":"product_cat","embeddable":true,"href":"https:\/\/ownpowr.com\/pl\/wp-json\/wp\/v2\/product_cat?post=11224"},{"taxonomy":"product_tag","embeddable":true,"href":"https:\/\/ownpowr.com\/pl\/wp-json\/wp\/v2\/product_tag?post=11224"}],"curies":[{"name":"wp","href":"https:\/\/api.w.org\/{rel}","templated":true}]}}