{"id":119,"date":"2022-11-11T09:25:43","date_gmt":"2022-11-11T07:25:43","guid":{"rendered":"https:\/\/ownpowr.com\/product\/sungrow-sbr096-battery-blue\/"},"modified":"2025-03-27T13:29:55","modified_gmt":"2025-03-27T11:29:55","slug":"sungrow-sbr096-battery-blue","status":"publish","type":"product","link":"https:\/\/ownpowr.com\/pl\/product\/sungrow-sbr096-bateria-niebieska\/","title":{"rendered":"Sungrow SBR 9,6kWh SBR096"},"content":{"rendered":"<p>Sungrow SBR 9,6kWh SBR096 V2 niebieski akumulator LFP + akcesoria<\/p>\n<p>Zestaw baterii domowych Sungrow zawiera nast\u0119puj\u0105ce elementy:<br \/>\n3x modu\u0142 baterii Sungrow SBR premium 3,2 kWh<br \/>\n1x system zarz\u0105dzania bateri\u0105 Sungrow premium + akcesoria<\/p>\n<p>- Typ akumulatora: Ogniwo pryzmatyczne LiFePO4<br \/>\n- Moc znamionowa: 9,6 kWh<br \/>\n- Energia (u\u017cytkowa): 9,6 kWh<br \/>\n- Napi\u0119cie znamionowe: 192 V<br \/>\n- Napi\u0119cie robocze: 150 - 219 V<br \/>\n- Moc znamionowa DC: 5,76 kW<br \/>\n- Maks. moc \u0142adowania\/roz\u0142adowania: 6,57 kW<br \/>\n- Maks. pr\u0105d \u0142adowania\/roz\u0142adowania (ci\u0105g\u0142y): 30 A<br \/>\n- Maks. pr\u0105d \u0142adowania\/roz\u0142adowania (impuls 10 s): 42 A<br \/>\n- G\u0142\u0119boko\u015b\u0107 roz\u0142adowania: 100%<br \/>\n- Pr\u0105d zwarciowy: 1700 A<br \/>\n- Wy\u015bwietlacz: Wska\u017anik SOC, wska\u017anik stanu<br \/>\n- Interfejs komunikacyjny: CAN<br \/>\n- Miejsce instalacji: Wewn\u0105trz \/ Na zewn\u0105trz<br \/>\n- Metoda monta\u017cu: Stojak pod\u0142ogowy<br \/>\n- Zakres temperatur pracy: \u0141adowanie: 0 do 50\u2103 \/ Roz\u0142adowywanie: -30 do 50\u2103.<br \/>\n- Stopie\u0144 ochrony: IP55<br \/>\n- Dopuszczalna wilgotno\u015b\u0107 wzgl\u0119dna: 0% do 95% (bez kondensacji)<br \/>\n- Maksymalna wysoko\u015b\u0107 w u\u017cyciu: 2000 m<br \/>\n- Metoda ch\u0142odzenia: konwekcja naturalna<br \/>\n- Certyfikaty: CE, CEC, IEC 62619, IEC 62040, UN38.3, VDE 2510-50<br \/>\n- Przystosowanie do rozbudowy: Do 4 jednostek r\u00f3wnolegle (wymagana jest dodatkowa skrzynka przy\u0142\u0105czeniowa, obecnie niedost\u0119pna)<\/p>\n<p><a href=\"https:\/\/storeyourownpower.com\/wp-content\/uploads\/2022\/08\/Datasheet-German-2.pdf\" target=\"_blank\" rel=\"noopener\">Karta katalogowa Niemiecki<\/a><br \/>\n<a href=\"https:\/\/storeyourownpower.com\/wp-content\/uploads\/2022\/08\/Datasheets-English.pdf\" target=\"_blank\" rel=\"noopener\">Karty katalogowe w j\u0119zyku angielskim<\/a><br \/>\n<a href=\"https:\/\/storeyourownpower.com\/wp-content\/uploads\/2022\/08\/Mounting-instructions-English-2.pdf\" target=\"_blank\" rel=\"noopener\">Instrukcja monta\u017cu w j\u0119zyku angielskim<\/a><br \/>\n<a href=\"https:\/\/storeyourownpower.com\/wp-content\/uploads\/2022\/08\/Mounting-instructions-German-2.pdf\" target=\"_blank\" rel=\"noopener\">Instrukcja monta\u017cu Niemiecki<\/a><br \/>\n<a href=\"https:\/\/storeyourownpower.com\/wp-content\/uploads\/2022\/08\/Warranty-terms-English-2.pdf\" target=\"_blank\" rel=\"noopener\">Warunki gwarancji w j\u0119zyku angielskim<\/a><br \/>\n<a href=\"https:\/\/storeyourownpower.com\/wp-content\/uploads\/2022\/08\/Warranty-terms-German-1.pdf\" target=\"_blank\" rel=\"noopener\">Warunki gwarancji Niemiecki<\/a><\/p>","protected":false},"excerpt":{"rendered":"<p>Sungrow SBR 9,6kWh SBR096 V2 niebieski akumulator LFP + akcesoria Ten domowy zestaw baterii od Sungrow zawiera nast\u0119puj\u0105ce elementy: 3x Sungrow SBR premium modu\u0142 baterii 3,2 kWh 1x Sungrow premium [...]<\/p>","protected":false},"featured_media":120,"template":"","meta":{"_seopress_robots_primary_cat":"none","_seopress_titles_title":"","_seopress_titles_desc":"","_seopress_robots_index":"","_kad_blocks_custom_css":"","_kad_blocks_head_custom_js":"","_kad_blocks_body_custom_js":"","_kad_blocks_footer_custom_js":""},"product_cat":[17],"product_tag":[],"class_list":{"0":"post-119","1":"product","2":"type-product","3":"status-publish","4":"has-post-thumbnail","6":"product_cat-home-batteries","8":"first","9":"instock","10":"sale","11":"taxable","12":"shipping-taxable","13":"purchasable","14":"product-type-simple"},"taxonomy_info":{"product_cat":[{"value":17,"label":"Home batteries"}]},"featured_image_src_large":["https:\/\/ownpowr.com\/wp-content\/uploads\/2022\/11\/Screenshot-2022-06-22-at-16.19.50.jpg",982,810,false],"author_info":[],"comment_info":"","_links":{"self":[{"href":"https:\/\/ownpowr.com\/pl\/wp-json\/wp\/v2\/product\/119","targetHints":{"allow":["GET"]}}],"collection":[{"href":"https:\/\/ownpowr.com\/pl\/wp-json\/wp\/v2\/product"}],"about":[{"href":"https:\/\/ownpowr.com\/pl\/wp-json\/wp\/v2\/types\/product"}],"wp:featuredmedia":[{"embeddable":true,"href":"https:\/\/ownpowr.com\/pl\/wp-json\/wp\/v2\/media\/120"}],"wp:attachment":[{"href":"https:\/\/ownpowr.com\/pl\/wp-json\/wp\/v2\/media?parent=119"}],"wp:term":[{"taxonomy":"product_cat","embeddable":true,"href":"https:\/\/ownpowr.com\/pl\/wp-json\/wp\/v2\/product_cat?post=119"},{"taxonomy":"product_tag","embeddable":true,"href":"https:\/\/ownpowr.com\/pl\/wp-json\/wp\/v2\/product_tag?post=119"}],"curies":[{"name":"wp","href":"https:\/\/api.w.org\/{rel}","templated":true}]}}