{"id":131,"date":"2023-10-04T16:35:55","date_gmt":"2023-10-04T14:35:55","guid":{"rendered":"https:\/\/ownpowr.com\/product\/byd-b-box-premium-lvs-16-0\/"},"modified":"2025-10-15T14:03:27","modified_gmt":"2025-10-15T12:03:27","slug":"byd-b-box-premium-lvs-16-0","status":"publish","type":"product","link":"https:\/\/ownpowr.com\/pl\/product\/byd-b-box-premium-lvs-16-0\/","title":{"rendered":"BYD Battery-Box premium LVS 16,0 kWh Dostawa po\u0142owa\/koniec grudnia"},"content":{"rendered":"<h3>BYD Battery-Box premium LVS 16,0 kWh<\/h3>\n<p>UWAGA:<br \/>\nSubstancja niebezpieczna zgodnie z UN 3480 \/ Klasa zagro\u017cenia w transporcie 9 \/ Grupa pakowania II<\/p>\n<p>&nbsp;<\/p>\n<p>- pojemno\u015b\u0107 u\u017cytkowa: 16,00 kWh<br \/>\n- napi\u0119cie znamionowe: 51,2 V<br \/>\n- Maks. Pr\u0105d wyj\u015bciowy: 250A<br \/>\n- Szczytowy pr\u0105d wyj\u015bciowy: 360 A, 5 s<br \/>\n- Zakres napi\u0119cia roboczego: 40-57.6 V<br \/>\n- Temperatura otoczenia: -10 \u00b0C do +50 \u00b0C<br \/>\n- Interfejsy: CAN\/RS485<br \/>\n- Efektywno\u015b\u0107 energetyczna w obie strony: &gt;= 95%<br \/>\n- certyfikacja: VDE2510-50 \/ IEC62619\/ CE \/ CEC \/ UN38.3<br \/>\n- Stopie\u0144 ochrony IP: IP55<br \/>\n- Zastosowania: ON Grid \/ ON Grid + Backup \/ OFF Grid<br \/>\n- Zawsze rozszerzalny \/ do 16 LVS 16.0 r\u00f3wnolegle \/ 256 kWh do wykorzystania<br \/>\nZestaw zawiera:<br \/>\n4x modu\u0142 baterii BYD B-BOX PREMIUM LVS<br \/>\n1x BYD LV PDU + podstawa<br \/>\n1x BYD Modu\u0142 zarz\u0105dzania bateri\u0105 LV NOWO\u015a\u0106<\/p>\n<div class=\"product--description\">\n<p><strong>Wi\u0119cej informacji:<\/strong><\/p>\n<ul>\n<li><a href=\"https:\/\/storeyourownpower.com\/wp-content\/uploads\/2023\/01\/Datasheet-English-LVS.pdf\" target=\"_blank\" rel=\"noopener\">Karta katalogowa w j\u0119zyku angielskim LVS<\/a><\/li>\n<li><a href=\"https:\/\/storeyourownpower.com\/wp-content\/uploads\/2023\/01\/Datenblatt-German-LVS.pdf\" target=\"_blank\" rel=\"noopener\">Datenblatt German LVS<\/a><\/li>\n<li><a href=\"https:\/\/storeyourownpower.com\/wp-content\/uploads\/2023\/01\/Mounting-instructions-English-LVS.pdf\" target=\"_blank\" rel=\"noopener\">Instrukcja monta\u017cu w j\u0119zyku angielskim LVS<\/a><\/li>\n<li><a href=\"https:\/\/storeyourownpower.com\/wp-content\/uploads\/2023\/01\/Mounting-instructions-German-LVS.pdf\" target=\"_blank\" rel=\"noopener\">Instrukcja monta\u017cu niemiecki LVS<\/a><\/li>\n<li><a href=\"https:\/\/storeyourownpower.com\/wp-content\/uploads\/2023\/01\/Warranty-terms-English.pdf\" target=\"_blank\" rel=\"noopener\">Warunki gwarancji w j\u0119zyku angielskim<\/a><\/li>\n<li><a href=\"https:\/\/storeyourownpower.com\/wp-content\/uploads\/2023\/01\/Warranty-terms-German-LVS.pdf\" target=\"_blank\" rel=\"noopener\">Warunki gwarancji niemieckiej LVS<\/a><\/li>\n<\/ul>\n<\/div>","protected":false},"excerpt":{"rendered":"<p>BYD Battery-Box premium LVS 16,0 kWh UWAGA: Substancja niebezpieczna zgodnie z UN 3480 \/ Klasa zagro\u017cenia w transporcie 9 \/ Grupa pakowania II - pojemno\u015b\u0107 u\u017cytkowa: 16,00 kWh - znamionowa [...]<\/p>","protected":false},"featured_media":132,"template":"","meta":{"_seopress_robots_primary_cat":"none","_seopress_titles_title":"BYD B-Box premium LVS 16.0 (16.00 kWh) - High Capacity, Multiple Applications","_seopress_titles_desc":"Discover the powerful BYD B-Box Premium LVS 16.0 battery module with hazardous substance caution, high energy efficiency, and various applications for grid, backup, and off-grid systems. Get the complete set for a reliable and scalable energy storage solution.","_seopress_robots_index":"","_kad_blocks_custom_css":"","_kad_blocks_head_custom_js":"","_kad_blocks_body_custom_js":"","_kad_blocks_footer_custom_js":""},"product_cat":[17],"product_tag":[],"class_list":{"0":"post-131","1":"product","2":"type-product","3":"status-publish","4":"has-post-thumbnail","6":"product_cat-home-batteries","8":"first","9":"onbackorder","10":"sale","11":"taxable","12":"shipping-taxable","13":"purchasable","14":"product-type-simple"},"taxonomy_info":{"product_cat":[{"value":17,"label":"Home batteries"}]},"featured_image_src_large":["https:\/\/ownpowr.com\/wp-content\/uploads\/2022\/11\/5-252Ff-252Fb-252F0-252F5fb095af8806fae85bc99f0c5f665888d53d76af_det_sb_byd_b_box_lvs_16-0.jpeg",640,540,false],"author_info":[],"comment_info":"","_links":{"self":[{"href":"https:\/\/ownpowr.com\/pl\/wp-json\/wp\/v2\/product\/131","targetHints":{"allow":["GET"]}}],"collection":[{"href":"https:\/\/ownpowr.com\/pl\/wp-json\/wp\/v2\/product"}],"about":[{"href":"https:\/\/ownpowr.com\/pl\/wp-json\/wp\/v2\/types\/product"}],"wp:featuredmedia":[{"embeddable":true,"href":"https:\/\/ownpowr.com\/pl\/wp-json\/wp\/v2\/media\/132"}],"wp:attachment":[{"href":"https:\/\/ownpowr.com\/pl\/wp-json\/wp\/v2\/media?parent=131"}],"wp:term":[{"taxonomy":"product_cat","embeddable":true,"href":"https:\/\/ownpowr.com\/pl\/wp-json\/wp\/v2\/product_cat?post=131"},{"taxonomy":"product_tag","embeddable":true,"href":"https:\/\/ownpowr.com\/pl\/wp-json\/wp\/v2\/product_tag?post=131"}],"curies":[{"name":"wp","href":"https:\/\/api.w.org\/{rel}","templated":true}]}}