{"id":135,"date":"2023-10-04T16:36:01","date_gmt":"2023-10-04T14:36:01","guid":{"rendered":"https:\/\/ownpowr.com\/product\/byd-b-box-premium-lvs-24-0\/"},"modified":"2025-10-15T14:03:57","modified_gmt":"2025-10-15T12:03:57","slug":"byd-b-box-premium-lvs-24-0","status":"publish","type":"product","link":"https:\/\/ownpowr.com\/pl\/product\/byd-b-box-premium-lvs-24-0\/","title":{"rendered":"BYD Battery-Box premium LVS 24,0 kWh Dostawa po\u0142owa\/koniec grudnia"},"content":{"rendered":"<p>BYD B-Box premium LVS 24.0<\/p>\n<p>UWAGA:<br \/>\nSubstancja niebezpieczna zgodnie z UN 3480 \/ Klasa zagro\u017cenia w transporcie 9 \/ Grupa pakowania II<\/p>\n<p>Informacje:<\/p>\n<p>- pojemno\u015b\u0107 u\u017cytkowa: 24,00 kWh<br \/>\n- napi\u0119cie znamionowe: 51,2 V<br \/>\n- Maks. Pr\u0105d wyj\u015bciowy: 250A<br \/>\n- Szczytowy pr\u0105d wyj\u015bciowy: 360 A, 5 s<br \/>\n- Zakres napi\u0119cia roboczego: 40-57.6 V<br \/>\n- Temperatura otoczenia: -10 \u00b0C do +50 \u00b0C<br \/>\n- Interfejsy: CAN\/RS485<br \/>\n- Efektywno\u015b\u0107 energetyczna w obie strony: &gt;= 95%<br \/>\n- certyfikacja: VDE2510-50 \/ IEC62619\/ CE \/ CEC \/ UN38.3<br \/>\n- Stopie\u0144 ochrony IP: IP55<br \/>\n- Zastosowania: ON Grid \/ ON Grid + Backup \/ OFF Grid<\/p>\n<p>Zestaw zawiera:<br \/>\nModu\u0142 baterii 6x BYD B-BOX PREMIUM LVS<br \/>\n1x BYD LV PDU + podstawa<br \/>\n1x BYD Modu\u0142 zarz\u0105dzania bateri\u0105 LV NOWO\u015a\u0106<\/p>\n<p><strong>Wi\u0119cej informacji:<\/strong><\/p>\n<ul>\n<li><a href=\"https:\/\/storeyourownpower.com\/wp-content\/uploads\/2023\/01\/Datasheet-English-LVS.pdf\" target=\"_blank\" rel=\"noopener\">Karta katalogowa w j\u0119zyku angielskim LVS<\/a><\/li>\n<li><a href=\"https:\/\/storeyourownpower.com\/wp-content\/uploads\/2023\/01\/Datenblatt-German-LVS.pdf\" target=\"_blank\" rel=\"noopener\">Datenblatt German LVS<\/a><\/li>\n<li><a href=\"https:\/\/storeyourownpower.com\/wp-content\/uploads\/2023\/01\/Mounting-instructions-English-LVS.pdf\" target=\"_blank\" rel=\"noopener\">Instrukcja monta\u017cu w j\u0119zyku angielskim LVS<\/a><\/li>\n<li><a href=\"https:\/\/storeyourownpower.com\/wp-content\/uploads\/2023\/01\/Mounting-instructions-German-LVS.pdf\" target=\"_blank\" rel=\"noopener\">Instrukcja monta\u017cu niemiecki LVS<\/a><\/li>\n<li><a href=\"https:\/\/storeyourownpower.com\/wp-content\/uploads\/2023\/01\/Warranty-terms-English.pdf\" target=\"_blank\" rel=\"noopener\">Warunki gwarancji w j\u0119zyku angielskim<\/a><\/li>\n<li><a href=\"https:\/\/storeyourownpower.com\/wp-content\/uploads\/2023\/01\/Warranty-terms-German-LVS.pdf\" target=\"_blank\" rel=\"noopener\">Warunki gwarancji niemieckiej LVS<\/a><\/li>\n<\/ul>","protected":false},"excerpt":{"rendered":"<p>BYD B-Box premium LVS 24.0 UWAGA: Substancja niebezpieczna zgodnie z UN 3480 \/ Klasa zagro\u017cenia w transporcie 9 \/ Grupa pakowania II Informacje: - pojemno\u015b\u0107 u\u017cytkowa: 24,00 kWh - napi\u0119cie znamionowe: [...]<\/p>","protected":false},"featured_media":136,"template":"","meta":{"_seopress_robots_primary_cat":"none","_seopress_titles_title":"BYD B-Box Premium LVS 24.0 - Advanced Lithium Battery with High Capacity and Safety Features","_seopress_titles_desc":"Discover the features of the BYD B-Box Premium LVS 24.0, including its 24.00 kWh usable capacity, high output current of 360A, and IP55 protection class. Perfect for ON Grid, ON Grid + Backup, or OFF Grid applications. Get more information and warranty details.","_seopress_robots_index":"","_kad_blocks_custom_css":"","_kad_blocks_head_custom_js":"","_kad_blocks_body_custom_js":"","_kad_blocks_footer_custom_js":""},"product_cat":[17],"product_tag":[],"class_list":{"0":"post-135","1":"product","2":"type-product","3":"status-publish","4":"has-post-thumbnail","6":"product_cat-home-batteries","8":"first","9":"onbackorder","10":"sale","11":"taxable","12":"shipping-taxable","13":"purchasable","14":"product-type-simple"},"taxonomy_info":{"product_cat":[{"value":17,"label":"Home batteries"}]},"featured_image_src_large":["https:\/\/ownpowr.com\/wp-content\/uploads\/2022\/11\/9-252Ff-252F6-252Fc-252F9f6cce05a635a6ae3545c0eba2096a6b27f1a5bb_det_sb_byd_b_box_lvs_24-0.jpeg",640,540,false],"author_info":[],"comment_info":"","_links":{"self":[{"href":"https:\/\/ownpowr.com\/pl\/wp-json\/wp\/v2\/product\/135","targetHints":{"allow":["GET"]}}],"collection":[{"href":"https:\/\/ownpowr.com\/pl\/wp-json\/wp\/v2\/product"}],"about":[{"href":"https:\/\/ownpowr.com\/pl\/wp-json\/wp\/v2\/types\/product"}],"wp:featuredmedia":[{"embeddable":true,"href":"https:\/\/ownpowr.com\/pl\/wp-json\/wp\/v2\/media\/136"}],"wp:attachment":[{"href":"https:\/\/ownpowr.com\/pl\/wp-json\/wp\/v2\/media?parent=135"}],"wp:term":[{"taxonomy":"product_cat","embeddable":true,"href":"https:\/\/ownpowr.com\/pl\/wp-json\/wp\/v2\/product_cat?post=135"},{"taxonomy":"product_tag","embeddable":true,"href":"https:\/\/ownpowr.com\/pl\/wp-json\/wp\/v2\/product_tag?post=135"}],"curies":[{"name":"wp","href":"https:\/\/api.w.org\/{rel}","templated":true}]}}