{"id":139,"date":"2023-10-04T16:36:02","date_gmt":"2023-10-04T14:36:02","guid":{"rendered":"https:\/\/ownpowr.com\/product\/byd-b-box-premium-lvs-4-0\/"},"modified":"2025-10-15T14:02:31","modified_gmt":"2025-10-15T12:02:31","slug":"byd-b-box-premium-lvs-4-0","status":"publish","type":"product","link":"https:\/\/ownpowr.com\/pl\/product\/byd-b-box-premium-lvs-4-0\/","title":{"rendered":"BYD Battery-Box premium LVS 4.0 kWh Dostawa po\u0142owa\/koniec grudnia"},"content":{"rendered":"<p>BYD B-Box premium LVS 4.0<\/p>\n<p>Informacje:<br \/>\n- pojemno\u015b\u0107 u\u017cytkowa: 4,00 kWh<br \/>\n- napi\u0119cie znamionowe: 51,2 V<br \/>\n- Maks. Pr\u0105d wyj\u015bciowy: 65A<br \/>\n- Szczytowy pr\u0105d wyj\u015bciowy: 90A, 5s<br \/>\n- Zakres napi\u0119cia roboczego: 40-57.6 V<br \/>\n- Temperatura otoczenia: -10 \u00b0C do +50 \u00b0C<br \/>\n- Interfejsy: CAN\/RS485<br \/>\n- Efektywno\u015b\u0107 energetyczna w obie strony: &gt;= 95%<br \/>\n- certyfikacja: VDE2510-50 \/ IEC62619\/ CE \/ CEC \/ UN38.3<br \/>\n- Stopie\u0144 ochrony IP: IP55<br \/>\n- Zastosowania: ON Grid \/ ON Grid + Backup \/ OFF Grid<br \/>\n- Zawsze rozszerzalny \/ do 16 LVS 16.0 r\u00f3wnolegle \/ 256 kWh do wykorzystania<\/p>\n<p>Zestaw zawiera:<br \/>\n1x BYD B-BOX PREMIUM LVS modu\u0142 baterii<br \/>\n1x BYD LV PDU + podstawa<br \/>\n1x BYD Modu\u0142 zarz\u0105dzania bateri\u0105 LV NOWO\u015a\u0106<\/p>\n<p><strong>Wi\u0119cej informacji:<\/strong><\/p>\n<ul>\n<li><a href=\"https:\/\/storeyourownpower.com\/wp-content\/uploads\/2023\/01\/Datasheet-English-LVS.pdf\" target=\"_blank\" rel=\"noopener\">Karta katalogowa w j\u0119zyku angielskim LVS<\/a><\/li>\n<li><a href=\"https:\/\/storeyourownpower.com\/wp-content\/uploads\/2023\/01\/Datenblatt-German-LVS.pdf\" target=\"_blank\" rel=\"noopener\">Datenblatt German LVS<\/a><\/li>\n<li><a href=\"https:\/\/storeyourownpower.com\/wp-content\/uploads\/2023\/01\/Mounting-instructions-English-LVS.pdf\" target=\"_blank\" rel=\"noopener\">Instrukcja monta\u017cu w j\u0119zyku angielskim LVS<\/a><\/li>\n<li><a href=\"https:\/\/storeyourownpower.com\/wp-content\/uploads\/2023\/01\/Mounting-instructions-German-LVS.pdf\" target=\"_blank\" rel=\"noopener\">Instrukcja monta\u017cu niemiecki LVS<\/a><\/li>\n<li><a href=\"https:\/\/storeyourownpower.com\/wp-content\/uploads\/2023\/01\/Warranty-terms-English.pdf\" target=\"_blank\" rel=\"noopener\">Warunki gwarancji w j\u0119zyku angielskim<\/a><\/li>\n<li><a href=\"https:\/\/storeyourownpower.com\/wp-content\/uploads\/2023\/01\/Warranty-terms-German-LVS.pdf\" target=\"_blank\" rel=\"noopener\">Warunki gwarancji niemieckiej LVS<\/a><\/li>\n<\/ul>","protected":false},"excerpt":{"rendered":"<p>BYD B-Box premium LVS 4.0 Informacje: - pojemno\u015b\u0107 u\u017cytkowa: 4,00 kWh - napi\u0119cie znamionowe: 51,2 V - Max. Pr\u0105d wyj\u015bciowy: 65A - Szczytowy pr\u0105d wyj\u015bciowy: 90A, 5s - Napi\u0119cie robocze [...]<\/p>","protected":false},"featured_media":140,"template":"","meta":{"_seopress_robots_primary_cat":"none","_seopress_titles_title":"BYD B-Box Premium LVS 4.0: High Capacity and Efficiency Battery for Grid Backup and Off-Grid Applications","_seopress_titles_desc":"Discover the BYD B-Box Premium LVS 4.0 with 4.00 kWh usable capacity, 65A output current, and IP55 protection class. Perfect for ON Grid, OFF Grid, and backup applications. Expandable up to 16 LVS 16.0 modules. Learn more!","_seopress_robots_index":"","_kad_blocks_custom_css":"","_kad_blocks_head_custom_js":"","_kad_blocks_body_custom_js":"","_kad_blocks_footer_custom_js":""},"product_cat":[17],"product_tag":[],"class_list":{"0":"post-139","1":"product","2":"type-product","3":"status-publish","4":"has-post-thumbnail","6":"product_cat-home-batteries","8":"first","9":"onbackorder","10":"sale","11":"taxable","12":"shipping-taxable","13":"purchasable","14":"product-type-simple"},"taxonomy_info":{"product_cat":[{"value":17,"label":"Home batteries"}]},"featured_image_src_large":["https:\/\/ownpowr.com\/wp-content\/uploads\/2022\/11\/e-252Fb-252F8-252F6-252Feb86ead2797e066c0412db7296196f199394b37d_det_sb_byd_b_box_lvs_4-0.jpeg",640,540,false],"author_info":[],"comment_info":"","_links":{"self":[{"href":"https:\/\/ownpowr.com\/pl\/wp-json\/wp\/v2\/product\/139","targetHints":{"allow":["GET"]}}],"collection":[{"href":"https:\/\/ownpowr.com\/pl\/wp-json\/wp\/v2\/product"}],"about":[{"href":"https:\/\/ownpowr.com\/pl\/wp-json\/wp\/v2\/types\/product"}],"wp:featuredmedia":[{"embeddable":true,"href":"https:\/\/ownpowr.com\/pl\/wp-json\/wp\/v2\/media\/140"}],"wp:attachment":[{"href":"https:\/\/ownpowr.com\/pl\/wp-json\/wp\/v2\/media?parent=139"}],"wp:term":[{"taxonomy":"product_cat","embeddable":true,"href":"https:\/\/ownpowr.com\/pl\/wp-json\/wp\/v2\/product_cat?post=139"},{"taxonomy":"product_tag","embeddable":true,"href":"https:\/\/ownpowr.com\/pl\/wp-json\/wp\/v2\/product_tag?post=139"}],"curies":[{"name":"wp","href":"https:\/\/api.w.org\/{rel}","templated":true}]}}