{"id":144,"date":"2023-10-04T16:36:02","date_gmt":"2023-10-04T14:36:02","guid":{"rendered":"https:\/\/ownpowr.com\/product\/byd-b-box-premium-lvs-8-0\/"},"modified":"2025-10-15T14:02:38","modified_gmt":"2025-10-15T12:02:38","slug":"byd-b-box-premium-lvs-8-0","status":"publish","type":"product","link":"https:\/\/ownpowr.com\/pl\/product\/byd-b-box-premium-lvs-8-0\/","title":{"rendered":"BYD Battery-Box premium LVS 8,0 kWh Dostawa po\u0142owa\/koniec grudnia"},"content":{"rendered":"<p><strong>BYD<\/strong> Battery-Box Premium LVS 8.0 sk\u0142ada si\u0119 z;<\/p>\n<p>a\u00a0<strong>BYD<\/strong>\u00a0Jednostka zarz\u0105dzania bateri\u0105 BMU, a\u00a0<strong>BYD<\/strong>\u00a0Jednostka dystrybucji zasilania PDU i 2 r\u00f3wnoleg\u0142e modu\u0142y baterii LVS 4,0 kWh. Mo\u017cliwo\u015b\u0107 skalowania poprzez dodanie do 4 dodatkowych modu\u0142\u00f3w LVS r\u00f3wnolegle do tego stosu, aby osi\u0105gn\u0105\u0107 pojemno\u015b\u0107 u\u017cytkow\u0105 do 24 kWh.<\/p>\n<p>Ponadto, maksymalna pojemno\u015b\u0107 256 kWh mo\u017ce zosta\u0107 osi\u0105gni\u0119ta poprzez bezpo\u015brednie r\u00f3wnoleg\u0142e po\u0142\u0105czenie do 16 identycznych zestaw\u00f3w Battery-Box Premium LVS 16kWh<\/p>\n<p>UWAGA:<br \/>\nSubstancja niebezpieczna zgodnie z UN 3480 \/ Klasa zagro\u017cenia w transporcie 9 \/ Grupa pakowania II<\/p>\n<p>&nbsp;<\/p>\n<p><strong>\u2714 Zdolny do tworzenia kopii zapasowych o du\u017cej mocy i funkcji off-grid<\/strong><\/p>\n<p><strong>Najwy\u017csza wydajno\u015b\u0107 dzi\u0119ki rzeczywistemu po\u0142\u0105czeniu r\u00f3wnoleg\u0142emu niskiego napi\u0119cia<\/strong><\/p>\n<p><strong>Modu\u0142owa konstrukcja wtyczki - brak wewn\u0119trznego okablowania - maksymalna elastyczno\u015b\u0107 i \u0142atwo\u015b\u0107 u\u017cytkowania<\/strong><\/p>\n<p><strong>Bezkobaltowa bateria litowo-\u017celazowo-fosforanowa (LFP) - maksymalne bezpiecze\u0144stwo, \u017cywotno\u015b\u0107 i moc<\/strong><\/p>\n<p><strong>Kompatybilny z wiod\u0105cymi 1- lub 3-fazowymi niskonapi\u0119ciowymi falownikami akumulatorowymi<\/strong><\/p>\n<p>&nbsp;<\/p>\n<p>- pojemno\u015b\u0107 u\u017cytkowa: 8,00 kWh<br \/>\n- napi\u0119cie znamionowe: 51,2 V<br \/>\n- Maks. Pr\u0105d wyj\u015bciowy: 130A<br \/>\n- Szczytowy pr\u0105d wyj\u015bciowy: 180A, 5s<br \/>\n- Zakres napi\u0119cia roboczego: 40-57.6 V<br \/>\n- Temperatura otoczenia: -10 \u00b0C do +50 \u00b0C<br \/>\n- Interfejsy: CAN\/RS485<br \/>\n- Efektywno\u015b\u0107 energetyczna w obie strony: &gt;= 95%<br \/>\n- certyfikacja: VDE2510-50 \/ IEC62619\/ CE \/ CEC \/ UN38.3<br \/>\n- Stopie\u0144 ochrony IP: IP55<br \/>\n- Zastosowania: ON Grid \/ ON Grid + Backup \/ OFF Grid<br \/>\n- Zawsze z mo\u017cliwo\u015bci\u0105 rozbudowy \/ do 16 LVS 16.0 r\u00f3wnolegle \/ 256 kWh do wykorzystaniaZestaw zawiera:<br \/>\n2x 12910053-00 (modu\u0142 baterii BYD B-BOX PREMIUM LVS)<br \/>\n1x 12940054-00 (BYD LV PDU + podstawa)<br \/>\n1x 13172499-00 (BYD LV Battery Management Unit NEW)<\/p>\n<div><\/div>\n<div class=\"product--description\">\n<p><strong>Wi\u0119cej informacji:<\/strong><\/p>\n<ul>\n<li><a href=\"https:\/\/storeyourownpower.com\/wp-content\/uploads\/2023\/01\/Datasheet-English-LVS.pdf\" target=\"_blank\" rel=\"noopener\">Karta katalogowa w j\u0119zyku angielskim LVS<\/a><\/li>\n<li><a href=\"https:\/\/storeyourownpower.com\/wp-content\/uploads\/2023\/01\/Datenblatt-German-LVS.pdf\" target=\"_blank\" rel=\"noopener\">Datenblatt German LVS<\/a><\/li>\n<li><a href=\"https:\/\/storeyourownpower.com\/wp-content\/uploads\/2023\/01\/Mounting-instructions-English-LVS.pdf\" target=\"_blank\" rel=\"noopener\">Instrukcja monta\u017cu w j\u0119zyku angielskim LVS<\/a><\/li>\n<li><a href=\"https:\/\/storeyourownpower.com\/wp-content\/uploads\/2023\/01\/Mounting-instructions-German-LVS.pdf\" target=\"_blank\" rel=\"noopener\">Instrukcja monta\u017cu niemiecki LVS<\/a><\/li>\n<li><a href=\"https:\/\/storeyourownpower.com\/wp-content\/uploads\/2023\/01\/Warranty-terms-English.pdf\" target=\"_blank\" rel=\"noopener\">Warunki gwarancji w j\u0119zyku angielskim<\/a><\/li>\n<li><a href=\"https:\/\/storeyourownpower.com\/wp-content\/uploads\/2023\/01\/Warranty-terms-German-LVS.pdf\" target=\"_blank\" rel=\"noopener\">Warunki gwarancji niemieckiej LVS<\/a><\/li>\n<\/ul>\n<\/div>","protected":false},"excerpt":{"rendered":"<p>BYD Battery-Box Premium LVS 8.0 sk\u0142ada si\u0119 z modu\u0142u zarz\u0105dzania bateri\u0105 BYD BMU, modu\u0142u dystrybucji zasilania BYD PDU i 2 r\u00f3wnoleg\u0142ych modu\u0142\u00f3w baterii LVS 4,0 kWh. Mo\u017cliwo\u015b\u0107 skalowania poprzez dodanie do [...]<\/p>","protected":false},"featured_media":145,"template":"","meta":{"_seopress_robots_primary_cat":"none","_seopress_titles_title":"BYD Battery-Box Premium LVS 8.0: High-Powered Emergency-Backup and Off-Grid functionality, Maximum Safety, and Expandable Capacity","_seopress_titles_desc":"Discover the scalable BYD Battery-Box Premium LVS 8.0 with efficient Low-Voltage parallel connection and maximum safety. Compatible with leading battery inverters.","_seopress_robots_index":"","_kad_blocks_custom_css":"","_kad_blocks_head_custom_js":"","_kad_blocks_body_custom_js":"","_kad_blocks_footer_custom_js":""},"product_cat":[17],"product_tag":[],"class_list":{"0":"post-144","1":"product","2":"type-product","3":"status-publish","4":"has-post-thumbnail","6":"product_cat-home-batteries","8":"first","9":"onbackorder","10":"sale","11":"taxable","12":"shipping-taxable","13":"purchasable","14":"product-type-simple"},"taxonomy_info":{"product_cat":[{"value":17,"label":"Home batteries"}]},"featured_image_src_large":["https:\/\/ownpowr.com\/wp-content\/uploads\/2022\/11\/c-252F5-252F6-252Fe-252Fc56e658a81cc0b440f8fe33cc4f1ab6a9dd62f03_det_sb_byd_b_box_lvs_8-0.jpeg",640,540,false],"author_info":[],"comment_info":"","_links":{"self":[{"href":"https:\/\/ownpowr.com\/pl\/wp-json\/wp\/v2\/product\/144","targetHints":{"allow":["GET"]}}],"collection":[{"href":"https:\/\/ownpowr.com\/pl\/wp-json\/wp\/v2\/product"}],"about":[{"href":"https:\/\/ownpowr.com\/pl\/wp-json\/wp\/v2\/types\/product"}],"wp:featuredmedia":[{"embeddable":true,"href":"https:\/\/ownpowr.com\/pl\/wp-json\/wp\/v2\/media\/145"}],"wp:attachment":[{"href":"https:\/\/ownpowr.com\/pl\/wp-json\/wp\/v2\/media?parent=144"}],"wp:term":[{"taxonomy":"product_cat","embeddable":true,"href":"https:\/\/ownpowr.com\/pl\/wp-json\/wp\/v2\/product_cat?post=144"},{"taxonomy":"product_tag","embeddable":true,"href":"https:\/\/ownpowr.com\/pl\/wp-json\/wp\/v2\/product_tag?post=144"}],"curies":[{"name":"wp","href":"https:\/\/api.w.org\/{rel}","templated":true}]}}