{"id":185455,"date":"2025-01-30T09:44:03","date_gmt":"2025-01-30T07:44:03","guid":{"rendered":"https:\/\/ownpowr.com\/?post_type=product&#038;p=185455"},"modified":"2025-01-30T09:44:03","modified_gmt":"2025-01-30T07:44:03","slug":"blauhoff-maxus-storage-only-385kwh-liquid-cooled-energy-storage-cabinet-10y-warantee-8000-cycles","status":"publish","type":"product","link":"https:\/\/ownpowr.com\/pl\/product\/blauhoff-maxus-storage-only-385kwh-szafa-magazynujaca-energie-chlodzona-ciecza-10-lat-gwarancji-8000-cykli\/","title":{"rendered":"Blauhoff Maxus Tylko magazynowanie 385 kWh Szafa magazynowania energii ch\u0142odzona ciecz\u0105 10 lat gwarancji 8000 cykli"},"content":{"rendered":"<p>UWAGA!<\/p>\n<p>Ze wzgl\u0119du na integracj\u0119 i z\u0142o\u017cono\u015b\u0107, ta cena jest cen\u0105 instalatora biznesowego bez VAT i bez monta\u017cu.<\/p>\n<p>Monta\u017c jest wykonywany przez Pa\u0144stwa lokalnego instalatora z pomoc\u0105 naszego pracownika technicznego.<\/p>\n<p>Blauhoff Maxus Storage Only 385Kwh Szafa magazynuj\u0105ca energi\u0119 ch\u0142odzona ciecz\u0105 10 lat gwarancji 8000 cykli<\/p>\n<p>Mo\u017cliwe subsydia https:\/\/blauhoff.nl\/subsidies-thuisbatterij-voor-bedrijven\/<\/p>\n<p>Ogniwa pryzmatyczne zapewniaj\u0105 najwy\u017csz\u0105 jako\u015b\u0107 i najd\u0142u\u017csz\u0105 \u017cywotno\u015b\u0107, 8000 cykli i 10-letni\u0105 gwarancj\u0119 na ogniwa bez dodatkowych koszt\u00f3w oraz 5 lat na ca\u0142o\u015b\u0107.<\/p>\n<p>Wi\u0119kszo\u015b\u0107 innych dostawc\u00f3w ma 3-5 lat na ca\u0142o\u015b\u0107 i ogniwa, a potem trzeba dop\u0142aci\u0107!<\/p>\n<p>W pe\u0142ni zintegrowany system ESS u\u0142atwiaj\u0105cy transport i obs\u0142ug\u0119. Mo\u017ce by\u0107 dostosowany do wielu g\u0142\u00f3wnych marek falownik\u00f3w (somotec) i u\u017cywany jako kompaktowy magazyn baterii.<\/p>\n<p>Zintegrowana i modu\u0142owa konstrukcja umo\u017cliwia szybk\u0105 konfiguracj\u0119 i u\u017cytkowanie przez maksymalnie 3 godziny.<\/p>\n<p>Blauhoff BLH-385kWh-Maxus to przemys\u0142owa szafa magazynowa ESS z ch\u0142odzeniem ciecz\u0105, zintegrowana z akumulatorem, BMS, zarz\u0105dzaniem termicznym, dystrybucj\u0105 mocy, ochron\u0105 przeciwpo\u017carow\u0105 itp.<\/p>\n<p>Jego bezpieczna konstrukcja zapewnia lepsz\u0105 wydajno\u015b\u0107 baterii i d\u0142u\u017csz\u0105 \u017cywotno\u015b\u0107<br \/>\n\u017cywotno\u015b\u0107. Wiele zestaw\u00f3w szaf mo\u017ce by\u0107 bezpo\u015brednio po\u0142\u0105czonych r\u00f3wnolegle do 30 jednostek, aby uzyska\u0107 magazynowanie energii<br \/>\nmo\u017cliwo\u015b\u0107 rozbudowy systemu. Jest bardzo \u0142atwo skalowalny i przeno\u015bny.<\/p>\n<p>Ch\u0142odzenie ciecz\u0105 :<br \/>\nDryft temperaturowy ogniw akumulatora<br \/>\nw ca\u0142ym systemie mie\u015bci si\u0119 w zakresie \u00b11,5\u00b0C ze wzgl\u0119du na<br \/>\ninteligentny system ch\u0142odzenia ciecz\u0105. Mo\u017ce<br \/>\nprzed\u0142u\u017cy\u0107 \u017cywotno\u015b\u0107 systemu do<br \/>\n30%, zwi\u0119kszenie d\u0142ugoterminowej wydajno\u015bci systemu<br \/>\ndo 88.5%.<\/p>\n<p>Bezpieczny<br \/>\nSystem ma cztery poziomy zarz\u0105dzania<br \/>\nstruktura, kt\u00f3ra mo\u017ce zapewni\u0107 precyzyjne<br \/>\nzabezpieczenie przeciwzwarciowe, nadpr\u0105dowe<br \/>\nochrona, ochrona przed przepi\u0119ciem<br \/>\nochrona przed zbyt niskim napi\u0119ciem, nadmiern\u0105 temperatur\u0105<br \/>\nochrona itp.<\/p>\n<p><strong>NEN-EN-IEC 62619:2022 - Ogniwa i baterie wt\u00f3rne zawieraj\u0105ce elektrolity alkaliczne lub inne elektrolity niekwa\u015bne - Wymagania bezpiecze\u0144stwa dla wt\u00f3rnych ogniw i baterii litowych do zastosowa\u0144 przemys\u0142owych<\/strong><\/p>\n<p><strong>NEN-EN-IEC 61000-6-2\u3001EN IEC 61000-6-4<\/strong><\/p>\n<p><strong>UL 9540A:2019 wydanie 4 - Standard metody testowej do oceny rozprzestrzeniania si\u0119 po\u017caru termicznego w akumulatorowych systemach magazynowania energii<\/strong><\/p>\n<p><strong>UN38.3<\/strong><strong>s<\/strong><\/p>","protected":false},"excerpt":{"rendered":"<p>UWAGA ! Ze wzgl\u0119du na integracj\u0119 i z\u0142o\u017cono\u015b\u0107, ta cena jest cen\u0105 instalatora biznesowego bez VAT i bez monta\u017cu Monta\u017c jest wykonywany przez Pa\u0144stwa lokalnego instalatora z pomoc\u0105 naszego [...]<\/p>","protected":false},"featured_media":185452,"template":"","meta":{"_seopress_robots_primary_cat":"none","_seopress_titles_title":"","_seopress_titles_desc":"","_seopress_robots_index":"","_kad_blocks_custom_css":"","_kad_blocks_head_custom_js":"","_kad_blocks_body_custom_js":"","_kad_blocks_footer_custom_js":""},"product_cat":[17],"product_tag":[],"class_list":{"0":"post-185455","1":"product","2":"type-product","3":"status-publish","4":"has-post-thumbnail","6":"product_cat-home-batteries","8":"first","9":"instock","10":"sale","11":"taxable","12":"shipping-taxable","13":"purchasable","14":"product-type-simple"},"taxonomy_info":{"product_cat":[{"value":17,"label":"Home batteries"}]},"featured_image_src_large":["https:\/\/ownpowr.com\/wp-content\/uploads\/2024\/10\/maxus-.png",300,300,false],"author_info":[],"comment_info":"","_links":{"self":[{"href":"https:\/\/ownpowr.com\/pl\/wp-json\/wp\/v2\/product\/185455","targetHints":{"allow":["GET"]}}],"collection":[{"href":"https:\/\/ownpowr.com\/pl\/wp-json\/wp\/v2\/product"}],"about":[{"href":"https:\/\/ownpowr.com\/pl\/wp-json\/wp\/v2\/types\/product"}],"wp:featuredmedia":[{"embeddable":true,"href":"https:\/\/ownpowr.com\/pl\/wp-json\/wp\/v2\/media\/185452"}],"wp:attachment":[{"href":"https:\/\/ownpowr.com\/pl\/wp-json\/wp\/v2\/media?parent=185455"}],"wp:term":[{"taxonomy":"product_cat","embeddable":true,"href":"https:\/\/ownpowr.com\/pl\/wp-json\/wp\/v2\/product_cat?post=185455"},{"taxonomy":"product_tag","embeddable":true,"href":"https:\/\/ownpowr.com\/pl\/wp-json\/wp\/v2\/product_tag?post=185455"}],"curies":[{"name":"wp","href":"https:\/\/api.w.org\/{rel}","templated":true}]}}