{"id":187742,"date":"2024-10-25T09:11:12","date_gmt":"2024-10-25T07:11:12","guid":{"rendered":"https:\/\/ownpowr.com\/?post_type=product&#038;p=187742"},"modified":"2025-01-30T09:53:51","modified_gmt":"2025-01-30T07:53:51","slug":"blauhoff-25k-80kwh-hv-3-phase-system-powerpack-ip55-100ah-1c-charge-discharge","status":"publish","type":"product","link":"https:\/\/ownpowr.com\/pl\/product\/blauhoff-25k-80kwh-hv-3-fazowy-system-powerpack-ip55-100ah-1c-ladowanie-rozladowanie\/","title":{"rendered":"Blauhoff 25K\/80kWh HV 3-fazowy system Powerpack IP55 100aH 1C \u0141adowanie\/roz\u0142adowanie"},"content":{"rendered":"<h2>Blauhoff Home 25K\/80 kWh HV 3 Fase systeem Cobalt vrij Powerpack IP55 Outdoor\/Indoor\/Cobalt vrij 100aH 1C<\/h2>\n<p>Super solidny i \u0142atwy w obs\u0142udze 3-fazowy system Blauhoff Home BLH-25k\/80 kWh, znanej marki Blauhoff, zapewnia lepsze i wydajniejsze wykorzystanie energii w domach o wi\u0119kszej wydajno\u015bci. Dzi\u0119ki temu systemowi mog\u0105 Pa\u0144stwo zoptymalizowa\u0107 wydajno\u015b\u0107 energetyczn\u0105 swojego domu, zniwelowa\u0107 negatywny wp\u0142yw sieci elektrycznej i czerpa\u0107 korzy\u015bci z poprawy jako\u015bci powietrza w pomieszczeniach. Co wi\u0119cej, system ten jest wyposa\u017cony w darmowy monta\u017c, co zapewnia doskona\u0142\u0105 instalacj\u0119. Komunikacja z dynamicznym stroomem jest r\u00f3wnie\u017c mo\u017cliwa dzi\u0119ki abonamentowi i wysokiemu poziomowi energii!<\/p>\n<p>Omvormer ma d\u0142ugo\u015b\u0107 780 mm i wag\u0119 33,6 kg. Dzi\u0119ki dodatkowemu przewodowi o d\u0142ugo\u015bci 300 mm \u0142\u0105cz\u0105cemu omvormer z bateri\u0105 mo\u017cna uzyska\u0107 optymalne umiejscowienie systemu, co zapewnia wydajne zasilanie i minimalne zu\u017cycie energii.<\/p>\n<p>Akumulator Blauhoff jest trwa\u0142y, kobaltowy, kompaktowy i zwarty, o wymiarach 734 mm x 400 mm na modu\u0142 i wadze 906 kg. Akumulator ma pojemno\u015b\u0107 80 kWh, dzi\u0119ki czemu mo\u017cna uzyska\u0107 nadwy\u017ck\u0119 energii, kt\u00f3ra jest generowana przez panele s\u0142oneczne lub inne \u017ar\u00f3d\u0142a energii. W momentach, w kt\u00f3rych nie ma produkt\u00f3w energetycznych, prosz\u0119 skorzysta\u0107 z energii odnawialnej, aby zmniejszy\u0107 zu\u017cycie energii, a tym samym zmniejszy\u0107 obaw\u0119 przed sieci\u0105 elektryczn\u0105 i energi\u0105 elektryczn\u0105. Odbywa si\u0119 to automatycznie w po\u0142\u0105czeniu z dynamicznym kontraktem energetycznym. U kunt dan in de winter profiteren van goedkope stroom in de nacht en die de hele dag gebruiken en in de zomer gratis laden in de middag en s'avonds gebruiken en in de morgen of in de nacht de auto ermee opladen.<\/p>\n<p><strong>Specjalnie zaprojektowany do \u0142adowania\/roz\u0142adowywania 1C (100aH), dzi\u0119ki czemu mo\u017cna go szybko \u0142adowa\u0107 i roz\u0142adowywa\u0107. 8000 cykli, 10 lat gwarancji i certyfikat UL9540A, najwy\u017csza jako\u015b\u0107 i marka w swojej kategorii!<\/strong><\/p>\n<p><strong>Dzi\u0119ki darmowemu Smartlanhub Blauhoff z aplikacj\u0105 i sprz\u0119tem, mog\u0105 Pa\u0144stwo automatycznie i bez abonamentu dynamicznie zarz\u0105dza\u0107 swoj\u0105 energi\u0105.  U kunt dagelijks kan wisselen naar de voordeligste leverancier. Kompatybilny z Homeautomation i Homey Pro domotica.<\/strong><\/p>\n<p>System Home BLH-25k\/80 kWh 3 Fase Systeem jest przeznaczony dla gospodarstw domowych posiadaj\u0105cych ponad 29200 kWh energii. Przy mocy 25 kW mog\u0105 Pa\u0144stwo w pe\u0142ni wykorzysta\u0107 swoj\u0105 energi\u0119, korzystaj\u0105c z energii odnawialnej i energii odnawialnej w akumulatorze. Co wi\u0119cej, system ten zapewnia stabilne zasilanie, dzi\u0119ki czemu odpowiednie urz\u0105dzenia mog\u0105 pracowa\u0107 w czasie przestoju, a codzienne czynno\u015bci mog\u0105 by\u0107 wykonywane bez zak\u0142\u00f3ce\u0144. Czasami system jest gotowy do pracy do maks. 600 kWh<\/p>\n<p>Zasilacz Blauhoff Home BLH-25k\/80 kWh 3 Fase Systeem Powerpack zosta\u0142 opracowany z my\u015bl\u0105 o elastyczno\u015bci. Obejmuje on port generatora \/ wiatraka, dzi\u0119ki czemu mo\u017cna uzyska\u0107 dodatkowe zasilanie i jeszcze bardziej zwi\u0119kszy\u0107 wydajno\u015b\u0107 energetyczn\u0105. Dzi\u0119ki minimalnemu poborowi pr\u0105du 3x25A i mo\u017cliwo\u015bci konfiguracji 3-fazowej, system ten jest kompatybilny z najbardziej popularnymi sieciami elektrycznymi.<\/p>\n<p>Dzi\u0119ki darmowemu monta\u017cowi mog\u0105 Pa\u0144stwo skorzysta\u0107 z profesjonalnej instalacji, dzi\u0119ki kt\u00f3rej nasz system b\u0119dzie dzia\u0142a\u0142 optymalnie przez ca\u0142y czas, a my b\u0119dziemy mogli cieszy\u0107 si\u0119 wspania\u0142\u0105 obs\u0142ug\u0105.<\/p>\n<p>Dzi\u0119ki 3-fazowemu systemowi Blauhoff Home BLH-25k\/80kWh mog\u0105 Pa\u0144stwo przej\u015b\u0107 na wydajne i trwa\u0142e zasilanie. Krachtige energieopslag, noodstroomvoorziening en flexibiliteit in energiebronnen kunt u vertrouwen op een betrouwbare stroomvoorziening, costenbesparingen realiseren en uw ecologische voetafdruk verkleinen. Prosz\u0119 klikn\u0105\u0107 na Blauhoff i upewni\u0107 si\u0119, \u017ce wygrana jest jasna dla zu\u017cycia energii przez toekomst.<\/p>\n<p><a href=\"https:\/\/blauhoff.nl\/wp-content\/uploads\/2024\/10\/Blauhoff-Power-Pack-HV-V1.4-1.pdf\" target=\"_blank\" rel=\"noopener\">Blauhoff Power Pack HV V1.4 (1)<\/a><\/p>","protected":false},"excerpt":{"rendered":"<p>Blauhoff Home 25K\/80 kWh HV 3 Fase systeem Cobalt vrij Powerpack IP55 Outdoor\/Indoor\/Cobalt vrij 100aH 1C Het super robuste en makkelijk uitbreidbare Blauhoff Home BLH-25k\/80 kWh 3 Fase Systeem, van [...]<\/p>","protected":false},"featured_media":187745,"template":"","meta":{"_seopress_robots_primary_cat":"none","_seopress_titles_title":"","_seopress_titles_desc":"","_seopress_robots_index":"","_kad_blocks_custom_css":"","_kad_blocks_head_custom_js":"","_kad_blocks_body_custom_js":"","_kad_blocks_footer_custom_js":""},"product_cat":[17,19],"product_tag":[],"class_list":{"0":"post-187742","1":"product","2":"type-product","3":"status-publish","4":"has-post-thumbnail","6":"product_cat-home-batteries","7":"product_cat-sets-with-inverters","9":"first","10":"instock","11":"taxable","12":"shipping-taxable","13":"purchasable","14":"product-type-simple"},"taxonomy_info":{"product_cat":[{"value":17,"label":"Home batteries"},{"value":19,"label":"Sets with inverters"}]},"featured_image_src_large":["https:\/\/ownpowr.com\/wp-content\/uploads\/2024\/10\/bh3-25k-80kwh-300x300-1.png",300,300,false],"author_info":[],"comment_info":"","_links":{"self":[{"href":"https:\/\/ownpowr.com\/pl\/wp-json\/wp\/v2\/product\/187742","targetHints":{"allow":["GET"]}}],"collection":[{"href":"https:\/\/ownpowr.com\/pl\/wp-json\/wp\/v2\/product"}],"about":[{"href":"https:\/\/ownpowr.com\/pl\/wp-json\/wp\/v2\/types\/product"}],"wp:featuredmedia":[{"embeddable":true,"href":"https:\/\/ownpowr.com\/pl\/wp-json\/wp\/v2\/media\/187745"}],"wp:attachment":[{"href":"https:\/\/ownpowr.com\/pl\/wp-json\/wp\/v2\/media?parent=187742"}],"wp:term":[{"taxonomy":"product_cat","embeddable":true,"href":"https:\/\/ownpowr.com\/pl\/wp-json\/wp\/v2\/product_cat?post=187742"},{"taxonomy":"product_tag","embeddable":true,"href":"https:\/\/ownpowr.com\/pl\/wp-json\/wp\/v2\/product_tag?post=187742"}],"curies":[{"name":"wp","href":"https:\/\/api.w.org\/{rel}","templated":true}]}}