{"id":187778,"date":"2025-01-30T10:01:07","date_gmt":"2025-01-30T08:01:07","guid":{"rendered":"https:\/\/ownpowr.com\/?post_type=product&#038;p=187778"},"modified":"2025-01-30T10:01:07","modified_gmt":"2025-01-30T08:01:07","slug":"blauhoff-15k-80kwh-hv-3-phase-system-powerpack-ip55-100ah-1c-charge-discharge","status":"publish","type":"product","link":"https:\/\/ownpowr.com\/pl\/product\/blauhoff-15k-80kwh-hv-3-fazowy-system-powerpack-ip55-100ah-1c-ladowanie-rozladowanie\/","title":{"rendered":"Blauhoff 15K\/80kWh 3-fazowy zasilacz systemowy IP55 100aH 1C \u0141adowanie\/roz\u0142adowanie"},"content":{"rendered":"<p>Blauhoff Home 15K\/80 kWh HV 3-fazowy system bezkobaltowy Powerpack IP55 Outdoor\/Indoor\/Cobalt free 100aH 1C<\/p>\n<p>Super wytrzyma\u0142y i \u0142atwy w rozbudowie 3-fazowy system Blauhoff Home BLH-15k\/80 kWh renomowanej marki Blauhoff oferuje niezawodne i wydajne rozwi\u0105zanie do magazynowania energii w gospodarstwach domowych o wy\u017cszym zu\u017cyciu. Dzi\u0119ki temu pot\u0119\u017cnemu systemowi mog\u0105 Pa\u0144stwo zoptymalizowa\u0107 wydajno\u015b\u0107 energetyczn\u0105 swojego domu, zmniejszy\u0107 zale\u017cno\u015b\u0107 od sieci elektrycznej i skorzysta\u0107 z zasilania awaryjnego w przypadku awarii zasilania. Ponadto system ten jest dostarczany z bezp\u0142atn\u0105 instalacj\u0105, co zapewnia bezproblemow\u0105 instalacj\u0119. Komunikacja z dynamicznym zasilaniem w razie potrzeby bez abonamentu i zawsze wolny wyb\u00f3r dostawcy energii!<\/p>\n<p>Falownik ma d\u0142ugo\u015b\u0107 780 mm i wa\u017cy 33,6 kg. Dzi\u0119ki dodatkowemu kablowi o d\u0142ugo\u015bci 300 mm mi\u0119dzy falownikiem a akumulatorem mo\u017cna okre\u015bli\u0107 optymalne umiejscowienie systemu, zapewniaj\u0105c wydajny transfer energii i minimalne straty energii.<\/p>\n<p>System baterii Blauhoff jest zr\u00f3wnowa\u017cony, nie zawiera kobaltu, jest kompaktowy i p\u0142aski, o wymiarach 734 mm x 400 mm na modu\u0142 i wadze 906 kg. Akumulator ma pojemno\u015b\u0107 80 kWh, co pozwala na przechowywanie nadmiaru energii generowanej przez panele s\u0142oneczne lub inne \u017ar\u00f3d\u0142a energii. Gdy nie ma produkcji energii, mo\u017cna wykorzysta\u0107 zmagazynowan\u0105 energi\u0119 do pokrycia zu\u017cycia energii, dzi\u0119ki czemu b\u0119d\u0105 Pa\u0144stwo mniej zale\u017cni od sieci elektrycznej i jeszcze bardziej obni\u017c\u0105 koszty energii. Wszystko to dzieje si\u0119 automatycznie w po\u0142\u0105czeniu z dynamiczn\u0105 umow\u0105 energetyczn\u0105, je\u015bli jest dost\u0119pna. W ten spos\u00f3b mog\u0105 Pa\u0144stwo korzysta\u0107 z taniej energii elektrycznej w nocy w zimie i u\u017cywa\u0107 jej przez ca\u0142y dzie\u0144, a w lecie \u0142adowa\u0107 za darmo po po\u0142udniu i wieczorem oraz u\u017cywa\u0107 jej do \u0142adowania samochodu rano lub w nocy.<\/p>\n<p>Specjalnie wykonane \u0142adowanie\/roz\u0142adowanie 1C (100aH), dzi\u0119ki czemu mo\u017cna bardzo szybko \u0142adowa\u0107 i roz\u0142adowywa\u0107. 8000 cykli, 10 lat gwarancji i certyfikat UL9540A, najwy\u017csza osi\u0105galna i bezpieczna kategoria!<\/p>\n<p>Zawsze dostarczany z bezp\u0142atnym Smartlanhub Blauhoff, w tym aplikacj\u0105 i sprz\u0119tem, dzi\u0119ki czemu mog\u0105 Pa\u0144stwo dzia\u0142a\u0107 automatycznie i bez koszt\u00f3w subskrypcji dynamicznie i samodzielnie kontrolowa\u0107 swojego dostawc\u0119 energii. Mog\u0105 Pa\u0144stwo codziennie prze\u0142\u0105cza\u0107 si\u0119 na najkorzystniejszego dostawc\u0119. Kompatybilny r\u00f3wnie\u017c z automatyk\u0105 domow\u0105 Homeautomation i Homey Pro.<\/p>\n<p>3-fazowy system Home BLH-15k\/80 kWh jest zalecany dla gospodarstw domowych o \u015brednim rocznym zu\u017cyciu energii wynosz\u0105cym oko\u0142o 29200 kWh. Dzi\u0119ki mocy 15 kW mog\u0105 Pa\u0144stwo pokry\u0107 znaczn\u0105 cz\u0119\u015b\u0107 swojego zapotrzebowania na energi\u0119, wykorzystuj\u0105c wytworzon\u0105 energi\u0119 s\u0142oneczn\u0105 i energi\u0119 zmagazynowan\u0105 w akumulatorze. Ponadto system ten oferuje zasilanie awaryjne, dzi\u0119ki czemu wa\u017cne urz\u0105dzenia mog\u0105 nadal dzia\u0142a\u0107 podczas przerw w dostawie pr\u0105du, a Pa\u0144stwa codzienne czynno\u015bci mog\u0105 by\u0107 kontynuowane bez zak\u0142\u00f3ce\u0144. System mo\u017cna r\u00f3wnie\u017c rozbudowa\u0107 do maks. 600 kWh<\/p>\n<p>3-fazowy system Powerpack Blauhoff Home BLH-15k\/80 kWh zosta\u0142 zaprojektowany z my\u015bl\u0105 o elastyczno\u015bci. Jest wyposa\u017cony w port generatora\/wiatraka, co daje mo\u017cliwo\u015b\u0107 dodania dodatkowych \u017ar\u00f3de\u0142 energii i dalszego zwi\u0119kszenia niezale\u017cno\u015bci energetycznej. Przy minimalnym pod\u0142\u0105czeniu 3x25A i odpowiednim dla konfiguracji 3-fazowych, system ten jest kompatybilny z wi\u0119kszo\u015bci\u0105 domowych sieci elektrycznych.<\/p>\n<p>Dzi\u0119ki bezp\u0142atnej instalacji mog\u0105 Pa\u0144stwo polega\u0107 na profesjonalnym monta\u017cu, kt\u00f3ry zapewni optymalne dzia\u0142anie systemu od pierwszej chwili i bezproblemowe korzystanie z niego.<\/p>\n<p>Prosz\u0119 przej\u015b\u0107 na bardziej wydajne i zr\u00f3wnowa\u017cone \u017ar\u00f3d\u0142a energii dzi\u0119ki 3-fazowemu systemowi Blauhoff Home BLH-15k\/80kWh. Dzi\u0119ki wydajnemu magazynowaniu energii, zasilaniu awaryjnemu i elastyczno\u015bci w zakresie \u017ar\u00f3de\u0142 energii, mog\u0105 Pa\u0144stwo polega\u0107 na niezawodnym zasilaniu, uzyska\u0107 oszcz\u0119dno\u015bci koszt\u00f3w i zmniejszy\u0107 sw\u00f3j \u015blad w\u0119glowy. Prosz\u0119 wybra\u0107 Blauhoff i przygotowa\u0107 sw\u00f3j dom na przysz\u0142e potrzeby energetyczne.<\/p>\n<p><a href=\"https:\/\/blauhoff.nl\/wp-content\/uploads\/2024\/10\/Blauhoff-Power-Pack-HV-V1.4-1.pdf\" target=\"_blank\" rel=\"noopener\">Blauhoff Power Pack HV V1.4 (1)<\/a><\/p>","protected":false},"excerpt":{"rendered":"<p>Blauhoff Home 15K\/80 kWh 3-fazowy system HV bez kobaltu Powerpack IP55 Outdoor\/Indoor\/Cobalt free 100aH 1C Super wytrzyma\u0142y i \u0142atwy w rozbudowie 3-fazowy system Blauhoff Home BLH-15k\/80 kWh, od [...]<\/p>","protected":false},"featured_media":187787,"template":"","meta":{"_seopress_robots_primary_cat":"none","_seopress_titles_title":"","_seopress_titles_desc":"","_seopress_robots_index":"","_kad_blocks_custom_css":"","_kad_blocks_head_custom_js":"","_kad_blocks_body_custom_js":"","_kad_blocks_footer_custom_js":""},"product_cat":[17,19],"product_tag":[],"class_list":{"0":"post-187778","1":"product","2":"type-product","3":"status-publish","4":"has-post-thumbnail","6":"product_cat-home-batteries","7":"product_cat-sets-with-inverters","9":"first","10":"instock","11":"taxable","12":"shipping-taxable","13":"purchasable","14":"product-type-simple"},"taxonomy_info":{"product_cat":[{"value":17,"label":"Home batteries"},{"value":19,"label":"Sets with inverters"}]},"featured_image_src_large":["https:\/\/ownpowr.com\/wp-content\/uploads\/2024\/10\/bh3-15k-80kwh-300x300-1.png",300,300,false],"author_info":[],"comment_info":"","_links":{"self":[{"href":"https:\/\/ownpowr.com\/pl\/wp-json\/wp\/v2\/product\/187778","targetHints":{"allow":["GET"]}}],"collection":[{"href":"https:\/\/ownpowr.com\/pl\/wp-json\/wp\/v2\/product"}],"about":[{"href":"https:\/\/ownpowr.com\/pl\/wp-json\/wp\/v2\/types\/product"}],"wp:featuredmedia":[{"embeddable":true,"href":"https:\/\/ownpowr.com\/pl\/wp-json\/wp\/v2\/media\/187787"}],"wp:attachment":[{"href":"https:\/\/ownpowr.com\/pl\/wp-json\/wp\/v2\/media?parent=187778"}],"wp:term":[{"taxonomy":"product_cat","embeddable":true,"href":"https:\/\/ownpowr.com\/pl\/wp-json\/wp\/v2\/product_cat?post=187778"},{"taxonomy":"product_tag","embeddable":true,"href":"https:\/\/ownpowr.com\/pl\/wp-json\/wp\/v2\/product_tag?post=187778"}],"curies":[{"name":"wp","href":"https:\/\/api.w.org\/{rel}","templated":true}]}}