{"id":197485,"date":"2024-12-13T11:46:01","date_gmt":"2024-12-13T09:46:01","guid":{"rendered":"https:\/\/ownpowr.com\/?post_type=product&#038;p=197485"},"modified":"2025-01-30T09:45:04","modified_gmt":"2025-01-30T07:45:04","slug":"blh-electric-generator-on-trailer-with-various-connections-50k-100kwh-and-solar-panels","status":"publish","type":"product","link":"https:\/\/ownpowr.com\/pl\/product\/generator-elektryczny-blh-na-przyczepie-z-roznymi-polaczeniami-50k-100kwh-i-panelami-slonecznymi\/","title":{"rendered":"BLH Generator elektryczny na przyczepie z r\u00f3\u017cnymi po\u0142\u0105czeniami 50K\/100kWh i panelami s\u0142onecznymi"},"content":{"rendered":"<p>Generator elektryczny lub generator hybrydowy na podw\u00f3jnej osi z wysuwanymi panelami s\u0142onecznymi.<br \/>\nAkumulator przeno\u015bny z bateriami LFP 10 lat gwarancji i 6000 cykli!<\/p>\n<p>Pojemno\u015b\u0107 wej\u015bciowa 400V\/32A\/63A<br \/>\nCzas \u0142adowania 2-5 godzin<br \/>\nWyj\u015bcie 230V\/16A<br \/>\nWyj\u015bcie 400V\/32A<br \/>\nWyj\u015bcie 400V\/63A<\/p>\n<p>Mobilny es dla ka\u017cdego elastycznego zastosowania, dzia\u0142a z dynamicznymi stawkami i mo\u017ce bezpo\u015brednio \u0142\u0105czy\u0107 panele s\u0142oneczne.<br \/>\nNadaje si\u0119 do budownictwa, zasilania awaryjnego itp.<\/p>\n<div dir=\"ltr\"><a href=\"https:\/\/blauhoff.nl\/wp-content\/uploads\/2024\/02\/Blauhoff-Elektrische-Generator-Datasheet.pdf\">Arkusz danych<\/a><\/div>","protected":false},"excerpt":{"rendered":"<p>Generator elektryczny lub generator hybrydowy na podw\u00f3jnej osi z wysuwanymi panelami s\u0142onecznymi. Mobilna bateria z akumulatorami LFP 10 lat gwarancji i 6000 cykli! Pojemno\u015b\u0107 wej\u015bciowa 400V\/32A\/63A Czas \u0142adowania 2-5 godzin [...]<\/p>","protected":false},"featured_media":197490,"template":"","meta":{"_seopress_robots_primary_cat":"none","_seopress_titles_title":"","_seopress_titles_desc":"","_seopress_robots_index":"","_kad_blocks_custom_css":"","_kad_blocks_head_custom_js":"","_kad_blocks_body_custom_js":"","_kad_blocks_footer_custom_js":""},"product_cat":[17],"product_tag":[],"class_list":{"0":"post-197485","1":"product","2":"type-product","3":"status-publish","4":"has-post-thumbnail","6":"product_cat-home-batteries","8":"first","9":"instock","10":"taxable","11":"shipping-taxable","12":"purchasable","13":"product-type-simple"},"taxonomy_info":{"product_cat":[{"value":17,"label":"Home batteries"}]},"featured_image_src_large":["https:\/\/ownpowr.com\/wp-content\/uploads\/2024\/12\/electrische-generator-300x300-1.jpg",300,300,false],"author_info":[],"comment_info":"","_links":{"self":[{"href":"https:\/\/ownpowr.com\/pl\/wp-json\/wp\/v2\/product\/197485","targetHints":{"allow":["GET"]}}],"collection":[{"href":"https:\/\/ownpowr.com\/pl\/wp-json\/wp\/v2\/product"}],"about":[{"href":"https:\/\/ownpowr.com\/pl\/wp-json\/wp\/v2\/types\/product"}],"wp:featuredmedia":[{"embeddable":true,"href":"https:\/\/ownpowr.com\/pl\/wp-json\/wp\/v2\/media\/197490"}],"wp:attachment":[{"href":"https:\/\/ownpowr.com\/pl\/wp-json\/wp\/v2\/media?parent=197485"}],"wp:term":[{"taxonomy":"product_cat","embeddable":true,"href":"https:\/\/ownpowr.com\/pl\/wp-json\/wp\/v2\/product_cat?post=197485"},{"taxonomy":"product_tag","embeddable":true,"href":"https:\/\/ownpowr.com\/pl\/wp-json\/wp\/v2\/product_tag?post=197485"}],"curies":[{"name":"wp","href":"https:\/\/api.w.org\/{rel}","templated":true}]}}