{"id":203500,"date":"2025-01-17T11:19:28","date_gmt":"2025-01-17T09:19:28","guid":{"rendered":"https:\/\/ownpowr.com\/?post_type=product&#038;p=203500"},"modified":"2025-01-30T10:19:51","modified_gmt":"2025-01-30T08:19:51","slug":"blauhoff-25k-38-0-kwh-slim-line-hv","status":"publish","type":"product","link":"https:\/\/ownpowr.com\/pl\/product\/blauhoff-25k-38-0-kwh-slim-line-hv\/","title":{"rendered":"Blauhoff 25k\/38.0 kWh Slim Line HV"},"content":{"rendered":"<p>Blauhoff Home 25K\/38.0kWh 3-fazowy system Slim Line IP65 17 cm cienki Outdoor\/Indoor!<\/p>\n<p>Super cienki 3-fazowy system Blauhoff Home 25K\/38.0kWh renomowanej marki Blauhoff oferuje niezawodne i wydajne rozwi\u0105zanie do magazynowania energii w gospodarstwach domowych o \u015brednim zu\u017cyciu. Dzi\u0119ki temu pot\u0119\u017cnemu systemowi mog\u0105 Pa\u0144stwo zoptymalizowa\u0107 wydajno\u015b\u0107 energetyczn\u0105 swojego domu, zmniejszy\u0107 zale\u017cno\u015b\u0107 od sieci elektrycznej i skorzysta\u0107 z zasilania awaryjnego w przypadku awarii zasilania. Ponadto system ten jest dostarczany z bezp\u0142atnym monta\u017cem, co zapewnia bezproblemow\u0105 instalacj\u0119. Komunikacja z dynamicznym zasilaniem w razie potrzeby bez abonamentu i zawsze wolny wyb\u00f3r dostawcy energii!<\/p>\n<p>Falownik ma d\u0142ugo\u015b\u0107 780 mm i wa\u017cy 33,6 kg. Dzi\u0119ki dodatkowemu kablowi o d\u0142ugo\u015bci 300 mm mi\u0119dzy falownikiem a akumulatorem mo\u017cna okre\u015bli\u0107 optymalne umiejscowienie systemu, co zapewnia wydajny transfer energii i minimalne straty energii.<\/p>\n<p>System baterii Blauhoff jest wytrzyma\u0142y, kompaktowy i p\u0142aski, o wymiarach 670 mm x 900 mm x 170 mm i wadze 150 kg. Akumulator ma pojemno\u015b\u0107 38,0 kWh, co pozwala na przechowywanie nadmiaru energii generowanej przez panele s\u0142oneczne lub inne \u017ar\u00f3d\u0142a energii. Gdy nie ma produkcji energii, mo\u017cna wykorzysta\u0107 zmagazynowan\u0105 energi\u0119 do pokrycia zu\u017cycia energii, dzi\u0119ki czemu s\u0105 Pa\u0144stwo mniej zale\u017cni od sieci i jeszcze bardziej obni\u017caj\u0105 koszty energii. Wszystko to dzieje si\u0119 automatycznie w po\u0142\u0105czeniu z dynamiczn\u0105 umow\u0105 energetyczn\u0105, je\u015bli jest dost\u0119pna. W ten spos\u00f3b mog\u0105 Pa\u0144stwo korzysta\u0107 z taniej energii elektrycznej w nocy w zimie i u\u017cywa\u0107 jej przez ca\u0142y dzie\u0144, a w lecie mog\u0105 Pa\u0144stwo \u0142adowa\u0107 za darmo po po\u0142udniu i wieczorem i u\u017cywa\u0107 jej do \u0142adowania samochodu rano lub w nocy.<\/p>\n<p>3-fazowy system Home 25K\/38,0 kWh jest zalecany dla gospodarstw domowych o \u015brednim rocznym zu\u017cyciu energii wynosz\u0105cym oko\u0142o 13870 kWh. Dzi\u0119ki mocy 25 kW mog\u0105 Pa\u0144stwo pokry\u0107 znaczn\u0105 cz\u0119\u015b\u0107 swojego zapotrzebowania na energi\u0119 za pomoc\u0105 energii s\u0142onecznej wytwarzanej i przechowywanej w akumulatorze. Ponadto system ten zapewnia zasilanie awaryjne, dzi\u0119ki czemu wa\u017cne urz\u0105dzenia mog\u0105 nadal dzia\u0142a\u0107 podczas przerw w dostawie pr\u0105du, a codzienne czynno\u015bci mog\u0105 by\u0107 kontynuowane bez zak\u0142\u00f3ce\u0144.<\/p>\n<p>3-fazowy system Slim Line Blauhoff Home 25K\/38.0kWh zosta\u0142 zaprojektowany z my\u015bl\u0105 o elastyczno\u015bci. Jest on wyposa\u017cony w port generatora\/turbiny wiatrowej, co daje mo\u017cliwo\u015b\u0107 dodania dodatkowych \u017ar\u00f3de\u0142 energii i dalszego zwi\u0119kszenia niezale\u017cno\u015bci energetycznej. Przy minimalnym pod\u0142\u0105czeniu 3x50A i odpowiednim dla konfiguracji 3-fazowych, system ten jest kompatybilny z wi\u0119kszo\u015bci\u0105 domowych sieci elektrycznych.<\/p>\n<p>Dzi\u0119ki bezp\u0142atnej instalacji mog\u0105 Pa\u0144stwo polega\u0107 na profesjonalnym monta\u017cu, kt\u00f3ry zapewni optymalne dzia\u0142anie systemu od pierwszej chwili i bezproblemowe korzystanie z niego.<\/p>\n<p>Prosz\u0119 przej\u015b\u0107 na bardziej wydajne i zr\u00f3wnowa\u017cone \u017ar\u00f3d\u0142a energii dzi\u0119ki 3-fazowemu systemowi Blauhoff Home 25K\/38.0kWh. Dzi\u0119ki wydajnemu magazynowaniu energii, zasilaniu awaryjnemu i elastyczno\u015bci w zakresie \u017ar\u00f3de\u0142 energii, mog\u0105 Pa\u0144stwo polega\u0107 na niezawodnym zasilaniu, uzyska\u0107 oszcz\u0119dno\u015bci i zmniejszy\u0107 sw\u00f3j \u015blad ekologiczny. Prosz\u0119 wybra\u0107 Blauhoff i przygotowa\u0107 sw\u00f3j dom na przysz\u0142e potrzeby energetyczne.<\/p>\n<p><a href=\"https:\/\/blauhoff.nl\/wp-content\/uploads\/2024\/02\/Datasheet-Blauhoff-RESS-HV-Slim-Line.pdf\" target=\"_blank\" rel=\"noopener\">Karta katalogowa Blauhoff RESS HV Slim Line<\/a><\/p>","protected":false},"excerpt":{"rendered":"<p>Blauhoff Home 25K\/38.0kWh 3 Phase System Slim Line IP65 17 cm cienki Outdoor\/Indoor ! Super cienki 3-fazowy system Blauhoff Home 25K\/38.0kWh, renomowanej marki Blauhoff, oferuje [...]<\/p>","protected":false},"featured_media":203504,"template":"","meta":{"_seopress_robots_primary_cat":"none","_seopress_titles_title":"","_seopress_titles_desc":"","_seopress_robots_index":"","_kad_blocks_custom_css":"","_kad_blocks_head_custom_js":"","_kad_blocks_body_custom_js":"","_kad_blocks_footer_custom_js":""},"product_cat":[17,19],"product_tag":[],"class_list":{"0":"post-203500","1":"product","2":"type-product","3":"status-publish","4":"has-post-thumbnail","6":"product_cat-home-batteries","7":"product_cat-sets-with-inverters","9":"first","10":"instock","11":"taxable","12":"shipping-taxable","13":"purchasable","14":"product-type-simple"},"taxonomy_info":{"product_cat":[{"value":17,"label":"Home batteries"},{"value":19,"label":"Sets with inverters"}]},"featured_image_src_large":["https:\/\/ownpowr.com\/wp-content\/uploads\/2025\/01\/slimline-25k-38.0-1024x1024.png",1024,1024,true],"author_info":[],"comment_info":"","_links":{"self":[{"href":"https:\/\/ownpowr.com\/pl\/wp-json\/wp\/v2\/product\/203500","targetHints":{"allow":["GET"]}}],"collection":[{"href":"https:\/\/ownpowr.com\/pl\/wp-json\/wp\/v2\/product"}],"about":[{"href":"https:\/\/ownpowr.com\/pl\/wp-json\/wp\/v2\/types\/product"}],"wp:featuredmedia":[{"embeddable":true,"href":"https:\/\/ownpowr.com\/pl\/wp-json\/wp\/v2\/media\/203504"}],"wp:attachment":[{"href":"https:\/\/ownpowr.com\/pl\/wp-json\/wp\/v2\/media?parent=203500"}],"wp:term":[{"taxonomy":"product_cat","embeddable":true,"href":"https:\/\/ownpowr.com\/pl\/wp-json\/wp\/v2\/product_cat?post=203500"},{"taxonomy":"product_tag","embeddable":true,"href":"https:\/\/ownpowr.com\/pl\/wp-json\/wp\/v2\/product_tag?post=203500"}],"curies":[{"name":"wp","href":"https:\/\/api.w.org\/{rel}","templated":true}]}}