{"id":205857,"date":"2025-01-30T13:37:19","date_gmt":"2025-01-30T11:37:19","guid":{"rendered":"https:\/\/ownpowr.com\/?post_type=product&#038;p=205857"},"modified":"2025-01-31T10:08:34","modified_gmt":"2025-01-31T08:08:34","slug":"blauhoff-25k-50kwh-hv-3-phase-system-powerpack-ip55-100ah-1c-charge-discharge","status":"publish","type":"product","link":"https:\/\/ownpowr.com\/pl\/product\/blauhoff-25k-50kwh-hv-3-fazowy-system-powerpack-ip55-100ah-1c-ladowanie-rozladowanie\/","title":{"rendered":"Blauhoff 25K\/50kWh 3-fazowy zasilacz systemowy HV IP55 100aH 1C \u0141adowanie\/roz\u0142adowanie"},"content":{"rendered":"<p>Blauhoff Home 25K\/50 kWh HV 3-fazowy system bezkobaltowy Powerpack IP55 Outdoor\/Indoor\/Cobalt-free 100aH 1C<\/p>\n<p>Super wytrzyma\u0142y i \u0142atwy w rozbudowie 3-fazowy system Blauhoff Home BLH-25k\/50 kWh renomowanej marki Blauhoff oferuje niezawodne i wydajne rozwi\u0105zanie do magazynowania energii dla gospodarstw domowych o wy\u017cszym zu\u017cyciu energii. Dzi\u0119ki temu pot\u0119\u017cnemu systemowi mog\u0105 Pa\u0144stwo zoptymalizowa\u0107 efektywno\u015b\u0107 energetyczn\u0105 swojego domu, zmniejszy\u0107 zale\u017cno\u015b\u0107 od sieci i korzysta\u0107 z zasilania awaryjnego w przypadku przerw w dostawie pr\u0105du. Co wi\u0119cej, system ten jest dostarczany z bezp\u0142atnym monta\u017cem, co zapewnia bezproblemow\u0105 instalacj\u0119. Komunikuje si\u0119 w razie potrzeby z dynamicznym zasilaniem bez abonamentu i zawsze bezp\u0142atnym wyborem dostawcy energii!<\/p>\n<p>Falownik ma d\u0142ugo\u015b\u0107 780 mm i wa\u017cy 33,6 kg. Dzi\u0119ki dodatkowemu kablowi o d\u0142ugo\u015bci 300 mm mi\u0119dzy falownikiem a akumulatorem mo\u017cna okre\u015bli\u0107 optymalne umiejscowienie systemu, zapewniaj\u0105c wydajny transfer energii i minimalne straty energii.<\/p>\n<p>3-fazowy system Home BLH-25k\/50 kWh jest zalecany dla gospodarstw domowych o \u015brednim rocznym zu\u017cyciu energii wynosz\u0105cym oko\u0142o 18250 kWh. Dzi\u0119ki mocy 25 kW mog\u0105 Pa\u0144stwo pokry\u0107 znaczn\u0105 cz\u0119\u015b\u0107 swojego zapotrzebowania na energi\u0119, wykorzystuj\u0105c wytworzon\u0105 energi\u0119 s\u0142oneczn\u0105 i energi\u0119 zgromadzon\u0105 w akumulatorze. Co wi\u0119cej, system ten zapewnia zasilanie awaryjne, dzi\u0119ki czemu wa\u017cne urz\u0105dzenia nadal dzia\u0142aj\u0105 podczas przerw w dostawie pr\u0105du, a Pa\u0144stwa codzienne obowi\u0105zki mog\u0105 by\u0107 kontynuowane bez zak\u0142\u00f3ce\u0144. System mo\u017cna r\u00f3wnie\u017c rozbudowa\u0107 do 600 kWh.<\/p>\n<p>3-fazowy system Powerpack Blauhoff Home BLH-25k\/50 kWh zosta\u0142 zaprojektowany z my\u015bl\u0105 o elastyczno\u015bci. Jest wyposa\u017cony w port generatora\/wiatraka, co pozwala na dodanie dodatkowych \u017ar\u00f3de\u0142 zasilania i dalsze zwi\u0119kszanie niezale\u017cno\u015bci energetycznej. Przy minimalnym pod\u0142\u0105czeniu 3x25A i odpowiednim dla konfiguracji 3-fazowych, system ten jest kompatybilny z wi\u0119kszo\u015bci\u0105 domowych sieci energetycznych.<\/p>\n<p>Dzi\u0119ki bezp\u0142atnemu monta\u017cowi mog\u0105 Pa\u0144stwo polega\u0107 na profesjonalnej instalacji, kt\u00f3ra zapewni optymalne dzia\u0142anie systemu od pierwszej chwili i pozwoli cieszy\u0107 si\u0119 bezproblemowym u\u017cytkowaniem.<\/p>\n<p>Prosz\u0119 przej\u015b\u0107 na bardziej wydajne i zr\u00f3wnowa\u017cone \u017ar\u00f3d\u0142a energii dzi\u0119ki 3-fazowemu systemowi Blauhoff Home BLH-25k\/50 kWh. Dzi\u0119ki wydajnemu magazynowaniu energii, zasilaniu rezerwowemu i elastyczno\u015bci w zakresie \u017ar\u00f3de\u0142 energii, mog\u0105 Pa\u0144stwo polega\u0107 na niezawodnym zasilaniu, uzyska\u0107 oszcz\u0119dno\u015bci koszt\u00f3w i zmniejszy\u0107 sw\u00f3j \u015blad w\u0119glowy. Prosz\u0119 wybra\u0107 Blauhoff i przygotowa\u0107 sw\u00f3j dom na przysz\u0142e potrzeby energetyczne.<\/p>\n<p>Dost\u0119pne r\u00f3wnie\u017c z ogrzewaniem do monta\u017cu w zimnych pomieszczeniach lub na zewn\u0105trz jako dodatkowa opcja!<\/p>\n<p><a href=\"https:\/\/blauhoff.nl\/wp-content\/uploads\/2024\/10\/Blauhoff-Power-Pack-HV-V1.4-1.pdf\" target=\"_blank\" rel=\"noopener\">Blauhoff Power Pack HV V1.4 (1)<\/a><\/p>\n<div style=\"width: 640px;\" class=\"wp-video\"><video class=\"wp-video-shortcode\" id=\"video-205857-1\" width=\"640\" height=\"360\" preload=\"metadata\" controls=\"controls\"><source type=\"video\/mp4\" src=\"https:\/\/blauhoff.nl\/wp-content\/uploads\/2024\/12\/Blauhoff-PowerPack-Series.mp4?_=1\" \/><a href=\"https:\/\/blauhoff.nl\/wp-content\/uploads\/2024\/12\/Blauhoff-PowerPack-Series.mp4\">https:\/\/blauhoff.nl\/wp-content\/uploads\/2024\/12\/Blauhoff-PowerPack-Series.mp4<\/a><\/video><\/div>","protected":false},"excerpt":{"rendered":"<p>Blauhoff Home 25K\/50 kWh 3-fazowy system HV bez kobaltu Powerpack IP55 Outdoor\/Indoor\/Cobalt-free 100aH 1C Super wytrzyma\u0142y i \u0142atwy w rozbudowie 3-fazowy system Blauhoff Home BLH-25k\/50 kWh, renomowanej [...]<\/p>","protected":false},"featured_media":205860,"template":"","meta":{"_seopress_robots_primary_cat":"none","_seopress_titles_title":"","_seopress_titles_desc":"","_seopress_robots_index":"","_kad_blocks_custom_css":"","_kad_blocks_head_custom_js":"","_kad_blocks_body_custom_js":"","_kad_blocks_footer_custom_js":""},"product_cat":[17,19],"product_tag":[],"class_list":{"0":"post-205857","1":"product","2":"type-product","3":"status-publish","4":"has-post-thumbnail","6":"product_cat-home-batteries","7":"product_cat-sets-with-inverters","9":"first","10":"instock","11":"taxable","12":"shipping-taxable","13":"purchasable","14":"product-type-simple"},"taxonomy_info":{"product_cat":[{"value":17,"label":"Home batteries"},{"value":19,"label":"Sets with inverters"}]},"featured_image_src_large":["https:\/\/ownpowr.com\/wp-content\/uploads\/2025\/01\/bh3_12k_50kwh-480x480-2.png",480,480,false],"author_info":[],"comment_info":"","_links":{"self":[{"href":"https:\/\/ownpowr.com\/pl\/wp-json\/wp\/v2\/product\/205857","targetHints":{"allow":["GET"]}}],"collection":[{"href":"https:\/\/ownpowr.com\/pl\/wp-json\/wp\/v2\/product"}],"about":[{"href":"https:\/\/ownpowr.com\/pl\/wp-json\/wp\/v2\/types\/product"}],"wp:featuredmedia":[{"embeddable":true,"href":"https:\/\/ownpowr.com\/pl\/wp-json\/wp\/v2\/media\/205860"}],"wp:attachment":[{"href":"https:\/\/ownpowr.com\/pl\/wp-json\/wp\/v2\/media?parent=205857"}],"wp:term":[{"taxonomy":"product_cat","embeddable":true,"href":"https:\/\/ownpowr.com\/pl\/wp-json\/wp\/v2\/product_cat?post=205857"},{"taxonomy":"product_tag","embeddable":true,"href":"https:\/\/ownpowr.com\/pl\/wp-json\/wp\/v2\/product_tag?post=205857"}],"curies":[{"name":"wp","href":"https:\/\/api.w.org\/{rel}","templated":true}]}}