{"id":206803,"date":"2025-02-07T15:58:34","date_gmt":"2025-02-07T13:58:34","guid":{"rendered":"https:\/\/ownpowr.com\/?post_type=product&#038;p=206803"},"modified":"2025-02-14T16:28:57","modified_gmt":"2025-02-14T14:28:57","slug":"blauhoff-home-8k-20kwh-3-phase-system","status":"publish","type":"product","link":"https:\/\/ownpowr.com\/pl\/product\/system-3-fazowy-blauhoff-home-8k-20kwh\/","title":{"rendered":"Blauhoff Home 8K\/20kWh System 1- lub 3-fazowy"},"content":{"rendered":"<p>Blauhoff Home 8K\/20kWh System fazowy<\/p>\n<p>System fazowy Blauhoff Home 8K\/20kWh od zaufanej marki Blauhoff oferuje zaawansowane rozwi\u0105zanie do domowego magazynowania energii. System ten zosta\u0142 specjalnie zaprojektowany, aby zaspokoi\u0107 potrzeby energetyczne gospodarstw domowych o znacznym zu\u017cyciu energii. Dzi\u0119ki temu pot\u0119\u017cnemu systemowi mog\u0105 Pa\u0144stwo zoptymalizowa\u0107 wydajno\u015b\u0107 zu\u017cycia energii, zmniejszy\u0107 zale\u017cno\u015b\u0107 od sieci, a nawet skorzysta\u0107 z zasilania awaryjnego w przypadku awarii zasilania. Co wi\u0119cej, system ten jest dostarczany z bezp\u0142atnym monta\u017cem, dzi\u0119ki czemu instalacja jest prosta i bezproblemowa.<\/p>\n<p>Falownik ma d\u0142ugo\u015b\u0107 580 mm i wa\u017cy 33,6 kg. Dzi\u0119ki dodatkowemu kablowi o d\u0142ugo\u015bci 300 mm mi\u0119dzy falownikiem a akumulatorem mo\u017cna okre\u015bli\u0107 optymalne umiejscowienie systemu, zapewniaj\u0105c wydajny transfer energii i minimalne straty energii.<\/p>\n<p>System baterii Blauhoff jest solidny i wytrzyma\u0142y, mierzy 580 mm x 387 mm x 1300 mm i wa\u017cy 180 kg. Akumulator ma imponuj\u0105c\u0105 pojemno\u015b\u0107 20 kWh, umo\u017cliwiaj\u0105c przechowywanie nadmiaru energii generowanej przez panele s\u0142oneczne. Gdy nie ma dost\u0119pu do \u015bwiat\u0142a s\u0142onecznego, mo\u017cna wykorzysta\u0107 t\u0119 zmagazynowan\u0105 energi\u0119 do pokrycia zu\u017cycia energii, zmniejszaj\u0105c zale\u017cno\u015b\u0107 od sieci i jeszcze bardziej obni\u017caj\u0105c koszty energii.<\/p>\n<p>System fazowy Blauhoff Home 8K\/20kWh jest zalecany dla gospodarstw domowych o \u015brednim rocznym zu\u017cyciu energii wynosz\u0105cym oko\u0142o 7000 kWh. Dzi\u0119ki mocy 8 kW mog\u0105 Pa\u0144stwo pokry\u0107 znaczn\u0105 cz\u0119\u015b\u0107 swojego zapotrzebowania na energi\u0119, korzystaj\u0105c z wytworzonej energii s\u0142onecznej i energii zmagazynowanej w akumulatorze. Ponadto system ten oferuje zasilanie awaryjne, umo\u017cliwiaj\u0105c dalsze korzystanie z wa\u017cnych urz\u0105dze\u0144 podczas przerw w dostawie pr\u0105du, zapewniaj\u0105c komfort i spok\u00f3j ducha.<\/p>\n<p>System fazowy Blauhoff Home 8K\/20kWh zosta\u0142 zaprojektowany z my\u015bl\u0105 o elastyczno\u015bci. Jest on wyposa\u017cony w port generatora\/wiatraka, co daje mo\u017cliwo\u015b\u0107 dodania dodatkowych \u017ar\u00f3de\u0142 energii i dalszego zwi\u0119kszenia niezale\u017cno\u015bci energetycznej. Przy minimalnym pod\u0142\u0105czeniu 1x40A i odpowiednim dla konfiguracji 1-fazowych, system ten jest kompatybilny z wi\u0119kszo\u015bci\u0105 domowych sieci elektrycznych.<\/p>\n<p>Dzi\u0119ki bezp\u0142atnej instalacji mog\u0105 Pa\u0144stwo polega\u0107 na profesjonalnym monta\u017cu, oszcz\u0119dzaj\u0105c czas i wysi\u0142ek oraz zapewniaj\u0105c optymalne dzia\u0142anie systemu od pierwszej chwili.<\/p>\n<p>Prosz\u0119 przestawi\u0107 si\u0119 na bardziej wydajne i zr\u00f3wnowa\u017cone dostawy energii dzi\u0119ki systemowi fazowemu Blauhoff Home 8K\/20kWh. Dzi\u0119ki wydajnemu magazynowaniu energii, zasilaniu awaryjnemu i elastyczno\u015bci \u017ar\u00f3de\u0142 energii, mog\u0105 Pa\u0144stwo cieszy\u0107 si\u0119 niezawodnym i op\u0142acalnym zarz\u0105dzaniem energi\u0105 w swoim domu. Prosz\u0119 wybra\u0107 Blauhoff i przygotowa\u0107 sw\u00f3j dom na przysz\u0142e potrzeby energetyczne.<\/p>\n<p><strong>System Blauhoff Home 8K\/20 kWh 1 Phase jest r\u00f3wnie\u017c dost\u0119pny na zam\u00f3wienie!<\/strong><\/p>","protected":false},"excerpt":{"rendered":"<p>Blauhoff Home 8K\/20kWh Phase System Blauhoff Home 8K\/20kWh Phase System, od zaufanej marki Blauhoff, oferuje zaawansowane rozwi\u0105zanie do domowego magazynowania energii. System ten zosta\u0142 specjalnie zaprojektowany, aby spe\u0142ni\u0107 [...]<\/p>","protected":false},"featured_media":206806,"template":"","meta":{"_seopress_robots_primary_cat":"none","_seopress_titles_title":"","_seopress_titles_desc":"","_seopress_robots_index":"","_kad_blocks_custom_css":"","_kad_blocks_head_custom_js":"","_kad_blocks_body_custom_js":"","_kad_blocks_footer_custom_js":""},"product_cat":[17,19],"product_tag":[],"class_list":{"0":"post-206803","1":"product","2":"type-product","3":"status-publish","4":"has-post-thumbnail","6":"product_cat-home-batteries","7":"product_cat-sets-with-inverters","9":"first","10":"instock","11":"taxable","12":"shipping-taxable","13":"purchasable","14":"product-type-simple"},"taxonomy_info":{"product_cat":[{"value":17,"label":"Home batteries"},{"value":19,"label":"Sets with inverters"}]},"featured_image_src_large":["https:\/\/ownpowr.com\/wp-content\/uploads\/2025\/02\/blh_8k_20kwh.jpg",480,480,false],"author_info":[],"comment_info":"","_links":{"self":[{"href":"https:\/\/ownpowr.com\/pl\/wp-json\/wp\/v2\/product\/206803","targetHints":{"allow":["GET"]}}],"collection":[{"href":"https:\/\/ownpowr.com\/pl\/wp-json\/wp\/v2\/product"}],"about":[{"href":"https:\/\/ownpowr.com\/pl\/wp-json\/wp\/v2\/types\/product"}],"wp:featuredmedia":[{"embeddable":true,"href":"https:\/\/ownpowr.com\/pl\/wp-json\/wp\/v2\/media\/206806"}],"wp:attachment":[{"href":"https:\/\/ownpowr.com\/pl\/wp-json\/wp\/v2\/media?parent=206803"}],"wp:term":[{"taxonomy":"product_cat","embeddable":true,"href":"https:\/\/ownpowr.com\/pl\/wp-json\/wp\/v2\/product_cat?post=206803"},{"taxonomy":"product_tag","embeddable":true,"href":"https:\/\/ownpowr.com\/pl\/wp-json\/wp\/v2\/product_tag?post=206803"}],"curies":[{"name":"wp","href":"https:\/\/api.w.org\/{rel}","templated":true}]}}