{"id":207770,"date":"2025-02-14T12:09:30","date_gmt":"2025-02-14T10:09:30","guid":{"rendered":"https:\/\/ownpowr.com\/?post_type=product&#038;p=207770"},"modified":"2025-02-14T12:10:25","modified_gmt":"2025-02-14T10:10:25","slug":"blauhoff-home-3-6k-10kwh-1-phase-system","status":"publish","type":"product","link":"https:\/\/ownpowr.com\/pl\/product\/system-1-fazowy-blauhoff-home-3-6k-10kwh\/","title":{"rendered":"Blauhoff Home 3.6K\/10kWh System 1-fazowy"},"content":{"rendered":"<p>Blauhoff Home 3.6K\/10kWh System 1-fazowy<\/p>\n<p>Blauhoff Home 3.6K\/10kWh 1 Phase System to rewolucyjny system magazynowania energii zaprojektowany z my\u015bl\u0105 o potrzebach nowoczesnych gospodarstw domowych. Dzi\u0119ki zaawansowanym technologiom i imponuj\u0105cej pojemno\u015bci, system ten oferuje niezawodne i wydajne rozwi\u0105zanie do zarz\u0105dzania Pa\u0144stwa zu\u017cyciem energii.<\/p>\n<p>System ten jest zalecany dla \u015bredniego rocznego zu\u017cycia energii na poziomie 3650 kWh, co czyni go idealnym rozwi\u0105zaniem dla wi\u0119kszo\u015bci gospodarstw domowych. Niezale\u017cnie od tego, czy chc\u0105 Pa\u0144stwo zasila\u0107 swoje urz\u0105dzenia elektryczne, zasila\u0107 dom energi\u0105 s\u0142oneczn\u0105, czy zoptymalizowa\u0107 zu\u017cycie energii, system Blauhoff Home zosta\u0142 zaprojektowany tak, aby spe\u0142ni\u0107 Pa\u0144stwa potrzeby.<\/p>\n<p>Dzi\u0119ki du\u017cej pojemno\u015bci 10 kWh, system ten zapewnia wystarczaj\u0105c\u0105 ilo\u015b\u0107 miejsca do przechowywania nadmiaru energii generowanej przez panele s\u0142oneczne lub inne \u017ar\u00f3d\u0142a odnawialne. Oznacza to, \u017ce mog\u0105 Pa\u0144stwo przechowywa\u0107 i wykorzystywa\u0107 energi\u0119 zawsze, gdy jest ona potrzebna, nawet w godzinach szczytu lub gdy nie jest dost\u0119pne zewn\u0119trzne \u017ar\u00f3d\u0142o zasilania. Co wi\u0119cej, system posiada funkcj\u0119 zasilania awaryjnego, dzi\u0119ki czemu zawsze maj\u0105 Pa\u0144stwo dost\u0119p do energii, nawet podczas przerw w dostawie pr\u0105du.<\/p>\n<p>Jedn\u0105 z niezwyk\u0142ych cech systemu Blauhoff Home jest jego kompatybilno\u015b\u0107 z generatorami i portami turbin wiatrowych. Pozwala to na integracj\u0119 r\u00f3\u017cnych \u017ar\u00f3de\u0142 energii odnawialnej i dalsze zmniejszenie \u015bladu w\u0119glowego. Mog\u0105 Pa\u0144stwo czerpa\u0107 korzy\u015bci z wytwarzania zielonej energii i sprawi\u0107, \u017ce zu\u017cycie energii elektrycznej b\u0119dzie bardziej zr\u00f3wnowa\u017cone.<\/p>\n<p>Dzi\u0119ki mocy wyj\u015bciowej 3,6 kW, system Blauhoff Home zapewnia wystarczaj\u0105c\u0105 ilo\u015b\u0107 energii dla Pa\u0144stwa codziennych potrzeb. Niezale\u017cnie od tego, czy chc\u0105 Pa\u0144stwo pod\u0142\u0105czy\u0107 o\u015bwietlenie, lod\u00f3wk\u0119, klimatyzacj\u0119 czy inne urz\u0105dzenia elektryczne, system ten zapewnia niezawodne dzia\u0142anie i gwarantuje, \u017ce nigdy nie pozostan\u0105 Pa\u0144stwo bez zasilania.<\/p>\n<p>Instalacja Blauhoff Home 3.6K\/10 kWh 1 Phase System jest \u0142atwa i wymaga jedynie minimalnego pod\u0142\u0105czenia 1x25A. Co wi\u0119cej, system jest dostarczany z bezp\u0142atn\u0105 instalacj\u0105, dzi\u0119ki czemu mog\u0105 Pa\u0144stwo od razu zacz\u0105\u0107 czerpa\u0107 korzy\u015bci z nowego rozwi\u0105zania energetycznego.<\/p>\n<p>Prosz\u0119 wybra\u0107 Blauhoff Home 3.6K\/10 kWh 1 Phase System i odkry\u0107 zaawansowany i niezawodny spos\u00f3b zarz\u0105dzania zu\u017cyciem energii. Ciesz si\u0119 swobod\u0105 generowania, przechowywania i wykorzystywania w\u0142asnej energii, jednocze\u015bnie oszcz\u0119dzaj\u0105c na kosztach energii i przyczyniaj\u0105c si\u0119 do bardziej zr\u00f3wnowa\u017conej przysz\u0142o\u015bci. Dzi\u0119ki Blauhoff Home maj\u0105 Pa\u0144stwo kontrol\u0119 nad swoj\u0105 energi\u0105.<\/p>","protected":false},"excerpt":{"rendered":"<p>Blauhoff Home 3.6K\/10kWh 1 Phase System Blauhoff Home 3.6K\/10kWh 1 Phase System to rewolucyjny system magazynowania energii zaprojektowany z my\u015bl\u0105 o potrzebach nowoczesnych gospodarstw domowych. Dzi\u0119ki zaawansowanym technologiom [...]<\/p>","protected":false},"featured_media":207773,"template":"","meta":{"_seopress_robots_primary_cat":"none","_seopress_titles_title":"","_seopress_titles_desc":"","_seopress_robots_index":"","_kad_blocks_custom_css":"","_kad_blocks_head_custom_js":"","_kad_blocks_body_custom_js":"","_kad_blocks_footer_custom_js":""},"product_cat":[17,19],"product_tag":[],"class_list":{"0":"post-207770","1":"product","2":"type-product","3":"status-publish","4":"has-post-thumbnail","6":"product_cat-home-batteries","7":"product_cat-sets-with-inverters","9":"first","10":"instock","11":"taxable","12":"shipping-taxable","13":"purchasable","14":"product-type-simple"},"taxonomy_info":{"product_cat":[{"value":17,"label":"Home batteries"},{"value":19,"label":"Sets with inverters"}]},"featured_image_src_large":["https:\/\/ownpowr.com\/wp-content\/uploads\/2025\/02\/blh_1_phase_36_10.jpg",600,600,false],"author_info":[],"comment_info":"","_links":{"self":[{"href":"https:\/\/ownpowr.com\/pl\/wp-json\/wp\/v2\/product\/207770","targetHints":{"allow":["GET"]}}],"collection":[{"href":"https:\/\/ownpowr.com\/pl\/wp-json\/wp\/v2\/product"}],"about":[{"href":"https:\/\/ownpowr.com\/pl\/wp-json\/wp\/v2\/types\/product"}],"wp:featuredmedia":[{"embeddable":true,"href":"https:\/\/ownpowr.com\/pl\/wp-json\/wp\/v2\/media\/207773"}],"wp:attachment":[{"href":"https:\/\/ownpowr.com\/pl\/wp-json\/wp\/v2\/media?parent=207770"}],"wp:term":[{"taxonomy":"product_cat","embeddable":true,"href":"https:\/\/ownpowr.com\/pl\/wp-json\/wp\/v2\/product_cat?post=207770"},{"taxonomy":"product_tag","embeddable":true,"href":"https:\/\/ownpowr.com\/pl\/wp-json\/wp\/v2\/product_tag?post=207770"}],"curies":[{"name":"wp","href":"https:\/\/api.w.org\/{rel}","templated":true}]}}