{"id":207863,"date":"2025-02-14T16:12:44","date_gmt":"2025-02-14T14:12:44","guid":{"rendered":"https:\/\/ownpowr.com\/?post_type=product&#038;p=207863"},"modified":"2025-02-14T16:12:45","modified_gmt":"2025-02-14T14:12:45","slug":"blauhoff-home-10k-20kwh-3-phase-system-hv-lv","status":"publish","type":"product","link":"https:\/\/ownpowr.com\/pl\/product\/blauhoff-home-10k-20kwh-3-fazowy-system-hv-lv\/","title":{"rendered":"Blauhoff Home 10K\/20kWh 3-fazowy system HV\/LV"},"content":{"rendered":"<p>Blauhoff Home 10K\/20kWh System fazowy<\/p>\n<p>System fazowy Blauhoff Home 10K\/20kWh renomowanej marki Blauhoff oferuje wydajne i niezawodne rozwi\u0105zanie do magazynowania energii w gospodarstwach domowych o znacznym zu\u017cyciu. Dzi\u0119ki temu zaawansowanemu systemowi mog\u0105 Pa\u0144stwo zoptymalizowa\u0107 zarz\u0105dzanie energi\u0105, zmniejszy\u0107 zale\u017cno\u015b\u0107 od sieci i korzysta\u0107 z zasilania awaryjnego w przypadku awarii zasilania. Ponadto system ten jest dostarczany z bezp\u0142atnym monta\u017cem, dzi\u0119ki czemu instalacja jest \u0142atwa i bezproblemowa.<\/p>\n<p>Falownik ma d\u0142ugo\u015b\u0107 699,3 mm i wa\u017cy 33,6 kg. Dzi\u0119ki dodatkowemu kablowi o d\u0142ugo\u015bci 300 mm mi\u0119dzy falownikiem a akumulatorem mo\u017cna okre\u015bli\u0107 optymalne umiejscowienie systemu, zapewniaj\u0105c wydajny transfer energii i minimalne straty energii.<\/p>\n<p>System baterii Blauhoff jest trwa\u0142y i solidny, o wymiarach 586 mm x 387 mm x 1300 mm i wadze 180 kg. Akumulator ma imponuj\u0105c\u0105 pojemno\u015b\u0107 20 kWh, co pozwala na przechowywanie nadmiaru energii generowanej przez panele s\u0142oneczne lub inne \u017ar\u00f3d\u0142a energii. Gdy nie ma produkcji energii, mo\u017cna wykorzysta\u0107 zmagazynowan\u0105 energi\u0119 do pokrycia zu\u017cycia energii, dzi\u0119ki czemu b\u0119d\u0105 Pa\u0144stwo mniej zale\u017cni od sieci elektrycznej i jeszcze bardziej obni\u017c\u0105 koszty energii.<\/p>\n<p>System fazowy Blauhoff Home 10K\/20kWh jest zalecany dla gospodarstw domowych o \u015brednim rocznym zu\u017cyciu energii wynosz\u0105cym oko\u0142o 7300 kWh. Dzi\u0119ki mocy 10 kW mog\u0105 Pa\u0144stwo pokry\u0107 znaczn\u0105 cz\u0119\u015b\u0107 swojego zapotrzebowania na energi\u0119, korzystaj\u0105c z wytworzonej energii s\u0142onecznej i energii zgromadzonej w akumulatorze. Ponadto system ten zapewnia zasilanie awaryjne, dzi\u0119ki czemu wa\u017cne urz\u0105dzenia nadal dzia\u0142aj\u0105 podczas przerw w dostawie pr\u0105du, a Pa\u0144stwa codzienne czynno\u015bci mog\u0105 by\u0107 kontynuowane bez zak\u0142\u00f3ce\u0144.<\/p>\n<p>System Blauhoff Home 10K\/20kWh Phase zosta\u0142 zaprojektowany z my\u015bl\u0105 o elastyczno\u015bci. Jest on wyposa\u017cony w port generatora\/turbiny wiatrowej, co daje mo\u017cliwo\u015b\u0107 dodania dodatkowych \u017ar\u00f3de\u0142 energii i dalszego zwi\u0119kszenia niezale\u017cno\u015bci energetycznej. Dzi\u0119ki minimalnemu pod\u0142\u0105czeniu 3x25A i odpowiedniej konfiguracji faz, system ten jest kompatybilny z wi\u0119kszo\u015bci\u0105 domowych sieci elektrycznych.<\/p>\n<p>Dzi\u0119ki bezp\u0142atnej instalacji mog\u0105 Pa\u0144stwo polega\u0107 na profesjonalnym monta\u017cu, kt\u00f3ry zapewni optymalne dzia\u0142anie systemu od pierwszej chwili i pozwoli cieszy\u0107 si\u0119 beztrosk\u0105 prac\u0105.<\/p>\n<p>Prosz\u0119 przej\u015b\u0107 na bardziej wydajne i zr\u00f3wnowa\u017cone \u017ar\u00f3d\u0142a energii z systemem Blauhoff Home 10K\/20kWh Phase System. Dzi\u0119ki wydajnemu magazynowaniu energii, zasilaniu awaryjnemu i elastyczno\u015bci w zakresie \u017ar\u00f3de\u0142 energii, mog\u0105 Pa\u0144stwo polega\u0107 na niezawodnym zasilaniu, uzyska\u0107 oszcz\u0119dno\u015bci koszt\u00f3w i zmniejszy\u0107 sw\u00f3j \u015blad w\u0119glowy. Prosz\u0119 wybra\u0107 Blauhoff i przygotowa\u0107 sw\u00f3j dom na przysz\u0142e potrzeby energetyczne.<\/p>\n<p><strong>Cena r\u00f3\u017cni si\u0119 mi\u0119dzy HV i LV!<\/strong><\/p>","protected":false},"excerpt":{"rendered":"<p>System fazowy Blauhoff Home 10K\/20kWh System fazowy Blauhoff Home 10K\/20kWh, renomowanej marki Blauhoff, oferuje wydajne i niezawodne rozwi\u0105zanie do magazynowania energii w gospodarstwach domowych o znacznym zu\u017cyciu. [...]<\/p>","protected":false},"featured_media":207866,"template":"","meta":{"_seopress_robots_primary_cat":"","_seopress_titles_title":"","_seopress_titles_desc":"","_seopress_robots_index":"","_kad_blocks_custom_css":"","_kad_blocks_head_custom_js":"","_kad_blocks_body_custom_js":"","_kad_blocks_footer_custom_js":""},"product_cat":[17,19],"product_tag":[],"class_list":{"0":"post-207863","1":"product","2":"type-product","3":"status-publish","4":"has-post-thumbnail","6":"product_cat-home-batteries","7":"product_cat-sets-with-inverters","9":"first","10":"instock","11":"taxable","12":"shipping-taxable","13":"purchasable","14":"product-type-simple"},"taxonomy_info":{"product_cat":[{"value":17,"label":"Home batteries"},{"value":19,"label":"Sets with inverters"}]},"featured_image_src_large":["https:\/\/ownpowr.com\/wp-content\/uploads\/2025\/02\/blh_5100_10k_20kwh-600x600-1.jpg",600,600,false],"author_info":[],"comment_info":"","_links":{"self":[{"href":"https:\/\/ownpowr.com\/pl\/wp-json\/wp\/v2\/product\/207863","targetHints":{"allow":["GET"]}}],"collection":[{"href":"https:\/\/ownpowr.com\/pl\/wp-json\/wp\/v2\/product"}],"about":[{"href":"https:\/\/ownpowr.com\/pl\/wp-json\/wp\/v2\/types\/product"}],"wp:featuredmedia":[{"embeddable":true,"href":"https:\/\/ownpowr.com\/pl\/wp-json\/wp\/v2\/media\/207866"}],"wp:attachment":[{"href":"https:\/\/ownpowr.com\/pl\/wp-json\/wp\/v2\/media?parent=207863"}],"wp:term":[{"taxonomy":"product_cat","embeddable":true,"href":"https:\/\/ownpowr.com\/pl\/wp-json\/wp\/v2\/product_cat?post=207863"},{"taxonomy":"product_tag","embeddable":true,"href":"https:\/\/ownpowr.com\/pl\/wp-json\/wp\/v2\/product_tag?post=207863"}],"curies":[{"name":"wp","href":"https:\/\/api.w.org\/{rel}","templated":true}]}}