{"id":207867,"date":"2025-02-14T16:18:18","date_gmt":"2025-02-14T14:18:18","guid":{"rendered":"https:\/\/ownpowr.com\/?post_type=product&#038;p=207867"},"modified":"2025-02-14T16:18:19","modified_gmt":"2025-02-14T14:18:19","slug":"blauhoff-home-5k-20-kwh-1-phase-system-lv","status":"publish","type":"product","link":"https:\/\/ownpowr.com\/pl\/product\/blauhoff-home-5k-20-kwh-1-fazowy-system-lv\/","title":{"rendered":"Blauhoff Home 5K\/20 kWh 1-fazowy system LV"},"content":{"rendered":"<p>Blauhoff Home 5K\/20 kWh System 1-fazowy<\/p>\n<p>Blauhoff Home 5K\/20 kWh 1 Phase System to kompaktowy i wydajny system magazynowania energii zaprojektowany w celu zaspokojenia potrzeb energetycznych gospodarstw domowych i ma\u0142ych firm. Przy zalecanym \u015brednim rocznym zu\u017cyciu wynosz\u0105cym 7300 kWh, system ten oferuje zr\u00f3wnowa\u017cone i niezawodne rozwi\u0105zanie do generowania, przechowywania i wykorzystywania w\u0142asnej energii.<\/p>\n<p>Dzi\u0119ki pojemno\u015bci 20 kWh, system ten oferuje wystarczaj\u0105c\u0105 przestrze\u0144 do magazynowania energii s\u0142onecznej wytworzonej w ci\u0105gu dnia i wykorzystania jej wieczorem i w nocy. Pozwala to zmniejszy\u0107 zale\u017cno\u015b\u0107 od sieci elektrycznej i obni\u017cy\u0107 koszty energii. Ponadto system jest wyposa\u017cony w zasilanie awaryjne, dzi\u0119ki czemu mog\u0105 Pa\u0144stwo nadal korzysta\u0107 z energii podczas przerw w dostawie pr\u0105du.<\/p>\n<p>Blauhoff Home zosta\u0142 zaprojektowany z my\u015bl\u0105 o kompatybilno\u015bci. System jest wyposa\u017cony w generator i port turbiny wiatrowej, co daje mo\u017cliwo\u015b\u0107 integracji alternatywnych \u017ar\u00f3de\u0142 energii i generowania jeszcze wi\u0119kszej ilo\u015bci zielonej energii. Zapewnia to elastyczno\u015b\u0107 w zakresie dalszej dywersyfikacji wytwarzania energii i zmniejszenia \u015bladu w\u0119glowego.<\/p>\n<p>Dzi\u0119ki mocy 5 kW, Blauhoff Home nadaje si\u0119 do szerokiego zakresu zastosowa\u0144. Niezale\u017cnie od tego, czy chc\u0105 Pa\u0144stwo zasila\u0107 urz\u0105dzenia elektryczne w domu, czy te\u017c potrzebuj\u0105 Pa\u0144stwo energii do prowadzenia dzia\u0142alno\u015bci gospodarczej na ma\u0142\u0105 skal\u0119, system ten mo\u017ce zaspokoi\u0107 Pa\u0144stwa potrzeby. System dzia\u0142a na po\u0142\u0105czeniu 1-fazowym z minimalnym zapotrzebowaniem 1x40A, dzi\u0119ki czemu nadaje si\u0119 do zastosowa\u0144 domowych.<\/p>\n<p>Blauhoff Home 5K\/20 kWh 1 Phase System zosta\u0142 zaprojektowany z my\u015bl\u0105 o \u0142atwo\u015bci u\u017cytkowania i niezawodno\u015bci. Kompaktowy rozmiar i lekka konstrukcja falownika umo\u017cliwiaj\u0105 \u0142atw\u0105 instalacj\u0119, a solidny system akumulator\u00f3w zapewnia trwa\u0142o\u015b\u0107 i d\u0142ugotrwa\u0142\u0105 wydajno\u015b\u0107.<\/p>\n<p>Prosz\u0119 wybra\u0107 Blauhoff Home 5K\/20 kWh 1 Phase System i cieszy\u0107 si\u0119 niezawodnym i wydajnym rozwi\u0105zaniem dla Pa\u0144stwa potrzeb energetycznych. System ten pozwala korzysta\u0107 z zielonej energii, obni\u017cy\u0107 rachunki za energi\u0119 i przyczyni\u0107 si\u0119 do zr\u00f3wnowa\u017conej przysz\u0142o\u015bci. Prosz\u0119 zaufa\u0107 Blauhoff w zakresie wysokiej jako\u015bci rozwi\u0105za\u0144 magazynowania energii, kt\u00f3re zaspokoj\u0105 Pa\u0144stwa potrzeby i zapewni\u0105 spok\u00f3j ducha.<\/p>","protected":false},"excerpt":{"rendered":"<p>Blauhoff Home 5K\/20 kWh 1 Phase System Blauhoff Home 5K\/20 kWh 1 Phase System to kompaktowy i wydajny system magazynowania energii zaprojektowany w celu zaspokojenia potrzeb energetycznych [...]<\/p>","protected":false},"featured_media":207870,"template":"","meta":{"_seopress_robots_primary_cat":"","_seopress_titles_title":"","_seopress_titles_desc":"","_seopress_robots_index":"","_kad_blocks_custom_css":"","_kad_blocks_head_custom_js":"","_kad_blocks_body_custom_js":"","_kad_blocks_footer_custom_js":""},"product_cat":[17,19],"product_tag":[],"class_list":{"0":"post-207867","1":"product","2":"type-product","3":"status-publish","4":"has-post-thumbnail","6":"product_cat-home-batteries","7":"product_cat-sets-with-inverters","9":"first","10":"instock","11":"taxable","12":"shipping-taxable","13":"purchasable","14":"product-type-simple"},"taxonomy_info":{"product_cat":[{"value":17,"label":"Home batteries"},{"value":19,"label":"Sets with inverters"}]},"featured_image_src_large":["https:\/\/ownpowr.com\/wp-content\/uploads\/2025\/02\/blh_5k_20kwh.jpg",480,480,false],"author_info":[],"comment_info":"","_links":{"self":[{"href":"https:\/\/ownpowr.com\/pl\/wp-json\/wp\/v2\/product\/207867","targetHints":{"allow":["GET"]}}],"collection":[{"href":"https:\/\/ownpowr.com\/pl\/wp-json\/wp\/v2\/product"}],"about":[{"href":"https:\/\/ownpowr.com\/pl\/wp-json\/wp\/v2\/types\/product"}],"wp:featuredmedia":[{"embeddable":true,"href":"https:\/\/ownpowr.com\/pl\/wp-json\/wp\/v2\/media\/207870"}],"wp:attachment":[{"href":"https:\/\/ownpowr.com\/pl\/wp-json\/wp\/v2\/media?parent=207867"}],"wp:term":[{"taxonomy":"product_cat","embeddable":true,"href":"https:\/\/ownpowr.com\/pl\/wp-json\/wp\/v2\/product_cat?post=207867"},{"taxonomy":"product_tag","embeddable":true,"href":"https:\/\/ownpowr.com\/pl\/wp-json\/wp\/v2\/product_tag?post=207867"}],"curies":[{"name":"wp","href":"https:\/\/api.w.org\/{rel}","templated":true}]}}