{"id":221355,"date":"2025-04-17T14:50:19","date_gmt":"2025-04-17T12:50:19","guid":{"rendered":"https:\/\/ownpowr.com\/?post_type=product&#038;p=221355"},"modified":"2025-04-17T14:52:56","modified_gmt":"2025-04-17T12:52:56","slug":"afore-15k-hybrid-three-phase-inverter","status":"publish","type":"product","link":"https:\/\/ownpowr.com\/pl\/product\/przed-trojfazowym-falownikiem-hybrydowym-15k\/","title":{"rendered":"Hybrydowy falownik tr\u00f3jfazowy Afore 15K"},"content":{"rendered":"<p>Falownik hybrydowy AF15K-THP, 2 MPPT, tr\u00f3jfazowy, znamionowa moc wyj\u015bciowa 15 kW<br \/>\nAfore AF15K-THP to tr\u00f3jfazowy falownik hybrydowy o mocy wyj\u015bciowej 15 kW. Dzi\u0119ki akumulatorowi wysokonapi\u0119ciowemu mo\u017ce by\u0107 u\u017cywany jako system autonomiczny\/off-grid lub jako system bezpr\u0105dowy. Posiada dwa trackery MPPT i opcj\u0119 pod\u0142\u0105czenia dw\u00f3ch ci\u0105g\u00f3w modu\u0142\u00f3w fotowoltaicznych. Dost\u0119pnych jest r\u00f3wnie\u017c kilka napi\u0119\u0107 MPPT.<\/p>\n<p>Najwa\u017cniejsze informacje<br \/>\nNowoczesny design<br \/>\nMonitorowanie podczas monitorowania Wi-Fi<br \/>\nWy\u017csza wydajno\u015b\u0107 97,5%<br \/>\nNiedost\u0119pne<br \/>\n2 MPPT z jednym ci\u0105giem<br \/>\n\u0141atwa i szybka instalacja<br \/>\nKompaktowy rozmiar (370 x 598,5 x 1,92 mm)<br \/>\nKompatybilny z naprawami akumulator\u00f3w<br \/>\nOdpowiedni dla typ\u00f3w akumulator\u00f3w: Litowo-jonowe<\/p>\n<p>Specyfikacja<br \/>\nOpis przedmiotu: Falownik hybrydowy AF15K-THP, 2 MPPT, tr\u00f3jfazowy, znamionowa moc wyj\u015bciowa 15 kW<\/p>\n<p>Dane wyj\u015bciowe AC<br \/>\nMoc znamionowa: 15 kW<br \/>\nMaks. pozorna moc wyj\u015bciowa: 16,5 kVA<br \/>\nNapi\u0119cie AC: 3P\/N\/PE 400 V<br \/>\nCz\u0119stotliwo\u015b\u0107 AC: 50 Hz \/ 60 Hz<br \/>\nPr\u0105d przemienny: 21,8 A<br \/>\nMaks. Pr\u0105d AC: 27 A<\/p>\n<p>Dane wej\u015bciowe ci\u0105gu PV<br \/>\nMaks. Moc wej\u015bciowa DC: 22,5 kW<br \/>\nMaks. Napi\u0119cie wej\u015bciowe DC: 1000 V<br \/>\nMaks. Pr\u0105d wej\u015bciowy DC: 2 x 18,5 A<br \/>\nNapi\u0119cie rozruchowe: 160 V<br \/>\nZakres napi\u0119cia MPPT: 500-850 V<br \/>\nMaks. moc kr\u00f3tkotrwa\u0142a: 2 x 25 A<br \/>\nLiczba tracker\u00f3w MPPT\/liczba strun: 2\/2<\/p>\n<p>Dane wej\u015bciowe akumulatora<br \/>\nTyp akumulatora: Litowo-jonowy \/ Kwasowo-o\u0142owiowy \/ Chlorek sodu<br \/>\nNapi\u0119cie nominalne: 500 V<br \/>\nZakres napi\u0119cia: 80-600 V<br \/>\nMaks. pr\u0105d \u0142adowania: 30 A<br \/>\nMaks. pr\u0105d roz\u0142adowania: 30 A<\/p>\n<p>Og\u00f3lne<br \/>\nMaks. wydajno\u015b\u0107: 98,3%<br \/>\nWsp\u00f3\u0142czynnik sprawno\u015bci UE: 97,5%<br \/>\nKomunikacja: Wy\u015bwietlacz, LED, RS485, CAN, Wi-Fi, GPRS, 4G<br \/>\nStopie\u0144 ochrony: IP66<br \/>\nCh\u0142odzenie: Inteligentny wentylator<br \/>\nTopologia: Beztransformatorowa<br \/>\nWymiary (szer. x wys. x g\u0142.): 370 x 598,5 x 192 mm<br \/>\nWaga: 22 kg<\/p>\n<p>Sk\u0142ada si\u0119 z:<br \/>\n1 x falownik hybrydowy Afore AF15K-THP<br \/>\n1 x Zestaw akcesori\u00f3w<\/p>","protected":false},"excerpt":{"rendered":"<p>Falownik hybrydowy AF15K-THP, 2 MPPT, tr\u00f3jfazowy, znamionowa moc wyj\u015bciowa 15 kW Afore AF15K-THP to tr\u00f3jfazowy falownik hybrydowy o mocy wyj\u015bciowej 15 kW. Z akumulatorem wysokonapi\u0119ciowym, [...]<\/p>","protected":false},"featured_media":221359,"template":"","meta":{"_seopress_robots_primary_cat":"none","_seopress_titles_title":"","_seopress_titles_desc":"","_seopress_robots_index":"","_kad_blocks_custom_css":"","_kad_blocks_head_custom_js":"","_kad_blocks_body_custom_js":"","_kad_blocks_footer_custom_js":""},"product_cat":[18],"product_tag":[],"class_list":{"0":"post-221355","1":"product","2":"type-product","3":"status-publish","4":"has-post-thumbnail","6":"product_cat-hybrid-inverters","8":"first","9":"instock","10":"taxable","11":"shipping-taxable","12":"purchasable","13":"product-type-simple"},"taxonomy_info":{"product_cat":[{"value":18,"label":"Hybrid inverters"}]},"featured_image_src_large":["https:\/\/ownpowr.com\/wp-content\/uploads\/2025\/04\/afore-hybrid-three-phase-inverter.png",640,640,false],"author_info":[],"comment_info":"","_links":{"self":[{"href":"https:\/\/ownpowr.com\/pl\/wp-json\/wp\/v2\/product\/221355","targetHints":{"allow":["GET"]}}],"collection":[{"href":"https:\/\/ownpowr.com\/pl\/wp-json\/wp\/v2\/product"}],"about":[{"href":"https:\/\/ownpowr.com\/pl\/wp-json\/wp\/v2\/types\/product"}],"wp:featuredmedia":[{"embeddable":true,"href":"https:\/\/ownpowr.com\/pl\/wp-json\/wp\/v2\/media\/221359"}],"wp:attachment":[{"href":"https:\/\/ownpowr.com\/pl\/wp-json\/wp\/v2\/media?parent=221355"}],"wp:term":[{"taxonomy":"product_cat","embeddable":true,"href":"https:\/\/ownpowr.com\/pl\/wp-json\/wp\/v2\/product_cat?post=221355"},{"taxonomy":"product_tag","embeddable":true,"href":"https:\/\/ownpowr.com\/pl\/wp-json\/wp\/v2\/product_tag?post=221355"}],"curies":[{"name":"wp","href":"https:\/\/api.w.org\/{rel}","templated":true}]}}