{"id":221364,"date":"2025-04-17T15:19:16","date_gmt":"2025-04-17T13:19:16","guid":{"rendered":"https:\/\/ownpowr.com\/?post_type=product&#038;p=221364"},"modified":"2025-04-17T15:19:17","modified_gmt":"2025-04-17T13:19:17","slug":"afore-30kw-hybrid-three-phase-inverter","status":"publish","type":"product","link":"https:\/\/ownpowr.com\/pl\/product\/hybrydowy-falownik-trojfazowy-o-mocy-30-kw\/","title":{"rendered":"Hybrydowy falownik tr\u00f3jfazowy Afore 30kw"},"content":{"rendered":"<p>Falownik hybrydowy AF30K-TH, 2 MPPT, tr\u00f3jfazowy, znamionowa moc wyj\u015bciowa 30 000 W<br \/>\nAfore AF30K-TH to tr\u00f3jfazowy falownik hybrydowy o mocy wyj\u015bciowej 30 kW. Dzi\u0119ki akumulatorowi wysokonapi\u0119ciowemu falownik mo\u017ce by\u0107 u\u017cywany jako samodzielny system \/ off-grid oraz jako zasilanie awaryjne. Posiada dwa trackery MPPT i mo\u017cliwo\u015b\u0107 pod\u0142\u0105czenia wielu ci\u0105g\u00f3w modu\u0142\u00f3w fotowoltaicznych. Charakteryzuje si\u0119 szerokim zakresem napi\u0119cia MPPT.<\/p>\n<p>Najwa\u017cniejsze informacje<br \/>\nNowoczesny design<br \/>\nMonitorowanie przez WiFi<br \/>\nWysoka wydajno\u015b\u0107 97,8%<br \/>\nMo\u017cliwo\u015b\u0107 zasilania awaryjnego<br \/>\n2 MPPT z 2 \u0142a\u0144cuchami ka\u017cdy<br \/>\nProsta i szybka instalacja<br \/>\nKompaktowe wymiary (558 x 535 x 260 mm)<br \/>\nKompatybilny z akumulatorami wielu producent\u00f3w<br \/>\nOdpowiedni dla typ\u00f3w akumulator\u00f3w: Litowo-jonowe<br \/>\nSpecyfikacje<br \/>\nNazwa produktu: Falownik hybrydowy AF30K-TH, 2 MPPT, tr\u00f3jfazowy, znamionowa moc wyj\u015bciowa 30 000 W<br \/>\nDane wyj\u015bciowe AC<br \/>\nZnamionowa moc wyj\u015bciowa: 30 000 W<br \/>\nMaks. pozorna moc wyj\u015bciowa: 33 000 VA<br \/>\nNapi\u0119cie AC: 3\/N\/PE 400 V<br \/>\nCz\u0119stotliwo\u015b\u0107 AC: 50 Hz \/ 60 Hz<br \/>\nPr\u0105d znamionowy AC: 43,5 A<br \/>\nMaks. Pr\u0105d AC: 48,0 A<br \/>\nDane wej\u015bciowe ci\u0105gu PV<br \/>\nMaks. Moc wej\u015bciowa DC: 45 kW<br \/>\nMaks. Napi\u0119cie wej\u015bciowe DC: 1000V<br \/>\nMaks. Pr\u0105d wej\u015bciowy DC: 2 x 40A<br \/>\nNapi\u0119cie rozruchowe: 160 V<br \/>\nZakres napi\u0119cia MPPT: 150-850V<br \/>\nMaks. pr\u0105d zwarciowy: 2 x 60A<br \/>\nLiczba tracker\u00f3w MPP\/liczba strun: 2\/4<br \/>\nDane wej\u015bciowe akumulatora<br \/>\nTyp baterii: Litowo-jonowy<br \/>\nNapi\u0119cie nominalne: 500V<br \/>\nMaks. napi\u0119cie \u0142adowania: 150-800 V<br \/>\nMaks. pr\u0105d \u0142adowania: 60 A<br \/>\nMaks. pr\u0105d roz\u0142adowania: 60 A<br \/>\nOg\u00f3lne<br \/>\nMaks. wydajno\u015b\u0107: 98,5%<br \/>\nSprawno\u015b\u0107 UE: 98,1%<br \/>\nKomunikacja: Wy\u015bwietlacz, LED, RS485, CAN, Wi-Fi, GRPS, 4G<br \/>\nStopie\u0144 ochrony: IP65<br \/>\nTopologia: Beztransformatorowa<br \/>\nWymiary (szer. x wys. x g\u0142.): 558x535x260mm<br \/>\nWaga: 36 kg<br \/>\nZakres dostawy<br \/>\n1 x Afore Falownik hybrydowy AF30K-TH<br \/>\n1 x Zestaw akcesori\u00f3w<\/p>","protected":false},"excerpt":{"rendered":"<p>Falownik hybrydowy AF30K-TH, 2 MPPT, tr\u00f3jfazowy, znamionowa moc wyj\u015bciowa 30 000W Afore AF30K-TH to tr\u00f3jfazowy falownik hybrydowy o mocy wyj\u015bciowej 30 kW. Dzi\u0119ki akumulatorowi wysokonapi\u0119ciowemu falownik [...]<\/p>","protected":false},"featured_media":221359,"template":"","meta":{"_seopress_robots_primary_cat":"none","_seopress_titles_title":"","_seopress_titles_desc":"","_seopress_robots_index":"","_kad_blocks_custom_css":"","_kad_blocks_head_custom_js":"","_kad_blocks_body_custom_js":"","_kad_blocks_footer_custom_js":""},"product_cat":[18],"product_tag":[],"class_list":{"0":"post-221364","1":"product","2":"type-product","3":"status-publish","4":"has-post-thumbnail","6":"product_cat-hybrid-inverters","8":"first","9":"instock","10":"taxable","11":"shipping-taxable","12":"purchasable","13":"product-type-simple"},"taxonomy_info":{"product_cat":[{"value":18,"label":"Hybrid inverters"}]},"featured_image_src_large":["https:\/\/ownpowr.com\/wp-content\/uploads\/2025\/04\/afore-hybrid-three-phase-inverter.png",640,640,false],"author_info":[],"comment_info":"","_links":{"self":[{"href":"https:\/\/ownpowr.com\/pl\/wp-json\/wp\/v2\/product\/221364","targetHints":{"allow":["GET"]}}],"collection":[{"href":"https:\/\/ownpowr.com\/pl\/wp-json\/wp\/v2\/product"}],"about":[{"href":"https:\/\/ownpowr.com\/pl\/wp-json\/wp\/v2\/types\/product"}],"wp:featuredmedia":[{"embeddable":true,"href":"https:\/\/ownpowr.com\/pl\/wp-json\/wp\/v2\/media\/221359"}],"wp:attachment":[{"href":"https:\/\/ownpowr.com\/pl\/wp-json\/wp\/v2\/media?parent=221364"}],"wp:term":[{"taxonomy":"product_cat","embeddable":true,"href":"https:\/\/ownpowr.com\/pl\/wp-json\/wp\/v2\/product_cat?post=221364"},{"taxonomy":"product_tag","embeddable":true,"href":"https:\/\/ownpowr.com\/pl\/wp-json\/wp\/v2\/product_tag?post=221364"}],"curies":[{"name":"wp","href":"https:\/\/api.w.org\/{rel}","templated":true}]}}