{"id":265,"date":"2023-10-04T16:43:01","date_gmt":"2023-10-04T14:43:01","guid":{"rendered":"https:\/\/ownpowr.com\/product\/pylontech-force-l1-14-21\/"},"modified":"2025-12-30T14:50:46","modified_gmt":"2025-12-30T12:50:46","slug":"pylontech-force-l1-14-21","status":"publish","type":"product","link":"https:\/\/ownpowr.com\/pl\/product\/pylontech-force-l1-14-21\/","title":{"rendered":"Pylontech force L1 14.21"},"content":{"rendered":"<p>Pylontech Force L1 14.21 sk\u0142ada si\u0119 z modu\u0142u zarz\u0105dzania bateri\u0105 Pylontech BMU i 4 modu\u0142\u00f3w baterii Force L1 3,55 kWh.<\/p>\n<p>Mo\u017cliwo\u015b\u0107 skalowania poprzez p\u00f3\u017aniejsze dodanie do 3 dodatkowych modu\u0142\u00f3w Force L1<\/p>\n<div class=\"row\">\n<div class=\"col-lg-6\">\n<h3><strong>Pylontech Force L1 14.21 - Niskie napi\u0119cie<\/strong><\/h3>\n<p>The <b>Si\u0142a L1<\/b> to najnowszy system akumulatorowy HESS dostarczany przez <strong>Pylontech<\/strong>. Charakter \"d\u0142ugiej \u017cywotno\u015bci\", najwy\u017csza g\u0119sto\u015b\u0107 energii i mocy w bran\u017cy, modny design, \u0142atwo\u015b\u0107 instalacji i rozbudowy - wszystko to odzwierciedla rzeczywiste wymagania u\u017cytkownik\u00f3w ko\u0144cowych i najsilniejsze mo\u017cliwo\u015bci techniczne. <strong>Pylontech<\/strong>.<\/p>\n<p><strong>PylontechForceL1<\/strong>14.21 sk\u0142ada si\u0119 z <strong>Pylontech<\/strong> Modu\u0142 zarz\u0105dzania bateri\u0105 BMU i 4 modu\u0142y baterii Force L1 3,55 kWh. Mo\u017cliwo\u015b\u0107 skalowania poprzez p\u00f3\u017aniejsze dodanie do 3 dodatkowych modu\u0142\u00f3w Force L1 r\u00f3wnolegle do tego stosu, aby osi\u0105gn\u0105\u0107 u\u017cyteczn\u0105 moc wyj\u015bciow\u0105 do 24,86 kWh.<\/p>\n<p><strong>Pionowa integracja bran\u017cowa zapewnia ponad 6000 cykli z 90% DoD<\/strong><\/p>\n<p><strong>Modu\u0142owa konstrukcja umo\u017cliwia klientom ko\u0144cowym wyb\u00f3r pojemno\u015bci<\/strong><\/p>\n<p><strong>Kompatybilny z wi\u0119kszo\u015bci\u0105 dost\u0119pnych falownik\u00f3w hybrydowych<\/strong><\/p>\n<p><strong>Szybkoz\u0142\u0105cze minimalizuje czas i koszty instalacji<\/strong><\/p>\n<p><strong>Pi\u0119kne wzornictwo - zar\u00f3wno do monta\u017cu wewn\u0105trz, jak i na zewn\u0105trz<\/strong><\/p>\n<\/div>\n<\/div>","protected":false},"excerpt":{"rendered":"<p>Pylontech Force L1 14.21 sk\u0142ada si\u0119 z modu\u0142u zarz\u0105dzania bateri\u0105 Pylontech BMU i 4 modu\u0142\u00f3w baterii Force L1 3,55 kWh. Mo\u017cliwo\u015b\u0107 skalowania poprzez p\u00f3\u017aniejsze dodanie do 3 dodatkowych modu\u0142\u00f3w Force [...]<\/p>","protected":false},"featured_media":266,"template":"","meta":{"_seopress_robots_primary_cat":"none","_seopress_titles_title":"","_seopress_titles_desc":"","_seopress_robots_index":"","_kad_blocks_custom_css":"","_kad_blocks_head_custom_js":"","_kad_blocks_body_custom_js":"","_kad_blocks_footer_custom_js":""},"product_cat":[17],"product_tag":[],"class_list":{"0":"post-265","1":"product","2":"type-product","3":"status-publish","4":"has-post-thumbnail","6":"product_cat-home-batteries","8":"first","9":"outofstock","10":"sale","11":"taxable","12":"shipping-taxable","13":"purchasable","14":"product-type-simple"},"taxonomy_info":{"product_cat":[{"value":17,"label":"Home batteries"}]},"featured_image_src_large":["https:\/\/ownpowr.com\/wp-content\/uploads\/2022\/11\/SAM7623-0.jpeg",600,661,false],"author_info":[],"comment_info":"","_links":{"self":[{"href":"https:\/\/ownpowr.com\/pl\/wp-json\/wp\/v2\/product\/265","targetHints":{"allow":["GET"]}}],"collection":[{"href":"https:\/\/ownpowr.com\/pl\/wp-json\/wp\/v2\/product"}],"about":[{"href":"https:\/\/ownpowr.com\/pl\/wp-json\/wp\/v2\/types\/product"}],"wp:featuredmedia":[{"embeddable":true,"href":"https:\/\/ownpowr.com\/pl\/wp-json\/wp\/v2\/media\/266"}],"wp:attachment":[{"href":"https:\/\/ownpowr.com\/pl\/wp-json\/wp\/v2\/media?parent=265"}],"wp:term":[{"taxonomy":"product_cat","embeddable":true,"href":"https:\/\/ownpowr.com\/pl\/wp-json\/wp\/v2\/product_cat?post=265"},{"taxonomy":"product_tag","embeddable":true,"href":"https:\/\/ownpowr.com\/pl\/wp-json\/wp\/v2\/product_tag?post=265"}],"curies":[{"name":"wp","href":"https:\/\/api.w.org\/{rel}","templated":true}]}}