{"id":278,"date":"2023-10-04T16:43:01","date_gmt":"2023-10-04T14:43:01","guid":{"rendered":"https:\/\/ownpowr.com\/product\/pylontech-force-l1-10-65\/"},"modified":"2025-07-07T19:54:49","modified_gmt":"2025-07-07T17:54:49","slug":"pylontech-force-l1-10-65","status":"publish","type":"product","link":"https:\/\/ownpowr.com\/pl\/product\/pylontech-force-l1-10-65\/","title":{"rendered":"Pylontech Force L1 10.65"},"content":{"rendered":"<p>Przedstawiamy system akumulator\u00f3w niskonapi\u0119ciowych Pylontech Force L1 10,26 kWh:<\/p>\n<p><strong>Kluczowe cechy:<\/strong><\/p>\n<ul>\n<li><strong>Konfiguracja baterii:<\/strong> 3 x modu\u0142y akumulatorowe Force L1 3,55 kWh + 1 x modu\u0142 zarz\u0105dzania akumulatorami Pylontech BMU<\/li>\n<li><strong>Ca\u0142kowita pojemno\u015b\u0107 u\u017cytkowa:<\/strong> 10,26 kWh<\/li>\n<li><strong>Skalowalno\u015b\u0107:<\/strong> Mo\u017cliwo\u015b\u0107 rozbudowy poprzez dodanie do 2 dodatkowych modu\u0142\u00f3w Force L1, zwi\u0119kszaj\u0105c u\u017cyteczn\u0105 pojemno\u015b\u0107 do 24,86 kWh.<\/li>\n<li><strong>Pionowa integracja przemys\u0142owa:<\/strong> Zapewnia ponad 6000 cykli z g\u0142\u0119boko\u015bci\u0105 roz\u0142adowania 90% (DoD), zapewniaj\u0105c d\u0142ugotrwa\u0142\u0105 wydajno\u015b\u0107.<\/li>\n<li><strong>Modu\u0142owa konstrukcja:<\/strong> Umo\u017cliwia klientom ko\u0144cowym wyb\u00f3r \u017c\u0105danej pojemno\u015bci, oferuj\u0105c elastyczno\u015b\u0107.<\/li>\n<li><strong>Kompatybilno\u015b\u0107:<\/strong> Kompatybilny z wi\u0119kszo\u015bci\u0105 dost\u0119pnych falownik\u00f3w hybrydowych, zapewniaj\u0105c bezproblemow\u0105 integracj\u0119 z istniej\u0105cymi systemami.<\/li>\n<li><strong>Szybkie od\u0142\u0105czanie:<\/strong> Minimalizuje czas i koszty instalacji, upraszczaj\u0105c konfiguracj\u0119.<\/li>\n<li><strong>Wszechstronna konstrukcja:<\/strong> Nadaje si\u0119 zar\u00f3wno do instalacji wewn\u0119trznych, jak i zewn\u0119trznych, oferuj\u0105c elastyczno\u015b\u0107 w umieszczaniu.<\/li>\n<\/ul>\n<p><strong>Opis produktu:<\/strong><\/p>\n<p>Pylontech Force L1 to najnowocze\u015bniejszy system akumulator\u00f3w High Energy Storage System (HESS) zaprojektowany w celu zaspokojenia zmieniaj\u0105cych si\u0119 potrzeb u\u017cytkownik\u00f3w. Posiada on kilka kluczowych cech, kt\u00f3re go wyr\u00f3\u017cniaj\u0105:<\/p>\n<ul>\n<li><strong>D\u0142uga \u017cywotno\u015b\u0107:<\/strong> Force L1 zosta\u0142 zaprojektowany z my\u015bl\u0105 o trwa\u0142o\u015bci, dzi\u0119ki czemu spe\u0142nia wymagania d\u0142ugoterminowego magazynowania energii.<\/li>\n<li><strong>Wysoka g\u0119sto\u015b\u0107 energii i mocy:<\/strong> Ten system akumulator\u00f3w oferuje najwy\u017csz\u0105 w bran\u017cy g\u0119sto\u015b\u0107 energii i mocy, maksymalizuj\u0105c magazynowanie energii w kompaktowej konstrukcji.<\/li>\n<li><strong>\u0141atwo\u015b\u0107 instalacji:<\/strong> System zosta\u0142 zaprojektowany z my\u015bl\u0105 o \u0142atwej instalacji i rozbudowie, upraszczaj\u0105c proces konfiguracji dla u\u017cytkownik\u00f3w ko\u0144cowych.<\/li>\n<li><strong>Skalowalno\u015b\u0107:<\/strong> U\u017cytkownicy mog\u0105 zacz\u0105\u0107 od zaledwie 1 modu\u0142u Force L1 i rozszerzy\u0107 go o kolejne 2 modu\u0142y, oferuj\u0105c skalowalno\u015b\u0107, aby sprosta\u0107 zmieniaj\u0105cym si\u0119 wymaganiom energetycznym.<\/li>\n<li><strong>Gwarancja producenta:<\/strong> Produkt jest obj\u0119ty gwarancj\u0105 producenta, co zapewnia spok\u00f3j ducha i niezawodno\u015b\u0107 produktu. Szczeg\u00f3\u0142y gwarancji prosimy sprawdzi\u0107 w Pylontech.<\/li>\n<\/ul>\n<p>Pylontech Force L1 to doskona\u0142y wyb\u00f3r dla domowych i komercyjnych rozwi\u0105za\u0144 magazynowania energii. Jego wszechstronna konstrukcja, wysoka wydajno\u015b\u0107 i skalowalno\u015b\u0107 sprawiaj\u0105, \u017ce jest on cennym dodatkiem do ka\u017cdego systemu zarz\u0105dzania energi\u0105. Niezale\u017cnie od tego, czy chodzi o zasilanie awaryjne podczas awarii, czy optymalizacj\u0119 zu\u017cycia energii, Force L1 zapewnia niezawodne i wydajne rozwi\u0105zanie do magazynowania energii.<\/p>","protected":false},"excerpt":{"rendered":"<p>Przedstawiamy Pa\u0144stwu system akumulator\u00f3w niskonapi\u0119ciowych Pylontech Force L1 10,26 kWh: Kluczowe cechy: Konfiguracja baterii: 3 x Force L1 3,55 kWh Modu\u0142y baterii + 1 x Pylontech BMU Zarz\u0105dzanie bateri\u0105 [...]<\/p>","protected":false},"featured_media":279,"template":"","meta":{"_seopress_robots_primary_cat":"none","_seopress_titles_title":"Pylontech Force L1 10.65 - Low Voltage: The Latest and Most Powerful HESS Battery System","_seopress_titles_desc":"Discover the Pylontech Force L1 10.65, featuring high energy and power density, easy installation, and expandability. Suitable for indoor and outdoor use.","_seopress_robots_index":"","_kad_blocks_custom_css":"","_kad_blocks_head_custom_js":"","_kad_blocks_body_custom_js":"","_kad_blocks_footer_custom_js":""},"product_cat":[17],"product_tag":[],"class_list":{"0":"post-278","1":"product","2":"type-product","3":"status-publish","4":"has-post-thumbnail","6":"product_cat-home-batteries","8":"first","9":"outofstock","10":"sale","11":"taxable","12":"shipping-taxable","13":"purchasable","14":"product-type-simple"},"taxonomy_info":{"product_cat":[{"value":17,"label":"Home batteries"}]},"featured_image_src_large":["https:\/\/ownpowr.com\/wp-content\/uploads\/2022\/11\/SAM7622-0.jpeg",600,661,false],"author_info":[],"comment_info":"","_links":{"self":[{"href":"https:\/\/ownpowr.com\/pl\/wp-json\/wp\/v2\/product\/278","targetHints":{"allow":["GET"]}}],"collection":[{"href":"https:\/\/ownpowr.com\/pl\/wp-json\/wp\/v2\/product"}],"about":[{"href":"https:\/\/ownpowr.com\/pl\/wp-json\/wp\/v2\/types\/product"}],"wp:featuredmedia":[{"embeddable":true,"href":"https:\/\/ownpowr.com\/pl\/wp-json\/wp\/v2\/media\/279"}],"wp:attachment":[{"href":"https:\/\/ownpowr.com\/pl\/wp-json\/wp\/v2\/media?parent=278"}],"wp:term":[{"taxonomy":"product_cat","embeddable":true,"href":"https:\/\/ownpowr.com\/pl\/wp-json\/wp\/v2\/product_cat?post=278"},{"taxonomy":"product_tag","embeddable":true,"href":"https:\/\/ownpowr.com\/pl\/wp-json\/wp\/v2\/product_tag?post=278"}],"curies":[{"name":"wp","href":"https:\/\/api.w.org\/{rel}","templated":true}]}}