{"id":286,"date":"2023-10-05T01:24:51","date_gmt":"2023-10-04T23:24:51","guid":{"rendered":"https:\/\/ownpowr.com\/product\/pylontech-force-l1-3-55\/"},"modified":"2025-10-15T13:54:02","modified_gmt":"2025-10-15T11:54:02","slug":"pylontech-force-l1-3-55","status":"publish","type":"product","link":"https:\/\/ownpowr.com\/pl\/product\/pylontech-force-l1-3-55\/","title":{"rendered":"Pylontech force L1 3.55"},"content":{"rendered":"<h2><strong>Modu\u0142 baterii litowej Pylontech Force L1 3,55 kWh tworzy system baterii, kt\u00f3ry mo\u017cna uk\u0142ada\u0107 w stosy od 2 do 7 modu\u0142\u00f3w z zewn\u0119trznym systemem BMS.<\/strong><\/h2>\n<p>Pylontech Force L1 3.55 sk\u0142ada si\u0119 z modu\u0142u zarz\u0105dzania bateri\u0105 Pylontech BMU i 1 modu\u0142u baterii Force L1 3,55 kWh. Mo\u017cliwo\u015b\u0107 rozbudowy poprzez p\u00f3\u017aniejsze dodanie do 6 dodatkowych modu\u0142\u00f3w Force L1<\/p>\n<p>&nbsp;<\/p>\n<div class=\"row\">\n<div class=\"col-lg-6\">\n<h3><strong>Pylontech Force L1 3.55 <\/strong><strong>- Niskie napi\u0119cie<\/strong><\/h3>\n<p>Force L1 to najnowszy system baterii HESS dostarczany przez Pylontech. \"D\u0142uga \u017cywotno\u015b\u0107\", najwy\u017csza g\u0119sto\u015b\u0107 energii i mocy w bran\u017cy, modny design, \u0142atwo\u015b\u0107 instalacji i rozbudowy - wszystko to odzwierciedla rzeczywiste wymagania u\u017cytkownik\u00f3w ko\u0144cowych i najwi\u0119ksze mo\u017cliwo\u015bci techniczne Pylontech.<\/p>\n<p><strong>PylontechForceL1<\/strong>3.55 sk\u0142ada si\u0119 z <strong>Pylontech<\/strong> Modu\u0142 zarz\u0105dzania bateri\u0105 BMU i 1 modu\u0142 baterii Force L1 3,55 kWh. Mo\u017cliwo\u015b\u0107 rozbudowy poprzez p\u00f3\u017aniejsze dodanie do 6 dodatkowych modu\u0142\u00f3w Force L1 r\u00f3wnolegle do tego stosu, aby osi\u0105gn\u0105\u0107 u\u017cyteczn\u0105 moc do 24,86 kWh.<\/p>\n<p><strong>Pionowa integracja przemys\u0142owa zapewnia ponad 6000 cykli z 90% DoD<\/strong><\/p>\n<p><strong>Modu\u0142owa konstrukcja umo\u017cliwia klientom ko\u0144cowym wyb\u00f3r wydajno\u015bci<\/strong><\/p>\n<p><strong>Kompatybilny z wi\u0119kszo\u015bci\u0105 dost\u0119pnych falownik\u00f3w hybrydowych<\/strong><\/p>\n<p><strong>Szybkie od\u0142\u0105czanie minimalizuje czas i koszty instalacji<\/strong><\/p>\n<p><strong>Pi\u0119kny design - pasuje zar\u00f3wno do wn\u0119trz, jak i na zewn\u0105trz<\/strong><\/p>\n<div id=\"ProductInfoTabs\" class=\"ui-tabs ui-widget ui-widget-content ui-corner-all epProductInfoTabs ep-js\" data-js=\"\">\n<div id=\"tab-product-description\" class=\"ui-tabs-panel ui-widget-content ui-corner-bottom\" role=\"tabpanel\" aria-labelledby=\"ui-id-1\" aria-hidden=\"false\">\n<div class=\"description\">\n<p>&nbsp;<\/p>\n<p>Modu\u0142 baterii litowej Pylontech Force L1 s\u0142u\u017cy do tworzenia systemu baterii Pylontech z mo\u017cliwo\u015bci\u0105 uk\u0142adania w stosy od 2 do 7 modu\u0142\u00f3w z zewn\u0119trznym systemem BMS, dzi\u0119ki czemu mo\u017cna go dostosowa\u0107 do r\u00f3\u017cnych system\u00f3w konfiguracji. Ma pojemno\u015b\u0107 nominaln\u0105 3,55 kWh i jest produkowany z bezkobaltowego ferrofosforanu litu.<\/p>\n<p>Ta najnowsza wersja HESS (domowego systemu magazynowania energii), dziedzicz\u0105ca koncepcj\u0119 modu\u0142owej konstrukcji, w po\u0142\u0105czeniu z \u0142atw\u0105 instalacj\u0105, prostymi z\u0142\u0105czami i kompatybilno\u015bci\u0105 zewn\u0119trzn\u0105.<\/p>\n<p>Jest to najnowsza wersja HESS (domowego systemu magazynowania energii), dziedzicz\u0105ca koncepcj\u0119 modu\u0142owej konstrukcji, w po\u0142\u0105czeniu z \u0142atw\u0105 instalacj\u0105, prostymi z\u0142\u0105czami i kompatybilno\u015bci\u0105 z urz\u0105dzeniami zewn\u0119trznymi.<\/p>\n<p>Ten system magazynowania mo\u017cna zainstalowa\u0107 bez konieczno\u015bci pod\u0142\u0105czania kabli mi\u0119dzy bateriami i mo\u017cna go uk\u0142ada\u0107 w stosy, co u\u0142atwia i przyspiesza instalacj\u0119. To nowe rozwi\u0105zanie Pylontech dla niskonapi\u0119ciowego sektora mieszkaniowego to seria L, kt\u00f3ra obejmuje Force L1 i L2.<\/p>\n<p>Produkty te sk\u0142adaj\u0105 si\u0119 z kilku baterii, kt\u00f3re mo\u017cna uk\u0142ada\u0107 w stosy od 2 do 7 z zewn\u0119trznym systemem BMS, dzi\u0119ki czemu mo\u017cna je dostosowa\u0107 do r\u00f3\u017cnych system\u00f3w konfiguracji.<\/p>\n<p>Nadaje si\u0119 szczeg\u00f3lnie do ma\u0142ych miejsc o ograniczonej przestrzeni, a tak\u017ce do instalacji o du\u017cej mocy i d\u0142ugiej \u017cywotno\u015bci. Modu\u0142 ten jest instalowany razem z BMS FC0048M-100 o napi\u0119ciu nominalnym 48V i pojemno\u015bci 47Ah. Systemy te maj\u0105 r\u00f3wnie\u017c pr\u0105d \u0142adowania i roz\u0142adowania, kt\u00f3ry mo\u017ce osi\u0105gn\u0105\u0107 \u0142\u0105cznie 60A i stopie\u0144 ochrony IP55.<\/p>\n<p>Prostota i mo\u017cliwo\u015b\u0107 sztaplowania systemu sprawia, \u017ce jest on niezwykle elastyczny, z mo\u017cliwo\u015bci\u0105 bardzo \u0142atwej rozbudowy w miar\u0119 up\u0142ywu czasu. Kolejnym wa\u017cnym aspektem jest bez w\u0105tpienia g\u0142\u0119boko\u015b\u0107 roz\u0142adowania 90%. Ponadto urz\u0105dzenia mo\u017cna \u0142\u0105czy\u0107 z r\u00f3\u017cnymi typami falownik\u00f3w, nawet ze zintegrowan\u0105 funkcj\u0105 EPS.<\/p>\n<p>Jego g\u0142\u00f3wne cechy obejmuj\u0105 modu\u0142ow\u0105 konstrukcj\u0119, kt\u00f3ra oferuje maksymaln\u0105 elastyczno\u015b\u0107, wewn\u0119trzne ogniwo LFP, kt\u00f3re zapewnia d\u0142u\u017csz\u0105 \u017cywotno\u015b\u0107 i wi\u0119ksze bezpiecze\u0144stwo, szybkie po\u0142\u0105czenia oszcz\u0119dzaj\u0105ce czas instalacji oraz sprawdzony system BMS o najszerszej kompatybilno\u015bci z falownikami.<\/p>\n<p>Bateria jest obj\u0119ta 3-letni\u0105 gwarancj\u0105 prawn\u0105 i 10-letni\u0105 gwarancj\u0105 producenta.<\/p>\n<p>&nbsp;<\/p>\n<h3><strong>Dane techniczne modu\u0142u baterii litowej Pylontech Force L1<\/strong><\/h3>\n<p>- Pojemno\u015b\u0107 baterii: 3,55 kWh<br \/>\n- Zakres napi\u0119cia: 44.5 -54h<br \/>\n- Moc u\u017cytkowa: 4600W<br \/>\n- Stopie\u0144 ochrony: IP55<br \/>\n- Port komunikacyjny: RS485<br \/>\n- Gwarancja: 10 lat (zgodnie z wymaganiami producenta).<\/p>\n<\/div>\n<\/div>\n<\/div>\n<\/div>\n<\/div>","protected":false},"excerpt":{"rendered":"<p>Modu\u0142 baterii litowej Pylontech Force L1 3.55 kWh tworzy system baterii, kt\u00f3ry mo\u017cna uk\u0142ada\u0107 w stosy od 2 do 7 modu\u0142\u00f3w z zewn\u0119trznym systemem BMS. Pylontech Force L1 3.55 sk\u0142ada si\u0119 z Pylontech BMU [...]<\/p>","protected":false},"featured_media":287,"template":"","meta":{"_seopress_robots_primary_cat":"none","_seopress_titles_title":"","_seopress_titles_desc":"","_seopress_robots_index":"","_kad_blocks_custom_css":"","_kad_blocks_head_custom_js":"","_kad_blocks_body_custom_js":"","_kad_blocks_footer_custom_js":""},"product_cat":[17],"product_tag":[],"class_list":{"0":"post-286","1":"product","2":"type-product","3":"status-publish","4":"has-post-thumbnail","6":"product_cat-home-batteries","8":"first","9":"outofstock","10":"sale","11":"taxable","12":"shipping-taxable","13":"purchasable","14":"product-type-simple"},"taxonomy_info":{"product_cat":[{"value":17,"label":"Home batteries"}]},"featured_image_src_large":["https:\/\/ownpowr.com\/wp-content\/uploads\/2022\/11\/Schermafbeelding-2022-10-15-om-12.07.40.png",822,504,false],"author_info":[],"comment_info":"","_links":{"self":[{"href":"https:\/\/ownpowr.com\/pl\/wp-json\/wp\/v2\/product\/286","targetHints":{"allow":["GET"]}}],"collection":[{"href":"https:\/\/ownpowr.com\/pl\/wp-json\/wp\/v2\/product"}],"about":[{"href":"https:\/\/ownpowr.com\/pl\/wp-json\/wp\/v2\/types\/product"}],"wp:featuredmedia":[{"embeddable":true,"href":"https:\/\/ownpowr.com\/pl\/wp-json\/wp\/v2\/media\/287"}],"wp:attachment":[{"href":"https:\/\/ownpowr.com\/pl\/wp-json\/wp\/v2\/media?parent=286"}],"wp:term":[{"taxonomy":"product_cat","embeddable":true,"href":"https:\/\/ownpowr.com\/pl\/wp-json\/wp\/v2\/product_cat?post=286"},{"taxonomy":"product_tag","embeddable":true,"href":"https:\/\/ownpowr.com\/pl\/wp-json\/wp\/v2\/product_tag?post=286"}],"curies":[{"name":"wp","href":"https:\/\/api.w.org\/{rel}","templated":true}]}}