{"id":3729,"date":"2025-01-30T09:44:02","date_gmt":"2025-01-30T07:44:02","guid":{"rendered":"https:\/\/ownpowr.com\/?post_type=product&#038;p=3729"},"modified":"2025-08-25T14:54:33","modified_gmt":"2025-08-25T12:54:33","slug":"blauhoff-maxus-200k-516kwh-all-in-one-8000-cycles-10-year-warantee","status":"publish","type":"product","link":"https:\/\/ownpowr.com\/pl\/product\/blauhoff-maxus-200k-516kwh-all-in-one-8000-cykli-10-lat-gwarancji\/","title":{"rendered":"Blauhoff Maxus 250K\/578kWh Szafa do magazynowania energii typu \"wszystko w jednym"},"content":{"rendered":"<h3>Blauhoff Maxus 250K\/578kWh Wszystko w jednym Szafa magazynowania energii 10 lat gwarancji 8000 cykli<\/h3>\n<p><strong>Wszystkie systemy akumulatorowe Blauhoff s\u0105 obj\u0119te 10-letni\u0105 gwarancj\u0105 na ogniwa i 5-letni\u0105 gwarancj\u0105 na falownik bez \u017cadnych dodatkowych op\u0142at!<\/strong><\/p>\n<p><strong>Nie jest tak w przypadku wi\u0119kszo\u015bci innych marek, a gwarancja jest ograniczona do zaledwie 3-5 lat!<\/strong><\/p>\n<p><strong>Ogniwa pryzmatyczne zapewniaj\u0105 najwy\u017csz\u0105 jako\u015b\u0107 i najd\u0142u\u017csz\u0105 \u017cywotno\u015b\u0107, 8000 cykli i 10 lat gwarancji na ogniwa bez dodatkowych koszt\u00f3w oraz 5 lat na ca\u0142o\u015b\u0107.<\/strong><\/p>\n<p>&nbsp;<\/p>\n<p>Seria BLH-250K\/578KwH-Maxus, ch\u0142odzony ciecz\u0105, komercyjny i przemys\u0142owy system ESS typu \"wszystko w jednym\", to<br \/>\nzintegrowany z konwerterem magazynuj\u0105cym energi\u0119, bateri\u0105, BMS, EMS, zarz\u0105dzaniem termicznym,<br \/>\ndystrybucja zasilania, ochrona przeciwpo\u017carowa itp. Konstrukcja typu \"wszystko w jednym\" jest \u0142atwa w instalacji i<br \/>\nO&amp;M. Tymczasem konstrukcja bezpiecze\u0144stwa systemu zapewnia lepsz\u0105 wydajno\u015b\u0107 baterii<br \/>\ni d\u0142u\u017csz\u0105 \u017cywotno\u015b\u0107. Wiele zestaw\u00f3w szaf mo\u017ce by\u0107 bezpo\u015brednio po\u0142\u0105czonych r\u00f3wnolegle do 30 sztuk.<br \/>\nzrealizowa\u0107 rozbudow\u0119 systemu magazynowania energii.<\/p>\n<h4>Ekonomiczny:<\/h4>\n<p>Wysoce zintegrowany system ESS dla \u0142atwego<br \/>\ntransport i obs\u0142uga techniczna. W tym<br \/>\nzintegrowany projekt pozwala stronie<br \/>\nmo\u017cna szybko skonfigurowa\u0107 i u\u017cywa\u0107.<\/p>\n<p>Funkcja kopii zapasowej<\/p>\n<p>Funkcja golenia szczytowego<\/p>\n<p>Funkcja PV<\/p>\n<h4>Ch\u0142odzenie ciecz\u0105:<\/h4>\n<p>Odchylenie temperatury<br \/>\nogniw baterii w ca\u0142ym<br \/>\njest w granicach 3\u00b0C, ze wzgl\u0119du na<br \/>\ninteligentny system ch\u0142odzenia ciecz\u0105.<br \/>\nMo\u017ce to wyd\u0142u\u017cy\u0107 czas \u017cycia<br \/>\ndo 20%.<\/p>\n<h4>Bezpieczny:<\/h4>\n<p>System sk\u0142ada si\u0119 z czterech poziom\u00f3w<br \/>\nstruktura zarz\u0105dzania, kt\u00f3ra<br \/>\nmo\u017ce dok\u0142adnie zapewni\u0107 kr\u00f3tkie<br \/>\nochrona obwodu, nadmierny pr\u0105d<br \/>\nochrona, przepi\u0119cie<br \/>\nochrona, pod napi\u0119ciem<br \/>\nochrona, nadmierna temperatura<br \/>\nochrona itp.<\/p>\n<p>&nbsp;<\/p>\n<p>VDE4100<\/p>\n<p>IEC62619<\/p>\n<p>IEC61000<\/p>\n<p>UL9540A<\/p>\n<p>EN50549<\/p>\n<h4>Karta katalogowa :<\/h4>\n<p><a href=\"https:\/\/ownpowr.com\/wp-content\/uploads\/2023\/10\/blauhoff_sd-125-258_energy_storage_cabinet.pdf\">Blauhoff_SD-125-258_Energy_Storage_Cabinet<\/a><\/p>\n<p><iframe title=\"Blauhoff ESS Wszystko w jednym\" width=\"1140\" height=\"641\" src=\"https:\/\/www.youtube.com\/embed\/4ygzOwu-j7I?feature=oembed\" frameborder=\"0\" allow=\"accelerometer; autoplay; clipboard-write; encrypted-media; gyroscope; picture-in-picture; web-share\" referrerpolicy=\"strict-origin-when-cross-origin\" allowfullscreen><\/iframe><\/p>","protected":false},"excerpt":{"rendered":"<p><a href=\"https:\/\/ownpowr.com\/wp-content\/uploads\/2023\/10\/blauhoff_sd-125-258_energy_storage_cabinet.pdf\">Blauhoff_SD-125-258_Energy_Storage_Cabinet<\/a><\/p>\n<p>Uwaga, cena nie zawiera podatku VAT i nie obejmuje monta\u017cu<\/p>","protected":false},"featured_media":3721,"template":"","meta":{"_seopress_robots_primary_cat":"none","_seopress_titles_title":"Blauhoff Maxus 250K\/578kWh All In One Energy Storage","_seopress_titles_desc":"Blauhoff Maxus Series is an easy-to-install all-in-one ESS with liquid cooling, integrated converter, battery, BMS, EMS, and more.","_seopress_robots_index":"","_kad_blocks_custom_css":"","_kad_blocks_head_custom_js":"","_kad_blocks_body_custom_js":"","_kad_blocks_footer_custom_js":""},"product_cat":[17,19],"product_tag":[],"class_list":{"0":"post-3729","1":"product","2":"type-product","3":"status-publish","4":"has-post-thumbnail","6":"product_cat-home-batteries","7":"product_cat-sets-with-inverters","9":"first","10":"instock","11":"taxable","12":"shipping-taxable","13":"purchasable","14":"product-type-simple"},"taxonomy_info":{"product_cat":[{"value":17,"label":"Home batteries"},{"value":19,"label":"Sets with inverters"}]},"featured_image_src_large":["https:\/\/ownpowr.com\/wp-content\/uploads\/2023\/10\/blh-maxus-2pcs-1024x846.jpg",1024,846,true],"author_info":[],"comment_info":"","_links":{"self":[{"href":"https:\/\/ownpowr.com\/pl\/wp-json\/wp\/v2\/product\/3729","targetHints":{"allow":["GET"]}}],"collection":[{"href":"https:\/\/ownpowr.com\/pl\/wp-json\/wp\/v2\/product"}],"about":[{"href":"https:\/\/ownpowr.com\/pl\/wp-json\/wp\/v2\/types\/product"}],"wp:featuredmedia":[{"embeddable":true,"href":"https:\/\/ownpowr.com\/pl\/wp-json\/wp\/v2\/media\/3721"}],"wp:attachment":[{"href":"https:\/\/ownpowr.com\/pl\/wp-json\/wp\/v2\/media?parent=3729"}],"wp:term":[{"taxonomy":"product_cat","embeddable":true,"href":"https:\/\/ownpowr.com\/pl\/wp-json\/wp\/v2\/product_cat?post=3729"},{"taxonomy":"product_tag","embeddable":true,"href":"https:\/\/ownpowr.com\/pl\/wp-json\/wp\/v2\/product_tag?post=3729"}],"curies":[{"name":"wp","href":"https:\/\/api.w.org\/{rel}","templated":true}]}}