{"id":4033,"date":"2025-01-30T09:44:02","date_gmt":"2025-01-30T07:44:02","guid":{"rendered":"https:\/\/ownpowr.com\/?post_type=product&#038;p=4033"},"modified":"2025-08-25T15:02:32","modified_gmt":"2025-08-25T13:02:32","slug":"blauhoff-maxus-all-in-one-375k-774kwh-energy-storage-cabinet-liquid-cooled","status":"publish","type":"product","link":"https:\/\/ownpowr.com\/pl\/product\/blauhoff-maxus-all-in-one-375k-774kwh-szafa-magazynujaca-energie-chlodzona-ciecza\/","title":{"rendered":"Blauhoff Maxus All in One 375K\/867kWh Szafa magazynowania energii ch\u0142odzona ciecz\u0105"},"content":{"rendered":"<p><strong>Wszystkie systemy akumulatorowe Blauhoff s\u0105 obj\u0119te 10-letni\u0105 gwarancj\u0105 na ogniwa i 5-letni\u0105 gwarancj\u0105 na falownik bez \u017cadnych dodatkowych op\u0142at!<\/strong><\/p>\n<p><strong>Nie jest tak w przypadku wi\u0119kszo\u015bci innych marek, a gwarancja jest ograniczona do zaledwie 3-5 lat!<\/strong><\/p>\n<p><strong>Ogniwa pryzmatyczne zapewniaj\u0105 najwy\u017csz\u0105 jako\u015b\u0107 i najd\u0142u\u017csz\u0105 \u017cywotno\u015b\u0107, 8000 cykli i 10 lat gwarancji na ogniwa bez dodatkowych koszt\u00f3w oraz 5 lat na ca\u0142o\u015b\u0107.<\/strong><\/p>\n<p>&nbsp;<\/p>\n<p>Blauhoff Maxus Wszystko w jednym 375K-867kWh = 2 mWh Ch\u0142odzony ciecz\u0105 10 lat gwarancji 8000 cykli<\/p>\n<p>Ogniwa pryzmatyczne zapewniaj\u0105 najwy\u017csz\u0105 jako\u015b\u0107 i najd\u0142u\u017csz\u0105 \u017cywotno\u015b\u0107 oraz 8000 cykli<\/p>\n<p>W pe\u0142ni zintegrowany system ESS dla \u0142atwego transportu i obs\u0142ugi.<\/p>\n<p>Zintegrowana i modu\u0142owa konstrukcja umo\u017cliwia szybk\u0105 konfiguracj\u0119 i u\u017cytkowanie, 2-3 godziny pracy na jednostk\u0119<\/p>\n<p>Blauhoff BLH-100K-2064kWh-Maxus, wszechstronny komercyjny i przemys\u0142owy ESS z ch\u0142odzeniem ciecz\u0105, jest zintegrowany z konwerterem magazynowania energii, bateri\u0105, BMS, EMS, zarz\u0105dzaniem termicznym, dystrybucj\u0105 mocy, ochron\u0105 przeciwpo\u017carow\u0105 itp.<\/p>\n<p>W tym przypadku 8 szt.<\/p>\n<p>Konstrukcja typu \"wszystko w jednym\" jest \u0142atwa w instalacji i obs\u0142udze oraz wyposa\u017cona w funkcj\u0119 tworzenia kopii zapasowych i funkcj\u0119 PV.<\/p>\n<p>Bezpieczna konstrukcja systemu zapewnia lepsz\u0105 wydajno\u015b\u0107 baterii i d\u0142u\u017csz\u0105 \u017cywotno\u015b\u0107<br \/>\n\u017cywotno\u015b\u0107. Wiele zestaw\u00f3w szaf mo\u017ce by\u0107 bezpo\u015brednio po\u0142\u0105czonych r\u00f3wnolegle do 30 sztuk w celu magazynowania energii<br \/>\nrozbudowa systemu. Jest bardzo \u0142atwo skalowalny i przeno\u015bny.<\/p>\n<p>Ch\u0142odzenie ciecz\u0105 :<br \/>\nDryft temperaturowy ogniw akumulatora<br \/>\nw ca\u0142ym systemie mie\u015bci si\u0119 w zakresie \u00b11,5\u00b0C ze wzgl\u0119du na<br \/>\ninteligentny system ch\u0142odzenia ciecz\u0105. Mo\u017ce<br \/>\nprzed\u0142u\u017cy\u0107 \u017cywotno\u015b\u0107 systemu do<br \/>\n30%, zwi\u0119kszaj\u0105 d\u0142ugoterminow\u0105 wydajno\u015b\u0107 systemu<br \/>\ndo 88.5%.<\/p>\n<p>Bezpieczny<br \/>\nSystem ma cztery poziomy zarz\u0105dzania<br \/>\nstruktura, kt\u00f3ra mo\u017ce zapewni\u0107 precyzyjne<br \/>\nzabezpieczenie przeciwzwarciowe, nadpr\u0105dowe<br \/>\nochrona, ochrona przed przepi\u0119ciem,<br \/>\nochrona przed zbyt niskim napi\u0119ciem, nadmiern\u0105 temperatur\u0105<br \/>\nochrona itp.<\/p>\n<p>VDE4100<\/p>\n<p>IEC62619<\/p>\n<p>IEC61000<\/p>\n<p>UL9540A<\/p>\n<p>EN50549<\/p>\n<h3><span style=\"font-size: 16px\">Karta katalogowa :<\/span><\/h3>\n<p><a href=\"https:\/\/blauhoff.nl\/wp-content\/uploads\/2023\/10\/Blauhoff_SD-125-258_Energy_Storage_Cabinet.pdf\" target=\"_blank\" rel=\"noopener\">Blauhoff_SD-125-258_Energy_Storage_Cabinet<\/a><\/p>\n<p>UWAGA!<\/p>\n<p>Ze wzgl\u0119du na integracj\u0119 i z\u0142o\u017cono\u015b\u0107, cena ta nie zawiera podatku VAT i nie obejmuje monta\u017cu.<\/p>\n<p>Monta\u017c jest wykonywany przez Pa\u0144stwa lokalnego instalatora z pomoc\u0105 naszego personelu technicznego.<\/p>\n<p><iframe title=\"Blauhoff ESS Wszystko w jednym\" width=\"1140\" height=\"641\" src=\"https:\/\/www.youtube.com\/embed\/4ygzOwu-j7I?feature=oembed\" frameborder=\"0\" allow=\"accelerometer; autoplay; clipboard-write; encrypted-media; gyroscope; picture-in-picture; web-share\" referrerpolicy=\"strict-origin-when-cross-origin\" allowfullscreen><\/iframe><\/p>","protected":false},"excerpt":{"rendered":"<p>Wszystkie systemy bateryjne Blauhoff obj\u0119te s\u0105 10-letni\u0105 gwarancj\u0105 na ogniwa i 5-letni\u0105 gwarancj\u0105 na falownik bez \u017cadnych dodatkowych op\u0142at! Nie dotyczy to [...]<\/p>","protected":false},"featured_media":4028,"template":"","meta":{"_seopress_robots_primary_cat":"none","_seopress_titles_title":"Blauhoff Maxus All in One 375K\/867kWh Energy Storage Cabinet Liquid cooled","_seopress_titles_desc":"Looking for a game-changer? Check out our groundbreaking product that will transform the way you live. Get ready to experience a whole new level of innovation!","_seopress_robots_index":"","_kad_blocks_custom_css":"","_kad_blocks_head_custom_js":"","_kad_blocks_body_custom_js":"","_kad_blocks_footer_custom_js":""},"product_cat":[17,19],"product_tag":[],"class_list":{"0":"post-4033","1":"product","2":"type-product","3":"status-publish","4":"has-post-thumbnail","6":"product_cat-home-batteries","7":"product_cat-sets-with-inverters","9":"first","10":"instock","11":"taxable","12":"shipping-taxable","13":"purchasable","14":"product-type-simple"},"taxonomy_info":{"product_cat":[{"value":17,"label":"Home batteries"},{"value":19,"label":"Sets with inverters"}]},"featured_image_src_large":["https:\/\/ownpowr.com\/wp-content\/uploads\/2023\/10\/blauhoff-maxus.png",300,300,false],"author_info":[],"comment_info":"","_links":{"self":[{"href":"https:\/\/ownpowr.com\/pl\/wp-json\/wp\/v2\/product\/4033","targetHints":{"allow":["GET"]}}],"collection":[{"href":"https:\/\/ownpowr.com\/pl\/wp-json\/wp\/v2\/product"}],"about":[{"href":"https:\/\/ownpowr.com\/pl\/wp-json\/wp\/v2\/types\/product"}],"wp:featuredmedia":[{"embeddable":true,"href":"https:\/\/ownpowr.com\/pl\/wp-json\/wp\/v2\/media\/4028"}],"wp:attachment":[{"href":"https:\/\/ownpowr.com\/pl\/wp-json\/wp\/v2\/media?parent=4033"}],"wp:term":[{"taxonomy":"product_cat","embeddable":true,"href":"https:\/\/ownpowr.com\/pl\/wp-json\/wp\/v2\/product_cat?post=4033"},{"taxonomy":"product_tag","embeddable":true,"href":"https:\/\/ownpowr.com\/pl\/wp-json\/wp\/v2\/product_tag?post=4033"}],"curies":[{"name":"wp","href":"https:\/\/api.w.org\/{rel}","templated":true}]}}