{"id":405,"date":"2023-10-05T01:24:56","date_gmt":"2023-10-04T23:24:56","guid":{"rendered":"https:\/\/ownpowr.com\/product\/pytes-e-box-48100r\/"},"modified":"2024-10-16T15:58:23","modified_gmt":"2024-10-16T13:58:23","slug":"pytes-e-box-48100r","status":"publish","type":"product","link":"https:\/\/ownpowr.com\/pl\/product\/pytes-e-box-48100r\/","title":{"rendered":"PYTES E-BOX 48100R"},"content":{"rendered":"<p>Bateria domowa Pytes do paneli s\u0142onecznych to bateria litowa LFP nowej generacji do domowego magazynowania energii.<\/p>\n<p>Ten domowy akumulator jest bezpiecznym, dobrze zaprojektowanym i wydajnym standardowym akumulatorem LFP dla Pa\u0144stwa domu lub firmy.<br \/>\nAkumulator jest kompaktowy i modu\u0142owy i nadaje si\u0119 do Pa\u0144stwa paneli s\u0142onecznych, jest kompaktowy, \u0142atwy w instalacji, bezobs\u0142ugowy i mo\u017ce by\u0107 stosowany jako element systemu magazynowania energii, gdy jest zamontowany r\u00f3wnolegle. Jest szeroko stosowany w gospodarstwach domowych do magazynowania energii lub w<br \/>\nma\u0142e komercyjne i przemys\u0142owe systemy magazynowania energii, takie jak stacje telekomunikacyjne.<\/p>\n<p>Maksymalnie mo\u017cna zamontowa\u0107 r\u00f3wnolegle 8 * 5,12 kwh = 40,96 kwh, a po dodaniu HUB 56 * 5,12 kwh = 280 kwh.<\/p>\n<p>Cechy akumulatora domowego PYTES E-BOX 48100R:<\/p>\n<ol>\n<li><strong>Imponuj\u0105ca 10-letnia gwarancja:<\/strong> Mog\u0105 Pa\u0144stwo liczy\u0107 na ten akumulator domowy przez d\u0142ugi czas, wspierany przez solidn\u0105 10-letni\u0105 gwarancj\u0119.<\/li>\n<li><strong>Inteligentne zarz\u0105dzanie energi\u0105:<\/strong> PYTES E-BOX 48100R umo\u017cliwia Pa\u0144stwu pe\u0142ne samodzielne zarz\u0105dzanie potrzebami energetycznymi. Skutecznie przechowuje nadmiar energii generowanej z paneli s\u0142onecznych poprzez dok\u0142adne pomiary, monitorowanie i zarz\u0105dzanie procesem. Dzi\u0119ki inteligentnym algorytmom, kt\u00f3re optymalizuj\u0105 \u017cywotno\u015b\u0107 systemu, energia jest \u0142atwo dost\u0119pna, gdy jest najbardziej potrzebna.<\/li>\n<li><strong>Zasilanie rezerwowe i awaryjne:<\/strong> Prosz\u0119 spa\u0107 spokojnie, wiedz\u0105c, \u017ce ten domowy akumulator zapewnia niezawodne zasilanie awaryjne i zapasowe, gdy sie\u0107 zawiedzie lub przejdzie ponad 6000 cykli, zapewniaj\u0105c zar\u00f3wno d\u0142ugowieczno\u015b\u0107, jak i bezpiecze\u0144stwo.<\/li>\n<li><strong>Szeroka kompatybilno\u015b\u0107:<\/strong> Akumulator domowy PYTES E-BOX 48100R zosta\u0142 zaprojektowany z my\u015bl\u0105 o szerokiej kompatybilno\u015bci, p\u0142ynnie integruj\u0105c si\u0119 z r\u00f3\u017cnymi konfiguracjami.<\/li>\n<li><strong>Oszcz\u0119dno\u015bci na rachunkach za energi\u0119:<\/strong> Poza godzinami szczytu bateria domowa \u0142aduje si\u0119 inteligentnie za pomoc\u0105 falownika i roz\u0142adowuje si\u0119 w okresach szczytu. Strategia ta prowadzi z czasem do znacznego obni\u017cenia rachunk\u00f3w za energi\u0119.<\/li>\n<\/ol>\n<p>Dane techniczne:<\/p>\n<ul>\n<li><strong>Model:<\/strong> 48100R<\/li>\n<li><strong>Sk\u0142ad chemiczny akumulatora:<\/strong> Fosforan litowo-\u017celazowy (LFP)<\/li>\n<li><strong>Napi\u0119cie nominalne:<\/strong> 51.2V<\/li>\n<li><strong>Zakres napi\u0119cia:<\/strong> 47,5V-57,6V<\/li>\n<li><strong>Pojemno\u015b\u0107 znamionowa:<\/strong> 100Ah<\/li>\n<li><strong>Energia znamionowa:<\/strong> 5,12 kWh<\/li>\n<li><strong>Wymiary urz\u0105dzenia:<\/strong> L440mm x B620mm x H117mm (2.6U)<\/li>\n<li><strong>Waga jednostki:<\/strong> 51 kg<\/li>\n<li><strong>Standardowy pr\u0105d \u0142adowania:<\/strong> 50A<\/li>\n<li><strong>Maksymalny pr\u0105d \u0142adowania:<\/strong> 50A<\/li>\n<li><strong>Standardowy pr\u0105d roz\u0142adowania:<\/strong> 50A<\/li>\n<li><strong>Maksymalna szybko\u015b\u0107 roz\u0142adowania:<\/strong> 50A<\/li>\n<li><strong>Wydajno\u015b\u0107 w obie strony:<\/strong> \u226595%<\/li>\n<li><strong>Protoko\u0142y komunikacyjne:<\/strong> RS232, RS485, CAN<\/li>\n<li><strong>Cykl \u017cycia:<\/strong> \u22656000 cykli<\/li>\n<li><strong>Kalendarz \u017cycia:<\/strong> \u226510 lat<\/li>\n<li><strong>Temperatura pracy:<\/strong> -10\u00b0C do 50\u00b0C<\/li>\n<li><strong>Styl po\u0142\u0105czenia:<\/strong> R\u00f3wnoleg\u0142y<\/li>\n<li><strong>Temperatura przechowywania:<\/strong> W ci\u0105gu 1 miesi\u0105ca: -20\u00b0C do 55\u00b0C, 1-3 miesi\u0105ce: 0\u00b0C do 35\u00b0C, 3-12 miesi\u0119cy: 20\u00b0C do 25\u00b0C<\/li>\n<li><strong>Panel sterowania:<\/strong> \u0141atwe opcje instalacji obejmuj\u0105 indywidualny monta\u017c na \u015bcianie za pomoc\u0105 dostarczonych wspornik\u00f3w lub stylowe po\u0142\u0105czenie z eleganckim homeboxem.<\/li>\n<\/ul>","protected":false},"excerpt":{"rendered":"<p>Bateria domowa Pytes do paneli s\u0142onecznych to bateria litowa LFP nowej generacji do przechowywania energii w domu. Ta domowa bateria jest bezpiecznym, dobrze zaprojektowanym i wydajnym standardem [...]<\/p>","protected":false},"featured_media":406,"template":"","meta":{"_seopress_robots_primary_cat":"none","_seopress_titles_title":"The Pytes Home Battery: A Safe, Powerful LFP Lithium Battery for Solar Panels","_seopress_titles_desc":"Experience complete energy self-management with this compact, easy-to-install home battery. Store excess energy, reduce bills, and enjoy a 10-year warranty!","_seopress_robots_index":"","_kad_blocks_custom_css":"","_kad_blocks_head_custom_js":"","_kad_blocks_body_custom_js":"","_kad_blocks_footer_custom_js":""},"product_cat":[17],"product_tag":[],"class_list":{"0":"post-405","1":"product","2":"type-product","3":"status-publish","4":"has-post-thumbnail","6":"product_cat-home-batteries","8":"first","9":"instock","10":"sale","11":"taxable","12":"shipping-taxable","13":"purchasable","14":"product-type-simple"},"taxonomy_info":{"product_cat":[{"value":17,"label":"Home batteries"}]},"featured_image_src_large":["https:\/\/ownpowr.com\/wp-content\/uploads\/2022\/11\/48100R\u8be6\u60c5-920x640_08-420x420-1.jpeg",420,420,false],"author_info":[],"comment_info":"","_links":{"self":[{"href":"https:\/\/ownpowr.com\/pl\/wp-json\/wp\/v2\/product\/405","targetHints":{"allow":["GET"]}}],"collection":[{"href":"https:\/\/ownpowr.com\/pl\/wp-json\/wp\/v2\/product"}],"about":[{"href":"https:\/\/ownpowr.com\/pl\/wp-json\/wp\/v2\/types\/product"}],"wp:featuredmedia":[{"embeddable":true,"href":"https:\/\/ownpowr.com\/pl\/wp-json\/wp\/v2\/media\/406"}],"wp:attachment":[{"href":"https:\/\/ownpowr.com\/pl\/wp-json\/wp\/v2\/media?parent=405"}],"wp:term":[{"taxonomy":"product_cat","embeddable":true,"href":"https:\/\/ownpowr.com\/pl\/wp-json\/wp\/v2\/product_cat?post=405"},{"taxonomy":"product_tag","embeddable":true,"href":"https:\/\/ownpowr.com\/pl\/wp-json\/wp\/v2\/product_tag?post=405"}],"curies":[{"name":"wp","href":"https:\/\/api.w.org\/{rel}","templated":true}]}}