{"id":4066,"date":"2023-10-27T15:05:46","date_gmt":"2023-10-27T13:05:46","guid":{"rendered":"https:\/\/ownpowr.com\/?post_type=product&#038;p=4066"},"modified":"2025-02-27T12:52:29","modified_gmt":"2025-02-27T10:52:29","slug":"deye-micro-inverter-sun600","status":"publish","type":"product","link":"https:\/\/ownpowr.com\/pl\/product\/deye-micro-inverter-sun600-tylko-w-pudelku-4-sztuki\/","title":{"rendered":"Deye mikroinwerter-SUN600"},"content":{"rendered":"<div class=\"left column\">\n<h1>DEYE SUN600\/800\/1000G3-US-220\/EU-230 |600-1000W| Jednofazowy | 2 MPPT | Mikro-Inwerter | Szybkie wy\u0142\u0105czanie<\/h1>\n<p>Wy\u017csza wydajno\u015b\u0107 \/ Bezpieczny \/ Inteligentny \/ Przyjazny dla u\u017cytkownika<\/p>\n<div class=\"text\">\n<p>SUN 600\/800\/1000G3 to nowa generacja mikroinwerter\u00f3w sieciowych z inteligentnymi systemami sieciowymi i monitoruj\u0105cymi, zapewniaj\u0105cymi maksymaln\u0105 wydajno\u015b\u0107. SUN 600\/800\/1000G3 zosta\u0142 zoptymalizowany pod k\u0105tem obs\u0142ugi dzisiejszych wysokowydajnych modu\u0142\u00f3w fotowoltaicznych o mocy wyj\u015bciowej do 500 W i podw\u00f3jnym MPPT. Obs\u0142uguje r\u00f3wnie\u017c szybkie wy\u0142\u0105czanie, zapewniaj\u0105c bezpiecze\u0144stwo Pa\u0144stwa inwestycji.<\/p>\n<\/div>\n<\/div>\n<div class=\"prodet-2\">\n<div class=\"ui container\">\n<div class=\"box grid-box\">\n<div class=\"right column\">\n<h2 class=\"titleBig\">Funkcja zdalnego wy\u0142\u0105czania<\/h2>\n<h4>Inteligentna platforma monitorowania<\/h4>\n<p>Dzi\u0119ki inteligentnej platformie monitorowania, falowniki z pe\u0142nej serii Deye obs\u0142uguj\u0105 zdalne wy\u0142\u0105czanie natychmiast po wyst\u0105pieniu awarii, zdalne ustawianie parametr\u00f3w i aktualizacj\u0119 FW, co u\u0142atwia obs\u0142ug\u0119 i konserwacj\u0119 instalacji fotowoltaicznej.<\/p>\n<\/div>\n<\/div>\n<\/div>\n<\/div>\n<div class=\"prodet-3\">\n<div class=\"ui container\">\n<div class=\"box grid-box\">\n<div class=\"left column\">\n<div class=\"slick-list draggable\">\n<div class=\"slick-track\">\n<div class=\"slick-slide slick-cloned\" data-slick-index=\"-2\" aria-hidden=\"true\">\n<ul>\n<li>Monitorowanie na poziomie modu\u0142u, bezpieczniej i inteligentniej<\/li>\n<li>Maks. Pr\u0105d wej\u015bciowy DC 13A, dostosowanie do modu\u0142u PV 500W<\/li>\n<li>Funkcja szybkiego wy\u0142\u0105czania<\/li>\n<li>Stopie\u0144 ochrony IP67\uff0c10 lat gwarancji<\/li>\n<li>Komunikacja PLC, Zigbee lub WIFI<\/li>\n<li>2 trackery MPP, monitorowanie na poziomie modu\u0142u<\/li>\n<\/ul>\n<\/div>\n<div class=\"slick-slide slick-cloned\" data-slick-index=\"-1\" aria-hidden=\"true\">\n<div id=\"av_articleherstbezeichnung\">\n<h1 class=\"av_fontnormal\">DEYE SUN600<\/h1>\n<\/div>\n<div id=\"av_articletext\" class=\"clearfix\"><span class=\"artbesch\">Ma\u0142y falownik o wysokiej wydajno\u015bci<br \/>\nInteligentny mikroinwerter do zasilania sieci domowej. Ten falownik jest \u0142atwy w instalacji i konfiguracji. Mo\u017cna zamontowa\u0107 panele s\u0142oneczne niemal wszystkich producent\u00f3w. Idealny do ma\u0142ych system\u00f3w solarnych, np. na balkonach, w domkach ogrodowych, gara\u017cach lub miejscach zacienionych.<\/span><b>Dostawa obecnie bez z\u0142\u0105cza i nasadki Betteri! Prosz\u0119 zamawia\u0107 bezpo\u015brednio<\/b><\/p>\n<ul type=\"disc\">\n<li>Interfejsy: WiFi<\/li>\n<li>kompaktowa konstrukcja<\/li>\n<li>Monta\u017c na zewn\u0105trz, bezpo\u015brednio przy module solarnym<\/li>\n<li>Ch\u0142odzenie przez konwekcj\u0119<\/li>\n<li>\u015aledzenie punktu mocy maksymalnej (MPPT)<\/li>\n<li>funkcja szybkiego uruchamiania do 12 sekund<\/li>\n<li>bezpieczne dzi\u0119ki funkcji szybkiego wy\u0142\u0105czania<\/li>\n<li>Monitorowanie zwar\u0107 doziemnych<\/li>\n<li>Monitorowanie sieci<\/li>\n<li>monitorowanie pr\u0105du szcz\u0105tkowego<\/li>\n<li>Stopie\u0144 ochrony IP 67<\/li>\n<\/ul>\n<p>&nbsp;<\/p>\n<p><b>Inteligentne monitorowanie:<\/b><br \/>\nProsz\u0119 \u015bledzi\u0107 swoje sukcesy w dowolnym momencie! Zintegrowany interfejs WLAN umo\u017cliwia integracj\u0119 tego falownika z Pa\u0144stwa sieci\u0105.<br \/>\nDost\u0119p za po\u015brednictwem aplikacji SOLARMAN jest mo\u017cliwy za pomoc\u0105 smartfona lub tabletu. Ponadto mo\u017cliwy jest dost\u0119p przez przegl\u0105dark\u0119 na Pa\u0144stwa urz\u0105dzeniu ko\u0144cowym.<\/p>\n<p><b>\u015aledzenie MPPT:<\/b><br \/>\nMaksymalne plony w ka\u017cdych warunkach pogodowych. Niezale\u017cnie od tego, czy pogoda jest z\u0142a, czy cz\u0119\u015bciowo zacieniona, nowoczesna technologia i najnowsza technologia \u0142a\u0144cuchowa falownika zapewniaj\u0105 optymalne plony.<\/p>\n<p><b>\u0141atwa rozbudowa:<\/b><br \/>\nSystem z tym mikroinwerterem mo\u017cna w dowolnym momencie rozbudowa\u0107 o dodatkowe mikroinwertery. Dodatkowy falownik wystarczy pod\u0142\u0105czy\u0107 do istniej\u0105cego mikroinwertera za pomoc\u0105 wtyczki Betteri.<\/p>\n<p><b>Certyfikowany zgodnie z VDE:<\/b><br \/>\nMikroinwerter jest certyfikowany zgodnie z norm\u0105 VDE-AR-N-4105:2018 i mo\u017ce by\u0107 eksploatowany w Niemczech. Zawiera zabezpieczenie NA, wy\u0142\u0105cza si\u0119 natychmiast po od\u0142\u0105czeniu od sieci.<\/p>\n<p><b>WLAN:<\/b><br \/>\nModu\u0142 WLAN jest zintegrowany z mikroinwerterem. Oznacza to, \u017ce do nawi\u0105zania po\u0142\u0105czenia nie jest wymagany \u017caden dodatkowy sprz\u0119t. Dzi\u0119ki aplikacji SOLARMAN mog\u0105 Pa\u0144stwo \u015bledzi\u0107 swoje zyski na \u017cywo oraz wizualizowa\u0107 i analizowa\u0107 je graficznie. Has\u0142o WLAN dla falownika Deye to \"12345678\" i nale\u017cy je wprowadzi\u0107 raz podczas integracji z aplikacj\u0105 Solarman. Do pomiaru energii nie s\u0105 potrzebne \u017cadne inne urz\u0105dzenia!<\/p>\n<p><b>Monta\u017c:<\/b><br \/>\nFalownik ma stopie\u0144 ochrony IP 67 i jest niezwykle wytrzyma\u0142y i trwa\u0142y. Falownik jest po prostu montowany na zewn\u0105trz wraz z modu\u0142em solarnym.<\/p>\n<p><b>Po\u0142\u0105czenie AC:<\/b><br \/>\nW celu pod\u0142\u0105czenia do sieci domowej, po stronie urz\u0105dzenia znajduje si\u0119 wtyczka Betteri do swobodnego monta\u017cu.<\/p>\n<p><b>Wej\u015bcie DC - strona solarna:<\/b><br \/>\nMoc wej\u015bciowa: 210 W - 400 W<br \/>\nMaks. Napi\u0119cie wej\u015bciowe: 60 V DC<br \/>\nMaks. Pr\u0105d wej\u015bciowy: 16 A<br \/>\nSterowanie MPP: Tak<br \/>\nZ\u0142\u0105cza DC: Tak<br \/>\nPo\u0142\u0105czenie: MC4<\/p>\n<p><b>Wyj\u015bcie AC - Wyj\u015bcie sieciowe:<\/b><br \/>\nMoc znamionowa: 600 W (230 V\/50 Hz)<br \/>\nZnamionowe napi\u0119cie wyj\u015bciowe: 230 V<br \/>\nPr\u0105d wyj\u015bciowy: maks. 2.9 A<br \/>\nPo\u0142\u0105czenie: Betteri<\/p>\n<p><b>Urz\u0105dzenie:<\/b><br \/>\nWymiary (wys. x szer. x g\u0142.): 229 x 212 x 40 mm<br \/>\nWaga: 3,5 kg<br \/>\nPob\u00f3r mocy w nocy: &lt; 50 mW<\/p>\n<p><b>Zakres dostawy:<\/b><br \/>\n1x SUN600<br \/>\n1x antena WLAN<br \/>\n1x instrukcja (angielski)<\/p>\n<p><b>Wa\u017cne:<\/b><br \/>\nW przypadku konfigurowania, dostosowywania linii zasilaj\u0105cych \/ domowych linii po\u0142\u0105czeniowych, zalecamy, aby zawsze konsultowa\u0107 si\u0119 z wykwalifikowanym personelem. Firma reichelt elektronik GmbH &amp; Co. KG nie ponosi \u017cadnej odpowiedzialno\u015bci. Prosz\u0119 poinformowa\u0107 si\u0119 przed zakupem i pod\u0142\u0105czeniem.<\/p>\n<div id=\"clipvideo\"><strong>Wi\u0119cej informacji:<\/strong><\/div>\n<div><a href=\"https:\/\/storeyourownpower.com\/wp-content\/uploads\/2022\/12\/Datasheet-English-microinverter.pdf\" target=\"_blank\" rel=\"noopener\">Karta katalogowa Angielski mikroinwerter<\/a><\/div>\n<div><a href=\"https:\/\/storeyourownpower.com\/wp-content\/uploads\/2022\/12\/User-Manual-Deye-microinverter.pdf\" target=\"_blank\" rel=\"noopener\">Instrukcja obs\u0142ugi mikroinwertera Deye<\/a><\/div>\n<\/div>\n<\/div>\n<\/div>\n<\/div>\n<\/div>\n<\/div>\n<\/div>\n<\/div>","protected":false},"excerpt":{"rendered":"<p>DEYE SUN600\/800\/1000G3-US-220\/EU-230 |600-1000W| Jednofazowy | 2 MPPT | Mikroinwerter | Szybkie wy\u0142\u0105czanie Wy\u017csza wydajno\u015b\u0107 \/ Bezpieczny \/ Inteligentny \/ Przyjazny dla u\u017cytkownika SUN 600\/800\/1000G3 to nowa generacja mikroinwerter\u00f3w sieciowych z [...]<\/p>","protected":false},"featured_media":4069,"template":"","meta":{"_seopress_robots_primary_cat":"none","_seopress_titles_title":"DEYE SUN600\/800\/1000G3-US-220\/EU-230 |600-1000W| Single Phase | 2 MPPT | Micro-Inverter | Rapid Shutdown","_seopress_titles_desc":"Get the DEYE SUN600\/800\/1000G3 microinverter for maximum efficiency and safe solar energy production. Supports rapid shutdown and smart monitoring.","_seopress_robots_index":"","_kad_blocks_custom_css":"","_kad_blocks_head_custom_js":"","_kad_blocks_body_custom_js":"","_kad_blocks_footer_custom_js":""},"product_cat":[18],"product_tag":[],"class_list":{"0":"post-4066","1":"product","2":"type-product","3":"status-publish","4":"has-post-thumbnail","6":"product_cat-hybrid-inverters","8":"first","9":"instock","10":"sale","11":"taxable","12":"shipping-taxable","13":"purchasable","14":"product-type-simple"},"taxonomy_info":{"product_cat":[{"value":18,"label":"Hybrid inverters"}]},"featured_image_src_large":["https:\/\/ownpowr.com\/wp-content\/uploads\/2023\/10\/deye-microinveretr.webp",420,420,false],"author_info":[],"comment_info":"","_links":{"self":[{"href":"https:\/\/ownpowr.com\/pl\/wp-json\/wp\/v2\/product\/4066","targetHints":{"allow":["GET"]}}],"collection":[{"href":"https:\/\/ownpowr.com\/pl\/wp-json\/wp\/v2\/product"}],"about":[{"href":"https:\/\/ownpowr.com\/pl\/wp-json\/wp\/v2\/types\/product"}],"wp:featuredmedia":[{"embeddable":true,"href":"https:\/\/ownpowr.com\/pl\/wp-json\/wp\/v2\/media\/4069"}],"wp:attachment":[{"href":"https:\/\/ownpowr.com\/pl\/wp-json\/wp\/v2\/media?parent=4066"}],"wp:term":[{"taxonomy":"product_cat","embeddable":true,"href":"https:\/\/ownpowr.com\/pl\/wp-json\/wp\/v2\/product_cat?post=4066"},{"taxonomy":"product_tag","embeddable":true,"href":"https:\/\/ownpowr.com\/pl\/wp-json\/wp\/v2\/product_tag?post=4066"}],"curies":[{"name":"wp","href":"https:\/\/api.w.org\/{rel}","templated":true}]}}