{"id":418,"date":"2023-10-04T16:42:57","date_gmt":"2023-10-04T14:42:57","guid":{"rendered":"https:\/\/ownpowr.com\/product\/pylontech-force-h1-21-31\/"},"modified":"2025-06-03T11:10:17","modified_gmt":"2025-06-03T09:10:17","slug":"pylontech-force-h1-21-31","status":"publish","type":"product","link":"https:\/\/ownpowr.com\/pl\/product\/pylontech-force-h1-21-31\/","title":{"rendered":"Pylontech Force H1 21.31 V2"},"content":{"rendered":"<p>Przedstawiamy Pa\u0144stwu wysokonapi\u0119ciowy modu\u0142 akumulatorowy Pylontech Force H1 21,31 kWh:<\/p>\n<p><strong>Kluczowe cechy:<\/strong><\/p>\n<ul>\n<li><strong>Konfiguracja baterii:<\/strong> 6 x Modu\u0142y Force H1 3.55 kWh + 1 x Podstawa BMU Force H1<\/li>\n<li><strong>Ca\u0142kowita pojemno\u015b\u0107 u\u017cytkowa:<\/strong> 21,31 kWh<\/li>\n<li><strong>Pionowa integracja przemys\u0142owa:<\/strong> Zapewnia ponad 6000 cykli z g\u0142\u0119boko\u015bci\u0105 roz\u0142adowania 90% (DoD), zapewniaj\u0105c d\u0142ugotrwa\u0142\u0105 wydajno\u015b\u0107.<\/li>\n<li><strong>Modu\u0142owa konstrukcja:<\/strong> Umo\u017cliwia klientom ko\u0144cowym wyb\u00f3r \u017c\u0105danej pojemno\u015bci, dzi\u0119ki czemu mo\u017cna j\u0105 elastycznie skalowa\u0107.<\/li>\n<li><strong>Kompatybilno\u015b\u0107:<\/strong> Kompatybilny z wi\u0119kszo\u015bci\u0105 dost\u0119pnych falownik\u00f3w hybrydowych, zapewniaj\u0105c bezproblemow\u0105 integracj\u0119 z istniej\u0105cymi systemami.<\/li>\n<li><strong>Instalacja skr\u00f3tu:<\/strong> Minimalizuje czas i koszty instalacji, usprawniaj\u0105c proces konfiguracji.<\/li>\n<li><strong>Wszechstronna konstrukcja:<\/strong> Nadaje si\u0119 zar\u00f3wno do instalacji wewn\u0119trznych, jak i zewn\u0119trznych, oferuj\u0105c elastyczno\u015b\u0107 w umieszczaniu.<\/li>\n<\/ul>\n<p><strong>Opis produktu:<\/strong><\/p>\n<p>Pylontech Force H1 to najnowszy modu\u0142 akumulatorowy High Energy Storage System (HESS) zaprojektowany w celu zaspokojenia zmieniaj\u0105cych si\u0119 potrzeb u\u017cytkownik\u00f3w ko\u0144cowych. Posiada on kilka kluczowych cech, kt\u00f3re go wyr\u00f3\u017cniaj\u0105:<\/p>\n<ul>\n<li><strong>D\u0142uga \u017cywotno\u015b\u0107:<\/strong> Charakter \"d\u0142ugiej \u017cywotno\u015bci\" zapewnia trwa\u0142o\u015b\u0107 systemu, czyni\u0105c go niezawodnym wyborem dla d\u0142ugoterminowych potrzeb magazynowania energii.<\/li>\n<li><strong>Wysoka g\u0119sto\u015b\u0107 energii i mocy:<\/strong> Force H1 oferuje najwy\u017csz\u0105 g\u0119sto\u015b\u0107 energii i mocy w bran\u017cy, maksymalizuj\u0105c pojemno\u015b\u0107 magazynowania energii w kompaktowej obudowie.<\/li>\n<li><strong>\u0141atwo\u015b\u0107 instalacji:<\/strong> System zosta\u0142 zaprojektowany z my\u015bl\u0105 o \u0142atwej instalacji i rozbudowie, upraszczaj\u0105c proces konfiguracji dla u\u017cytkownik\u00f3w ko\u0144cowych.<\/li>\n<li><strong>Skalowalno\u015b\u0107:<\/strong> U\u017cytkownicy mog\u0105 zacz\u0105\u0107 od zaledwie 2 modu\u0142\u00f3w baterii Force H1 i rozszerzy\u0107 je, dodaj\u0105c wi\u0119cej modu\u0142\u00f3w p\u00f3\u017aniej, oferuj\u0105c skalowalno\u015b\u0107, aby sprosta\u0107 zmieniaj\u0105cym si\u0119 wymaganiom energetycznym.<\/li>\n<li><strong>Gwarancja producenta:<\/strong> Produkt obj\u0119ty jest 10-letni\u0105 gwarancj\u0105 producenta, co zapewnia spok\u00f3j ducha i niezawodno\u015b\u0107 produktu. Do aktywacji gwarancji wymagana jest rejestracja, a szczeg\u00f3\u0142y mo\u017cna znale\u017a\u0107 na stronie producenta.<\/li>\n<\/ul>\n<p>Pylontech Force H1 to idealny wyb\u00f3r dla domowych i komercyjnych rozwi\u0105za\u0144 magazynowania energii. Jego wszechstronna konstrukcja, wysoka wydajno\u015b\u0107 i skalowalno\u015b\u0107 sprawiaj\u0105, \u017ce jest on cennym dodatkiem do ka\u017cdego systemu zarz\u0105dzania energi\u0105. Niezale\u017cnie od tego, czy chodzi o zasilanie awaryjne podczas awarii, czy optymalizacj\u0119 zu\u017cycia energii, Force H1 zapewnia niezawodne i wydajne rozwi\u0105zanie do magazynowania energii.<\/p>\n<p><a href=\"https:\/\/storeyourownpower.com\/wp-content\/uploads\/2022\/10\/Datasheet-English-2.pdf\" target=\"_blank\" rel=\"noopener\">Karta katalogowa w j\u0119zyku angielskim<\/a><br \/>\n<a href=\"https:\/\/storeyourownpower.com\/wp-content\/uploads\/2022\/10\/Compatibility-list-English.pdf\" target=\"_blank\" rel=\"noopener\">Lista kompatybilno\u015bci w j\u0119zyku angielskim<\/a><br \/>\n<a href=\"https:\/\/storeyourownpower.com\/wp-content\/uploads\/2022\/10\/Operation-manual-English.pdf\" target=\"_blank\" rel=\"noopener\">Instrukcja obs\u0142ugi w j\u0119zyku angielskim<\/a><br \/>\n<a href=\"https:\/\/storeyourownpower.com\/wp-content\/uploads\/2022\/10\/Consumer-Warranty.pdf\" target=\"_blank\" rel=\"noopener\">Gwarancja konsumencka<\/a><\/p>","protected":false},"excerpt":{"rendered":"<p>Przedstawiamy Pa\u0144stwu wysokonapi\u0119ciowy modu\u0142 akumulatorowy Pylontech Force H1 21,31 kWh: Kluczowe cechy: Konfiguracja baterii: 6 x Modu\u0142y Force H1 3,55 kWh + 1 x Podstawa BMU Force H1 \u0141\u0105cznie [...]<\/p>","protected":false},"featured_media":419,"template":"","meta":{"_seopress_robots_primary_cat":"none","_seopress_titles_title":"Pylontech Force H1 21.31kWh Battery Module - High Voltage","_seopress_titles_desc":"The latest HESS battery system with long life, highest energy density, easy installation, and compatibility with most hybrid inverters.","_seopress_robots_index":"","_kad_blocks_custom_css":"","_kad_blocks_head_custom_js":"","_kad_blocks_body_custom_js":"","_kad_blocks_footer_custom_js":""},"product_cat":[17],"product_tag":[],"class_list":{"0":"post-418","1":"product","2":"type-product","3":"status-publish","4":"has-post-thumbnail","6":"product_cat-home-batteries","8":"first","9":"instock","10":"sale","11":"taxable","12":"shipping-taxable","13":"purchasable","14":"product-type-simple"},"taxonomy_info":{"product_cat":[{"value":17,"label":"Home batteries"}]},"featured_image_src_large":["https:\/\/ownpowr.com\/wp-content\/uploads\/2022\/11\/Pylontech-Force-H1-10501-img-1.jpg",553,371,false],"author_info":[],"comment_info":"","_links":{"self":[{"href":"https:\/\/ownpowr.com\/pl\/wp-json\/wp\/v2\/product\/418","targetHints":{"allow":["GET"]}}],"collection":[{"href":"https:\/\/ownpowr.com\/pl\/wp-json\/wp\/v2\/product"}],"about":[{"href":"https:\/\/ownpowr.com\/pl\/wp-json\/wp\/v2\/types\/product"}],"wp:featuredmedia":[{"embeddable":true,"href":"https:\/\/ownpowr.com\/pl\/wp-json\/wp\/v2\/media\/419"}],"wp:attachment":[{"href":"https:\/\/ownpowr.com\/pl\/wp-json\/wp\/v2\/media?parent=418"}],"wp:term":[{"taxonomy":"product_cat","embeddable":true,"href":"https:\/\/ownpowr.com\/pl\/wp-json\/wp\/v2\/product_cat?post=418"},{"taxonomy":"product_tag","embeddable":true,"href":"https:\/\/ownpowr.com\/pl\/wp-json\/wp\/v2\/product_tag?post=418"}],"curies":[{"name":"wp","href":"https:\/\/api.w.org\/{rel}","templated":true}]}}