{"id":429,"date":"2023-10-04T16:42:58","date_gmt":"2023-10-04T14:42:58","guid":{"rendered":"https:\/\/ownpowr.com\/product\/pylontech-force-h1-3-55kwh-battery\/"},"modified":"2025-03-27T12:51:37","modified_gmt":"2025-03-27T10:51:37","slug":"pylontech-force-h1-3-55kwh-battery","status":"publish","type":"product","link":"https:\/\/ownpowr.com\/pl\/product\/akumulator-pylontech-force-h1-3-55kwh\/","title":{"rendered":"Pylontech force H1 Akumulator 3,55 kWh V2"},"content":{"rendered":"<h3>Pylontech Force H1 3.55kWh Modu\u0142 baterii - Wysokie napi\u0119cie<\/h3>\n<p>Force H1 to najnowszy system baterii HESS dostarczany przez Pylontech. \"D\u0142uga \u017cywotno\u015b\u0107\", najwy\u017csza g\u0119sto\u015b\u0107 energii i mocy w bran\u017cy, modny design, \u0142atwo\u015b\u0107 instalacji i rozbudowy - wszystko to odzwierciedla rzeczywiste wymagania u\u017cytkownik\u00f3w ko\u0144cowych i najwi\u0119ksze mo\u017cliwo\u015bci techniczne Pylontech.<\/p>\n<p>Modu\u0142 baterii Pylontech Force H1 3,55 kWh do z\u0142o\u017cenia 1 stosu Force H1 z 2 do 7 modu\u0142\u00f3w baterii Force H1 po\u0142\u0105czonych szeregowo w celu uzyskania pojemno\u015bci u\u017cytkowej od 7,1 do 24,86 kWh. Mo\u017cliwo\u015b\u0107 rozbudowy poprzez p\u00f3\u017aniejsze dodanie modu\u0142\u00f3w Force H1<\/p>\n<p>Pionowa integracja przemys\u0142owa zapewnia ponad 6000 cykli z 90% DoD<\/p>\n<p>Modu\u0142owa konstrukcja umo\u017cliwia klientom ko\u0144cowym wyb\u00f3r wydajno\u015bci<\/p>\n<p>Kompatybilno\u015b\u0107 z wi\u0119kszo\u015bci\u0105 dost\u0119pnych falownik\u00f3w hybrydowych<\/p>\n<p>Szybkie od\u0142\u0105czanie minimalizuje czas i koszty instalacji<\/p>\n<p>\u0141adny design - pasuje zar\u00f3wno do instalacji wewn\u0119trznych, jak i zewn\u0119trznych<\/p>\n<p>*10 lat gwarancji producenta po pomy\u015blnej rejestracji na stronie <a href=\"http:\/\/en.pylontech.com.cn\/service\/support\">http:\/\/en.pylontech.com.cn\/service\/support<\/a> oraz zgodnie z warunkami okre\u015blonymi w dokumencie \"Ograniczona gwarancja\" powi\u0105zanym z tym produktem.<\/p>\n<p><a href=\"https:\/\/storeyourownpower.com\/wp-content\/uploads\/2022\/10\/Datasheet-English-2.pdf\" target=\"_blank\" rel=\"noopener\">Karta katalogowa w j\u0119zyku angielskim<\/a><br \/>\n<a href=\"https:\/\/storeyourownpower.com\/wp-content\/uploads\/2022\/10\/Compatibility-list-English.pdf\" target=\"_blank\" rel=\"noopener\">Lista kompatybilno\u015bci w j\u0119zyku angielskim<\/a><br \/>\n<a href=\"https:\/\/storeyourownpower.com\/wp-content\/uploads\/2022\/10\/Operation-manual-English.pdf\" target=\"_blank\" rel=\"noopener\">Instrukcja obs\u0142ugi w j\u0119zyku angielskim<\/a><br \/>\n<a href=\"https:\/\/storeyourownpower.com\/wp-content\/uploads\/2022\/10\/Consumer-Warranty.pdf\" target=\"_blank\" rel=\"noopener\">Gwarancja konsumencka<\/a><\/p>","protected":false},"excerpt":{"rendered":"<p>Pylontech Force H1 3.55kWh Modu\u0142 baterii - Wysokie napi\u0119cie Force H1 to najnowszy system baterii HESS dostarczany przez Pylontech. Charakter \"d\u0142ugiej \u017cywotno\u015bci\", najwy\u017csza energia i moc [...]<\/p>","protected":false},"featured_media":430,"template":"","meta":{"_seopress_robots_primary_cat":"none","_seopress_titles_title":"Pylontech Force H1 3.55kWh Battery Module - High Voltage","_seopress_titles_desc":"The latest HESS battery system with industry-leading features. Easily expandable, high energy density, and compatible with most hybrid inverters. 10-year warranty.","_seopress_robots_index":"","_kad_blocks_custom_css":"","_kad_blocks_head_custom_js":"","_kad_blocks_body_custom_js":"","_kad_blocks_footer_custom_js":""},"product_cat":[17],"product_tag":[],"class_list":{"0":"post-429","1":"product","2":"type-product","3":"status-publish","4":"has-post-thumbnail","6":"product_cat-home-batteries","8":"first","9":"instock","10":"sale","11":"taxable","12":"shipping-taxable","13":"purchasable","14":"product-type-simple"},"taxonomy_info":{"product_cat":[{"value":17,"label":"Home batteries"}]},"featured_image_src_large":["https:\/\/ownpowr.com\/wp-content\/uploads\/2022\/11\/Pylontech-Force-H1-3.55kWh-Battery-Module-10484-img.png",553,347,false],"author_info":[],"comment_info":"","_links":{"self":[{"href":"https:\/\/ownpowr.com\/pl\/wp-json\/wp\/v2\/product\/429","targetHints":{"allow":["GET"]}}],"collection":[{"href":"https:\/\/ownpowr.com\/pl\/wp-json\/wp\/v2\/product"}],"about":[{"href":"https:\/\/ownpowr.com\/pl\/wp-json\/wp\/v2\/types\/product"}],"wp:featuredmedia":[{"embeddable":true,"href":"https:\/\/ownpowr.com\/pl\/wp-json\/wp\/v2\/media\/430"}],"wp:attachment":[{"href":"https:\/\/ownpowr.com\/pl\/wp-json\/wp\/v2\/media?parent=429"}],"wp:term":[{"taxonomy":"product_cat","embeddable":true,"href":"https:\/\/ownpowr.com\/pl\/wp-json\/wp\/v2\/product_cat?post=429"},{"taxonomy":"product_tag","embeddable":true,"href":"https:\/\/ownpowr.com\/pl\/wp-json\/wp\/v2\/product_tag?post=429"}],"curies":[{"name":"wp","href":"https:\/\/api.w.org\/{rel}","templated":true}]}}