{"id":4519,"date":"2023-11-01T11:34:21","date_gmt":"2023-11-01T09:34:21","guid":{"rendered":"https:\/\/ownpowr.com\/?post_type=product&#038;p=4519"},"modified":"2026-04-16T13:25:20","modified_gmt":"2026-04-16T11:25:20","slug":"deye-gb-lm4-0-battery-module","status":"publish","type":"product","link":"https:\/\/ownpowr.com\/pl\/product\/modul-baterii-deye-gb-lm4-0\/","title":{"rendered":"Modu\u0142 baterii Deye GB-LM4.0"},"content":{"rendered":"<p>Modu\u0142 akumulatora wysokonapi\u0119ciowego Deye GB-LM4.0 mo\u017cna uk\u0142ada\u0107 jeden na drugim (patrz arkusz danych) w urz\u0105dzeniach serii GB-SL i GB-L deye.<\/p>\n<p>GB-LM4.0 Modu\u0142 akumulatorowy do baterii wysokonapi\u0119ciowej GB-L 4kWh (HV) LiFePO4 | 40ah bateria s\u0142oneczna<br \/>\n<strong>Bezpiecze\u0144stwo i ochrona<\/strong><br \/>\nWbudowane urz\u0105dzenie przeciwwybuchowe do usuwania gazu i wbudowane urz\u0105dzenie przeciwpo\u017carowe do wy\u0142\u0105czania \u017ar\u00f3d\u0142a ognia na 3 sekundy.<br \/>\n<strong>Stos wysokiego napi\u0119cia<\/strong><br \/>\nModu\u0142y s\u0105 po\u0142\u0105czone szeregowo bez po\u0142\u0105czenia kablowego, a platforma wysokiego napi\u0119cia poprawia wydajno\u015b\u0107 systemu.<br \/>\n<strong>Zarz\u0105dzanie termiczne<\/strong><br \/>\nWykrywanie temperatury kluczowych cz\u0119\u015bci, ogniw, z\u0142\u0105czy zasilania itp.<br \/>\n<strong>Dzia\u0142anie w szerokim zakresie temperatur<\/strong><br \/>\nFunkcja ogrzewania jest opcjonalna, aby sprosta\u0107 scenariuszom aplikacji z nisk\u0105 temperatur\u0105 i nosense.<br \/>\n<strong>Przyjazno\u015b\u0107 dla \u015brodowiska<\/strong><br \/>\nStopie\u0144 ochrony IP 65, stopie\u0144 ochrony przed korozj\u0105 \u2265C2, bateria chroni\u0105ca \u015brodowisko<br \/>\n<strong>Inteligentny i wizualny<\/strong><br \/>\nObs\u0142uguje zdaln\u0105 aktualizacj\u0119, ostrze\u017cenia o stanie baterii w czasie rzeczywistym i wy\u015bwietlanie danych na wy\u015bwietlaczu LCD.<\/p>\n<p>Informacje og\u00f3lne:<\/p>\n<p>Typ akumulatora: LiFePO4(LFP)<br \/>\nNapi\u0119cie nominalne: 102,4 V DC<br \/>\nPojemno\u015b\u0107 znamionowa: 40 Ah<br \/>\nEnergia znamionowa: 4,09 kWh<br \/>\nMaks. Pr\u0105d \u0142adowania\/roz\u0142adowania: 40A<br \/>\nSzczytowy pr\u0105d \u0142adowania\/roz\u0142adowania: 50A<br \/>\nTemperatura \u0142adowania: 0~55\u00b0C<br \/>\nTemperatura roz\u0142adowania: -20\u00b0C~55\u00b0C<br \/>\nTemperatura przechowywania: 0\u00b0C~35\u00b0C<br \/>\nStopie\u0144 ochrony: IP65<br \/>\nWymiar (szer.\/g\u0142.\/wys.): 540*385*220 mm<br \/>\nPrzybli\u017cona waga: 39 kg<\/p>\n<p><a href=\"https:\/\/ownpowr.com\/wp-content\/uploads\/2023\/11\/datasheet-gb-sl-eu.pdf\" target=\"_blank\" rel=\"noopener\">Karta katalogowa GB-SL-EU<\/a><\/p>\n<p>&nbsp;<\/p>","protected":false},"excerpt":{"rendered":"<p>Modu\u0142 baterii wysokiego napi\u0119cia Deye GB-LM4.0 mo\u017cna uk\u0142ada\u0107 w stosy (patrz arkusz danych) w serii GB-SL i GB-L deye. GB-LM4.0 Modu\u0142 baterii dla klastra baterii wysokiego napi\u0119cia GB-L 4kWh (HV) LiFePO4 [...]<\/p>","protected":false},"featured_media":4528,"template":"","meta":{"_seopress_robots_primary_cat":"none","_seopress_titles_title":"Deye GB-LM4.0 High Voltage, Stackable LiFePO4 Battery Module","_seopress_titles_desc":"Discover the stackable high-voltage GB-LM4.0 battery module by Deye featuring LiFePO4(LFP) type, 102.4Vdc voltage, 40Ah capacity, and 4.09kWh energy.","_seopress_robots_index":"","_kad_blocks_custom_css":"","_kad_blocks_head_custom_js":"","_kad_blocks_body_custom_js":"","_kad_blocks_footer_custom_js":""},"product_cat":[17],"product_tag":[],"class_list":{"0":"post-4519","1":"product","2":"type-product","3":"status-publish","4":"has-post-thumbnail","6":"product_cat-home-batteries","8":"first","9":"instock","10":"sale","11":"taxable","12":"shipping-taxable","13":"purchasable","14":"product-type-simple"},"taxonomy_info":{"product_cat":[{"value":17,"label":"Home batteries"}]},"featured_image_src_large":["https:\/\/ownpowr.com\/wp-content\/uploads\/2023\/11\/gb-lm4.0.jpg",550,322,false],"author_info":[],"comment_info":"","_links":{"self":[{"href":"https:\/\/ownpowr.com\/pl\/wp-json\/wp\/v2\/product\/4519","targetHints":{"allow":["GET"]}}],"collection":[{"href":"https:\/\/ownpowr.com\/pl\/wp-json\/wp\/v2\/product"}],"about":[{"href":"https:\/\/ownpowr.com\/pl\/wp-json\/wp\/v2\/types\/product"}],"wp:featuredmedia":[{"embeddable":true,"href":"https:\/\/ownpowr.com\/pl\/wp-json\/wp\/v2\/media\/4528"}],"wp:attachment":[{"href":"https:\/\/ownpowr.com\/pl\/wp-json\/wp\/v2\/media?parent=4519"}],"wp:term":[{"taxonomy":"product_cat","embeddable":true,"href":"https:\/\/ownpowr.com\/pl\/wp-json\/wp\/v2\/product_cat?post=4519"},{"taxonomy":"product_tag","embeddable":true,"href":"https:\/\/ownpowr.com\/pl\/wp-json\/wp\/v2\/product_tag?post=4519"}],"curies":[{"name":"wp","href":"https:\/\/api.w.org\/{rel}","templated":true}]}}