{"id":4588,"date":"2023-11-01T15:23:32","date_gmt":"2023-11-01T13:23:32","guid":{"rendered":"https:\/\/ownpowr.com\/?post_type=product&#038;p=4588"},"modified":"2025-02-27T11:22:43","modified_gmt":"2025-02-27T09:22:43","slug":"deye-gb-l-16-36-kwh","status":"publish","type":"product","link":"https:\/\/ownpowr.com\/pl\/product\/deye-gb-l-16-36-kwh\/","title":{"rendered":"Deye GB-L-16,36 kWh"},"content":{"rendered":"<p>Deye GB-L-16.36 kWh to akumulator z bms z serii wysokonapi\u0119ciowej GB-L deye.<\/p>\n<p>Zestaw zawiera:<br \/>\n4x GB-LM4.0<br \/>\n1x GB-LBS<br \/>\n1x GB-LBase<\/p>\n<p>GB-LM16.36 Modu\u0142 akumulatorowy do akumulatora wysokonapi\u0119ciowego GB-L 4kWh (HV) LiFePO4 | 40ah bateria s\u0142oneczna<br \/>\n<strong>Bezpiecze\u0144stwo i ochrona<\/strong><br \/>\nWbudowane urz\u0105dzenie przeciwwybuchowe do usuwania gazu i wbudowane urz\u0105dzenie przeciwpo\u017carowe do wy\u0142\u0105czania \u017ar\u00f3d\u0142a ognia na 3 sekundy.<br \/>\n<strong>Stos wysokiego napi\u0119cia<\/strong><br \/>\nModu\u0142y s\u0105 po\u0142\u0105czone szeregowo bez po\u0142\u0105czenia kablowego, a platforma wysokiego napi\u0119cia poprawia wydajno\u015b\u0107 systemu.<br \/>\n<strong>Zarz\u0105dzanie termiczne<\/strong><br \/>\nWykrywanie temperatury kluczowych cz\u0119\u015bci, ogniw, z\u0142\u0105czy zasilania itp.<br \/>\n<strong>Dzia\u0142anie w szerokim zakresie temperatur<\/strong><br \/>\nFunkcja ogrzewania jest opcjonalna, aby sprosta\u0107 scenariuszom aplikacji z nisk\u0105 temperatur\u0105 i nosense.<br \/>\n<strong>Przyjazno\u015b\u0107 dla \u015brodowiska<\/strong><br \/>\nStopie\u0144 ochrony IP 65, stopie\u0144 ochrony przed korozj\u0105 \u2265C2, bateria chroni\u0105ca \u015brodowisko<br \/>\n<strong>Inteligentny i wizualny<\/strong><br \/>\nObs\u0142uguje zdaln\u0105 aktualizacj\u0119, ostrze\u017cenia o stanie baterii w czasie rzeczywistym i wy\u015bwietlanie danych na wy\u015bwietlaczu LCD.<\/p>\n<p>&nbsp;<\/p>\n<p><a href=\"https:\/\/ownpowr.com\/wp-content\/uploads\/2023\/11\/gb-l-v1.3.pdf\" target=\"_blank\" rel=\"noopener\">GB-L-V1.3<\/a><\/p>","protected":false},"excerpt":{"rendered":"<p>Deye GB-L-16.36 kWh to akumulator z bms z serii wysokonapi\u0119ciowej GB-L deye. Zestaw zawiera: 4x GB-LM4.0 1x GB-LBS 1x GB-LBase GB-LM16.36 Modu\u0142 baterii do klastra [...]<\/p>","protected":false},"featured_media":4592,"template":"","meta":{"_seopress_robots_primary_cat":"none","_seopress_titles_title":"High-Efficiency Deye GB-L-16.36 kWh Battery with BMS","_seopress_titles_desc":"Discover Deye GB-L-16.36 kWh - a high-voltage, environmentally friendly battery with BMS. Enhanced safety measures, thermal management, and remote upgrades.","_seopress_robots_index":"","_kad_blocks_custom_css":"","_kad_blocks_head_custom_js":"","_kad_blocks_body_custom_js":"","_kad_blocks_footer_custom_js":""},"product_cat":[17],"product_tag":[],"class_list":{"0":"post-4588","1":"product","2":"type-product","3":"status-publish","4":"has-post-thumbnail","6":"product_cat-home-batteries","8":"first","9":"instock","10":"sale","11":"taxable","12":"shipping-taxable","13":"purchasable","14":"product-type-simple"},"taxonomy_info":{"product_cat":[{"value":17,"label":"Home batteries"}]},"featured_image_src_large":["https:\/\/ownpowr.com\/wp-content\/uploads\/2023\/11\/image-5.png",1000,1000,false],"author_info":[],"comment_info":"","_links":{"self":[{"href":"https:\/\/ownpowr.com\/pl\/wp-json\/wp\/v2\/product\/4588","targetHints":{"allow":["GET"]}}],"collection":[{"href":"https:\/\/ownpowr.com\/pl\/wp-json\/wp\/v2\/product"}],"about":[{"href":"https:\/\/ownpowr.com\/pl\/wp-json\/wp\/v2\/types\/product"}],"wp:featuredmedia":[{"embeddable":true,"href":"https:\/\/ownpowr.com\/pl\/wp-json\/wp\/v2\/media\/4592"}],"wp:attachment":[{"href":"https:\/\/ownpowr.com\/pl\/wp-json\/wp\/v2\/media?parent=4588"}],"wp:term":[{"taxonomy":"product_cat","embeddable":true,"href":"https:\/\/ownpowr.com\/pl\/wp-json\/wp\/v2\/product_cat?post=4588"},{"taxonomy":"product_tag","embeddable":true,"href":"https:\/\/ownpowr.com\/pl\/wp-json\/wp\/v2\/product_tag?post=4588"}],"curies":[{"name":"wp","href":"https:\/\/api.w.org\/{rel}","templated":true}]}}