{"id":4738,"date":"2023-12-15T10:29:33","date_gmt":"2023-12-15T08:29:33","guid":{"rendered":"https:\/\/ownpowr.com\/?post_type=product&#038;p=4738"},"modified":"2024-10-16T15:47:54","modified_gmt":"2024-10-16T13:47:54","slug":"deye-gb-sl-12k-hybrid-inverter-and-8-18kwh-gb-lm4-0-battery-module","status":"publish","type":"product","link":"https:\/\/ownpowr.com\/pl\/product\/falownik-hybrydowy-deye-gb-sl-12k-i-modul-baterii-8-18kwh-gb-lm4-0\/","title":{"rendered":"Falownik hybrydowy Deye GB-SL 12K + modu\u0142 baterii GB-LM4.0 o mocy 8,18 kWh"},"content":{"rendered":"<p>Falownik hybrydowy Deye GB-SL 12K i modu\u0142 akumulatorowy GB-LM4.0 o pojemno\u015bci 8,18 kWh to zestaw typu \"wszystko w jednym\".<\/p>\n<p>Zestaw zawiera:<br \/>\n1 x GB-S12K<br \/>\n2 x GB-LM4.0<br \/>\n1 x GB-LB<br \/>\n1 x GB-LBase<\/p>\n<p>GB-SL(HV)<br \/>\nWSZYSTKO W JEDNYM<br \/>\nZintegrowana konstrukcja, pi\u0119kny wygl\u0105d i integracja sceny<br \/>\nMaksymalna moc wyj\u015bciowa: 100% wyj\u015bcie niezbalansowane, ka\u017cda faza; Maks. moc wyj\u015bciowa do 50% moc znamionowa<br \/>\nMaksymalne po\u0142\u0105czenie: maks. 10 sztuk r\u00f3wnolegle do pracy w sieci i poza ni\u0105<br \/>\nWi\u0119cej wsparcia: Wsparcie magazynowania energii z generatora diesla<br \/>\nStos wysokiego napi\u0119cia: Modu\u0142y s\u0105 po\u0142\u0105czone szeregowo bez po\u0142\u0105czenia kablowego, a platforma wysokiego napi\u0119cia poprawia wydajno\u015b\u0107 systemu<br \/>\nZarz\u0105dzanie temperatur\u0105: Wykrywanie temperatury kluczowych cz\u0119\u015bci, ogniwa, wtyczki zasilania itp.<br \/>\nSzeroki zakres temperatur pracy: Funkcja ogrzewania jest opcjonalna, aby sprosta\u0107 scenariuszom zastosowa\u0144 z nisk\u0105 temperatur\u0105 i bez wyczucia<\/p>\n<p><a href=\"https:\/\/ownpowr.com\/wp-content\/uploads\/2023\/11\/datasheet-gb-sl-eu.pdf\" target=\"_blank\" rel=\"noopener\">Karta katalogowa GB-SL-EU<\/a><\/p>","protected":false},"excerpt":{"rendered":"<p>Falownik hybrydowy Deye GB-SL 12K i modu\u0142 akumulatorowy GB-LM4.0 o pojemno\u015bci 8,18 kWh to zestaw typu \"wszystko w jednym\". Zestaw zawiera: 1 x GB-S12K 2 x GB-LM4.0 1 x GB-LB 1 [...]<\/p>","protected":false},"featured_media":4742,"template":"","meta":{"_seopress_robots_primary_cat":"none","_seopress_titles_title":"Deye GB-SL 12K hybrid inverter and 8.18kWh GB-LM4.0 Battery","_seopress_titles_desc":"Maximize output with the Deye GB-SL 12K hybrid inverter & 8.18 kWh GB-LM4.0 battery module. Supports energy storage from a diesel generator. Improved efficiency!","_seopress_robots_index":"","_kad_blocks_custom_css":"","_kad_blocks_head_custom_js":"","_kad_blocks_body_custom_js":"","_kad_blocks_footer_custom_js":""},"product_cat":[17,19],"product_tag":[],"class_list":{"0":"post-4738","1":"product","2":"type-product","3":"status-publish","4":"has-post-thumbnail","6":"product_cat-home-batteries","7":"product_cat-sets-with-inverters","9":"first","10":"instock","11":"sale","12":"taxable","13":"shipping-taxable","14":"purchasable","15":"product-type-simple"},"taxonomy_info":{"product_cat":[{"value":17,"label":"Home batteries"},{"value":19,"label":"Sets with inverters"}]},"featured_image_src_large":["https:\/\/ownpowr.com\/wp-content\/uploads\/2023\/11\/image-4-1.png",300,300,false],"author_info":[],"comment_info":"","_links":{"self":[{"href":"https:\/\/ownpowr.com\/pl\/wp-json\/wp\/v2\/product\/4738","targetHints":{"allow":["GET"]}}],"collection":[{"href":"https:\/\/ownpowr.com\/pl\/wp-json\/wp\/v2\/product"}],"about":[{"href":"https:\/\/ownpowr.com\/pl\/wp-json\/wp\/v2\/types\/product"}],"wp:featuredmedia":[{"embeddable":true,"href":"https:\/\/ownpowr.com\/pl\/wp-json\/wp\/v2\/media\/4742"}],"wp:attachment":[{"href":"https:\/\/ownpowr.com\/pl\/wp-json\/wp\/v2\/media?parent=4738"}],"wp:term":[{"taxonomy":"product_cat","embeddable":true,"href":"https:\/\/ownpowr.com\/pl\/wp-json\/wp\/v2\/product_cat?post=4738"},{"taxonomy":"product_tag","embeddable":true,"href":"https:\/\/ownpowr.com\/pl\/wp-json\/wp\/v2\/product_tag?post=4738"}],"curies":[{"name":"wp","href":"https:\/\/api.w.org\/{rel}","templated":true}]}}