{"id":48392,"date":"2024-03-29T11:50:45","date_gmt":"2024-03-29T09:50:45","guid":{"rendered":"https:\/\/ownpowr.com\/?post_type=product&#038;p=48392"},"modified":"2025-01-31T10:48:27","modified_gmt":"2025-01-31T08:48:27","slug":"blauhoff-home-8k-11-4-kwh-3-fase-systeem-slim-line-ip65","status":"publish","type":"product","link":"https:\/\/ownpowr.com\/pl\/product\/blauhoff-home-8k-11-4-kwh-3-fase-system-slim-line-ip65\/","title":{"rendered":"Blauhoff Home 8K\/11,4 kWh 3-fazowy system Slim Line IP65"},"content":{"rendered":"<p>Blauhoff Home 8K\/11kWh 3-fazowy system Slim Line IP65 17 cm cienki Outdoor\/Indoor!<\/p>\n<p>Super cienki 3-fazowy system Blauhoff Home 8K\/11kWh renomowanej marki Blauhoff oferuje niezawodne i wydajne rozwi\u0105zanie do magazynowania energii w gospodarstwach domowych o \u015brednim zu\u017cyciu energii. Dzi\u0119ki temu pot\u0119\u017cnemu systemowi mog\u0105 Pa\u0144stwo zoptymalizowa\u0107 efektywno\u015b\u0107 energetyczn\u0105 swojego domu, zmniejszy\u0107 zale\u017cno\u015b\u0107 od sieci i skorzysta\u0107 z zasilania awaryjnego w przypadku przerw w dostawie pr\u0105du. Co wi\u0119cej, system ten jest dostarczany z bezp\u0142atnym monta\u017cem, zapewniaj\u0105c bezproblemow\u0105 instalacj\u0119.<\/p>\n<p>Falownik ma d\u0142ugo\u015b\u0107 780 mm i wa\u017cy 33,6 kg. Dodatkowy przew\u00f3d o d\u0142ugo\u015bci 300 mm mi\u0119dzy falownikiem a akumulatorem pozwala okre\u015bli\u0107 optymalne umiejscowienie dla Pa\u0144stwa systemu, zapewniaj\u0105c wydajny transfer energii i minimalne straty energii.<\/p>\n<p>System akumulator\u00f3w Blauhoff jest wytrzyma\u0142y, kompaktowy i p\u0142aski, o wymiarach 670 mm x 900 mm x 170 mm i wadze 90 kg. Akumulator ma pojemno\u015b\u0107 11 kWh, co pozwala na przechowywanie nadmiaru energii generowanej przez panele s\u0142oneczne lub inne \u017ar\u00f3d\u0142a energii. W okresach, gdy nie ma produkcji energii, mo\u017cna wykorzysta\u0107 zmagazynowan\u0105 energi\u0119 do pokrycia zu\u017cycia energii, zmniejszaj\u0105c zale\u017cno\u015b\u0107 od sieci i jeszcze bardziej obni\u017caj\u0105c koszty energii. Wszystko to odbywa si\u0119 automatycznie w po\u0142\u0105czeniu z dynamiczn\u0105 umow\u0105 energetyczn\u0105. Dzi\u0119ki temu mog\u0105 Pa\u0144stwo korzysta\u0107 z taniej energii w nocy w zimie i u\u017cywa\u0107 jej przez ca\u0142y dzie\u0144, a w lecie korzysta\u0107 z darmowego \u0142adowania po po\u0142udniu i u\u017cywa\u0107 jej wieczorem oraz \u0142adowa\u0107 ni\u0105 samoch\u00f3d rano lub w nocy.<\/p>\n<p>3-fazowy system Home 8K\/11kWh jest zalecany dla gospodarstw domowych o \u015brednim rocznym zu\u017cyciu energii wynosz\u0105cym oko\u0142o 4000 kWh. Dzi\u0119ki mocy wyj\u015bciowej 8 kW mog\u0105 Pa\u0144stwo pokry\u0107 znaczn\u0105 cz\u0119\u015b\u0107 swojego zapotrzebowania na energi\u0119, korzystaj\u0105c z wytworzonej energii s\u0142onecznej i energii zgromadzonej w akumulatorze. Ponadto system ten zapewnia zasilanie awaryjne, dzi\u0119ki czemu wa\u017cne urz\u0105dzenia mog\u0105 nadal dzia\u0142a\u0107 podczas przerw w dostawie pr\u0105du, a codzienne czynno\u015bci mog\u0105 by\u0107 kontynuowane bez zak\u0142\u00f3ce\u0144.<\/p>\n<p>3-fazowy system Slim Line Blauhoff Home 8K\/11kWh zosta\u0142 zaprojektowany z my\u015bl\u0105 o elastyczno\u015bci. Jest wyposa\u017cony w port generatora\/wiatraka, co daje mo\u017cliwo\u015b\u0107 dodania dodatkowych \u017ar\u00f3de\u0142 zasilania i dalszego zwi\u0119kszenia niezale\u017cno\u015bci energetycznej. Przy minimalnym pod\u0142\u0105czeniu 3x25A i odpowiednim dla konfiguracji 3-fazowych, system ten jest kompatybilny z wi\u0119kszo\u015bci\u0105 domowych sieci energetycznych.<\/p>\n<p>Dzi\u0119ki bezp\u0142atnemu monta\u017cowi mog\u0105 Pa\u0144stwo polega\u0107 na profesjonalnej instalacji, kt\u00f3ra zapewni optymalne dzia\u0142anie systemu od pierwszej chwili i pozwoli cieszy\u0107 si\u0119 bezproblemowym u\u017cytkowaniem.<\/p>\n<p>Prosz\u0119 przej\u015b\u0107 na bardziej wydajne i zr\u00f3wnowa\u017cone \u017ar\u00f3d\u0142a energii dzi\u0119ki 3-fazowemu systemowi Blauhoff Home 8K\/11kWh. Dzi\u0119ki wydajnemu magazynowaniu energii, zasilaniu awaryjnemu i elastyczno\u015bci w zakresie \u017ar\u00f3de\u0142 energii, mog\u0105 Pa\u0144stwo polega\u0107 na niezawodnym zasilaniu, uzyska\u0107 oszcz\u0119dno\u015bci koszt\u00f3w i zmniejszy\u0107 sw\u00f3j \u015blad w\u0119glowy. Prosz\u0119 wybra\u0107 Blauhoff i przygotowa\u0107 sw\u00f3j dom na przysz\u0142e potrzeby energetyczne.<\/p>\n<p>&nbsp;<\/p>\n<p><a href=\"https:\/\/blauhoff.nl\/wp-content\/uploads\/2024\/02\/Datasheet-Blauhoff-RESS-HV-Slim-Line.pdf\" target=\"_blank\" rel=\"noopener\">Karta katalogowa Blauhoff RESS HV Slim Line<\/a><\/p>\n<p>&nbsp;<\/p>\n<p>&nbsp;<\/p>","protected":false},"excerpt":{"rendered":"<p>Blauhoff Home 8K\/11kWh 3 Phase System Slim Line IP65 17 cm cienki Outdoor\/Indoor ! Super cienki 3-fazowy system Blauhoff Home 8K\/11kWh, renomowanej marki Blauhoff, oferuje [...]<\/p>","protected":false},"featured_media":48397,"template":"","meta":{"_seopress_robots_primary_cat":"none","_seopress_titles_title":"Optimize Your Energy with Blauhoff Home 8K\/11kWh Slim Line","_seopress_titles_desc":"Enhance energy efficiency; reduce grid dependence with the sleek Blauhoff Home 8K\/11kWh 3 Phase System. Enjoy free assembly, flexible installation, and emergency power supply.","_seopress_robots_index":"","_kad_blocks_custom_css":"","_kad_blocks_head_custom_js":"","_kad_blocks_body_custom_js":"","_kad_blocks_footer_custom_js":""},"product_cat":[17,19],"product_tag":[],"class_list":{"0":"post-48392","1":"product","2":"type-product","3":"status-publish","4":"has-post-thumbnail","6":"product_cat-home-batteries","7":"product_cat-sets-with-inverters","9":"first","10":"instock","11":"taxable","12":"shipping-taxable","13":"purchasable","14":"product-type-simple"},"taxonomy_info":{"product_cat":[{"value":17,"label":"Home batteries"},{"value":19,"label":"Sets with inverters"}]},"featured_image_src_large":["https:\/\/ownpowr.com\/wp-content\/uploads\/2024\/03\/3-phase-8k-battery-11kwh-480x480-1.png",480,480,false],"author_info":[],"comment_info":"","_links":{"self":[{"href":"https:\/\/ownpowr.com\/pl\/wp-json\/wp\/v2\/product\/48392","targetHints":{"allow":["GET"]}}],"collection":[{"href":"https:\/\/ownpowr.com\/pl\/wp-json\/wp\/v2\/product"}],"about":[{"href":"https:\/\/ownpowr.com\/pl\/wp-json\/wp\/v2\/types\/product"}],"wp:featuredmedia":[{"embeddable":true,"href":"https:\/\/ownpowr.com\/pl\/wp-json\/wp\/v2\/media\/48397"}],"wp:attachment":[{"href":"https:\/\/ownpowr.com\/pl\/wp-json\/wp\/v2\/media?parent=48392"}],"wp:term":[{"taxonomy":"product_cat","embeddable":true,"href":"https:\/\/ownpowr.com\/pl\/wp-json\/wp\/v2\/product_cat?post=48392"},{"taxonomy":"product_tag","embeddable":true,"href":"https:\/\/ownpowr.com\/pl\/wp-json\/wp\/v2\/product_tag?post=48392"}],"curies":[{"name":"wp","href":"https:\/\/api.w.org\/{rel}","templated":true}]}}