{"id":49941,"date":"2024-04-05T08:59:30","date_gmt":"2024-04-05T06:59:30","guid":{"rendered":"https:\/\/ownpowr.com\/?post_type=product&#038;p=49941"},"modified":"2025-03-28T13:11:33","modified_gmt":"2025-03-28T11:11:33","slug":"blauhoff-megapack-container-ess-3-85mwh","status":"publish","type":"product","link":"https:\/\/ownpowr.com\/pl\/product\/blauhoff-megapack-container-ess-3-85mwh\/","title":{"rendered":"Blauhoff MegaPack Container ESS 3,85 MWh"},"content":{"rendered":"<p>Blauhoff Megapack Container ESS 3.85 to gotowy system akumulatorowy w kontenerze (cena bez VAT i bez monta\u017cu).<\/p>\n<p><strong>Ni\u017cszy koszt<\/strong><\/p>\n<p>\u0141atwa instalacja i niskie koszty utrzymania<\/p>\n<p>Wi\u0119ksze ogniwa, wiele kWh, dlatego 50% jest mocniejszy ni\u017c zwyk\u0142e rozwi\u0105zania i bardziej kompaktowy<\/p>\n<p><strong>Zwi\u0119kszona wydajno\u015b\u0107<\/strong><\/p>\n<p>W oparciu o platform\u0119 1500 V, strona DC ma sprawno\u015b\u0107 93%.<\/p>\n<p>Standardowy pojemnik antykorozyjny C4H ma \u017cywotno\u015b\u0107 co najmniej 15 lat.<\/p>\n<p><strong>Bezpieczny<\/strong><\/p>\n<p>Wielokrotne r\u00f3wnowa\u017cenie zapewnia bezpieczn\u0105 i d\u0142ug\u0105 \u017cywotno\u015b\u0107 baterii<\/p>\n<p>Zintegrowane systemy gaszenia gazem i wod\u0105 zapewniaj\u0105 bezpiecze\u0144stwo w ekstremalnych warunkach.<\/p>\n<p><strong>Inteligentny<\/strong><\/p>\n<p>Monitorowanie Icloud AI w czasie rzeczywistym<\/p>\n<p><strong>Zatwierdzenia<\/strong><\/p>\n<p>CE-LVD:EN IEC62477-1, CE-EMC:EN IEC61000-6-2 , EN IEC 61000-6-4, UKCA: EN IEC 62477-1<\/p>\n<p>IEC62619-2022 (Bezpiecze\u0144stwo funkcji IEC UL 60730-1 za\u0142\u0105cznik H, w tym kom\u00f3rka)<\/p>\n<p>IEC 63056:2020<\/p>\n<p>NFPA855, Fcc-ID, UL1973:2022, UL9540A Jednostka<\/p>\n<p>VDE4100<\/p>\n<p>&nbsp;<\/p>","protected":false},"excerpt":{"rendered":"<p>Blauhoff Megapack Container ESS 3.85 to gotowy system baterii w kontenerze (cena bez VAT i bez monta\u017cu). Ni\u017cszy koszt \u0141atwa instalacja i niskie koszty utrzymania Wi\u0119ksze ogniwa, [...]<\/p>","protected":false},"featured_media":214720,"template":"","meta":{"_seopress_robots_primary_cat":"none","_seopress_titles_title":"Blauhoff Megapack ESS 3.85MWh: High-Efficiency, Low-Cost, Battery System","_seopress_titles_desc":"Discover Blauhoff Megapack ESS 3.85 MWh container system - 50% stronger, efficient, safe, and smart with AI monitoring. Easy to install, low maintenance.","_seopress_robots_index":"","_kad_blocks_custom_css":"","_kad_blocks_head_custom_js":"","_kad_blocks_body_custom_js":"","_kad_blocks_footer_custom_js":""},"product_cat":[17],"product_tag":[],"class_list":{"0":"post-49941","1":"product","2":"type-product","3":"status-publish","4":"has-post-thumbnail","6":"product_cat-home-batteries","8":"first","9":"instock","10":"sale","11":"taxable","12":"shipping-taxable","13":"purchasable","14":"product-type-simple"},"taxonomy_info":{"product_cat":[{"value":17,"label":"Home batteries"}]},"featured_image_src_large":["https:\/\/ownpowr.com\/wp-content\/uploads\/2024\/04\/blauhoff-megawatt-420x420-1.jpg",420,420,false],"author_info":[],"comment_info":"","_links":{"self":[{"href":"https:\/\/ownpowr.com\/pl\/wp-json\/wp\/v2\/product\/49941","targetHints":{"allow":["GET"]}}],"collection":[{"href":"https:\/\/ownpowr.com\/pl\/wp-json\/wp\/v2\/product"}],"about":[{"href":"https:\/\/ownpowr.com\/pl\/wp-json\/wp\/v2\/types\/product"}],"wp:featuredmedia":[{"embeddable":true,"href":"https:\/\/ownpowr.com\/pl\/wp-json\/wp\/v2\/media\/214720"}],"wp:attachment":[{"href":"https:\/\/ownpowr.com\/pl\/wp-json\/wp\/v2\/media?parent=49941"}],"wp:term":[{"taxonomy":"product_cat","embeddable":true,"href":"https:\/\/ownpowr.com\/pl\/wp-json\/wp\/v2\/product_cat?post=49941"},{"taxonomy":"product_tag","embeddable":true,"href":"https:\/\/ownpowr.com\/pl\/wp-json\/wp\/v2\/product_tag?post=49941"}],"curies":[{"name":"wp","href":"https:\/\/api.w.org\/{rel}","templated":true}]}}