{"id":506,"date":"2023-10-04T16:37:56","date_gmt":"2023-10-04T14:37:56","guid":{"rendered":"https:\/\/ownpowr.com\/product\/growatt-1ph-hybrid-inverter-sph6000\/"},"modified":"2025-03-27T13:31:36","modified_gmt":"2025-03-27T11:31:36","slug":"growatt-1ph-hybrid-inverter-sph6000","status":"publish","type":"product","link":"https:\/\/ownpowr.com\/pl\/product\/falownik-hybrydowy-growatt-1ph-sph6000\/","title":{"rendered":"Falownik hybrydowy Growatt 1PH SPH6000 nie dla Niemiec"},"content":{"rendered":"<p>Hybrydowy falownik Growatt SPH6000 jest kompatybilny z systemami fotowoltaicznymi o mocy do 4000Wp. Falownik hybrydowy jest przeznaczony do magazynowania energii w akumulatorach. Akumulatory mo\u017cna zam\u00f3wi\u0107 osobno i nie s\u0105 one dostarczane w standardzie. Dzi\u0119ki temu wygodnemu systemowi system fotowoltaiczny nie jest zale\u017cny od sieci i mo\u017ce sam o siebie zadba\u0107. System mo\u017ce dzia\u0142a\u0107 bez akumulatora i mo\u017cna go pod\u0142\u0105czy\u0107 do sieci.<\/p>\n<p>Falownik baterii zawiera 2 MPPT, dzi\u0119ki czemu mo\u017cna pod\u0142\u0105czy\u0107 \u0142\u0105cznie 2 ci\u0105gi akumulator\u00f3w<\/p>\n<p><strong>Cichy falownik<\/strong><br \/>\nFalownik Growatt SPH6000 nie zawiera wentylatora ani transformatora, dzi\u0119ki czemu jest bardzo cichy. To sprawia, \u017ce ten hybrydowy falownik jest idealny do instalacji domowych. Falownik wykorzystuje naturalne ch\u0142odzenie, co zapewnia mu wyj\u0105tkowo d\u0142ug\u0105 \u017cywotno\u015b\u0107.<\/p>\n<p><strong>Wydajno\u015b\u0107<\/strong><br \/>\nSPH6000 ma maksymalny wsp\u00f3\u0142czynnik sprawno\u015bci 97,5%, co pozwala falownikowi osi\u0105gn\u0105\u0107 maksymaln\u0105 wydajno\u015b\u0107 energetyczn\u0105. Falownik ten jest jednym z najlepiej sprzedaj\u0105cych si\u0119 falownik\u00f3w na \u015bwiecie.<\/p>\n<p><strong>Serwis online Growatt<\/strong><br \/>\nFalownik posiada stabilne \u015brodki monitorowania, takie jak LAN, WiFi lub po\u0142\u0105czenie RF\/UTP (Shinelink). Growatt oferuje inteligentn\u0105 us\u0142ug\u0119 online do zdalnego rozwi\u0105zywania problem\u00f3w technicznych i aktualizacji. Poprawia to \u0142atwo\u015b\u0107 obs\u0142ugi i wydajno\u015b\u0107 falownika. Te funkcje i us\u0142ugi sprawiaj\u0105, \u017ce falownik jest lepszym wyborem dla Pa\u0144stwa systemu PV<\/p>\n<p><a href=\"https:\/\/storeyourownpower.com\/wp-content\/uploads\/2022\/11\/Datasheet-Growatt-SPH6000.pdf\" target=\"_blank\" rel=\"noopener\">Karta katalogowa Growatt SPH6000<\/a><\/p>","protected":false},"excerpt":{"rendered":"<p>Hybrydowy falownik Growatt SPH6000 jest kompatybilny z systemami fotowoltaicznymi o mocy do 4000Wp. Falownik hybrydowy jest przeznaczony do magazynowania energii w akumulatorach. Akumulatory mo\u017cna zam\u00f3wi\u0107 osobno i [...]<\/p>","protected":false},"featured_media":507,"template":"","meta":{"_seopress_robots_primary_cat":"none","_seopress_titles_title":"Growatt SPH6000 Hybrid Inverter: Efficient and Silent with Battery Compatibility","_seopress_titles_desc":"Maximize your energy yield with this silent, efficient inverter. Connect to the grid or store power in batteries for a self-sufficient system. Enjoy reliable monitoring and remote updates with Growatt's online service.","_seopress_robots_index":"","_kad_blocks_custom_css":"","_kad_blocks_head_custom_js":"","_kad_blocks_body_custom_js":"","_kad_blocks_footer_custom_js":""},"product_cat":[18],"product_tag":[],"class_list":{"0":"post-506","1":"product","2":"type-product","3":"status-publish","4":"has-post-thumbnail","6":"product_cat-hybrid-inverters","8":"first","9":"instock","10":"sale","11":"taxable","12":"shipping-taxable","13":"purchasable","14":"product-type-simple"},"taxonomy_info":{"product_cat":[{"value":18,"label":"Hybrid inverters"}]},"featured_image_src_large":["https:\/\/ownpowr.com\/wp-content\/uploads\/2022\/11\/Growatt_SPH_3000_6000_d63d-1024x1024.webp",1024,1024,true],"author_info":[],"comment_info":"","_links":{"self":[{"href":"https:\/\/ownpowr.com\/pl\/wp-json\/wp\/v2\/product\/506","targetHints":{"allow":["GET"]}}],"collection":[{"href":"https:\/\/ownpowr.com\/pl\/wp-json\/wp\/v2\/product"}],"about":[{"href":"https:\/\/ownpowr.com\/pl\/wp-json\/wp\/v2\/types\/product"}],"wp:featuredmedia":[{"embeddable":true,"href":"https:\/\/ownpowr.com\/pl\/wp-json\/wp\/v2\/media\/507"}],"wp:attachment":[{"href":"https:\/\/ownpowr.com\/pl\/wp-json\/wp\/v2\/media?parent=506"}],"wp:term":[{"taxonomy":"product_cat","embeddable":true,"href":"https:\/\/ownpowr.com\/pl\/wp-json\/wp\/v2\/product_cat?post=506"},{"taxonomy":"product_tag","embeddable":true,"href":"https:\/\/ownpowr.com\/pl\/wp-json\/wp\/v2\/product_tag?post=506"}],"curies":[{"name":"wp","href":"https:\/\/api.w.org\/{rel}","templated":true}]}}