{"id":545,"date":"2023-10-04T16:37:39","date_gmt":"2023-10-04T14:37:39","guid":{"rendered":"https:\/\/ownpowr.com\/product\/encharge-3t-35-kwh\/"},"modified":"2025-03-20T13:35:02","modified_gmt":"2025-03-20T11:35:02","slug":"encharge-3t-35-kwh","status":"publish","type":"product","link":"https:\/\/ownpowr.com\/pl\/product\/encharge-3t-35-kwh\/","title":{"rendered":"Pokrywa tylko do Enphase Encharge 3T"},"content":{"rendered":"<p>Enphase Encharge 3T z 15-letni\u0105 gwarancj\u0105<\/p>\n<p>Wa\u017cna uwaga: Wymagany jest certyfikat instalatora! Prosz\u0119 odwiedzi\u0107 Enphase University, aby uzyska\u0107 certyfikat.<\/p>\n<p>Enphase IQ Battery 3T\/10T Cechy:<\/p>\n<ul>\n<li>W pe\u0142ni zintegrowany system baterii AC z wbudowanymi mikroinwerterami IQ 8X-BAT.<\/li>\n<li>Bezproblemowe pod\u0142\u0105czenie do zasilania AC standardowej instalacji domowej.<\/li>\n<li>Optymalne dostosowanie systemu do potrzeb u\u017cytkownika.<\/li>\n<li>Wygodne sterowanie i monitorowanie za pomoc\u0105 aplikacji mobilnej.<\/li>\n<li>Pasywna konstrukcja ch\u0142odzenia (brak ruchomych cz\u0119\u015bci lub wentylator\u00f3w).<\/li>\n<li>D\u0142ugotrwa\u0142a wydajno\u015b\u0107 z 10-letni\u0105 gwarancj\u0105.<\/li>\n<\/ul>\n<p>Prosimy pami\u0119ta\u0107, \u017ce certyfikacja instalatora jest obowi\u0105zkowa w przypadku instalacji akumulatora. Aby uzyska\u0107 szczeg\u00f3\u0142owe informacje na temat certyfikacji, prosimy skontaktowa\u0107 si\u0119 z opiekunem klienta Enphase.<\/p>\n<p>Wymagane urz\u0105dzenie: Enphase IQ Gateway-S Metered.<\/p>\n<p>Enphase IQ 3T oferuje ca\u0142kowit\u0105 pojemno\u015b\u0107 3,5 kWh i jest wyposa\u017cony w cztery zintegrowane mikroinwertery o \u0142\u0105cznej mocy 1,28 kW.<\/p>\n<p>Instalatorzy mog\u0105 skutecznie projektowa\u0107 systemy, aby spe\u0142ni\u0107 wymagania energetyczne zar\u00f3wno nowych klient\u00f3w, jak i tych z istniej\u0105cymi instalacjami paneli s\u0142onecznych.<\/p>\n<p>System akumulator\u00f3w Encharge 3T obejmuje zintegrowane mikroinwertery Enphase serii IQ oraz jednostk\u0119 zarz\u0105dzania akumulatorami (BMU).<\/p>\n<p>Zawarto\u015b\u0107 opakowania:<\/p>\n<ul>\n<li>1x jednostka bazowa Encharge 3T (ENP-B03-T01-INT00-1-2)<\/li>\n<li>1x Encharge 3T Cover Kit z akcesoriami (ENP-B03T-C-0430-O)<\/li>\n<\/ul>\n<p><strong>Wi\u0119cej informacji:<\/strong><\/p>\n<ul>\n<li><a href=\"https:\/\/storeyourownpower.com\/wp-content\/uploads\/2022\/12\/Datenblatt-German-Encharge-3T.pdf\" target=\"_blank\" rel=\"noopener\">Datenblatt German Encharge 3T<\/a><\/li>\n<li><a href=\"https:\/\/storeyourownpower.com\/wp-content\/uploads\/2022\/12\/Datasheet-English-Encharge-3T.pdf\" target=\"_blank\" rel=\"noopener\">Karta katalogowa w j\u0119zyku angielskim Encharge 3T<\/a><\/li>\n<li><a href=\"https:\/\/storeyourownpower.com\/wp-content\/uploads\/2022\/12\/Warranty-terms-English-Encharge-3T.pdf\" target=\"_blank\" rel=\"noopener\">Warunki gwarancji w j\u0119zyku angielskim Encharge 3T<\/a><\/li>\n<li><a href=\"https:\/\/storeyourownpower.com\/wp-content\/uploads\/2022\/12\/Warranty-terms-German-Encharge-3T.pdf\" target=\"_blank\" rel=\"noopener\">Warunki gwarancji German Encharge 3T<\/a><\/li>\n<li><a href=\"https:\/\/storeyourownpower.com\/wp-content\/uploads\/2022\/12\/Mounting-instructions-English-Encharge-3T.pdf\" target=\"_blank\" rel=\"noopener\">Instrukcja monta\u017cu English Encharge 3T<\/a><\/li>\n<\/ul>","protected":false},"excerpt":{"rendered":"<p>15 lat gwarancji w tej cenie!<\/p>","protected":false},"featured_media":546,"template":"","meta":{"_seopress_robots_primary_cat":"none","_seopress_titles_title":"Enphase Encharge 3T: Long-lasting battery storage system with integrated microinverters and warranty","_seopress_titles_desc":"Installer certification required! Optimal AC battery system with mobile app control, passive cooling, and 10-year warranty. Get certified at Enphase University.","_seopress_robots_index":"","_kad_blocks_custom_css":"","_kad_blocks_head_custom_js":"","_kad_blocks_body_custom_js":"","_kad_blocks_footer_custom_js":""},"product_cat":[17],"product_tag":[],"class_list":{"0":"post-545","1":"product","2":"type-product","3":"status-publish","4":"has-post-thumbnail","6":"product_cat-home-batteries","8":"first","9":"instock","10":"sale","11":"taxable","12":"shipping-taxable","13":"purchasable","14":"product-type-simple"},"taxonomy_info":{"product_cat":[{"value":17,"label":"Home batteries"}]},"featured_image_src_large":["https:\/\/ownpowr.com\/wp-content\/uploads\/2022\/12\/1-8-2-6-18265324d3fe1b03cc0df847668d9c62cbe673aa_det_bp_ee_encharge_3t-jpg_600x600@2x.jpeg",600,540,false],"author_info":[],"comment_info":"","_links":{"self":[{"href":"https:\/\/ownpowr.com\/pl\/wp-json\/wp\/v2\/product\/545","targetHints":{"allow":["GET"]}}],"collection":[{"href":"https:\/\/ownpowr.com\/pl\/wp-json\/wp\/v2\/product"}],"about":[{"href":"https:\/\/ownpowr.com\/pl\/wp-json\/wp\/v2\/types\/product"}],"wp:featuredmedia":[{"embeddable":true,"href":"https:\/\/ownpowr.com\/pl\/wp-json\/wp\/v2\/media\/546"}],"wp:attachment":[{"href":"https:\/\/ownpowr.com\/pl\/wp-json\/wp\/v2\/media?parent=545"}],"wp:term":[{"taxonomy":"product_cat","embeddable":true,"href":"https:\/\/ownpowr.com\/pl\/wp-json\/wp\/v2\/product_cat?post=545"},{"taxonomy":"product_tag","embeddable":true,"href":"https:\/\/ownpowr.com\/pl\/wp-json\/wp\/v2\/product_tag?post=545"}],"curies":[{"name":"wp","href":"https:\/\/api.w.org\/{rel}","templated":true}]}}