{"id":549,"date":"2022-12-01T12:58:41","date_gmt":"2022-12-01T10:58:41","guid":{"rendered":"https:\/\/ownpowr.com\/product\/sungrow-sh10-0rt-v112\/"},"modified":"2025-03-30T21:03:00","modified_gmt":"2025-03-30T19:03:00","slug":"sungrow-sh10-0rt-v112","status":"publish","type":"product","link":"https:\/\/ownpowr.com\/pl\/product\/sungrow-sh10-0rt-v112\/","title":{"rendered":"Sungrow Falownik hybrydowy SH10.0RT 10 kW"},"content":{"rendered":"<p>Sungrow SH10.0RT-V112<\/p>\n<p>Elastyczne zastosowanie:<\/p>\n<p>- Szeroki zakres napi\u0119cia akumulatora 150-600 V<\/p>\n<p>- Obs\u0142uguje po\u0142\u0105czenie r\u00f3wnoleg\u0142e z kontrol\u0105 master-slave<\/p>\n<p>- Zapewnia zasilanie 100% dla obci\u0105\u017ce\u0144 niezr\u00f3wnowa\u017conych w trybie rezerwowym<\/p>\n<p>Inteligentne zarz\u0105dzanie:<\/p>\n<p>- Wysokie zu\u017cycie w\u0142asne dzi\u0119ki zoptymalizowanemu wbudowanemu systemowi EMS<\/p>\n<p>- Bezp\u0142atne monitorowanie online w celu usprawnienia zarz\u0105dzania energi\u0105 dla u\u017cytkownika ko\u0144cowego, instalatora i sprzedawcy detalicznego<\/p>\n<p>- Zdalna aktualizacja oprogramowania sprz\u0119towego i konfigurowalne ustawienia<\/p>\n<p>Niezale\u017cno\u015b\u0107 energetyczna:<\/p>\n<p>- P\u0142ynne przej\u015bcie do trybu rezerwowego w celu ochrony przed przerwami w zasilaniu<\/p>\n<p>- Szybkie \u0142adowanie \/ roz\u0142adowywanie, aby sprosta\u0107 wymaganiom wy\u017cszego zu\u017cycia<\/p>\n<p>\u0141atwa instalacja:<\/p>\n<p>- Unikalne z\u0142\u0105cza wciskane zapewniaj\u0105 oszcz\u0119dno\u015b\u0107 czasu podczas instalacji<\/p>\n<p>- Bezdotykowe uruchamianie za pomoc\u0105 smartfona<\/p>\n<p>- Lekki i kompaktowy<\/p>\n<p><a href=\"https:\/\/storeyourownpower.com\/wp-content\/uploads\/2022\/12\/Datasheet-English-2.pdf\" target=\"_blank\" rel=\"noopener\">Karta katalogowa w j\u0119zyku angielskim<\/a><br \/>\n<a href=\"https:\/\/storeyourownpower.com\/wp-content\/uploads\/2022\/12\/Datasheet-German-2.pdf\" target=\"_blank\" rel=\"noopener\">Karta katalogowa w j\u0119zyku niemieckim<\/a><br \/>\n<a href=\"https:\/\/storeyourownpower.com\/wp-content\/uploads\/2022\/11\/DE-FS-SHRT-und-SBR-Unterschiede-und-Kompatibilita\u0308t-Versionen.pdf\" target=\"_blank\" rel=\"noopener\">R\u00f3\u017cnice i kompatybilno\u015b\u0107 wersji SHRT i SBR<\/a><\/p>","protected":false},"excerpt":{"rendered":"<p>Sungrow SH10.0RT-V112 Elastyczne zastosowanie: - Szeroki zakres napi\u0119cia akumulatora 150-600 V - Obs\u0142uguje r\u00f3wnoleg\u0142e po\u0142\u0105czenie ze sterowaniem master-slave - Zapewnia moc 100% do niezr\u00f3wnowa\u017cenia obci\u0105\u017ce\u0144 w trybie rezerwowym Inteligentne zarz\u0105dzanie: - [...]<\/p>","protected":false},"featured_media":550,"template":"","meta":{"_seopress_robots_primary_cat":"none","_seopress_titles_title":"Sungrow SH10.0RT-V112: Flexible Application, Smart Management, Energy Independence, Easy Installation","_seopress_titles_desc":"Discover the Sungrow SH10.0RT-V112 with wide battery voltage range, smart management features, seamless backup mode, and easy installation for energy independence.","_seopress_robots_index":"","_kad_blocks_custom_css":"","_kad_blocks_head_custom_js":"","_kad_blocks_body_custom_js":"","_kad_blocks_footer_custom_js":""},"product_cat":[18],"product_tag":[],"class_list":{"0":"post-549","1":"product","2":"type-product","3":"status-publish","4":"has-post-thumbnail","6":"product_cat-hybrid-inverters","8":"first","9":"outofstock","10":"sale","11":"taxable","12":"shipping-taxable","13":"purchasable","14":"product-type-simple"},"taxonomy_info":{"product_cat":[{"value":18,"label":"Hybrid inverters"}]},"featured_image_src_large":["https:\/\/ownpowr.com\/wp-content\/uploads\/2022\/12\/b-1-1-f-b11f61014011a7497a53e4a35156c0f10529e03c_det_ivh_sung_shx-xrt-jpg_600x600@2x.jpeg",600,540,false],"author_info":[],"comment_info":"","_links":{"self":[{"href":"https:\/\/ownpowr.com\/pl\/wp-json\/wp\/v2\/product\/549","targetHints":{"allow":["GET"]}}],"collection":[{"href":"https:\/\/ownpowr.com\/pl\/wp-json\/wp\/v2\/product"}],"about":[{"href":"https:\/\/ownpowr.com\/pl\/wp-json\/wp\/v2\/types\/product"}],"wp:featuredmedia":[{"embeddable":true,"href":"https:\/\/ownpowr.com\/pl\/wp-json\/wp\/v2\/media\/550"}],"wp:attachment":[{"href":"https:\/\/ownpowr.com\/pl\/wp-json\/wp\/v2\/media?parent=549"}],"wp:term":[{"taxonomy":"product_cat","embeddable":true,"href":"https:\/\/ownpowr.com\/pl\/wp-json\/wp\/v2\/product_cat?post=549"},{"taxonomy":"product_tag","embeddable":true,"href":"https:\/\/ownpowr.com\/pl\/wp-json\/wp\/v2\/product_tag?post=549"}],"curies":[{"name":"wp","href":"https:\/\/api.w.org\/{rel}","templated":true}]}}