{"id":610,"date":"2023-01-12T07:31:13","date_gmt":"2023-01-12T05:31:13","guid":{"rendered":"https:\/\/ownpowr.com\/product\/sungrow-sbr-accessories-bms\/"},"modified":"2025-02-27T10:14:26","modified_gmt":"2025-02-27T08:14:26","slug":"sungrow-sbr-accessories-bms","status":"publish","type":"product","link":"https:\/\/ownpowr.com\/pl\/product\/sungrow-sbr-accessories-bms\/","title":{"rendered":"Bateria Sungrow SBR premium BMS + akcesoria V2\/V1 (v114)"},"content":{"rendered":"<p>Sungrow SBR BATTERY PREMIUM AKCESORIA System zarz\u0105dzania bateri\u0105 + akcesoria V2 Niebieski V1 Pomara\u0144czowy<\/p>\n<p>Ten system akumulator\u00f3w zosta\u0142 zaprojektowany specjalnie z my\u015bl\u0105 o domowych rozwi\u0105zaniach magazynowania energii.<\/p>\n<p>Zintegrowany system zarz\u0105dzania akumulatorem stale nadzoruje jego wydajno\u015b\u0107, zapewniaj\u0105c bezpieczn\u0105 prac\u0119 w ramach okre\u015blonych parametr\u00f3w.<\/p>\n<p>Do\u0142\u0105czone komponenty:<\/p>\n<ul>\n<li>1x Uchwyt baterii<\/li>\n<li>1x Pokrywa baterii<\/li>\n<li>1x Prze\u0142\u0105cznik baterii<\/li>\n<li>1x Uchwyt<\/li>\n<li>1x Wi\u0105zka przewod\u00f3w<\/li>\n<li>1x \u015aruba<\/li>\n<li>2x Zestaw kotew rozporowych<\/li>\n<li>4x Stopy<\/li>\n<li>6x \u015aruba M5<\/li>\n<li>4x Coilover M5<\/li>\n<li>2x Podk\u0142adki M6<\/li>\n<li>1x Dokumentacja<\/li>\n<\/ul>","protected":false},"excerpt":{"rendered":"<p>Sungrow SBR BATERIA AKCESORIA PREMIUM System zarz\u0105dzania bateri\u0105 + akcesoria V2 Niebieski V1 Pomara\u0144czowy Ten system baterii zosta\u0142 specjalnie zaprojektowany do domowych rozwi\u0105za\u0144 magazynowania energii. Zintegrowany system zarz\u0105dzania bateri\u0105 [...]<\/p>","protected":false},"featured_media":611,"template":"","meta":{"_seopress_robots_primary_cat":"none","_seopress_titles_title":"","_seopress_titles_desc":"","_seopress_robots_index":"","_kad_blocks_custom_css":"","_kad_blocks_head_custom_js":"","_kad_blocks_body_custom_js":"","_kad_blocks_footer_custom_js":""},"product_cat":[33,17],"product_tag":[],"class_list":{"0":"post-610","1":"product","2":"type-product","3":"status-publish","4":"has-post-thumbnail","6":"product_cat-accessories","7":"product_cat-home-batteries","9":"first","10":"instock","11":"sale","12":"taxable","13":"shipping-taxable","14":"purchasable","15":"product-type-simple"},"taxonomy_info":{"product_cat":[{"value":33,"label":"Accessories"},{"value":17,"label":"Home batteries"}]},"featured_image_src_large":["https:\/\/ownpowr.com\/wp-content\/uploads\/2023\/01\/Sungrow-Management-System.jpeg",420,420,false],"author_info":[],"comment_info":"","_links":{"self":[{"href":"https:\/\/ownpowr.com\/pl\/wp-json\/wp\/v2\/product\/610","targetHints":{"allow":["GET"]}}],"collection":[{"href":"https:\/\/ownpowr.com\/pl\/wp-json\/wp\/v2\/product"}],"about":[{"href":"https:\/\/ownpowr.com\/pl\/wp-json\/wp\/v2\/types\/product"}],"wp:featuredmedia":[{"embeddable":true,"href":"https:\/\/ownpowr.com\/pl\/wp-json\/wp\/v2\/media\/611"}],"wp:attachment":[{"href":"https:\/\/ownpowr.com\/pl\/wp-json\/wp\/v2\/media?parent=610"}],"wp:term":[{"taxonomy":"product_cat","embeddable":true,"href":"https:\/\/ownpowr.com\/pl\/wp-json\/wp\/v2\/product_cat?post=610"},{"taxonomy":"product_tag","embeddable":true,"href":"https:\/\/ownpowr.com\/pl\/wp-json\/wp\/v2\/product_tag?post=610"}],"curies":[{"name":"wp","href":"https:\/\/api.w.org\/{rel}","templated":true}]}}