{"id":620,"date":"2023-10-04T16:36:05","date_gmt":"2023-10-04T14:36:05","guid":{"rendered":"https:\/\/ownpowr.com\/product\/byd-premium-lvs-pdu-base\/"},"modified":"2025-10-15T14:01:34","modified_gmt":"2025-10-15T12:01:34","slug":"byd-premium-lvs-pdu-base","status":"publish","type":"product","link":"https:\/\/ownpowr.com\/pl\/product\/byd-premium-lvs-pdu-base\/","title":{"rendered":"BYD premium LVS PDU + podstawa"},"content":{"rendered":"<p>BYD System kontroli baterii LVS Premium z podstaw\u0105<\/p>\n<p>BYD Premium LVS PDU (Power Distribution Unit) z podstaw\u0105 to jednostka steruj\u0105ca zaprojektowana dla zestawu baterii LVS. Ka\u017cdy stos akumulator\u00f3w wymaga jednej jednostki PDU do optymalnego dzia\u0142ania.<\/p>\n<p>Kluczowe cechy:<\/p>\n<ul>\n<li>Skalowalna pojemno\u015b\u0107 od 4 kWh do 256 kWh<\/li>\n<li>Maksymalna elastyczno\u015b\u0107 dzi\u0119ki obs\u0142udze do 64 modu\u0142\u00f3w baterii<\/li>\n<li>Mo\u017cliwo\u015b\u0107 po\u0142\u0105czenia r\u00f3wnoleg\u0142ego<\/li>\n<li>Kompatybilny z wiod\u0105cymi falownikami 1- i 3-fazowymi<\/li>\n<li>Wykorzystuje bezkobaltow\u0105 technologi\u0119 litowo-\u017celazowo-fosforanow\u0105 (LFP), kt\u00f3ra zapewnia wi\u0119ksze bezpiecze\u0144stwo, d\u0142u\u017csze cykle \u017cycia i doskona\u0142\u0105 wydajno\u015b\u0107 energetyczn\u0105.<\/li>\n<li>Zdolny do tworzenia kopii zapasowych o du\u017cej mocy i funkcji off-grid<\/li>\n<li>Opatentowana konstrukcja wewn\u0119trznej wtyczki eliminuje potrzeb\u0119 dodatkowego okablowania<\/li>\n<li>Optymalizacja zu\u017cycia w\u0142asnego odpowiednia do zastosowa\u0144 mieszkaniowych i komercyjnych<\/li>\n<\/ul>\n<p>BATTERY-BOX PREMIUM LVS<\/p>\n<p>Modu\u0142 4 kWh Uproszczony transport i instalacja dzi\u0119ki modu\u0142owej konstrukcji<\/p>\n<p>Battery-Box Premium LVS BYD to wszechstronny zestaw akumulator\u00f3w litowo-\u017celazowo-fosforanowych (LFP) przeznaczony do u\u017cytku z zewn\u0119trznym falownikiem. Ka\u017cdy Battery-Box Premium LVS zawiera od 1 do 6 modu\u0142\u00f3w baterii u\u0142o\u017conych r\u00f3wnolegle, zapewniaj\u0105c u\u017cyteczn\u0105 pojemno\u015b\u0107 od 4 do 24,0 kWh w pojedynczej wie\u017cy. Dost\u0119pne konfiguracje obejmuj\u0105:<\/p>\n<ul>\n<li>Battery-Box LVS 4.0 (4 kWh)<\/li>\n<li>Battery-Box LVS 8.0 (8 kWh)<\/li>\n<li>Battery-Box LVS 12.0 (12 kWh)<\/li>\n<li>Battery-Box LVS 16.0 (16 kWh)<\/li>\n<li>Battery-Box LVS 20.0 (20 kWh - tylko pojedyncza wie\u017ca)<\/li>\n<li>Battery-Box LVS 24.0 (24 kWh - tylko pojedyncza wie\u017ca)<\/li>\n<\/ul>\n<p>W przypadku wi\u0119kszych potrzeb w zakresie magazynowania energii mo\u017cna po\u0142\u0105czy\u0107 r\u00f3wnolegle do 16 modu\u0142\u00f3w Battery-Box LVS 16.0, co daje maksymaln\u0105 pojemno\u015b\u0107 256 kWh. Co wi\u0119cej, system oferuje skalowalno\u015b\u0107, umo\u017cliwiaj\u0105c dodawanie modu\u0142\u00f3w LVS lub r\u00f3wnoleg\u0142ych wie\u017c zawieraj\u0105cych od 1 do 4 modu\u0142\u00f3w na p\u00f3\u017aniejszym etapie.<\/p>\n<h2><strong style=\"font-size: 16px\">Wi\u0119cej informacji:<\/strong><\/h2>\n<ul>\n<li><a href=\"https:\/\/storeyourownpower.com\/wp-content\/uploads\/2023\/01\/Datasheet-English-LVS.pdf\" target=\"_blank\" rel=\"noopener\">Karta katalogowa w j\u0119zyku angielskim LVS<\/a><\/li>\n<li><a href=\"https:\/\/storeyourownpower.com\/wp-content\/uploads\/2023\/01\/Datenblatt-German-LVS.pdf\" target=\"_blank\" rel=\"noopener\">Datenblatt German LVS<\/a><\/li>\n<li><a href=\"https:\/\/storeyourownpower.com\/wp-content\/uploads\/2023\/01\/Mounting-instructions-English-LVS.pdf\" target=\"_blank\" rel=\"noopener\">Instrukcja monta\u017cu w j\u0119zyku angielskim LVS<\/a><\/li>\n<li><a href=\"https:\/\/storeyourownpower.com\/wp-content\/uploads\/2023\/01\/Mounting-instructions-German-LVS.pdf\" target=\"_blank\" rel=\"noopener\">Instrukcja monta\u017cu niemiecki LVS<\/a><\/li>\n<li><a href=\"https:\/\/storeyourownpower.com\/wp-content\/uploads\/2023\/01\/Warranty-terms-English.pdf\" target=\"_blank\" rel=\"noopener\">Warunki gwarancji w j\u0119zyku angielskim<\/a><\/li>\n<li><a href=\"https:\/\/storeyourownpower.com\/wp-content\/uploads\/2023\/01\/Warranty-terms-German-LVS.pdf\" target=\"_blank\" rel=\"noopener\">Warunki gwarancji niemieckiej LVS<\/a><\/li>\n<\/ul>","protected":false},"excerpt":{"rendered":"<p>BYD Premium LVS Battery Control System with Base BYD Premium LVS PDU (Power Distribution Unit) with base to jednostka steruj\u0105ca przeznaczona dla zestawu baterii LVS. Ka\u017cdy stos [...]<\/p>","protected":false},"featured_media":621,"template":"","meta":{"_seopress_robots_primary_cat":"none","_seopress_titles_title":"BYD Premium LVS PDU + base | Maximum Flexibility for any Application","_seopress_titles_desc":"The BYD Battery-Box Premium LVS offers scalable power storage from 4 kWh to 256 kWh with safety, flexibility, and high-powered capabilities for residential and commercial applications.","_seopress_robots_index":"","_kad_blocks_custom_css":"","_kad_blocks_head_custom_js":"","_kad_blocks_body_custom_js":"","_kad_blocks_footer_custom_js":""},"product_cat":[17],"product_tag":[],"class_list":{"0":"post-620","1":"product","2":"type-product","3":"status-publish","4":"has-post-thumbnail","6":"product_cat-home-batteries","8":"first","9":"instock","10":"sale","11":"taxable","12":"shipping-taxable","13":"purchasable","14":"product-type-simple"},"taxonomy_info":{"product_cat":[{"value":17,"label":"Home batteries"}]},"featured_image_src_large":["https:\/\/ownpowr.com\/wp-content\/uploads\/2023\/01\/BYD-LVS-BMU.jpeg",600,540,false],"author_info":[],"comment_info":"","_links":{"self":[{"href":"https:\/\/ownpowr.com\/pl\/wp-json\/wp\/v2\/product\/620","targetHints":{"allow":["GET"]}}],"collection":[{"href":"https:\/\/ownpowr.com\/pl\/wp-json\/wp\/v2\/product"}],"about":[{"href":"https:\/\/ownpowr.com\/pl\/wp-json\/wp\/v2\/types\/product"}],"wp:featuredmedia":[{"embeddable":true,"href":"https:\/\/ownpowr.com\/pl\/wp-json\/wp\/v2\/media\/621"}],"wp:attachment":[{"href":"https:\/\/ownpowr.com\/pl\/wp-json\/wp\/v2\/media?parent=620"}],"wp:term":[{"taxonomy":"product_cat","embeddable":true,"href":"https:\/\/ownpowr.com\/pl\/wp-json\/wp\/v2\/product_cat?post=620"},{"taxonomy":"product_tag","embeddable":true,"href":"https:\/\/ownpowr.com\/pl\/wp-json\/wp\/v2\/product_tag?post=620"}],"curies":[{"name":"wp","href":"https:\/\/api.w.org\/{rel}","templated":true}]}}