{"id":631,"date":"2023-10-05T01:25:09","date_gmt":"2023-10-04T23:25:09","guid":{"rendered":"https:\/\/ownpowr.com\/product\/sofar-solar-hyd-10ktl-3ph\/"},"modified":"2025-03-27T12:59:51","modified_gmt":"2025-03-27T10:59:51","slug":"sofar-solar-hyd-10ktl-3ph","status":"publish","type":"product","link":"https:\/\/ownpowr.com\/pl\/product\/sofar-solar-hyd-10ktl-3ph\/","title":{"rendered":"SofarSolar HYD-10KTL-3PH"},"content":{"rendered":"<p>Nasz najnowszy nabytek w segmencie falownik\u00f3w, chi\u0144ski producent Sofar Solar, wprowadza na rynek pe\u0142n\u0105 gam\u0119 produkt\u00f3w.<\/p>\n<p>Falowniki hybrydowe z serii HYD KTL-3PH wyr\u00f3\u017cniaj\u0105 si\u0119 szerokim zakresem napi\u0119cia dla wydajnych generacji modu\u0142\u00f3w i do 2 po\u0142\u0105cze\u0144 akumulatorowych. Zintegrowana ochrona przepi\u0119ciowa AC + DC i zarz\u0105dzanie cieniem s\u0105 r\u00f3wnie\u017c cz\u0119\u015bci\u0105 standardowego wyposa\u017cenia. Dzi\u0119ki klasom mocy od 5 do 20 kW, zawsze znajd\u0105 Pa\u0144stwo odpowiedni model.<\/p>\n<p>Kompatybilne baterie:<\/p>\n<p>- Pylontech Force H1 14,2 do 24,86<\/p>\n<p>- Pylontech Force H2 7.1 do 14.2<\/p>\n<p>- Axitec AXIstorage Li SV1 13.5 do 23.6<\/p>\n<p>- Axitec AXIstorage Li SV2 6.7 do 13.5<\/p>\n<p>Zalety produktu:<\/p>\n<p>- Szeroki zakres napi\u0119cia MPPT od 180 do 960 V<\/p>\n<p>- Zintegrowane zabezpieczenie przeciwprzepi\u0119ciowe AC\/DC typu II<\/p>\n<p>- Aktywne zarz\u0105dzanie cieniami<\/p>\n<p>Cechy produktu:<\/p>\n<p>- Moc AC: 5 kW<\/p>\n<p>- Liczba MPPT: 2<\/p>\n<p>- Fazy po\u0142\u0105czenia: 3<\/p>\n<p>- Interfejsy: RS485, WiFi, Bluetooth, Ethernet, 4 x dig.In (FRE)<\/p>\n<p>- Wtyczka z\u0142\u0105cza: MC4<\/p>\n<p>- Stopie\u0144 ochrony: IP 65<\/p>\n<p>- Ch\u0142odzenie: pasywne<\/p>\n<p>- Wymiary: 571 x 515 x 264 mm (wys. x szer. x g\u0142.)<\/p>\n<p>- Waga: 33,0 kg<\/p>\n<p>- Gwarancja: 5 lat<\/p>\n<p><a href=\"https:\/\/storeyourownpower.com\/wp-content\/uploads\/2023\/02\/Datasheet-German-Sofar.pdf\" target=\"_blank\" rel=\"noopener\">Karta katalogowa German Sofar<\/a><\/p>","protected":false},"excerpt":{"rendered":"<p>Nasz najnowszy dodatek do segmentu falownik\u00f3w, chi\u0144ski producent Sofar Solar, wprowadza na rynek pe\u0142n\u0105 gam\u0119 produkt\u00f3w. Hybrydowe falowniki serii HYD KTL-3PH wyr\u00f3\u017cniaj\u0105 si\u0119 szerokim zakresem napi\u0119\u0107 [...]<\/p>","protected":false},"featured_media":628,"template":"","meta":{"_seopress_robots_primary_cat":"none","_seopress_titles_title":"Sofar Solar HYD 10KTL-3PH","_seopress_titles_desc":"Sofar Solar HYD KTL-3PH series offers a wide voltage range, 2 battery connections, overvoltage protection, shadow management, and more. Find the perfect power class from 5 to 20 kW.","_seopress_robots_index":"","_kad_blocks_custom_css":"","_kad_blocks_head_custom_js":"","_kad_blocks_body_custom_js":"","_kad_blocks_footer_custom_js":""},"product_cat":[18],"product_tag":[],"class_list":{"0":"post-631","1":"product","2":"type-product","3":"status-publish","4":"has-post-thumbnail","6":"product_cat-hybrid-inverters","8":"first","9":"instock","10":"sale","11":"taxable","12":"shipping-taxable","13":"purchasable","14":"product-type-simple"},"taxonomy_info":{"product_cat":[{"value":18,"label":"Hybrid inverters"}]},"featured_image_src_large":["https:\/\/ownpowr.com\/wp-content\/uploads\/2023\/02\/Sofar-inverter.jpeg",672,606,false],"author_info":[],"comment_info":"","_links":{"self":[{"href":"https:\/\/ownpowr.com\/pl\/wp-json\/wp\/v2\/product\/631","targetHints":{"allow":["GET"]}}],"collection":[{"href":"https:\/\/ownpowr.com\/pl\/wp-json\/wp\/v2\/product"}],"about":[{"href":"https:\/\/ownpowr.com\/pl\/wp-json\/wp\/v2\/types\/product"}],"wp:featuredmedia":[{"embeddable":true,"href":"https:\/\/ownpowr.com\/pl\/wp-json\/wp\/v2\/media\/628"}],"wp:attachment":[{"href":"https:\/\/ownpowr.com\/pl\/wp-json\/wp\/v2\/media?parent=631"}],"wp:term":[{"taxonomy":"product_cat","embeddable":true,"href":"https:\/\/ownpowr.com\/pl\/wp-json\/wp\/v2\/product_cat?post=631"},{"taxonomy":"product_tag","embeddable":true,"href":"https:\/\/ownpowr.com\/pl\/wp-json\/wp\/v2\/product_tag?post=631"}],"curies":[{"name":"wp","href":"https:\/\/api.w.org\/{rel}","templated":true}]}}