{"id":652,"date":"2023-10-05T01:03:14","date_gmt":"2023-10-04T23:03:14","guid":{"rendered":"https:\/\/ownpowr.com\/product\/alphaess-smile-b3\/"},"modified":"2025-03-27T13:36:41","modified_gmt":"2025-03-27T11:36:41","slug":"alphaess-smile-b3","status":"publish","type":"product","link":"https:\/\/ownpowr.com\/pl\/product\/alphaess-smile-b3\/","title":{"rendered":"AlphaEss Smile B3"},"content":{"rendered":"<ul>\n<li class=\"l_b6bx1li fl slick-slide\" role=\"option\" data-slick-index=\"5\" aria-hidden=\"true\" aria-describedby=\"slick-slide05\">\n<div class=\"l_b6bx1lis\">\n<div class=\"ys_imgbox_cover\">\n<ul>\n<li id=\"\" class=\"l_b6bx1li fl slick-slide slick-cloned\" data-slick-index=\"6\" aria-hidden=\"true\">\n<div class=\"l_b6bx1lis\">\n<p>Przedstawiamy rozwi\u0105zanie do magazynowania energii SMILE-B3<\/p>\n<p>Uwolnij moc wydajnego magazynowania energii dzi\u0119ki SMILE-B3, solidnemu systemowi zaprojektowanemu z my\u015bl\u0105 o bezproblemowej modernizacji istniej\u0105cej instalacji. To rozwi\u0105zanie o mocy 3 kW oferuje zakres pojemno\u015bci od 2,9 kWh do 17,2 kWh, zapewniaj\u0105c elastyczno\u015b\u0107 w zaspokajaniu Pa\u0144stwa potrzeb energetycznych.<\/p>\n<p>Kluczowe cechy:<\/p>\n<ul>\n<li>Kompatybilno\u015b\u0107 modernizacji<\/li>\n<li>Mo\u017cliwo\u015bci sprz\u0119\u017cenia AC<\/li>\n<li>Wbudowany akumulator zwi\u0119kszaj\u0105cy wydajno\u015b\u0107<\/li>\n<li>Modu\u0142owa konstrukcja dla \u0142atwej rozbudowy<\/li>\n<li>\u0141atwa instalacja<\/li>\n<li>Monitoring 24\/7 dla spokoju ducha<\/li>\n<\/ul>\n<p>Specyfikacja SMILE-B3-PLUS:<\/p>\n<ul>\n<li>Maks. Moc wyj\u015bciowa AC: 3 kW<\/li>\n<li>Zakres pojemno\u015bci: 2,9 - 17,2 kWh<\/li>\n<li>Maks. Pr\u0105d \u0142adowania\/roz\u0142adowania: 60 A<\/li>\n<li>G\u0142\u0119boko\u015b\u0107 roz\u0142adowania (DoD): 96%<\/li>\n<li>Wymiary (szer. x g\u0142. x wys.): 610 x 219 x 650 mm<\/li>\n<li>Zakres temperatur pracy: od -10\u00b0C do 50\u00b0C<\/li>\n<li>Stopie\u0144 ochrony IP: IP65 \/ IP21<\/li>\n<li>Gwarancja: 5-letnia gwarancja na produkt, 10-letnia gwarancja na wydajno\u015b\u0107<\/li>\n<\/ul>\n<p>SMILE-B3 to idealne rozwi\u0105zanie dla system\u00f3w solarnych bez mo\u017cliwo\u015bci integracji akumulator\u00f3w. Mo\u017cna go sparowa\u0107 z maksymalnie sze\u015bcioma akumulatorami o pojemno\u015bci 2,9 kWh, zwi\u0119kszaj\u0105c pojemno\u015b\u0107 magazynowania do imponuj\u0105cych 17,2 kWh. Prosz\u0119 zmodernizowa\u0107 sw\u00f3j system magazynowania energii za pomoc\u0105 SMILE-B3 i do\u015bwiadczy\u0107 wydajnego, niezawodnego zarz\u0105dzania energi\u0105.<\/p>\n<\/div>\n<\/li>\n<\/ul>\n<\/div>\n<\/div>\n<\/li>\n<\/ul>\n<p><a href=\"https:\/\/storeyourownpower.com\/wp-content\/uploads\/2023\/02\/Datasheet-Smile-B3.pdf\" target=\"_blank\" rel=\"noopener\">Karta katalogowa Smile B3<\/a><\/p>","protected":false},"excerpt":{"rendered":"<p>&nbsp;<\/p>\n<p>&nbsp;<\/p>","protected":false},"featured_media":653,"template":"","meta":{"_seopress_robots_primary_cat":"none","_seopress_titles_title":"Expand Your Solar Storage: SMILE-B3 3kW Retrofit AC-Coupling with Built-in Battery","_seopress_titles_desc":"Upgrade your existing solar system with SMILE-B3, a modular and easy-to-install solution that maximizes your storage capacity to 17.2kWh.","_seopress_robots_index":"","_kad_blocks_custom_css":"","_kad_blocks_head_custom_js":"","_kad_blocks_body_custom_js":"","_kad_blocks_footer_custom_js":""},"product_cat":[17],"product_tag":[],"class_list":{"0":"post-652","1":"product","2":"type-product","3":"status-publish","4":"has-post-thumbnail","6":"product_cat-home-batteries","8":"first","9":"instock","10":"sale","11":"taxable","12":"shipping-taxable","13":"purchasable","14":"product-type-simple"},"taxonomy_info":{"product_cat":[{"value":17,"label":"Home batteries"}]},"featured_image_src_large":["https:\/\/ownpowr.com\/wp-content\/uploads\/2023\/02\/320_320_Product_logo_storage_system_5d3ab2d32f5cd.png",320,286,false],"author_info":[],"comment_info":"","_links":{"self":[{"href":"https:\/\/ownpowr.com\/pl\/wp-json\/wp\/v2\/product\/652","targetHints":{"allow":["GET"]}}],"collection":[{"href":"https:\/\/ownpowr.com\/pl\/wp-json\/wp\/v2\/product"}],"about":[{"href":"https:\/\/ownpowr.com\/pl\/wp-json\/wp\/v2\/types\/product"}],"wp:featuredmedia":[{"embeddable":true,"href":"https:\/\/ownpowr.com\/pl\/wp-json\/wp\/v2\/media\/653"}],"wp:attachment":[{"href":"https:\/\/ownpowr.com\/pl\/wp-json\/wp\/v2\/media?parent=652"}],"wp:term":[{"taxonomy":"product_cat","embeddable":true,"href":"https:\/\/ownpowr.com\/pl\/wp-json\/wp\/v2\/product_cat?post=652"},{"taxonomy":"product_tag","embeddable":true,"href":"https:\/\/ownpowr.com\/pl\/wp-json\/wp\/v2\/product_tag?post=652"}],"curies":[{"name":"wp","href":"https:\/\/api.w.org\/{rel}","templated":true}]}}