{"id":663,"date":"2023-10-05T01:20:48","date_gmt":"2023-10-04T23:20:48","guid":{"rendered":"https:\/\/ownpowr.com\/product\/alphaess-smile-t10-inverter\/"},"modified":"2025-03-27T13:36:53","modified_gmt":"2025-03-27T11:36:53","slug":"alphaess-smile-t10-inverter","status":"publish","type":"product","link":"https:\/\/ownpowr.com\/pl\/product\/falownik-alphaess-smile-t10\/","title":{"rendered":"Falownik AlphaEss Smile T10-HV"},"content":{"rendered":"<h3>Falownik AlphaEss Smile T10-HV<\/h3>\n<ul>\n<li>Klasyczny design<img decoding=\"async\" src=\"https:\/\/www.alphaess.com\/Public\/Uploads\/uploadfile\/images\/20220428\/Design.svg\" alt=\"Design.svg\" \/><\/li>\n<li>Najlepszy sprzedawca <img decoding=\"async\" src=\"https:\/\/www.alphaess.com\/Public\/Uploads\/uploadfile\/images\/20220428\/BestSeller.svg\" alt=\"BestSeller.svg\" \/><\/li>\n<li>VPP Ready<img decoding=\"async\" src=\"https:\/\/www.alphaess.com\/Public\/Uploads\/uploadfile\/images\/20220428\/VPPReady.svg\" alt=\"VPPReady.svg\" \/><\/li>\n<li>Zdolno\u015b\u0107 UPS<img decoding=\"async\" src=\"https:\/\/www.alphaess.com\/Public\/Uploads\/uploadfile\/images\/20220523\/UPS.svg\" alt=\"UPS.svg\" \/><\/li>\n<li>Wysoka kompatybilno\u015b\u0107<img decoding=\"async\" class=\"\" src=\"https:\/\/www.alphaess.com\/Public\/Uploads\/uploadfile\/images\/20220523\/HighCompatibility.svg\" alt=\"HighCompatibility.svg\" width=\"24\" height=\"24\" \/><\/li>\n<\/ul>\n<p>&nbsp;<\/p>\n<p><strong>Wi\u0119cej informacji<\/strong><\/p>\n<table class=\"enf-compare-pages-table mk-main-table\" width=\"680\">\n<tbody>\n<tr>\n<td class=\"mk-td-visible\">\n<div><\/div>\n<\/td>\n<\/tr>\n<tr class=\"mk-group-title\">\n<th>Specyfikacja<\/th>\n<td class=\"mk-td-visible\"><\/td>\n<\/tr>\n<tr>\n<th>Gwarancja na produkt (min)<\/th>\n<td class=\"mk-td-visible ar:text-right\">5 lat<\/td>\n<\/tr>\n<tr>\n<th>Kategoria systemu pami\u0119ci masowej<\/th>\n<td class=\"mk-td-visible ar:text-right\">Inteligentny<\/td>\n<\/tr>\n<tr>\n<th>Technologia system\u00f3w pami\u0119ci masowej<\/th>\n<td class=\"mk-td-visible ar:text-right\">LFP (LiFePo4)<\/td>\n<\/tr>\n<tr class=\"mk-group-title-storage-system\">\n<th colspan=\"2\">Arkusz danych akumulatora<\/th>\n<\/tr>\n<tr class=\"mk-group-title\">\n<th>Dane elektryczne<\/th>\n<td class=\"mk-td-visible\"><\/td>\n<\/tr>\n<tr>\n<th>Napi\u0119cie nominalne<\/th>\n<td class=\"mk-td-visible\">\n<div>\n<table>\n<tbody>\n<tr>\n<td class=\"enf-api-spec-cell !p-[9px] md:!text-center !text-left ar:text-right active\" data-id=\"15888\">51.2 V<\/td>\n<\/tr>\n<\/tbody>\n<\/table>\n<\/div>\n<\/td>\n<\/tr>\n<tr>\n<th>Maks. Pr\u0105d \u0142adowania<\/th>\n<td class=\"mk-td-visible\">\n<div>\n<table>\n<tbody>\n<tr>\n<td class=\"enf-api-spec-cell !p-[9px] md:!text-center !text-left ar:text-right active\" data-id=\"15888\">56 A<\/td>\n<\/tr>\n<\/tbody>\n<\/table>\n<\/div>\n<\/td>\n<\/tr>\n<tr class=\"mk-group-title\">\n<th>Parametry temperatury<\/th>\n<td class=\"mk-td-visible\"><\/td>\n<\/tr>\n<tr>\n<th>Temperatura pracy<\/th>\n<td class=\"mk-td-visible ar:text-right\">-10 ~ +50 \u2103<\/td>\n<\/tr>\n<tr class=\"mk-group-title\">\n<th>Dane og\u00f3lne<\/th>\n<td class=\"mk-td-visible\"><\/td>\n<\/tr>\n<tr>\n<th>Wymiar (d\u0142.\/szer.\/wys.)<\/th>\n<td class=\"mk-td-visible\">\n<div>\n<table>\n<tbody>\n<tr>\n<td class=\"enf-api-spec-cell !p-[9px] md:!text-center !text-left ar:text-right active\" data-id=\"15888\">250x600x300 mm<\/td>\n<\/tr>\n<\/tbody>\n<\/table>\n<\/div>\n<\/td>\n<\/tr>\n<tr>\n<th>Waga<\/th>\n<td class=\"mk-td-visible\">\n<div>\n<table>\n<tbody>\n<tr>\n<td class=\"enf-api-spec-cell !p-[9px] md:!text-center !text-left ar:text-right active\" data-id=\"15888\">35 kg<\/td>\n<\/tr>\n<\/tbody>\n<\/table>\n<\/div>\n<\/td>\n<\/tr>\n<tr class=\"mk-group-title-storage-system\">\n<th colspan=\"2\">Arkusz danych falownika solarnego<\/th>\n<\/tr>\n<tr class=\"mk-group-title\">\n<th>Dane wej\u015bciowe falownika (DC)<\/th>\n<td class=\"mk-td-visible\"><\/td>\n<\/tr>\n<tr>\n<th>Maks. Moc DC<\/th>\n<td class=\"mk-td-visible\">\n<div>\n<table>\n<tbody>\n<tr>\n<td class=\"enf-api-spec-cell !p-[9px] md:!text-center !text-left ar:text-right active\" data-id=\"15888\">10 kW<\/td>\n<\/tr>\n<\/tbody>\n<\/table>\n<\/div>\n<\/td>\n<\/tr>\n<tr>\n<th>Maks. Napi\u0119cie DC<\/th>\n<td class=\"mk-td-visible\">\n<div>\n<table>\n<tbody>\n<tr>\n<td class=\"enf-api-spec-cell !p-[9px] md:!text-center !text-left ar:text-right active\" data-id=\"15888\">900 V<\/td>\n<\/tr>\n<\/tbody>\n<\/table>\n<\/div>\n<\/td>\n<\/tr>\n<tr>\n<th>Maks. Pr\u0105d sta\u0142y<\/th>\n<td class=\"mk-td-visible\">\n<div>\n<table>\n<tbody>\n<tr>\n<td class=\"enf-api-spec-cell !p-[9px] md:!text-center !text-left ar:text-right active\" data-id=\"15888\">23 A<\/td>\n<\/tr>\n<\/tbody>\n<\/table>\n<\/div>\n<\/td>\n<\/tr>\n<tr>\n<th>Zakres napi\u0119cia MPP(T)<\/th>\n<td class=\"mk-td-visible\">\n<div>\n<table>\n<tbody>\n<tr>\n<td class=\"enf-api-spec-cell !p-[9px] md:!text-center !text-left ar:text-right active\" data-id=\"15888\">250~850 V<\/td>\n<\/tr>\n<\/tbody>\n<\/table>\n<\/div>\n<\/td>\n<\/tr>\n<tr>\n<th>Liczba urz\u0105dze\u0144 \u015bledz\u0105cych MPP<\/th>\n<td class=\"mk-td-visible\">\n<div>\n<table>\n<tbody>\n<tr>\n<td class=\"enf-api-spec-cell !p-[9px] md:!text-center !text-left ar:text-right active\" data-id=\"15888\">2<\/td>\n<\/tr>\n<\/tbody>\n<\/table>\n<\/div>\n<\/td>\n<\/tr>\n<tr class=\"mk-group-title\">\n<th>Dane wyj\u015bciowe falownika (AC)<\/th>\n<td class=\"mk-td-visible\"><\/td>\n<\/tr>\n<tr>\n<th>Maks. Moc AC<\/th>\n<td class=\"mk-td-visible\">\n<div>\n<table>\n<tbody>\n<tr>\n<td class=\"enf-api-spec-cell !p-[9px] md:!text-center !text-left ar:text-right active\" data-id=\"15888\">10 kW<\/td>\n<\/tr>\n<\/tbody>\n<\/table>\n<\/div>\n<\/td>\n<\/tr>\n<tr>\n<th>Nominalna moc pr\u0105du przemiennego<\/th>\n<td class=\"mk-td-visible\">\n<div>\n<table>\n<tbody>\n<tr>\n<td class=\"enf-api-spec-cell !p-[9px] md:!text-center !text-left ar:text-right active\" data-id=\"15888\">10 kW<\/td>\n<\/tr>\n<\/tbody>\n<\/table>\n<\/div>\n<\/td>\n<\/tr>\n<tr>\n<th>Napi\u0119cie znamionowe AC<\/th>\n<td class=\"mk-td-visible\">\n<div>\n<table>\n<tbody>\n<tr>\n<td class=\"enf-api-spec-cell !p-[9px] md:!text-center !text-left ar:text-right active\" data-id=\"15888\">400 V<\/td>\n<\/tr>\n<\/tbody>\n<\/table>\n<\/div>\n<\/td>\n<\/tr>\n<tr>\n<th>Liczba faz zasilania<\/th>\n<td class=\"mk-td-visible\">\n<div>\n<table>\n<tbody>\n<tr>\n<td class=\"enf-api-spec-cell !p-[9px] md:!text-center !text-left ar:text-right active\" data-id=\"15888\">3<\/td>\n<\/tr>\n<\/tbody>\n<\/table>\n<\/div>\n<\/td>\n<\/tr>\n<tr class=\"mk-group-title\">\n<th>Dane og\u00f3lne falownika<\/th>\n<td class=\"mk-td-visible\"><\/td>\n<\/tr>\n<tr>\n<th>Wymiary (wys.\/szer.\/g\u0142.)<\/th>\n<td class=\"mk-td-visible\">\n<div>\n<table>\n<tbody>\n<tr>\n<td class=\"enf-api-spec-cell !p-[9px] md:!text-center !text-left ar:text-right active\" data-id=\"15888\">600x460x250 mm<\/td>\n<\/tr>\n<\/tbody>\n<\/table>\n<\/div>\n<\/td>\n<\/tr>\n<tr>\n<th>Waga<\/th>\n<td class=\"mk-td-visible\">\n<div>\n<table>\n<tbody>\n<tr>\n<td class=\"enf-api-spec-cell !p-[9px] md:!text-center !text-left ar:text-right active\" data-id=\"15888\">29 kg<\/td>\n<\/tr>\n<\/tbody>\n<\/table>\n<\/div>\n<\/td>\n<\/tr>\n<tr>\n<th>Klasa ochrony<\/th>\n<td class=\"mk-td-visible ar:text-right\">IP21<\/td>\n<\/tr>\n<tr>\n<th>Wilgotno\u015b\u0107<\/th>\n<td class=\"mk-td-visible ar:text-right\">15-85 %<\/td>\n<\/tr>\n<tr>\n<th>Wy\u015bwietlacz<\/th>\n<td class=\"mk-td-visible ar:text-right\">LCD<\/td>\n<\/tr>\n<\/tbody>\n<\/table>\n<p>&nbsp;<\/p>\n<p>&nbsp;<\/p>","protected":false},"excerpt":{"rendered":"<p>Falownik AlphaEss Smile T10-HV Klasyczna konstrukcja Bestseller VPP Ready UPS Zdolno\u015b\u0107 Wysoka kompatybilno\u015b\u0107 Wi\u0119cej informacji Specyfikacja Gwarancja na produkt (min) 5 lat Kategoria systemu pami\u0119ci masowej Technologia inteligentnego systemu pami\u0119ci masowej [...]<\/p>","protected":false},"featured_media":664,"template":"","meta":{"_seopress_robots_primary_cat":"none","_seopress_titles_title":"Alpha ESS SMILE T10 - Intelligent Storage System with LFP Battery","_seopress_titles_desc":"Experience the power of the Alpha ESS SMILE T10 storage system with LFP battery technology. Maximize your energy usage with a sleek design, VPP readiness, and a 5-year warranty.","_seopress_robots_index":"","_kad_blocks_custom_css":"","_kad_blocks_head_custom_js":"","_kad_blocks_body_custom_js":"","_kad_blocks_footer_custom_js":""},"product_cat":[18],"product_tag":[],"class_list":{"0":"post-663","1":"product","2":"type-product","3":"status-publish","4":"has-post-thumbnail","6":"product_cat-hybrid-inverters","8":"first","9":"instock","10":"sale","11":"taxable","12":"shipping-taxable","13":"purchasable","14":"product-type-simple"},"taxonomy_info":{"product_cat":[{"value":18,"label":"Hybrid inverters"}]},"featured_image_src_large":["https:\/\/ownpowr.com\/wp-content\/uploads\/2023\/02\/Smile-T10.png",951,936,false],"author_info":[],"comment_info":"","_links":{"self":[{"href":"https:\/\/ownpowr.com\/pl\/wp-json\/wp\/v2\/product\/663","targetHints":{"allow":["GET"]}}],"collection":[{"href":"https:\/\/ownpowr.com\/pl\/wp-json\/wp\/v2\/product"}],"about":[{"href":"https:\/\/ownpowr.com\/pl\/wp-json\/wp\/v2\/types\/product"}],"wp:featuredmedia":[{"embeddable":true,"href":"https:\/\/ownpowr.com\/pl\/wp-json\/wp\/v2\/media\/664"}],"wp:attachment":[{"href":"https:\/\/ownpowr.com\/pl\/wp-json\/wp\/v2\/media?parent=663"}],"wp:term":[{"taxonomy":"product_cat","embeddable":true,"href":"https:\/\/ownpowr.com\/pl\/wp-json\/wp\/v2\/product_cat?post=663"},{"taxonomy":"product_tag","embeddable":true,"href":"https:\/\/ownpowr.com\/pl\/wp-json\/wp\/v2\/product_tag?post=663"}],"curies":[{"name":"wp","href":"https:\/\/api.w.org\/{rel}","templated":true}]}}