{"id":82534,"date":"2024-05-31T12:02:10","date_gmt":"2024-05-31T10:02:10","guid":{"rendered":"https:\/\/ownpowr.com\/?post_type=product&#038;p=82534"},"modified":"2025-08-25T14:32:05","modified_gmt":"2025-08-25T12:32:05","slug":"blauhoff-maxus-60k-96kwh-energy-storage-cabinet-liquid-cooling-with-ev-charger","status":"publish","type":"product","link":"https:\/\/ownpowr.com\/pl\/product\/blauhoff-maxus-60k-96kwh-szafa-magazynujaca-energie-chlodzona-ciecza-z-ladowarka-ev\/","title":{"rendered":"Blauhoff Maxus Szafa magazynowania energii 60K\/96KWh Ch\u0142odzenie ciecz\u0105 z \u0142adowark\u0105 EV"},"content":{"rendered":"<p>&nbsp;<\/p>\n<p>Monta\u017c przeprowadza Pa\u0144stwa lokalny instalator z pomoc\u0105 naszego personelu technicznego.<\/p>\n<p>Blauhoff Maxus Szafa magazynowania energii 96 kW ch\u0142odzona ciecz\u0105 10 lat gwarancji 8000 cykli z \u0142adowark\u0105 EV<\/p>\n<p>Mo\u017cliwe dofinansowanie<\/p>\n<p>Ogniwa pryzmatyczne zapewniaj\u0105 najwy\u017csz\u0105 jako\u015b\u0107 i najd\u0142u\u017csz\u0105 \u017cywotno\u015b\u0107, 8000 cykli i 10-letni\u0105 gwarancj\u0119 na ogniwa bez dodatkowych koszt\u00f3w oraz 5 lat na ca\u0142o\u015b\u0107.<\/p>\n<p>Wi\u0119kszo\u015b\u0107 innych dostawc\u00f3w ma 3-5 lat na ca\u0142o\u015b\u0107 i kom\u00f3rki, a nast\u0119pnie trzeba zap\u0142aci\u0107 dodatkowo, dotyczy to r\u00f3wnie\u017c EMS Dijkman, z kt\u00f3rego korzystamy, bez miesi\u0119cznych koszt\u00f3w i mo\u017ce wsp\u00f3\u0142pracowa\u0107 z rynkiem nier\u00f3wnowagi.<\/p>\n<p>W pe\u0142ni zintegrowany system ESS dla \u0142atwego transportu i obs\u0142ugi.<\/p>\n<p>Zintegrowana bateria z \u0142adowark\u0105 EV i modu\u0142owa konstrukcja sprawiaj\u0105, \u017ce urz\u0105dzenie mo\u017cna szybko skonfigurowa\u0107 i u\u017cywa\u0107 przez maksymalnie 3 godziny.<\/p>\n<p>Blauhoff BLH-96kWh-Maxus, wszechstronny komercyjny i przemys\u0142owy system ESS z ch\u0142odzeniem ciecz\u0105, jest zintegrowany z konwerterem magazynowania energii, akumulatorem, BMS, EMS, zarz\u0105dzaniem termicznym, dystrybucj\u0105 mocy, ochron\u0105 przeciwpo\u017carow\u0105, \u0142adowark\u0105 Ev itp.<\/p>\n<p>Konstrukcja typu \"wszystko w jednym\" jest \u0142atwa w instalacji i obs\u0142udze oraz wsp\u00f3\u0142pracuje ze wszystkimi innymi produktami Maxus i automatycznie handluje z dynamicznymi cenami energii za po\u015brednictwem r\u00f3\u017cnych system\u00f3w EMS.<\/p>\n<p>Bezpieczna konstrukcja systemu zapewnia lepsz\u0105 wydajno\u015b\u0107 baterii i d\u0142u\u017csz\u0105 \u017cywotno\u015b\u0107<br \/>\n\u017cywotno\u015b\u0107. Wiele zestaw\u00f3w szaf mo\u017ce by\u0107 bezpo\u015brednio po\u0142\u0105czonych r\u00f3wnolegle do 30 jednostek w celu magazynowania energii<br \/>\nmo\u017cliwo\u015b\u0107 rozbudowy systemu. Jest bardzo \u0142atwo skalowalny i przeno\u015bny.<\/p>\n<p>Ch\u0142odzenie ciecz\u0105 :<br \/>\nDryft temperaturowy ogniw akumulatora<br \/>\nw ca\u0142ym systemie mie\u015bci si\u0119 w zakresie \u00b11,5\u00b0C ze wzgl\u0119du na<br \/>\ninteligentny system ch\u0142odzenia ciecz\u0105. Mo\u017ce<br \/>\nprzed\u0142u\u017cy\u0107 \u017cywotno\u015b\u0107 systemu do<br \/>\n30%, zwi\u0119kszenie d\u0142ugoterminowej wydajno\u015bci systemu<br \/>\ndo 88.5%.<\/p>\n<p>Mo\u017cliwe dodatki<\/p>\n<p>Zasilanie awaryjne STS - 2 \u0142adowarki EV 22kw - falownik hybrydowy do pod\u0142\u0105czenia paneli ipv AC sprz\u0119\u017cony<\/p>\n<p>Bezpieczny<br \/>\nSystem ma cztery poziomy zarz\u0105dzania<br \/>\nstruktura, kt\u00f3ra mo\u017ce zapewni\u0107 dok\u0142adne<br \/>\nzabezpieczenie przeciwzwarciowe, nadpr\u0105dowe<br \/>\nochrona, ochrona przed przepi\u0119ciem,<br \/>\nochrona przed zbyt niskim napi\u0119ciem, nadmiern\u0105 temperatur\u0105<br \/>\nochrona itp.<\/p>\n<p>Obowi\u0105zkowe certyfikaty bezpiecze\u0144stwa i europejskie, falownik i akumulatory:<\/p>\n<p>EN 50549-1 dla falownika Maxus i ma zastosowanie do jednostek wytwarzania energii pod\u0142\u0105czonych do sieci niskiego napi\u0119cia, a EN 50549-2 ma zastosowanie do jednostek wytwarzania energii pod\u0142\u0105czonych do sieci \u015bredniego napi\u0119cia.<\/p>\n<p><strong>NEN-EN-IEC 62619:2022 - Ogniwa i baterie wt\u00f3rne zawieraj\u0105ce elektrolity alkaliczne lub inne elektrolity niekwa\u015bne - Wymagania bezpiecze\u0144stwa dla wt\u00f3rnych ogniw i baterii litowych do zastosowa\u0144 przemys\u0142owych<\/strong><\/p>\n<p><strong>NEN-EN-IEC 61000-6-2\u3001EN IEC 61000-6-4<\/strong><\/p>\n<p><strong>UL 9540A:2019 wydanie 4 - Standard metody testowej do oceny rozprzestrzeniania si\u0119 po\u017caru termicznego w akumulatorowych systemach magazynowania energii<\/strong><\/p>\n<p><strong>UN38.3<\/strong><\/p>\n<p>VDE4100<\/p>","protected":false},"excerpt":{"rendered":"<p>&nbsp; Monta\u017c wykona Pa\u0144stwa lokalny instalator z pomoc\u0105 naszego personelu technicznego. Blauhoff Maxus 96Kwh Szafa magazynowania energii ch\u0142odzona ciecz\u0105 10 lat gwarancji 8000 cykli z \u0142adowark\u0105 EV Mo\u017cliwe dofinansowanie [...]<\/p>","protected":false},"featured_media":82535,"template":"","meta":{"_seopress_robots_primary_cat":"none","_seopress_titles_title":"","_seopress_titles_desc":"","_seopress_robots_index":"","_kad_blocks_custom_css":"","_kad_blocks_head_custom_js":"","_kad_blocks_body_custom_js":"","_kad_blocks_footer_custom_js":""},"product_cat":[17,18,19],"product_tag":[],"class_list":{"0":"post-82534","1":"product","2":"type-product","3":"status-publish","4":"has-post-thumbnail","6":"product_cat-home-batteries","7":"product_cat-hybrid-inverters","8":"product_cat-sets-with-inverters","10":"first","11":"instock","12":"taxable","13":"shipping-taxable","14":"purchasable","15":"product-type-simple"},"taxonomy_info":{"product_cat":[{"value":17,"label":"Home batteries"},{"value":18,"label":"Hybrid inverters"},{"value":19,"label":"Sets with inverters"}]},"featured_image_src_large":["https:\/\/ownpowr.com\/wp-content\/uploads\/2024\/05\/photo-2024-02-21-15-07-10.jpg",800,800,false],"author_info":[],"comment_info":"","_links":{"self":[{"href":"https:\/\/ownpowr.com\/pl\/wp-json\/wp\/v2\/product\/82534","targetHints":{"allow":["GET"]}}],"collection":[{"href":"https:\/\/ownpowr.com\/pl\/wp-json\/wp\/v2\/product"}],"about":[{"href":"https:\/\/ownpowr.com\/pl\/wp-json\/wp\/v2\/types\/product"}],"wp:featuredmedia":[{"embeddable":true,"href":"https:\/\/ownpowr.com\/pl\/wp-json\/wp\/v2\/media\/82535"}],"wp:attachment":[{"href":"https:\/\/ownpowr.com\/pl\/wp-json\/wp\/v2\/media?parent=82534"}],"wp:term":[{"taxonomy":"product_cat","embeddable":true,"href":"https:\/\/ownpowr.com\/pl\/wp-json\/wp\/v2\/product_cat?post=82534"},{"taxonomy":"product_tag","embeddable":true,"href":"https:\/\/ownpowr.com\/pl\/wp-json\/wp\/v2\/product_tag?post=82534"}],"curies":[{"name":"wp","href":"https:\/\/api.w.org\/{rel}","templated":true}]}}