{"id":831,"date":"2023-10-04T16:35:29","date_gmt":"2023-10-04T14:35:29","guid":{"rendered":"https:\/\/ownpowr.com\/product\/blauhoff-bess-all-in-one-10k-10kwh\/"},"modified":"2025-03-27T12:50:48","modified_gmt":"2025-03-27T10:50:48","slug":"k-star-all-in-one-10k-10kwh","status":"publish","type":"product","link":"https:\/\/ownpowr.com\/pl\/product\/blauhoff-bess-all-in-one-10k-10kwh\/","title":{"rendered":"K-stars Uniwersalne tr\u00f3jfazowe rozwi\u0105zanie magazynuj\u0105ce 10K\/10kWh"},"content":{"rendered":"<div class=\"proInfos proInfos2 clearfix\">\n<div class=\"left\">\n<p>K-stars Wszechstronne tr\u00f3jfazowe rozwi\u0105zanie pami\u0119ci masowej (3 fazy)<\/p>\n<p>Kluczowe korzy\u015bci<\/p>\n<ul>\n<li>Wykorzystuje wysokowydajn\u0105 bateri\u0119 LFP CATL, znan\u0105 z jako\u015bci i b\u0119d\u0105c\u0105 jednym z najlepszych dostawc\u00f3w ogniw.<\/li>\n<li>Zdolny do obs\u0142ugi znacznej mocy wej\u015bciowej 20 kW PV, z 10 kW do \u0142adowania i 10 kW na wyj\u015bciu AC.<\/li>\n<li>Charakteryzuje si\u0119 modu\u0142ow\u0105 konstrukcj\u0105, umo\u017cliwiaj\u0105c\u0105 rozbudow\u0119 systemu magazynowania energii o wiele jednostek 5,12 kWh.<\/li>\n<li>Zapewnia solidne 3-fazowe wyj\u015bcie zapasowe o mocy 10 kW, z czasem w\u0142\u0105czania\/wy\u0142\u0105czania sieci kr\u00f3tszym ni\u017c 20 ms.<\/li>\n<li>Zawiera system zarz\u0105dzania energi\u0105 (EMS), dzi\u0119ki czemu jest wszechstronny w r\u00f3\u017cnych zastosowaniach.<\/li>\n<li>Obs\u0142uguje maksymalnie 4 jednostki r\u00f3wnolegle do tworzenia kopii zapasowych w trybie off-grid.<\/li>\n<li>Usprawniona konstrukcja typu \"wszystko w jednym\" zapewnia wygod\u0119 i wydajno\u015b\u0107.<\/li>\n<li>Charakteryzuje si\u0119 wysok\u0105 wydajno\u015bci\u0105, si\u0119gaj\u0105c\u0105 97,6%.<\/li>\n<li>Stopie\u0144 ochrony IP65 zapewnia trwa\u0142o\u015b\u0107 i odporno\u015b\u0107.<\/li>\n<li>Opcjonalna funkcja monitorowania ci\u0105g\u00f3w.<\/li>\n<li>Upraszcza procedury instalacji.<\/li>\n<li>Wyposa\u017cony w cyfrowy kontroler.<\/li>\n<li>Posiada zabezpieczenie przeciwprzepi\u0119ciowe DC\/AC.<\/li>\n<li>Zawiera regulator mocy biernej.<\/li>\n<\/ul>\n<p>BluE-S- E10KT<\/p>\n<p>Pakiet 2 x 5.1k<\/p>\n<p>1x zestaw po\u0142\u0105czeniowy dla Blue- 2x pakiet 5.1<\/p>\n<p>Informacje o gwarancji<\/p>\n<ul>\n<li>Obj\u0119ty jest 10-letni\u0105 gwarancj\u0105.<\/li>\n<li>Zaprojektowany na imponuj\u0105c\u0105 liczb\u0119 10 000 cykli.<\/li>\n<\/ul>\n<p>Specjalna oferta instalacyjna<\/p>\n<ul>\n<li>Dost\u0119pny do instalacji w Holandii w specjalnej cenie tylko 750 euro!<\/li>\n<\/ul>\n<p><a href=\"https:\/\/ownpowr.com\/wp-content\/uploads\/2023\/10\/datasheet-k-star-blue.pdf\" target=\"_blank\" rel=\"noopener\">Karta katalogowa K-Star BluE<\/a><\/p>\n<\/div>\n<\/div>\n<div class=\"hotBuy hotBuy2 clearfix\">\n<div class=\"left\">\n<div class=\"a\">\n<p>&nbsp;<\/p>\n<\/div>\n<\/div>\n<\/div>","protected":false},"excerpt":{"rendered":"<p>Blauhoff<\/p>\n<p>10-letnia gwarancja<\/p>\n<p>10000 cykli<\/p>\n<p>80% DOD<\/p>","protected":false},"featured_media":832,"template":"","meta":{"_seopress_robots_primary_cat":"none","_seopress_titles_title":"K-star All-In-One Three Phase Storage Solution | High Performance LFP Battery","_seopress_titles_desc":"Get the K-star All-In-One Three Phase Storage Solution with CATL high performance LFP battery. 20KW PV input, modular design, easy installation, and more.","_seopress_robots_index":"","_kad_blocks_custom_css":"","_kad_blocks_head_custom_js":"","_kad_blocks_body_custom_js":"","_kad_blocks_footer_custom_js":""},"product_cat":[17,19],"product_tag":[],"class_list":{"0":"post-831","1":"product","2":"type-product","3":"status-publish","4":"has-post-thumbnail","6":"product_cat-home-batteries","7":"product_cat-sets-with-inverters","9":"first","10":"instock","11":"sale","12":"taxable","13":"shipping-taxable","14":"purchasable","15":"product-type-simple"},"taxonomy_info":{"product_cat":[{"value":17,"label":"Home batteries"},{"value":19,"label":"Sets with inverters"}]},"featured_image_src_large":["https:\/\/ownpowr.com\/wp-content\/uploads\/2023\/04\/Ontwerp-zonder-titel-1024x1024.png",1024,1024,true],"author_info":[],"comment_info":"","_links":{"self":[{"href":"https:\/\/ownpowr.com\/pl\/wp-json\/wp\/v2\/product\/831","targetHints":{"allow":["GET"]}}],"collection":[{"href":"https:\/\/ownpowr.com\/pl\/wp-json\/wp\/v2\/product"}],"about":[{"href":"https:\/\/ownpowr.com\/pl\/wp-json\/wp\/v2\/types\/product"}],"wp:featuredmedia":[{"embeddable":true,"href":"https:\/\/ownpowr.com\/pl\/wp-json\/wp\/v2\/media\/832"}],"wp:attachment":[{"href":"https:\/\/ownpowr.com\/pl\/wp-json\/wp\/v2\/media?parent=831"}],"wp:term":[{"taxonomy":"product_cat","embeddable":true,"href":"https:\/\/ownpowr.com\/pl\/wp-json\/wp\/v2\/product_cat?post=831"},{"taxonomy":"product_tag","embeddable":true,"href":"https:\/\/ownpowr.com\/pl\/wp-json\/wp\/v2\/product_tag?post=831"}],"curies":[{"name":"wp","href":"https:\/\/api.w.org\/{rel}","templated":true}]}}