{"id":910,"date":"2023-10-04T16:42:22","date_gmt":"2023-10-04T14:42:22","guid":{"rendered":"https:\/\/ownpowr.com\/product\/koyoe-10kw-three-phase-include-wire-wifi-smart-meter\/"},"modified":"2025-03-27T13:38:41","modified_gmt":"2025-03-27T11:38:41","slug":"koyoe-10kw-three-phase-include-wire-wifi-smart-meter","status":"publish","type":"product","link":"https:\/\/ownpowr.com\/pl\/product\/koyoe-10kw-trojfazowy-obejmuje-inteligentny-licznik-przewodowy-wifi\/","title":{"rendered":"Tr\u00f3jfazowy falownik Koyoe 10kw, w tym przew\u00f3d, wifi, inteligentny licznik"},"content":{"rendered":"<h1>Tr\u00f3jfazowy falownik Koyoe 10kw, w tym przew\u00f3d, wifi, inteligentny licznik<\/h1>\n<p>Marka: Koyoe<\/p>\n<p>Kod produktu \/ SKU: KY-EST10KH<\/p>\n<p>&nbsp;<\/p>\n<h2>Opis<\/h2>\n<p><strong>Modu\u0142owa konstrukcja<\/strong><\/p>\n<p>Modu\u0142owa konstrukcja, instalacja w stosie, prosty wygl\u0105d, integracja modemu domowego;<\/p>\n<p><strong>Smar Switch<\/strong><\/p>\n<p>Praca poza sieci\u0105, obs\u0142uga zasilania awaryjnego i p\u0142ynne prze\u0142\u0105czanie;<\/p>\n<p><strong>Szeroki zakres napi\u0119cia wej\u015bciowego<\/strong><\/p>\n<p>Ultraszeroki zakres napi\u0119cia PV 120V-500V, akumulator i ultraszeroki zakres napi\u0119cia 85V-450V;<\/p>\n<p><strong>Bezpieczny i niezawodny<\/strong><\/p>\n<p>Inteligentne ch\u0142odzenie powietrzem, niski wzrost temperatury. D\u0142uga \u017cywotno\u015b\u0107, wiele funkcji zabezpieczaj\u0105cych;<\/p>\n<p><strong>Inteligentne i proste<\/strong><\/p>\n<p>Obs\u0142uga GPRS\/WIFI\/RS485\/USBLCD, wspieraj\u0105ca zdalne monitorowanie;<\/p>\n<p><strong>Wysoka sprawno\u015b\u0107 energetyczna<\/strong><\/p>\n<p>Mniejsza redukcja mocy wyj\u015bciowej w wysokiej temperaturze,<br \/>\nz poprawion\u0105 wydajno\u015bci\u0105, maksymalna moc wej\u015bciowa PV do<br \/>\n1,3x moc znamionowa<\/p>\n<p>&nbsp;<\/p>\n<p>Pliki do pobrania<\/p>\n<p><a href=\"https:\/\/storeyourownpower.com\/wp-content\/uploads\/2023\/05\/Templates_cn_file_Ess-Warranty.pdf\">_Templates_cn_file_Ess Warranty<\/a><\/p>\n<p><a href=\"https:\/\/storeyourownpower.com\/wp-content\/uploads\/2023\/05\/Templates_cn_file_energy_10kw.pdf\">_Templates_cn_file_energy_10kw<\/a><\/p>","protected":false},"excerpt":{"rendered":"<p>Koyoe 10kw Falownik tr\u00f3jfazowy, zawiera przew\u00f3d, wifi, inteligentny licznik Marka: Koyoe Kod produktu \/ SKU: KY-EST10KH Opis Modu\u0142owa konstrukcja Modu\u0142owa konstrukcja, instalacja w stosie prosty wygl\u0105d de znak, integracja [...]<\/p>","protected":false},"featured_media":903,"template":"","meta":{"_seopress_robots_primary_cat":"none","_seopress_titles_title":"Koyoe 10kw Inverter Three Phase - Wire, WiFi, Smart Meter","_seopress_titles_desc":"Experience the ultimate modular design and seamless integration with Koyoe 10kw Inverter. With wide voltage input range and smart features like GPRS\/WIFI monitoring, this inverter guarantees safe and reliable power supply.","_seopress_robots_index":"","_kad_blocks_custom_css":"","_kad_blocks_head_custom_js":"","_kad_blocks_body_custom_js":"","_kad_blocks_footer_custom_js":""},"product_cat":[18],"product_tag":[],"class_list":{"0":"post-910","1":"product","2":"type-product","3":"status-publish","4":"has-post-thumbnail","6":"product_cat-hybrid-inverters","8":"first","9":"instock","10":"sale","11":"taxable","12":"shipping-taxable","13":"purchasable","14":"product-type-simple"},"taxonomy_info":{"product_cat":[{"value":18,"label":"Hybrid inverters"}]},"featured_image_src_large":["https:\/\/ownpowr.com\/wp-content\/uploads\/2023\/05\/Koyoe-10kW-3-Phase-Hybrid-Inverter1-1024x1024.png",1024,1024,true],"author_info":[],"comment_info":"","_links":{"self":[{"href":"https:\/\/ownpowr.com\/pl\/wp-json\/wp\/v2\/product\/910","targetHints":{"allow":["GET"]}}],"collection":[{"href":"https:\/\/ownpowr.com\/pl\/wp-json\/wp\/v2\/product"}],"about":[{"href":"https:\/\/ownpowr.com\/pl\/wp-json\/wp\/v2\/types\/product"}],"wp:featuredmedia":[{"embeddable":true,"href":"https:\/\/ownpowr.com\/pl\/wp-json\/wp\/v2\/media\/903"}],"wp:attachment":[{"href":"https:\/\/ownpowr.com\/pl\/wp-json\/wp\/v2\/media?parent=910"}],"wp:term":[{"taxonomy":"product_cat","embeddable":true,"href":"https:\/\/ownpowr.com\/pl\/wp-json\/wp\/v2\/product_cat?post=910"},{"taxonomy":"product_tag","embeddable":true,"href":"https:\/\/ownpowr.com\/pl\/wp-json\/wp\/v2\/product_tag?post=910"}],"curies":[{"name":"wp","href":"https:\/\/api.w.org\/{rel}","templated":true}]}}