{"id":932,"date":"2023-10-04T16:37:39","date_gmt":"2023-10-04T14:37:39","guid":{"rendered":"https:\/\/ownpowr.com\/product\/enphase-encharge-3t-battery-only-15-year-warantee\/"},"modified":"2025-04-02T14:31:50","modified_gmt":"2025-04-02T12:31:50","slug":"enphase-encharge-3t-battery","status":"publish","type":"product","link":"https:\/\/ownpowr.com\/pl\/product\/akumulator-enphase-encharge-3t\/","title":{"rendered":"Bateria Enphase Encharge 3T"},"content":{"rendered":"<p>Enphase Encharge 3T z 15-letni\u0105 gwarancj\u0105<\/p>\n<p>Prosz\u0119 pami\u0119ta\u0107: Wymagany certyfikat instalatora! Prosz\u0119 odwiedzi\u0107 Uniwersytet Enphase, aby uzyska\u0107 certyfikat.<\/p>\n<p>Enphase IQ Battery 3T\/10T Zalety Enphase IQ 3T i 10T:<\/p>\n<ul>\n<li>W pe\u0142ni zintegrowany system baterii AC z wbudowanymi mikroinwerterami IQ 8X-BAT<\/li>\n<li>Proste pod\u0142\u0105czenie do zasilania AC standardowej instalacji domowej<\/li>\n<li>Precyzyjnie dostosowuje si\u0119 do specyficznych warunk\u00f3w u\u017cytkownika<\/li>\n<li>Przyjazne dla u\u017cytkownika sterowanie i monitorowanie za pomoc\u0105 aplikacji mobilnej<\/li>\n<li>Pasywny system ch\u0142odzenia (brak ruchomych cz\u0119\u015bci lub wentylator\u00f3w)<\/li>\n<li>Wyj\u0105tkowa trwa\u0142o\u015b\u0107 z 10-letni\u0105 gwarancj\u0105<\/li>\n<li>Certyfikacja instalatora jest obowi\u0105zkowa w przypadku instalacji akumulator\u00f3w. Aby uzyska\u0107 szczeg\u00f3\u0142owe informacje na temat certyfikacji, prosimy skontaktowa\u0107 si\u0119 z opiekunem klienta Enphase.<\/li>\n<li>Prosz\u0119 upewni\u0107 si\u0119, \u017ce posiadaj\u0105 Pa\u0144stwo art. 270072 - Enphase - IQ Gateway-S Metered device.<\/li>\n<li>Enphase IQ 3T zapewnia ca\u0142kowit\u0105 pojemno\u015b\u0107 3,5 kWh i jest wyposa\u017cony w cztery zintegrowane mikroinwertery o \u0142\u0105cznej mocy 1,28 kW.<\/li>\n<li>Instalatorzy mog\u0105 z \u0142atwo\u015bci\u0105 dostosowa\u0107 rozmiar systemu do wymaga\u0144 nowych klient\u00f3w, a tak\u017ce tych, kt\u00f3rzy posiadaj\u0105 ju\u017c panele s\u0142oneczne.<\/li>\n<\/ul>\n<p>System akumulator\u00f3w Encharge 3T ze zintegrowanymi mikroinwerterami Enphase serii IQ i jednostk\u0105 zarz\u0105dzania akumulatorami (BMU).<\/p>\n<p>Zestaw zawiera:<\/p>\n<ul>\n<li>1x jednostka bazowa Encharge 3T (ENP-B03-T01-INT00-1-2)<\/li>\n<\/ul>\n<p>Prosz\u0119 cieszy\u0107 si\u0119 spokojem ducha, kt\u00f3ry zapewnia Enphase Encharge 3T, wspierany przez hojn\u0105 15-letni\u0105 gwarancj\u0119. Prosz\u0119 zwr\u00f3ci\u0107 uwag\u0119 na wym\u00f3g certyfikacji instalatora w celu prawid\u0142owej instalacji i konfiguracji.<\/p>\n<p><strong>Wi\u0119cej informacji:<\/strong><\/p>\n<ul>\n<li><a href=\"https:\/\/storeyourownpower.com\/wp-content\/uploads\/2022\/12\/Datenblatt-German-Encharge-3T.pdf\" target=\"_blank\" rel=\"noopener\">Datenblatt German Encharge 3T<\/a><\/li>\n<li><a href=\"https:\/\/storeyourownpower.com\/wp-content\/uploads\/2022\/12\/Datasheet-English-Encharge-3T.pdf\" target=\"_blank\" rel=\"noopener\">Karta katalogowa w j\u0119zyku angielskim Encharge 3T<\/a><\/li>\n<li><a href=\"https:\/\/storeyourownpower.com\/wp-content\/uploads\/2022\/12\/Warranty-terms-English-Encharge-3T.pdf\" target=\"_blank\" rel=\"noopener\">Warunki gwarancji w j\u0119zyku angielskim Encharge 3T<\/a><\/li>\n<li><a href=\"https:\/\/storeyourownpower.com\/wp-content\/uploads\/2022\/12\/Warranty-terms-German-Encharge-3T.pdf\" target=\"_blank\" rel=\"noopener\">Warunki gwarancji German Encharge 3T<\/a><\/li>\n<li><a href=\"https:\/\/storeyourownpower.com\/wp-content\/uploads\/2022\/12\/Mounting-instructions-English-Encharge-3T.pdf\" target=\"_blank\" rel=\"noopener\">Instrukcja monta\u017cu English Encharge 3T<\/a><\/li>\n<\/ul>","protected":false},"excerpt":{"rendered":"<p>15 lat gwarancji w tej cenie!<\/p>","protected":false},"featured_media":39969,"template":"","meta":{"_seopress_robots_primary_cat":"none","_seopress_titles_title":"Enphase Encharge 3T: 15-Year Warranty, Installer Certification Required","_seopress_titles_desc":"Discover the advantages of Enphase IQ Battery 3T\/10T, a fully integrated AC battery system that optimally adjusts to your needs. Get certified at Enphase University.","_seopress_robots_index":"","_kad_blocks_custom_css":"","_kad_blocks_head_custom_js":"","_kad_blocks_body_custom_js":"","_kad_blocks_footer_custom_js":""},"product_cat":[17],"product_tag":[],"class_list":{"0":"post-932","1":"product","2":"type-product","3":"status-publish","4":"has-post-thumbnail","6":"product_cat-home-batteries","8":"first","9":"outofstock","10":"sale","11":"taxable","12":"shipping-taxable","13":"purchasable","14":"product-type-simple"},"taxonomy_info":{"product_cat":[{"value":17,"label":"Home batteries"}]},"featured_image_src_large":["https:\/\/ownpowr.com\/wp-content\/uploads\/2023\/10\/enphase-iq-batterij-3t-achterkant-900x900-2.jpeg",658,658,false],"author_info":[],"comment_info":"","_links":{"self":[{"href":"https:\/\/ownpowr.com\/pl\/wp-json\/wp\/v2\/product\/932","targetHints":{"allow":["GET"]}}],"collection":[{"href":"https:\/\/ownpowr.com\/pl\/wp-json\/wp\/v2\/product"}],"about":[{"href":"https:\/\/ownpowr.com\/pl\/wp-json\/wp\/v2\/types\/product"}],"wp:featuredmedia":[{"embeddable":true,"href":"https:\/\/ownpowr.com\/pl\/wp-json\/wp\/v2\/media\/39969"}],"wp:attachment":[{"href":"https:\/\/ownpowr.com\/pl\/wp-json\/wp\/v2\/media?parent=932"}],"wp:term":[{"taxonomy":"product_cat","embeddable":true,"href":"https:\/\/ownpowr.com\/pl\/wp-json\/wp\/v2\/product_cat?post=932"},{"taxonomy":"product_tag","embeddable":true,"href":"https:\/\/ownpowr.com\/pl\/wp-json\/wp\/v2\/product_tag?post=932"}],"curies":[{"name":"wp","href":"https:\/\/api.w.org\/{rel}","templated":true}]}}