{"id":1761,"date":"2023-08-31T23:36:30","date_gmt":"2023-08-31T21:36:30","guid":{"rendered":"https:\/\/ownpowr.com\/?page_id=1761"},"modified":"2023-09-11T14:41:36","modified_gmt":"2023-09-11T12:41:36","slug":"privacy-policy","status":"publish","type":"page","link":"https:\/\/ownpowr.com\/pt\/politica-de-privacidade\/","title":{"rendered":"Pol\u00edtica de privacidade"},"content":{"rendered":"<p>No Ownpowr, acess\u00edvel a partir de https:\/\/ownpowr.com, uma das nossas principais prioridades \u00e9 a privacidade dos nossos visitantes. Este documento de Pol\u00edtica de Privacidade cont\u00e9m tipos de informa\u00e7\u00e3o que s\u00e3o recolhidos e registados pelo Ownpowr e como os usamos.<\/p><p>Se tiver outras quest\u00f5es ou necessitar de mais informa\u00e7\u00f5es sobre a nossa Pol\u00edtica de Privacidade, n\u00e3o hesite em contactar-nos. A nossa Pol\u00edtica de Privacidade foi criada com a ajuda de <a href=\"https:\/\/www.gdprprivacynotice.com\/\">Gerador de pol\u00edtica de privacidade do RGPD<\/a><\/p><h3 class=\"wp-block-heading\">Regulamento Geral sobre a Prote\u00e7\u00e3o de Dados (RGPD)<\/h3><p>Somos um controlador de dados das suas informa\u00e7\u00f5es.<\/p><p>A base legal da Blauhoff para recolher e utilizar as informa\u00e7\u00f5es pessoais descritas nesta Pol\u00edtica de Privacidade depende das Informa\u00e7\u00f5es Pessoais que recolhemos e do contexto espec\u00edfico em que recolhemos as informa\u00e7\u00f5es:<\/p><ul class=\"wp-block-list\"><li>A Blauhoff precisa de executar um contrato consigo<\/li>\n\n<li>Deu autoriza\u00e7\u00e3o \u00e0 Blauhoff para o fazer<\/li>\n\n<li>O processamento dos seus dados pessoais \u00e9 do interesse leg\u00edtimo da Blauhoff<\/li>\n\n<li>Blauhoff tem de cumprir a lei<\/li><\/ul><p>A Blauhoff conservar\u00e1 os seus dados pessoais apenas durante o tempo necess\u00e1rio para os fins estabelecidos na presente pol\u00edtica de privacidade. Conservaremos e utilizaremos as suas informa\u00e7\u00f5es na medida do necess\u00e1rio para cumprir as nossas obriga\u00e7\u00f5es legais, resolver lit\u00edgios e fazer cumprir as nossas pol\u00edticas.<\/p><p>Se for residente no Espa\u00e7o Econ\u00f3mico Europeu (EEE), tem determinados direitos de prote\u00e7\u00e3o de dados. Se pretender ser informado sobre as Informa\u00e7\u00f5es Pessoais que mantemos sobre si e se pretender que estas sejam removidas dos nossos sistemas, contacte-nos.<\/p><p>Em determinadas circunst\u00e2ncias, tem os seguintes direitos de prote\u00e7\u00e3o de dados:<\/p><ul class=\"wp-block-list\"><li>O direito de aceder, atualizar ou apagar as informa\u00e7\u00f5es que temos sobre si.<\/li>\n\n<li>O direito de retifica\u00e7\u00e3o.<\/li>\n\n<li>O direito de oposi\u00e7\u00e3o.<\/li>\n\n<li>O direito de restri\u00e7\u00e3o.<\/li>\n\n<li>O direito \u00e0 portabilidade dos dados<\/li>\n\n<li>O direito de retirar o consentimento<\/li><\/ul><h3 class=\"wp-block-heading\">Ficheiros de registo<\/h3><p>O Ownpowr segue um procedimento padr\u00e3o de utiliza\u00e7\u00e3o de ficheiros de registo. Estes ficheiros registam os visitantes quando estes visitam websites. Todas as empresas de alojamento fazem isto e fazem parte da an\u00e1lise dos servi\u00e7os de alojamento. As informa\u00e7\u00f5es coletadas pelos arquivos de log incluem endere\u00e7os de protocolo da Internet (IP), tipo de navegador, provedor de servi\u00e7os de Internet (ISP), carimbo de data e hora, p\u00e1ginas de refer\u00eancia \/ sa\u00edda e, possivelmente, o n\u00famero de cliques. Estes n\u00e3o est\u00e3o associados a qualquer informa\u00e7\u00e3o pessoalmente identific\u00e1vel. O objetivo das informa\u00e7\u00f5es \u00e9 analisar tend\u00eancias, administrar o site, seguir o movimento dos utilizadores no site e recolher informa\u00e7\u00f5es demogr\u00e1ficas.<\/p><h3 class=\"wp-block-heading\">Cookies e Web Beacons<\/h3><p>Como qualquer outro s\u00edtio Web, o Ownpowr utiliza \"cookies\". Estes cookies s\u00e3o utilizados para armazenar informa\u00e7\u00e3o, incluindo as prefer\u00eancias dos visitantes, e as p\u00e1ginas do site a que o visitante acedeu ou visitou. A informa\u00e7\u00e3o \u00e9 usada para otimizar a experi\u00eancia dos utilizadores, personalizando o conte\u00fado da nossa p\u00e1gina web com base no tipo de navegador dos visitantes e\/ou outras informa\u00e7\u00f5es.<\/p><h3 class=\"wp-block-heading\">Pol\u00edticas de privacidade<\/h3><p>Pode consultar esta lista para encontrar a Pol\u00edtica de Privacidade de cada um dos parceiros publicit\u00e1rios do Ownpowr.<\/p><p>Servidores de an\u00fancios de terceiros ou redes de an\u00fancios usam tecnologias como cookies, JavaScript, ou Web Beacons que s\u00e3o usados nos seus respectivos an\u00fancios e links que aparecem no Ownpowr, que s\u00e3o enviados diretamente para o browser dos utilizadores. Eles recebem automaticamente o seu endere\u00e7o IP quando isso ocorre. Estas tecnologias s\u00e3o utilizadas para medir a efic\u00e1cia das suas campanhas publicit\u00e1rias e\/ou para personalizar o conte\u00fado publicit\u00e1rio que v\u00ea nos sites que visita.<\/p><p>Note que o Ownpowr n\u00e3o tem acesso ou controlo sobre estes cookies que s\u00e3o utilizados por anunciantes terceiros.<\/p><h3 class=\"wp-block-heading\">Pol\u00edticas de privacidade de terceiros<\/h3><p>A Pol\u00edtica de Privacidade do Ownpowr n\u00e3o se aplica a outros anunciantes ou websites. Assim, aconselhamo-lo a consultar as respectivas Pol\u00edticas de Privacidade desses servidores de an\u00fancios de terceiros para obter informa\u00e7\u00f5es mais detalhadas. Pode incluir as suas pr\u00e1ticas e instru\u00e7\u00f5es sobre como optar por sair de certas op\u00e7\u00f5es.<\/p><p>Pode optar por desativar os cookies atrav\u00e9s das op\u00e7\u00f5es individuais do seu browser. Para obter informa\u00e7\u00f5es mais pormenorizadas sobre a gest\u00e3o de cookies com navegadores Web espec\u00edficos, pode consult\u00e1-las nos respectivos s\u00edtios Web dos navegadores.<\/p><h3 class=\"wp-block-heading\">Informa\u00e7\u00f5es para crian\u00e7as<\/h3><p>Outra parte da nossa prioridade \u00e9 acrescentar prote\u00e7\u00e3o para as crian\u00e7as enquanto utilizam a Internet. Incentivamos os pais e tutores a observar, participar e\/ou monitorizar e orientar a sua atividade em linha.<\/p><p>O Ownpowr n\u00e3o recolhe intencionalmente qualquer informa\u00e7\u00e3o pessoal identific\u00e1vel de crian\u00e7as com menos de 13 anos. Se pensa que o seu filho forneceu este tipo de informa\u00e7\u00e3o no nosso site, encorajamo-lo vivamente a contactar-nos imediatamente e faremos os nossos melhores esfor\u00e7os para remover prontamente essa informa\u00e7\u00e3o dos nossos registos.<\/p><h3 class=\"wp-block-heading\">Apenas a pol\u00edtica de privacidade online<\/h3><p>A nossa Pol\u00edtica de Privacidade aplica-se apenas \u00e0s nossas actividades online e \u00e9 v\u00e1lida para os visitantes do nosso website no que diz respeito \u00e0 informa\u00e7\u00e3o que partilharam e\/ou recolheram no Ownpowr. Esta pol\u00edtica n\u00e3o \u00e9 aplic\u00e1vel a qualquer informa\u00e7\u00e3o recolhida offline ou atrav\u00e9s de outros canais que n\u00e3o este website.<\/p><h3 class=\"wp-block-heading\">Consentimento<\/h3><p>Ao utilizar o nosso s\u00edtio Web, est\u00e1 a aceitar a nossa Pol\u00edtica de Privacidade e a concordar com os seus termos.<\/p>","protected":false},"excerpt":{"rendered":"<p>No Ownpowr, acess\u00edvel a partir de https:\/\/ownpowr.com, uma das nossas principais prioridades \u00e9 a privacidade dos nossos visitantes. Este documento de Pol\u00edtica de Privacidade cont\u00e9m tipos de informa\u00e7\u00e3o que s\u00e3o recolhidos e registados pelo [...]<\/p>","protected":false},"author":1,"featured_media":0,"parent":0,"menu_order":0,"comment_status":"closed","ping_status":"closed","template":"","meta":{"_seopress_robots_primary_cat":"","_seopress_titles_title":"","_seopress_titles_desc":"","_seopress_robots_index":"","_kad_blocks_custom_css":"","_kad_blocks_head_custom_js":"","_kad_blocks_body_custom_js":"","_kad_blocks_footer_custom_js":"","footnotes":""},"class_list":["post-1761","page","type-page","status-publish"],"taxonomy_info":[],"featured_image_src_large":false,"author_info":{"display_name":"job-39sj@s9jal019","author_link":"https:\/\/ownpowr.com\/pt\/author\/job-39sjs9jal019\/"},"comment_info":0,"_links":{"self":[{"href":"https:\/\/ownpowr.com\/pt\/wp-json\/wp\/v2\/pages\/1761","targetHints":{"allow":["GET"]}}],"collection":[{"href":"https:\/\/ownpowr.com\/pt\/wp-json\/wp\/v2\/pages"}],"about":[{"href":"https:\/\/ownpowr.com\/pt\/wp-json\/wp\/v2\/types\/page"}],"author":[{"embeddable":true,"href":"https:\/\/ownpowr.com\/pt\/wp-json\/wp\/v2\/users\/1"}],"replies":[{"embeddable":true,"href":"https:\/\/ownpowr.com\/pt\/wp-json\/wp\/v2\/comments?post=1761"}],"version-history":[{"count":0,"href":"https:\/\/ownpowr.com\/pt\/wp-json\/wp\/v2\/pages\/1761\/revisions"}],"wp:attachment":[{"href":"https:\/\/ownpowr.com\/pt\/wp-json\/wp\/v2\/media?parent=1761"}],"curies":[{"name":"wp","href":"https:\/\/api.w.org\/{rel}","templated":true}]}}