{"id":1763,"date":"2023-08-31T23:36:56","date_gmt":"2023-08-31T21:36:56","guid":{"rendered":"https:\/\/ownpowr.com\/?page_id=1763"},"modified":"2023-09-11T16:06:47","modified_gmt":"2023-09-11T14:06:47","slug":"terms-and-conditions","status":"publish","type":"page","link":"https:\/\/ownpowr.com\/pt\/termos-e-condicoes\/","title":{"rendered":"Termos e condi\u00e7\u00f5es"},"content":{"rendered":"<p><strong>Portais: www.ownpowr.com<\/strong><\/p><h3 class=\"wp-block-heading\"><strong>Artigo 1. Aplicabilidade<\/strong><\/h3><p>1.1 As presentes condi\u00e7\u00f5es gerais de venda aplicam-se a todas as ofertas da Blauhoff, que actua sob a designa\u00e7\u00e3o comercial \"Blauhoff\", e a todos os contratos celebrados com a Blauhoff.<\/p><p>1.2 As disposi\u00e7\u00f5es das presentes Condi\u00e7\u00f5es Gerais s\u00f3 podem ser objeto de derroga\u00e7\u00e3o se tal for expressamente acordado por escrito, caso em que as restantes disposi\u00e7\u00f5es das presentes Condi\u00e7\u00f5es Gerais permanecer\u00e3o em pleno vigor e efeito.<\/p><p>1.3 Se o comprador tamb\u00e9m se referir \u00e0s suas condi\u00e7\u00f5es gerais, estas n\u00e3o se aplicam, a n\u00e3o ser que a Blauhoff o aceite expressamente por escrito.<\/p><p>1.4 Por \"comprador\" entende-se qualquer visitante das p\u00e1ginas da Internet ou qualquer pessoa singular ou colectiva que tenha ou venha a ter uma rela\u00e7\u00e3o contratual de qualquer tipo com a Blauhoff.<\/p><p>1.5 A Blauhoff est\u00e1 autorizada a recorrer a terceiros para a execu\u00e7\u00e3o de um contrato com o comprador. 1.6 A Blauhoff reserva-se o direito de alterar ou completar as presentes Condi\u00e7\u00f5es Gerais de Venda de tempos a tempos. <\/p><h3 class=\"wp-block-heading\"><strong>Artigo 2. Ofertas e forma\u00e7\u00e3o de acordos<\/strong><\/h3><p>2.1 As ofertas ou or\u00e7amentos devem ser considerados como um convite aos potenciais compradores para efectuarem uma oferta. A Blauhoff n\u00e3o est\u00e1 vinculada a este facto, a n\u00e3o ser que o mesmo tenha sido registado por escrito e de forma inequ\u00edvoca. A aceita\u00e7\u00e3o por parte do potencial comprador do convite para efetuar uma oferta constitui uma oferta e s\u00f3 conduz \u00e0 forma\u00e7\u00e3o de um acordo se as outras disposi\u00e7\u00f5es deste artigo tiverem sido cumpridas.<\/p><p>2.2 As ofertas s\u00e3o v\u00e1lidas enquanto durarem os stocks.<\/p><p>2.3 Uma cota\u00e7\u00e3o registada ser\u00e1 v\u00e1lida por um per\u00edodo de duas (2) semanas, a menos que outro per\u00edodo seja especificado na cota\u00e7\u00e3o.<\/p><p>2.4 Uma oferta do potencial Comprador, tal como mencionado no artigo 2.1, ser\u00e1 considerada efectuada em qualquer uma das seguintes circunst\u00e2ncias:<\/p><p>- o potencial comprador especificou exatamente o produto e\/ou servi\u00e7o que pretende receber;<\/p><p>- uma oferta foi assinada pelo Comprador e recebida pela Blauhoff no caso de uma oferta nomeada ter sido emitida pela Blauhoff;<\/p><p>- O potencial comprador introduziu os seus dados no respetivo ecr\u00e3 de entrada do site da Internet e enviou os dados relevantes (\"formul\u00e1rio de encomenda\") \u00e0 Blauhoff por via eletr\u00f3nica, tendo estes dados sido recebidos pela Blauhoff.<\/p><p>2.5 O contrato \u00e9 celebrado no momento em que a confirma\u00e7\u00e3o da encomenda \u00e9 entregue ao comprador ou, no caso de a oferta ser feita atrav\u00e9s da p\u00e1gina de Internet, enviada por correio eletr\u00f3nico para o endere\u00e7o de correio eletr\u00f3nico indicado pelo comprador. Este acordo pode ser revogado pela Blauhoff, caso o comprador n\u00e3o cumpra ou n\u00e3o tenha cumprido no passado as condi\u00e7\u00f5es. Neste caso, a Blauhoff informar\u00e1 o comprador no prazo de dez (10) dias ap\u00f3s a rece\u00e7\u00e3o da encomenda.<\/p><p>2.6 O comprador e a Blauhoff concordam expressamente que, atrav\u00e9s da utiliza\u00e7\u00e3o de formas de comunica\u00e7\u00e3o electr\u00f3nicas, \u00e9 celebrado um acordo v\u00e1lido logo que as condi\u00e7\u00f5es dos artigos 2.4 e 2.5 sejam cumpridas. Em particular, mesmo a aus\u00eancia de uma assinatura normal n\u00e3o afecta a for\u00e7a vinculativa da oferta e da sua aceita\u00e7\u00e3o. Os ficheiros electr\u00f3nicos da Blauhoff servem, na medida do permitido por lei, como presun\u00e7\u00e3o de prova.<\/p><p>2.7 As informa\u00e7\u00f5es, imagens, comunica\u00e7\u00f5es orais, telef\u00f3nicas ou por correio eletr\u00f3nico, declara\u00e7\u00f5es, etc., relativas a todas as ofertas e \u00e0s caracter\u00edsticas mais importantes dos produtos s\u00e3o fornecidas ou efectuadas com a maior exatid\u00e3o poss\u00edvel. No entanto, a Blauhoff n\u00e3o garante que todas as ofertas e produtos correspondam totalmente \u00e0s informa\u00e7\u00f5es fornecidas, etc. Os desvios n\u00e3o podem, em princ\u00edpio, ser motivo de indemniza\u00e7\u00e3o e\/ou dissolu\u00e7\u00e3o.<\/p><h3 class=\"wp-block-heading\"><strong>Artigo 3. Pre\u00e7os<\/strong><\/h3><p>3.1 Todos os pre\u00e7os s\u00e3o, salvo acordo em contr\u00e1rio, expressos em euros, em conformidade com as disposi\u00e7\u00f5es legais na mat\u00e9ria.<\/p><p>3.2 As ofertas especiais s\u00e3o v\u00e1lidas apenas enquanto durarem os fornecimentos.<\/p><p>3.3 O comprador deve o pre\u00e7o que lhe foi comunicado pela Blauhoff na sua confirma\u00e7\u00e3o, de acordo com o artigo 2.5 das presentes Condi\u00e7\u00f5es Gerais. Erros \u00f3bvios (de manipula\u00e7\u00e3o) na proposta de pre\u00e7o, tais como inexactid\u00f5es evidentes, tamb\u00e9m podem ocorrer ap\u00f3s a celebra\u00e7\u00e3o do contrato pela Blauhoff e ser corrigidos.<\/p><p>3.4 As despesas de envio n\u00e3o est\u00e3o inclu\u00eddas no pre\u00e7o. Aplicam-se tarifas especiais para a entrega fora dos Pa\u00edses Baixos. No que respeita a determinados m\u00e9todos de pagamento, aplicam-se outras condi\u00e7\u00f5es relativas ao m\u00e9todo de entrega e aos custos associados. O comprador ser\u00e1 informado de forma clara sobre este facto.<\/p><p>3.5 Se, ap\u00f3s a data da proposta, um ou mais factores de pre\u00e7o de custo sofrerem um aumento, mesmo que tal ocorra devido a circunst\u00e2ncias previs\u00edveis, a Blauhoff tem o direito de aumentar o pre\u00e7o acordado em conformidade. Se um aumento de pre\u00e7o ocorrer no prazo de tr\u00eas meses ap\u00f3s a conclus\u00e3o do contrato<\/p><p>o consumidor pode rescindir o contrato no prazo de 10 dias, exceto se o aumento de pre\u00e7o resultar de um poder ou de uma obriga\u00e7\u00e3o do fornecedor nos termos da lei ou se tiver sido estipulado que a entrega ter\u00e1 lugar mais de tr\u00eas meses ap\u00f3s a compra.<\/p><h3 class=\"wp-block-heading\"><strong>Artigo 4. Pagamento<\/strong><\/h3><p>4.1 As encomendas podem ser pagas das seguintes formas:<\/p><p>-Pagamento antecipado atrav\u00e9s de transfer\u00eancia banc\u00e1ria e ideal, a mercadoria encomendada ser\u00e1 enviada ap\u00f3s a rece\u00e7\u00e3o do pagamento;<\/p><p>- No momento do levantamento da encomenda, o pagamento pode ser efectuado por pin ou dinheiro ;<\/p><p>- No futuro, a Blauhoff poder\u00e1 alargar as possibilidades de pagamento. As outras op\u00e7\u00f5es de pagamento ser\u00e3o dadas a conhecer atrav\u00e9s do s\u00edtio Internet.<\/p><p>4.2 Se a Blauhoff tiver acordado um prazo de pagamento, o comprador entra em incumprimento pelo simples facto de esse prazo ter expirado. As condi\u00e7\u00f5es de pagamento s\u00f3 podem ser acordadas por escrito em condi\u00e7\u00f5es a definir e acordar nessa altura.<\/p><p>4.3 Em caso de n\u00e3o pagamento ou de atraso no pagamento por parte do comprador, s\u00e3o devidos juros legais sobre o montante em d\u00edvida a partir do dia em que o pagamento deveria ter sido efectuado, o mais tardar, at\u00e9 ao dia do pagamento integral, sendo que um m\u00eas iniciado \u00e9 contado como um m\u00eas completo.<\/p><p>4.4 O comprador suportar\u00e1 tamb\u00e9m todos os custos de cobran\u00e7a extrajudiciais e judiciais de qualquer tipo incorridos pela Blauhoff devido ao incumprimento das suas obriga\u00e7\u00f5es (de pagamento) por parte do comprador. Os custos de cobran\u00e7a extrajudicial a cargo do comprador ser\u00e3o de, pelo menos, 15% do montante devido e nunca superiores aos custos de cobran\u00e7a m\u00e1ximos permitidos. A entrega dos produtos e\/ou servi\u00e7os pode ser suspensa at\u00e9 ao pagamento do pre\u00e7o da fatura.<\/p><p>4.5 Em caso de n\u00e3o pagamento atempado, a Blauhoff tem o direito de rescindir o contrato com efeito imediato ou de suspender o (novo) fornecimento at\u00e9 que o comprador tenha cumprido integralmente as suas obriga\u00e7\u00f5es de pagamento, incluindo o pagamento de juros e custos devidos.<\/p><p>4.6 Se o comprador n\u00e3o cumprir as suas obriga\u00e7\u00f5es de pagamento ou tiver dificuldades de pagamento, a Blauhoff tem o direito de, sem qualquer intima\u00e7\u00e3o pr\u00e9via e\/ou aviso de incumprimento Recuperar e rescindir o contrato. O comprador autoriza a Blauhoff a recuperar os produtos e, se necess\u00e1rio, a retir\u00e1-los e a recuper\u00e1-los, devendo o comprador dar \u00e0 Blauhoff todas as oportunidades para o fazer. Esta autoriza\u00e7\u00e3o abrange tamb\u00e9m a situa\u00e7\u00e3o em que a ades\u00e3o ou algo do g\u00e9nero teria tido lugar. A elimina\u00e7\u00e3o dos produtos ser\u00e1 efectuada a expensas do comprador. Se os produtos forem eliminados, a Blauhoff n\u00e3o ser\u00e1 obrigada a pagar ao comprador pelos produtos. O produto instala tubagens, acess\u00f3rios, etc., e\/ou anula os arranjos de constru\u00e7\u00e3o efectuados.<\/p><h3 class=\"wp-block-heading\"><strong>Artigo 5. Entrega e prazo de entrega<\/strong><\/h3><p>5.1 As encomendas ser\u00e3o entregues o mais rapidamente poss\u00edvel. Em princ\u00edpio, a Blauhoff tem como objetivo o envio das encomendas no prazo de cinco dias \u00fateis. O prazo de entrega m\u00e1ximo \u00e9 de 60 dias ap\u00f3s a rece\u00e7\u00e3o da encomenda, exceto no caso de pr\u00e9-pagamentos, em que o prazo de entrega m\u00e1ximo \u00e9 de 40 dias ap\u00f3s a rece\u00e7\u00e3o do pagamento. O prazo de entrega mencionado \u00e9 apenas uma indica\u00e7\u00e3o e nunca um prazo final. No entanto, para alguns produtos, em especial os sistemas de pain\u00e9is solares, os prazos de entrega e os pre\u00e7os de mercado variam muito em fun\u00e7\u00e3o da oferta e da procura mundiais actuais. A Blauhoff anunciar\u00e1 os prazos de entrega alterados logo que poss\u00edvel. A Blauhoff pode fornecer mais informa\u00e7\u00f5es sobre os prazos de entrega no s\u00edtio da Internet ou por escrito. Estas informa\u00e7\u00f5es t\u00eam um car\u00e1cter meramente indicativo.<\/p><p>5.2 Se o comprador encomendar um produto que esteja temporariamente fora de stock, ser\u00e1 avisado quando o produto estiver novamente dispon\u00edvel. A Blauhoff esfor\u00e7ar-se-\u00e1 por notificar o comprador de atrasos no prazo de tr\u00eas dias \u00fateis por correio eletr\u00f3nico ou telefone<\/p><p>5.3 As entregas das encomendas expedidas ser\u00e3o efectuadas para o endere\u00e7o fornecido pelo comprador durante a forma\u00e7\u00e3o do contrato.<\/p><p>5.4 A partir do momento em que os produtos a entregar s\u00e3o entregues na morada de entrega indicada, o risco relativo a esses produtos \u00e9 transferido para o comprador. Para as entregas que s\u00e3o recolhidas pelo comprador, o risco, no que diz respeito a estes produtos, \u00e9 transferido para o comprador no momento da transfer\u00eancia, mas em qualquer caso antes do carregamento.<\/p><p>5.5 Por raz\u00f5es pr\u00e1ticas, as entregas podem ser efectuadas em partes. 5.6 Podem aplicar-se condi\u00e7\u00f5es diferentes \u00e0s entregas no estrangeiro. <\/p><h3 class=\"wp-block-heading\"><strong>Artigo 6. Trocas<\/strong><\/h3><p>6.1 O comprador tem a obriga\u00e7\u00e3o de inspecionar cuidadosamente os produtos (ou de os mandar inspecionar) imediatamente ap\u00f3s a sua rece\u00e7\u00e3o e de comunicar imediatamente quaisquer defeitos ou danos. Os danos de transporte tamb\u00e9m devem ser imediatamente comunicados \u00e0 transportadora em causa. O software ou produtos semelhantes s\u00f3 podem ser trocados no prazo de 3 dias e na embalagem original, cujo selo n\u00e3o tenha sido quebrado. A troca s\u00f3 \u00e9 poss\u00edvel mediante a apresenta\u00e7\u00e3o da fatura original.<\/p><h3 class=\"wp-block-heading\"><strong>Artigo 7. Garantia de satisfa\u00e7\u00e3o e direito de retrata\u00e7\u00e3o<\/strong><\/h3><p>7.1 O consumidor-comprador tem o direito de exercer um direito de retrata\u00e7\u00e3o sem penaliza\u00e7\u00e3o ou explica\u00e7\u00e3o no prazo de 14 dias \u00fateis ap\u00f3s a rece\u00e7\u00e3o. Est\u00e3o exclu\u00eddos deste direito de retrata\u00e7\u00e3o os produtos especialmente encomendados e montados (quase sempre com sistemas de pain\u00e9is solares), bem como o software ou outros produtos cujo selo esteja quebrado. O consumidor-comprador \u00e9 respons\u00e1vel pelos danos nos produtos devolvidos, mesmo que estes tenham sido causados pelo transporte de retorno.<\/p><p>7.2 Se o consumidor-comprador tiver exercido o direito de retrata\u00e7\u00e3o referido no par\u00e1grafo anterior, a Blauhoff assegurar\u00e1 o reembolso do montante pago pelo consumidor-comprador \u00e0 Blauhoff no prazo de 14 dias.<\/p><p>7.3 As despesas de devolu\u00e7\u00e3o do produto ficam a cargo do consumidor-comprador.<\/p><h3 class=\"wp-block-heading\"><strong>Artigo 8. Conserva\u00e7\u00e3o do t\u00edtulo<\/strong><\/h3><p>8.1 A propriedade dos produtos, n\u00e3o obstante a entrega efectiva, n\u00e3o passar\u00e1 para o comprador at\u00e9 que este tenha pago na totalidade tudo o que deve em rela\u00e7\u00e3o a qualquer acordo com a Blauhoff, incluindo o pagamento de juros e custos, incluindo os de entregas anteriores ou posteriores e qualquer trabalho feito ou a ser feito em rela\u00e7\u00e3o aos produtos.<\/p><p>8.2 O Comprador n\u00e3o pode onerar, vender, revender, alienar ou de outra forma onerar os produtos antes da transmiss\u00e3o da propriedade.<\/p><h3 class=\"wp-block-heading\"><strong>Artigo 9. Instala\u00e7\u00e3o e montagem<\/strong><\/h3><p>9.1 O produto deve ser instalado e ligado pelo pr\u00f3prio comprador, exceto se for acordado que a instala\u00e7\u00e3o do produto deve ser realizada pela Blauhoff.<\/p><p>9.2 O comprador \u00e9 respons\u00e1vel perante a Blauhoff pela implementa\u00e7\u00e3o correcta e atempada de todos os equipamentos, disposi\u00e7\u00f5es ou condi\u00e7\u00f5es necess\u00e1rias para a disposi\u00e7\u00e3o do produto a ser montado e\/ou para o funcionamento correto do produto no seu estado montado.<\/p><p>9.3 N\u00e3o obstante as disposi\u00e7\u00f5es anteriores, no caso da presta\u00e7\u00e3o de servi\u00e7os pela Blauhoff, o comprador dever\u00e1 sempre garantir, por sua conta e risco, que<\/p><p>a) o pessoal da Blauhoff ou do terceiro por ela contratado, logo que chegue ao local de montagem, tem acesso e pode iniciar e continuar a executar os trabalhos durante o hor\u00e1rio normal de trabalho e, al\u00e9m disso, se a Blauhoff o considerar necess\u00e1rio, fora do hor\u00e1rio normal de trabalho, desde que tenha notificado o comprador atempadamente.<\/p><p>(b) As estradas de acesso ao local de instala\u00e7\u00e3o s\u00e3o adequadas para o transporte necess\u00e1rio. (c) O local de instala\u00e7\u00e3o designado \u00e9 adequado para o armazenamento e a montagem.<\/p><p>(d) Foram tomadas e est\u00e3o a ser mantidas todas as medidas de seguran\u00e7a e de precau\u00e7\u00e3o necess\u00e1rias, bem como foram tomadas e est\u00e3o a ser mantidas todas as medidas para cumprir os regulamentos governamentais aplic\u00e1veis no contexto da montagem\/instala\u00e7\u00e3o.<\/p><p>(e) N\u00e3o existe amianto no local de coloca\u00e7\u00e3o do produto.<\/p><p>f) na medida do poss\u00edvel, o Comprador assegurar\u00e1 que a Blauhoff tenha acesso atempado \u00e0s autoriza\u00e7\u00f5es e licen\u00e7as necess\u00e1rias para os Servi\u00e7os, bem como aos dados a fornecer pelo Comprador no \u00e2mbito da execu\u00e7\u00e3o dos Servi\u00e7os.<\/p><p>9.4 O comprador deve garantir que os trabalhos e\/ou fornecimentos a efetuar por terceiros, que n\u00e3o fa\u00e7am parte dos trabalhos de montagem\/instala\u00e7\u00e3o da Blauhoff ou do terceiro por ela contratado, sejam efectuados de tal forma e atempadamente que a execu\u00e7\u00e3o dos trabalhos pela Blauhoff ou por sua conta n\u00e3o sofra atrasos. Se, no entanto, se verificar um atraso na ace\u00e7\u00e3o do presente par\u00e1grafo, o comprador dever\u00e1 informar atempadamente a Blauhoff.<\/p><p>9.5 Os danos e custos resultantes do facto de as condi\u00e7\u00f5es estipuladas no presente artigo n\u00e3o terem sido cumpridas ou n\u00e3o terem sido cumpridas atempadamente ser\u00e3o suportados pelo comprador.<\/p><p>9.6 O comprador assume o risco de danos causados por: inexactid\u00f5es nas informa\u00e7\u00f5es fornecidas e\/ou nos trabalhos atribu\u00eddos; inexactid\u00f5es nas constru\u00e7\u00f5es e m\u00e9todos de trabalho exigidos pelo comprador; defeitos nos materiais ou recursos disponibilizados pelo comprador; defeitos nos bens m\u00f3veis ou im\u00f3veis em que os trabalhos s\u00e3o executados.<\/p><p>9.7 A Blauhoff esfor\u00e7a-se por prestar os seus servi\u00e7os atempadamente. A Blauhoff n\u00e3o se responsabiliza por danos directos e indirectos se n\u00e3o prestar os servi\u00e7os atempadamente.<\/p><p>9.8 A Blauhoff esfor\u00e7ar-se-\u00e1 por executar os servi\u00e7os que lhe s\u00e3o prestados como um bom contratante.<\/p><p>9.9 Se houver trabalhos adicionais, a Blauhoff tem o direito de cobrar ao comprador. Os trabalhos adicionais ser\u00e3o, na medida do poss\u00edvel, comunicados pela Blauhoff ao comprador o mais cedo poss\u00edvel. O comprador concorda com a execu\u00e7\u00e3o dos trabalhos adicionais, com os custos associados e, se necess\u00e1rio, com o prazo de entrega ajustado, a n\u00e3o ser que o comprador se oponha antes do in\u00edcio da execu\u00e7\u00e3o dos trabalhos adicionais e, em todo o caso, no prazo de cinco dias ap\u00f3s a referida comunica\u00e7\u00e3o da Blauhoff.<\/p><h3 class=\"wp-block-heading\"><strong>Artigo 10. Garantia e responsabilidade<\/strong><\/h3><p>10.1 A garantia dos produtos fornecidos pela Blauhoff \u00e9 determinada pelo fabricante do produto em quest\u00e3o. Se este regulamento for desvantajoso para o consumidor-comprador em compara\u00e7\u00e3o com os direitos que o consumidor-comprador pode fazer valer contra a Blauhoff ao abrigo da lei e do contrato \u00e0 dist\u00e2ncia, ent\u00e3o aplicar-se-\u00e3o, pelo menos, os direitos de acordo com a lei e o contrato \u00e0 dist\u00e2ncia. Em termos pr\u00e1ticos, isto significa que o consumidor-comprador tem direito \u00e0 repara\u00e7\u00e3o ou substitui\u00e7\u00e3o gratuita da compra durante um per\u00edodo de pelo menos 2 anos em caso de defeito sem culpa sua.<\/p><p>10.2 A Blauhoff nunca ser\u00e1 obrigada a pagar qualquer indemniza\u00e7\u00e3o ao comprador ou a terceiros, a n\u00e3o ser que haja inten\u00e7\u00e3o ou neglig\u00eancia grave por parte da Blauhoff. A Blauhoff nunca ser\u00e1 respons\u00e1vel por perdas consequentes ou comerciais, perdas indirectas e perda de lucros ou volume de neg\u00f3cios.<\/p><p>10.3 A responsabilidade da Blauhoff por danos nunca exceder\u00e1 o valor da fatura do produto ou servi\u00e7o que causou o dano.<\/p><p>10.4 N\u00e3o obstante as disposi\u00e7\u00f5es do presente artigo, n\u00e3o pode haver garantia se o desgaste puder ser considerado normal e ainda nos seguintes casos:<\/p><p>-se tiverem sido efectuadas altera\u00e7\u00f5es no produto, incluindo repara\u00e7\u00f5es que n\u00e3o tenham sido efectuadas com o consentimento da Blauhoff ou do fabricante;<\/p><p>-se a fatura original n\u00e3o puder ser apresentada, tiver sido alterada ou se tiver ficado ileg\u00edvel; - se os defeitos resultarem de uma utiliza\u00e7\u00e3o incorrecta ou inadequada;<\/p><p>-se tiverem ocorrido danos devido a causas ou influ\u00eancias externas;<\/p><p>-se o dano tiver sido causado por dolo, neglig\u00eancia grave ou manuten\u00e7\u00e3o negligente.<\/p><p>10.5 O comprador \u00e9 obrigado a indemnizar a Blauhoff por quaisquer reivindica\u00e7\u00f5es que terceiros possam fazer valer contra a Blauhoff no \u00e2mbito da execu\u00e7\u00e3o do contrato, desde que a lei n\u00e3o impe\u00e7a que os respectivos danos e custos sejam suportados pelo comprador.<\/p><p>10.6 A Blauhoff pode incluir no seu s\u00edtio da Internet liga\u00e7\u00f5es a outros s\u00edtios da Internet que possam ser de interesse ou informativos para o visitante. Estas hiperliga\u00e7\u00f5es t\u00eam um car\u00e1cter meramente informativo. A Blauhoff n\u00e3o se responsabiliza pelo conte\u00fado das referidas p\u00e1ginas da Internet nem pela utiliza\u00e7\u00e3o que delas possa ser feita.<\/p><h3 class=\"wp-block-heading\"><strong>Artigo 11. For\u00e7a maior<\/strong><\/h3><p>11.1 Em caso de for\u00e7a maior, a Blauhoff n\u00e3o \u00e9 obrigada a cumprir as suas obriga\u00e7\u00f5es para com o comprador ou a obriga\u00e7\u00e3o \u00e9 suspensa durante o per\u00edodo de for\u00e7a maior<\/p><p>11.2 For\u00e7a maior \u00e9 definida como qualquer circunst\u00e2ncia, independente da sua vontade, que impe\u00e7a o cumprimento de todas ou parte das suas obriga\u00e7\u00f5es para com o Comprador. As circunst\u00e2ncias incluem greves, inc\u00eandios, perturba\u00e7\u00f5es comerciais, falhas de energia, n\u00e3o entrega ou entrega tardia por parte de fornecedores ou outros terceiros contratados e a aus\u00eancia de qualquer autoriza\u00e7\u00e3o governamental. A for\u00e7a maior inclui igualmente falhas numa rede (de telecomunica\u00e7\u00f5es) ou na liga\u00e7\u00e3o ou nos sistemas de comunica\u00e7\u00e3o utilizados e\/ou a indisponibilidade do s\u00edtio Internet em qualquer altura.<\/p><h3 class=\"wp-block-heading\"><strong>Artigo 12. Propriedade intelectual<\/strong><\/h3><p>12.1 O comprador reconhece expressamente que todos os direitos de propriedade intelectual das informa\u00e7\u00f5es apresentadas, comunica\u00e7\u00f5es ou outras express\u00f5es relacionadas com os produtos e\/ou relacionadas com o s\u00edtio da Internet pertencem \u00e0 Blauhoff, aos seus fornecedores ou a outros requerentes.<\/p><p>12.2 Por direitos de propriedade intelectual entende-se a patente, os direitos de autor, a marca registada, os direitos de desenho e modelo e\/ou outros direitos (de propriedade intelectual), incluindo os direitos patente\u00e1veis<\/p><p>Conhecimentos t\u00e9cnicos e\/ou comerciais, m\u00e9todos e conceitos.<\/p><p>12.3 O comprador est\u00e1 proibido de fazer qualquer utiliza\u00e7\u00e3o, incluindo altera\u00e7\u00f5es, dos direitos de propriedade intelectual descritos neste artigo, como por exemplo a reprodu\u00e7\u00e3o, sem a autoriza\u00e7\u00e3o pr\u00e9via e expressa por escrito da Blauhoff, dos seus fornecedores ou de outros titulares de direitos, exceto se se tratar de uma utiliza\u00e7\u00e3o puramente privada em rela\u00e7\u00e3o ao pr\u00f3prio produto.<\/p><h3 class=\"wp-block-heading\"><strong>Artigo 13. Dados pessoais<\/strong><\/h3><p>13.1 A Blauhoff s\u00f3 processar\u00e1 os dados do comprador de acordo com a sua pol\u00edtica de prote\u00e7\u00e3o de dados. 13.2 A Blauhoff cumprir\u00e1 os regulamentos e a legisla\u00e7\u00e3o aplic\u00e1veis em mat\u00e9ria de prote\u00e7\u00e3o de dados. <\/p><h3 class=\"wp-block-heading\"><strong>Artigo 14. Direito aplic\u00e1vel e compet\u00eancia <\/strong>tribunal<\/h3><p>14.1 Todas as ofertas e acordos s\u00e3o regidos exclusivamente pelo direito neerland\u00eas.<br>14.2 A aplicabilidade da Conven\u00e7\u00e3o de Viena sobre Vendas est\u00e1 expressamente exclu\u00edda.<\/p><p>14.3 Todos os lit\u00edgios relacionados com ou resultantes de ofertas da Blauhoff ou de contratos celebrados com a Blauhoff ser\u00e3o submetidos ao tribunal competente em Zwolle, Pa\u00edses Baixos, a menos que a lei designe expressamente outro tribunal como competente.<\/p><h3 class=\"wp-block-heading\"><strong>Artigo 15. Diversos<\/strong><\/h3><p>15.1 A Blauhoff BV tem sede em Heemstraweg 123, 6651 KH, Druten e est\u00e1 registada na C\u00e2mara de Com\u00e9rcio sob o n.\u00ba. 83845577. Por favor, envie toda a correspond\u00eancia relativa a um contrato ou \u00e0s presentes condi\u00e7\u00f5es gerais para a Blauhoff, para o endere\u00e7o acima indicado ou para o endere\u00e7o de correio eletr\u00f3nico indicado na p\u00e1gina da Internet.<\/p><p>15.2 A Blauhoff esfor\u00e7a-se por responder \u00e0s mensagens de correio eletr\u00f3nico que recebe no prazo m\u00e1ximo de cinco dias \u00fateis<\/p><h3 class=\"wp-block-heading\"><strong>Artigo 16. Compre sem IVA nos Pa\u00edses Baixos e na Alemanha<\/strong><\/h3><p>16.1 Nos Pa\u00edses Baixos e na Alemanha, determinados produtos s\u00e3o oferecidos com tarifa zero. A chamada tarifa zero s\u00f3 se aplica se os pain\u00e9is solares (inversor e baterias) forem instalados em habita\u00e7\u00f5es (privadas) ou em edif\u00edcios anexos a uma habita\u00e7\u00e3o, como um celeiro.<\/p><p>Termos e condi\u00e7\u00f5es Blauhoff 11-09-2023<\/p>","protected":false},"excerpt":{"rendered":"<p>Portais: www.ownpowr.com Artigo 1. Aplicabilidade 1.1 As presentes Condi\u00e7\u00f5es Gerais aplicam-se a todas as ofertas da Blauhoff, que actua sob a designa\u00e7\u00e3o comercial \"Blauhoff\", e a todos os acordos celebrados com [...]<\/p>","protected":false},"author":1,"featured_media":0,"parent":0,"menu_order":0,"comment_status":"closed","ping_status":"closed","template":"","meta":{"_seopress_robots_primary_cat":"","_seopress_titles_title":"","_seopress_titles_desc":"","_seopress_robots_index":"","_kad_blocks_custom_css":"","_kad_blocks_head_custom_js":"","_kad_blocks_body_custom_js":"","_kad_blocks_footer_custom_js":"","footnotes":""},"class_list":["post-1763","page","type-page","status-publish"],"taxonomy_info":[],"featured_image_src_large":false,"author_info":{"display_name":"job-39sj@s9jal019","author_link":"https:\/\/ownpowr.com\/pt\/author\/job-39sjs9jal019\/"},"comment_info":0,"_links":{"self":[{"href":"https:\/\/ownpowr.com\/pt\/wp-json\/wp\/v2\/pages\/1763","targetHints":{"allow":["GET"]}}],"collection":[{"href":"https:\/\/ownpowr.com\/pt\/wp-json\/wp\/v2\/pages"}],"about":[{"href":"https:\/\/ownpowr.com\/pt\/wp-json\/wp\/v2\/types\/page"}],"author":[{"embeddable":true,"href":"https:\/\/ownpowr.com\/pt\/wp-json\/wp\/v2\/users\/1"}],"replies":[{"embeddable":true,"href":"https:\/\/ownpowr.com\/pt\/wp-json\/wp\/v2\/comments?post=1763"}],"version-history":[{"count":0,"href":"https:\/\/ownpowr.com\/pt\/wp-json\/wp\/v2\/pages\/1763\/revisions"}],"wp:attachment":[{"href":"https:\/\/ownpowr.com\/pt\/wp-json\/wp\/v2\/media?parent=1763"}],"curies":[{"name":"wp","href":"https:\/\/api.w.org\/{rel}","templated":true}]}}