{"id":1090,"date":"2023-10-04T16:42:23","date_gmt":"2023-10-04T14:42:23","guid":{"rendered":"https:\/\/ownpowr.com\/product\/lg-chem-resu-6-5-prime\/"},"modified":"2025-02-27T12:49:47","modified_gmt":"2025-02-27T10:49:47","slug":"lg-chem-resu-6-5-prime","status":"publish","type":"product","link":"https:\/\/ownpowr.com\/pt\/product\/lg-chem-resu-6-5-prime\/","title":{"rendered":"LG Chem Resu 6.5 PRIME"},"content":{"rendered":"<p>&nbsp;<\/p>\n<p>LG CHEM RESU 6,5 LI-IO 6,5 kWh Bateria de armazenamento<\/p>\n<p>Sistema de armazenamento de energia residencial LG Chem ESS Compat\u00edvel com Sunny Island 3.0M, Sunny Island 4.4M, Sunny Island 6.0 H, SolaX, Sungrow, Schneider, Ingeteam, GoodWe, Redback, Victron Energy.<\/p>\n<p>A RESU representa uma solu\u00e7\u00e3o energ\u00e9tica inteligente para resid\u00eancias, reduzindo efetivamente as suas despesas de eletricidade atrav\u00e9s da gest\u00e3o de picos. Quando associada a sistemas fotovoltaicos, a RESU optimiza a utiliza\u00e7\u00e3o da eletricidade auto-gerada, contribuindo ainda mais para a poupan\u00e7a de custos. Al\u00e9m disso, a RESU funciona como uma fonte de energia fi\u00e1vel durante falhas de energia inesperadas.<\/p>\n<p>Especifica\u00e7\u00f5es t\u00e9cnicas para RESU 6.5 ESS Storage:<\/p>\n<ul>\n<li>Poupan\u00e7a na fatura da eletricidade: Gest\u00e3o eficiente dos picos de consumo<\/li>\n<li>Utiliza\u00e7\u00e3o de energia limpa de sistemas fotovoltaicos<\/li>\n<li>Fonte de alimenta\u00e7\u00e3o fi\u00e1vel<\/li>\n<li>Materiais amigos do ambiente<\/li>\n<li>Manuten\u00e7\u00e3o reduzida<\/li>\n<\/ul>\n<p>Principais dados t\u00e9cnicos:<\/p>\n<ul>\n<li>Modelo: RESU 6.5<\/li>\n<li>Capacidade energ\u00e9tica (kWh): 6.5<\/li>\n<li>Tens\u00e3o (V): 48<\/li>\n<li>Capacidade (Ah): 126<\/li>\n<li>Sistema de gest\u00e3o da bateria (BMS): Integrado<\/li>\n<li>Peso (kg): 52<\/li>\n<li>Dimens\u00f5es (mm): Largura 452, Altura 654, Profundidade 120<\/li>\n<\/ul>","protected":false},"excerpt":{"rendered":"<p>&nbsp; LG CHEM RESU 6.5 LI-IO 6.5 kWh Bateria de armazenamento LG Chem ESS Sistema de armazenamento de energia residencial Compat\u00edvel com Sunny Island 3.0M, Sunny Island 4.4M, Sunny Island 6.0 H, SolaX, [...]<\/p>","protected":false},"featured_media":1091,"template":"","meta":{"_seopress_robots_primary_cat":"none","_seopress_titles_title":"LG CHEM RESU 6.5 LI-IO: Smart Energy Solution for Homes","_seopress_titles_desc":"Lower your electricity bill with peak management, enhance self-consumption of self-generated electricity, and enjoy a reliable power source with LG Chem RESU 6.5 ESS storage battery.","_seopress_robots_index":"","_kad_blocks_custom_css":"","_kad_blocks_head_custom_js":"","_kad_blocks_body_custom_js":"","_kad_blocks_footer_custom_js":""},"product_cat":[17],"product_tag":[],"class_list":{"0":"post-1090","1":"product","2":"type-product","3":"status-publish","4":"has-post-thumbnail","6":"product_cat-home-batteries","8":"first","9":"instock","10":"sale","11":"taxable","12":"shipping-taxable","13":"purchasable","14":"product-type-simple"},"taxonomy_info":{"product_cat":[{"value":17,"label":"Home batteries"}]},"featured_image_src_large":["https:\/\/ownpowr.com\/wp-content\/uploads\/2023\/07\/Resu6.5.jpeg",600,540,false],"author_info":[],"comment_info":"","_links":{"self":[{"href":"https:\/\/ownpowr.com\/pt\/wp-json\/wp\/v2\/product\/1090","targetHints":{"allow":["GET"]}}],"collection":[{"href":"https:\/\/ownpowr.com\/pt\/wp-json\/wp\/v2\/product"}],"about":[{"href":"https:\/\/ownpowr.com\/pt\/wp-json\/wp\/v2\/types\/product"}],"wp:featuredmedia":[{"embeddable":true,"href":"https:\/\/ownpowr.com\/pt\/wp-json\/wp\/v2\/media\/1091"}],"wp:attachment":[{"href":"https:\/\/ownpowr.com\/pt\/wp-json\/wp\/v2\/media?parent=1090"}],"wp:term":[{"taxonomy":"product_cat","embeddable":true,"href":"https:\/\/ownpowr.com\/pt\/wp-json\/wp\/v2\/product_cat?post=1090"},{"taxonomy":"product_tag","embeddable":true,"href":"https:\/\/ownpowr.com\/pt\/wp-json\/wp\/v2\/product_tag?post=1090"}],"curies":[{"name":"wp","href":"https:\/\/api.w.org\/{rel}","templated":true}]}}