{"id":11224,"date":"2024-04-04T12:26:31","date_gmt":"2024-04-04T10:26:31","guid":{"rendered":"https:\/\/ownpowr.com\/?post_type=product&#038;p=11224"},"modified":"2025-02-27T11:42:24","modified_gmt":"2025-02-27T09:42:24","slug":"deye-ai-w5-1-only-battery","status":"publish","type":"product","link":"https:\/\/ownpowr.com\/pt\/product\/deye-ai-w5-1-only-bateria\/","title":{"rendered":"Deye AI-W5.1-B 5,1 kWh Armazenamento de energia LV LiFePO4"},"content":{"rendered":"<p>Deye AI-W5.1(LV)<\/p>\n<div class=\"woocommerce-product-details__short-description\">O Deye apresenta uma solu\u00e7\u00e3o de bateria solar de fosfato de ferro e l\u00edtio (LFP) mais segura, fi\u00e1vel e flex\u00edvel, que oferece uma solu\u00e7\u00e3o de armazenamento de energia segura e fi\u00e1vel, optimizada para aplica\u00e7\u00f5es residenciais e comerciais que requerem energia em espa\u00e7os apertados ou com restri\u00e7\u00f5es de carga.<\/div>\n<div><\/div>\n<div>\n<p>Descri\u00e7\u00e3o<\/p>\n<p>O conjunto de baterias solares de fosfato de ferro e l\u00edtio Deye fornece uma solu\u00e7\u00e3o de armazenamento de energia segura e fi\u00e1vel para aplica\u00e7\u00f5es residenciais e comerciais que requerem energia em espa\u00e7os apertados ou com restri\u00e7\u00f5es de carga. Compacta e leve, \u00e9 adequada para equipamentos de alta pot\u00eancia que operam em espa\u00e7os limitados, proporcionando um desempenho duradouro atrav\u00e9s de um ciclo de vida alargado.<\/p>\n<p>A qu\u00edmica LFP sem cobalto da bateria oferece uma elevada densidade de pot\u00eancia sem comprometer a seguran\u00e7a. Um sistema inteligente de gest\u00e3o da bateria (BMS) monitoriza os pontos de dados cr\u00edticos da c\u00e9lula, como a tens\u00e3o, a corrente e a temperatura, equilibrando a carga e a descarga para maximizar a vida \u00fatil da bateria.<\/p>\n<p>A capacidade e a sa\u00edda podem ser escalonadas atrav\u00e9s de liga\u00e7\u00f5es paralelas de v\u00e1rias baterias com base nas necessidades. As configura\u00e7\u00f5es de bancos maiores proporcionam uma maior capacidade de energia e tempos de funcionamento mais longos. Constru\u00edda para ser fi\u00e1vel, a bateria suporta capacidades de descarga elevadas, mantendo o funcionamento de -20\u00b0C a 55\u00b0C com uma classifica\u00e7\u00e3o IP55 e arrefecimento natural.<\/p>\n<p>Modulares e flex\u00edveis, as baterias aumentam facilmente a sua capacidade at\u00e9 184 kWh, combinando grupos de 36 unidades.<\/p>\n<p>Esta bateria alimentada a energia solar tem um design ecol\u00f3gico que utiliza materiais n\u00e3o t\u00f3xicos e n\u00e3o poluentes.<\/p>\n<p>A instala\u00e7\u00e3o \u00e9 simplificada atrav\u00e9s de um design empilh\u00e1vel, montado no ch\u00e3o, sem cablagem ou fixadores adicionais. A configura\u00e7\u00e3o e a utiliza\u00e7\u00e3o s\u00e3o r\u00e1pidas e sem esfor\u00e7o.<\/p>\n<p>A comodidade \u00e9 proporcionada atrav\u00e9s da liga\u00e7\u00e3o em rede autom\u00e1tica dos m\u00f3dulos para monitoriza\u00e7\u00e3o remota, manuten\u00e7\u00e3o e actualiza\u00e7\u00f5es de firmware.<\/p>\n<p><a href=\"https:\/\/ownpowr.com\/wp-content\/uploads\/2023\/12\/deye-ai-w5.1-datasheet.pdf\" target=\"_blank\" rel=\"noopener\">Folha de dados do Deye AI-W5.1<\/a><\/p>\n<\/div>","protected":false},"excerpt":{"rendered":"<p>Deye AI-W5.1(LV) O Deye apresenta uma solu\u00e7\u00e3o de bateria de fosfato de ferro-l\u00edtio (LFP) alimentada por energia solar mais segura, fi\u00e1vel e flex\u00edvel que oferece uma solu\u00e7\u00e3o de armazenamento de energia segura e fi\u00e1vel optimizada para [...]<\/p>","protected":false},"featured_media":138814,"template":"","meta":{"_seopress_robots_primary_cat":"none","_seopress_titles_title":"Reliable and Compact Deye AI-W5.1(LV) Battery Solution","_seopress_titles_desc":"Experience the Deye AI-W5.1(LV): A safe, reliable and flexible solar powered lithium iron phosphate battery pack. Perfect for small spaces and load restrictions.","_seopress_robots_index":"","_kad_blocks_custom_css":"","_kad_blocks_head_custom_js":"","_kad_blocks_body_custom_js":"","_kad_blocks_footer_custom_js":""},"product_cat":[17],"product_tag":[],"class_list":{"0":"post-11224","1":"product","2":"type-product","3":"status-publish","4":"has-post-thumbnail","6":"product_cat-home-batteries","8":"first","9":"instock","10":"sale","11":"taxable","12":"shipping-taxable","13":"purchasable","14":"product-type-simple"},"taxonomy_info":{"product_cat":[{"value":17,"label":"Home batteries"}]},"featured_image_src_large":["https:\/\/ownpowr.com\/wp-content\/uploads\/2024\/04\/ai-b-version.png",673,341,false],"author_info":[],"comment_info":"","_links":{"self":[{"href":"https:\/\/ownpowr.com\/pt\/wp-json\/wp\/v2\/product\/11224","targetHints":{"allow":["GET"]}}],"collection":[{"href":"https:\/\/ownpowr.com\/pt\/wp-json\/wp\/v2\/product"}],"about":[{"href":"https:\/\/ownpowr.com\/pt\/wp-json\/wp\/v2\/types\/product"}],"wp:featuredmedia":[{"embeddable":true,"href":"https:\/\/ownpowr.com\/pt\/wp-json\/wp\/v2\/media\/138814"}],"wp:attachment":[{"href":"https:\/\/ownpowr.com\/pt\/wp-json\/wp\/v2\/media?parent=11224"}],"wp:term":[{"taxonomy":"product_cat","embeddable":true,"href":"https:\/\/ownpowr.com\/pt\/wp-json\/wp\/v2\/product_cat?post=11224"},{"taxonomy":"product_tag","embeddable":true,"href":"https:\/\/ownpowr.com\/pt\/wp-json\/wp\/v2\/product_tag?post=11224"}],"curies":[{"name":"wp","href":"https:\/\/api.w.org\/{rel}","templated":true}]}}