{"id":119,"date":"2022-11-11T09:25:43","date_gmt":"2022-11-11T07:25:43","guid":{"rendered":"https:\/\/ownpowr.com\/product\/sungrow-sbr096-battery-blue\/"},"modified":"2025-03-27T13:29:55","modified_gmt":"2025-03-27T11:29:55","slug":"sungrow-sbr096-battery-blue","status":"publish","type":"product","link":"https:\/\/ownpowr.com\/pt\/product\/bateria-sungrow-sbr096-azul\/","title":{"rendered":"Sungrow SBR 9,6kWh SBR096"},"content":{"rendered":"<p>Sungrow SBR 9,6kWh SBR096 V2 bateria LFP azul + acess\u00f3rio<\/p>\n<p>Este conjunto de baterias dom\u00e9sticas do Sungrow inclui o seguinte:<br \/>\n3x M\u00f3dulo de bateria premium Sungrow SBR 3,2 kWh<br \/>\n1x Sistema de gest\u00e3o de bateria premium Sungrow + acess\u00f3rios<\/p>\n<p>- Tipo de bateria: C\u00e9lula prism\u00e1tica LiFePO4<br \/>\n- Pot\u00eancia nominal: 9,6 kWh<br \/>\n- Energia (utiliz\u00e1vel): 9,6 kWh<br \/>\n- Tens\u00e3o nominal: 192 V<br \/>\n- Tens\u00e3o de funcionamento: 150 - 219 V<br \/>\n- Pot\u00eancia nominal DC: 5,76 kW<br \/>\n- Pot\u00eancia m\u00e1xima de carga\/descarga: 6,57 kW<br \/>\n- Corrente m\u00e1xima de carga\/descarga (cont\u00ednua): 30 A<br \/>\n- Corrente m\u00e1xima de carga\/descarga (impulso de 10s): 42 A<br \/>\n- Profundidade de descarga: 100%<br \/>\n- Corrente de curto-circuito: 1700 A<br \/>\n- Ecr\u00e3: Indicador SOC, indicador de estado<br \/>\n- Interface de comunica\u00e7\u00e3o: CAN<br \/>\n- Local de instala\u00e7\u00e3o: Interior \/ Exterior<br \/>\n- M\u00e9todo de montagem: Suporte de ch\u00e3o<br \/>\n- Gama de temperaturas de funcionamento: Carregamento: 0 a 50\u2103 \/ Descarregamento: -30 a 50\u2103<br \/>\n- \u00cdndice de prote\u00e7\u00e3o: IP55<br \/>\n- Humidade relativa admiss\u00edvel: 0% a 95% (sem condensa\u00e7\u00e3o)<br \/>\n- Altura m\u00e1xima em utiliza\u00e7\u00e3o: 2000 m<br \/>\n- M\u00e9todo de arrefecimento: convec\u00e7\u00e3o natural<br \/>\n- Certifica\u00e7\u00f5es: CE, CEC, IEC 62619, IEC 62040, UN38.3, VDE 2510-50<br \/>\n- Adapta\u00e7\u00e3o para expans\u00e3o: At\u00e9 4 unidades em paralelo (\u00e9 necess\u00e1ria uma caixa de deriva\u00e7\u00e3o adicional, mas n\u00e3o est\u00e1 atualmente dispon\u00edvel)<\/p>\n<p><a href=\"https:\/\/storeyourownpower.com\/wp-content\/uploads\/2022\/08\/Datasheet-German-2.pdf\" target=\"_blank\" rel=\"noopener\">Folha de dados em alem\u00e3o<\/a><br \/>\n<a href=\"https:\/\/storeyourownpower.com\/wp-content\/uploads\/2022\/08\/Datasheets-English.pdf\" target=\"_blank\" rel=\"noopener\">Fichas de dados Ingl\u00eas<\/a><br \/>\n<a href=\"https:\/\/storeyourownpower.com\/wp-content\/uploads\/2022\/08\/Mounting-instructions-English-2.pdf\" target=\"_blank\" rel=\"noopener\">Instru\u00e7\u00f5es de montagem Ingl\u00eas<\/a><br \/>\n<a href=\"https:\/\/storeyourownpower.com\/wp-content\/uploads\/2022\/08\/Mounting-instructions-German-2.pdf\" target=\"_blank\" rel=\"noopener\">Instru\u00e7\u00f5es de montagem em alem\u00e3o<\/a><br \/>\n<a href=\"https:\/\/storeyourownpower.com\/wp-content\/uploads\/2022\/08\/Warranty-terms-English-2.pdf\" target=\"_blank\" rel=\"noopener\">Condi\u00e7\u00f5es de garantia Ingl\u00eas<\/a><br \/>\n<a href=\"https:\/\/storeyourownpower.com\/wp-content\/uploads\/2022\/08\/Warranty-terms-German-1.pdf\" target=\"_blank\" rel=\"noopener\">Condi\u00e7\u00f5es de garantia Alem\u00e3o<\/a><\/p>","protected":false},"excerpt":{"rendered":"<p>Sungrow SBR 9,6kWh SBR096 V2 bateria LFP azul + acess\u00f3rio Este conjunto de baterias dom\u00e9sticas da Sungrow inclui o seguinte: 3x m\u00f3dulo de bateria premium Sungrow SBR 3,2 kWh 1x Sungrow premium [...]<\/p>","protected":false},"featured_media":120,"template":"","meta":{"_seopress_robots_primary_cat":"none","_seopress_titles_title":"","_seopress_titles_desc":"","_seopress_robots_index":"","_kad_blocks_custom_css":"","_kad_blocks_head_custom_js":"","_kad_blocks_body_custom_js":"","_kad_blocks_footer_custom_js":""},"product_cat":[17],"product_tag":[],"class_list":{"0":"post-119","1":"product","2":"type-product","3":"status-publish","4":"has-post-thumbnail","6":"product_cat-home-batteries","8":"first","9":"instock","10":"sale","11":"taxable","12":"shipping-taxable","13":"purchasable","14":"product-type-simple"},"taxonomy_info":{"product_cat":[{"value":17,"label":"Home batteries"}]},"featured_image_src_large":["https:\/\/ownpowr.com\/wp-content\/uploads\/2022\/11\/Screenshot-2022-06-22-at-16.19.50.jpg",982,810,false],"author_info":[],"comment_info":"","_links":{"self":[{"href":"https:\/\/ownpowr.com\/pt\/wp-json\/wp\/v2\/product\/119","targetHints":{"allow":["GET"]}}],"collection":[{"href":"https:\/\/ownpowr.com\/pt\/wp-json\/wp\/v2\/product"}],"about":[{"href":"https:\/\/ownpowr.com\/pt\/wp-json\/wp\/v2\/types\/product"}],"wp:featuredmedia":[{"embeddable":true,"href":"https:\/\/ownpowr.com\/pt\/wp-json\/wp\/v2\/media\/120"}],"wp:attachment":[{"href":"https:\/\/ownpowr.com\/pt\/wp-json\/wp\/v2\/media?parent=119"}],"wp:term":[{"taxonomy":"product_cat","embeddable":true,"href":"https:\/\/ownpowr.com\/pt\/wp-json\/wp\/v2\/product_cat?post=119"},{"taxonomy":"product_tag","embeddable":true,"href":"https:\/\/ownpowr.com\/pt\/wp-json\/wp\/v2\/product_tag?post=119"}],"curies":[{"name":"wp","href":"https:\/\/api.w.org\/{rel}","templated":true}]}}