{"id":133,"date":"2023-10-04T16:35:56","date_gmt":"2023-10-04T14:35:56","guid":{"rendered":"https:\/\/ownpowr.com\/product\/byd-b-box-premium-lvs-20-0\/"},"modified":"2025-10-15T14:03:08","modified_gmt":"2025-10-15T12:03:08","slug":"byd-b-box-premium-lvs-20-0","status":"publish","type":"product","link":"https:\/\/ownpowr.com\/pt\/product\/byd-b-box-premium-lvs-20-0\/","title":{"rendered":"BYD Caixa de bateria premium LVS 20,0 kWh Entrega em meados\/final de dezembro"},"content":{"rendered":"<p>BYD B-Box premium LVS 20.0<\/p>\n<p>CUIDADO:<br \/>\nSubst\u00e2ncia perigosa de acordo com UN 3480 \/ Classe de perigo de transporte 9 \/ Grupo de embalagem II<\/p>\n<p>Informa\u00e7\u00f5es<\/p>\n<p>- capacidade \u00fatil: 20,00 kWh<br \/>\n- tens\u00e3o nominal: 51,2 V<br \/>\n- M\u00e1x. Corrente de sa\u00edda: 250A<br \/>\n- Corrente de sa\u00edda de pico: 360A, 5s<br \/>\n- Gama de tens\u00e3o de funcionamento: 40-57.6 V<br \/>\n- temperatura ambiente: -10 \u00b0C a +50 \u00b0C<br \/>\n- interfaces: CAN\/RS485<br \/>\n- efici\u00eancia energ\u00e9tica de ida e volta: &gt;= 95%<br \/>\n- certifica\u00e7\u00e3o: VDE2510-50 \/ IEC62619\/ CE \/ CEC \/ UN38.3<br \/>\n- Classe de prote\u00e7\u00e3o IP: IP55<br \/>\n- Aplica\u00e7\u00f5es: Grelha ON \/ Grelha ON + Backup \/ Grelha OFFO conjunto inclui:<br \/>\n5x m\u00f3dulo de bateria BYD B-BOX PREMIUM LVS<br \/>\n1x BYD LV PDU + Base<br \/>\n1x BYD LV Unidade de gest\u00e3o da bateria NOVO)<\/p>\n<p><strong>Mais informa\u00e7\u00f5es:<\/strong><\/p>\n<div class=\"product--description\">\n<ul>\n<li><a href=\"https:\/\/storeyourownpower.com\/wp-content\/uploads\/2023\/01\/Datasheet-English-LVS.pdf\" target=\"_blank\" rel=\"noopener\">Ficha de dados LVS<\/a><\/li>\n<li><a href=\"https:\/\/storeyourownpower.com\/wp-content\/uploads\/2023\/01\/Datenblatt-German-LVS.pdf\" target=\"_blank\" rel=\"noopener\">Dados do LVS alem\u00e3o<\/a><\/li>\n<li><a href=\"https:\/\/storeyourownpower.com\/wp-content\/uploads\/2023\/01\/Mounting-instructions-English-LVS.pdf\" target=\"_blank\" rel=\"noopener\">Instru\u00e7\u00f5es de montagem Ingl\u00eas LVS<\/a><\/li>\n<li><a href=\"https:\/\/storeyourownpower.com\/wp-content\/uploads\/2023\/01\/Mounting-instructions-German-LVS.pdf\" target=\"_blank\" rel=\"noopener\">Instru\u00e7\u00f5es de montagem LVS alem\u00e3o<\/a><\/li>\n<li><a href=\"https:\/\/storeyourownpower.com\/wp-content\/uploads\/2023\/01\/Warranty-terms-English.pdf\" target=\"_blank\" rel=\"noopener\">Termos da garantia Ingl\u00eas<\/a><\/li>\n<li><a href=\"https:\/\/storeyourownpower.com\/wp-content\/uploads\/2023\/01\/Warranty-terms-German-LVS.pdf\" target=\"_blank\" rel=\"noopener\">Termos de garantia LVS alem\u00e3o<\/a><\/li>\n<\/ul>\n<\/div>","protected":false},"excerpt":{"rendered":"<p>BYD B-Box premium LVS 20.0 CUIDADO: Subst\u00e2ncia perigosa de acordo com UN 3480 \/ Classe de perigo de transporte 9 \/ Grupo de embalagem II Informa\u00e7\u00f5es - capacidade \u00fatil: 20,00 kWh - tens\u00e3o nominal: [...]<\/p>","protected":false},"featured_media":134,"template":"","meta":{"_seopress_robots_primary_cat":"none","_seopress_titles_title":"BYD B-Box premium LVS 20.0| 20.00 kWh Capacity | UN3480","_seopress_titles_desc":"Discover the BYD B-Box Premium LVS 20.0, a powerful and reliable energy storage solution that meets international safety standards. Suitable for on-grid, off-grid, and backup applications. Get detailed product specifications and warranty terms.","_seopress_robots_index":"","_kad_blocks_custom_css":"","_kad_blocks_head_custom_js":"","_kad_blocks_body_custom_js":"","_kad_blocks_footer_custom_js":""},"product_cat":[17],"product_tag":[],"class_list":{"0":"post-133","1":"product","2":"type-product","3":"status-publish","4":"has-post-thumbnail","6":"product_cat-home-batteries","8":"first","9":"onbackorder","10":"sale","11":"taxable","12":"shipping-taxable","13":"purchasable","14":"product-type-simple"},"taxonomy_info":{"product_cat":[{"value":17,"label":"Home batteries"}]},"featured_image_src_large":["https:\/\/ownpowr.com\/wp-content\/uploads\/2022\/11\/d-252F2-252F0-252Fa-252Fd20a2cfaad23d109f3a7d952df7502cd73ef3be0_det_sb_byd_b_box_lvs_20-0.jpeg",640,540,false],"author_info":[],"comment_info":"","_links":{"self":[{"href":"https:\/\/ownpowr.com\/pt\/wp-json\/wp\/v2\/product\/133","targetHints":{"allow":["GET"]}}],"collection":[{"href":"https:\/\/ownpowr.com\/pt\/wp-json\/wp\/v2\/product"}],"about":[{"href":"https:\/\/ownpowr.com\/pt\/wp-json\/wp\/v2\/types\/product"}],"wp:featuredmedia":[{"embeddable":true,"href":"https:\/\/ownpowr.com\/pt\/wp-json\/wp\/v2\/media\/134"}],"wp:attachment":[{"href":"https:\/\/ownpowr.com\/pt\/wp-json\/wp\/v2\/media?parent=133"}],"wp:term":[{"taxonomy":"product_cat","embeddable":true,"href":"https:\/\/ownpowr.com\/pt\/wp-json\/wp\/v2\/product_cat?post=133"},{"taxonomy":"product_tag","embeddable":true,"href":"https:\/\/ownpowr.com\/pt\/wp-json\/wp\/v2\/product_tag?post=133"}],"curies":[{"name":"wp","href":"https:\/\/api.w.org\/{rel}","templated":true}]}}